{"id":119706,"date":"2025-06-18T12:35:15","date_gmt":"2025-06-18T10:35:15","guid":{"rendered":"https:\/\/www.jockel.de\/?post_type=product&#038;p=119706"},"modified":"2025-09-08T14:36:24","modified_gmt":"2025-09-08T12:36:24","slug":"jockel-f3h-8-system-green-2-0-30c-feuerloescher","status":"publish","type":"product","link":"https:\/\/www.jockel.de\/nl\/product-2\/jockel-f3h-8-system-green-2-0-30c-feuerloescher\/","title":{"rendered":"Jockel F3H 8 System GREEN 2.0 -30\u00b0C brandblusser"},"content":{"rendered":"","protected":false},"excerpt":{"rendered":"<p>De nieuwe GREEN 2.0 serie vetbrandblusser betekent een belangrijke vooruitgang in milieuvriendelijke brandbestrijding. Deze blusser bevat geen fluor en is volledig vrij van PFAS, waardoor het een van de meest milieuvriendelijke opties op de markt is.<\/p>","protected":false},"featured_media":119701,"comment_status":"closed","ping_status":"closed","template":"","meta":[],"product_brand":[],"product_cat":[1855],"product_tag":[],"class_list":{"0":"post-119706","1":"product","2":"type-product","3":"status-publish","4":"has-post-thumbnail","6":"product_cat-tragbare-feuerloescher","8":"first","9":"instock","10":"taxable","11":"shipping-taxable","12":"purchasable","13":"product-type-simple"},"yoast_head":"<!-- This site is optimized with the Yoast SEO Premium plugin v27.0 (Yoast SEO v27.4) - https:\/\/yoast.com\/product\/yoast-seo-premium-wordpress\/ -->\n<title>Jockel F3H 8 System GREEN 2.0 -30\u00b0C Feuerl\u00f6scher &#8226; Jockel<\/title>\n<meta name=\"robots\" content=\"index, follow, max-snippet:-1, max-image-preview:large, max-video-preview:-1\" \/>\n<link rel=\"canonical\" href=\"https:\/\/www.jockel.de\/nl\/product-2\/jockel-f3h-8-system-green-2-0-30c-feuerloescher\/\" \/>\n<meta property=\"og:locale\" content=\"nl_NL\" \/>\n<meta property=\"og:type\" content=\"article\" \/>\n<meta property=\"og:title\" content=\"Jockel F3H 8 System GREEN 2.0 -30\u00b0C Feuerl\u00f6scher\" \/>\n<meta property=\"og:description\" content=\"Der neue Fettbrandl\u00f6scher der GREEN 2.0 Serie markiert einen bedeutenden Fortschritt in der umweltfreundlichen Brandbek\u00e4mpfung. Dieser L\u00f6scher ist fluorfrei und kommt vollst\u00e4ndig ohne PFAS aus, was ihn zu einer der umweltvertr\u00e4glichsten Optionen auf dem Markt macht.\" \/>\n<meta property=\"og:url\" content=\"https:\/\/www.jockel.de\/nl\/product-2\/jockel-f3h-8-system-green-2-0-30c-feuerloescher\/\" \/>\n<meta property=\"og:site_name\" content=\"Jockel\" \/>\n<meta property=\"article:modified_time\" content=\"2025-09-08T12:36:24+00:00\" \/>\n<meta property=\"og:image\" content=\"https:\/\/www.jockel.de\/wp-content\/uploads\/2025\/06\/F-3-H-8-System-Green-2-0-30-scaled.png\" \/>\n\t<meta property=\"og:image:width\" content=\"2342\" \/>\n\t<meta property=\"og:image:height\" content=\"2560\" \/>\n\t<meta property=\"og:image:type\" content=\"image\/png\" \/>\n<meta name=\"twitter:card\" content=\"summary_large_image\" \/>\n<meta name=\"twitter:label1\" content=\"Verwachte leestijd\" \/>\n\t<meta name=\"twitter:data1\" content=\"1 minuut\" \/>\n<script type=\"application\/ld+json\" class=\"yoast-schema-graph\">{\"@context\":\"https:\\\/\\\/schema.org\",\"@graph\":[{\"@type\":\"WebPage\",\"@id\":\"https:\\\/\\\/www.jockel.de\\\/produkt\\\/jockel-f3h-8-system-green-2-0-30c-feuerloescher\\\/\",\"url\":\"https:\\\/\\\/www.jockel.de\\\/produkt\\\/jockel-f3h-8-system-green-2-0-30c-feuerloescher\\\/\",\"name\":\"Jockel F3H 8 System GREEN 2.0 -30\u00b0C Feuerl\u00f6scher &#8226; Jockel\",\"isPartOf\":{\"@id\":\"https:\\\/\\\/www.jockel.de\\\/#website\"},\"primaryImageOfPage\":{\"@id\":\"https:\\\/\\\/www.jockel.de\\\/produkt\\\/jockel-f3h-8-system-green-2-0-30c-feuerloescher\\\/#primaryimage\"},\"image\":{\"@id\":\"https:\\\/\\\/www.jockel.de\\\/produkt\\\/jockel-f3h-8-system-green-2-0-30c-feuerloescher\\\/#primaryimage\"},\"thumbnailUrl\":\"https:\\\/\\\/www.jockel.de\\\/wp-content\\\/uploads\\\/2025\\\/06\\\/F-3-H-8-System-Green-2-0-30-scaled.png\",\"datePublished\":\"2025-06-18T10:35:15+00:00\",\"dateModified\":\"2025-09-08T12:36:24+00:00\",\"breadcrumb\":{\"@id\":\"https:\\\/\\\/www.jockel.de\\\/produkt\\\/jockel-f3h-8-system-green-2-0-30c-feuerloescher\\\/#breadcrumb\"},\"inLanguage\":\"nl-NL\",\"potentialAction\":[{\"@type\":\"ReadAction\",\"target\":[\"https:\\\/\\\/www.jockel.de\\\/produkt\\\/jockel-f3h-8-system-green-2-0-30c-feuerloescher\\\/\"]}]},{\"@type\":\"ImageObject\",\"inLanguage\":\"nl-NL\",\"@id\":\"https:\\\/\\\/www.jockel.de\\\/produkt\\\/jockel-f3h-8-system-green-2-0-30c-feuerloescher\\\/#primaryimage\",\"url\":\"https:\\\/\\\/www.jockel.de\\\/wp-content\\\/uploads\\\/2025\\\/06\\\/F-3-H-8-System-Green-2-0-30-scaled.png\",\"contentUrl\":\"https:\\\/\\\/www.jockel.de\\\/wp-content\\\/uploads\\\/2025\\\/06\\\/F-3-H-8-System-Green-2-0-30-scaled.png\",\"width\":2342,\"height\":2560},{\"@type\":\"BreadcrumbList\",\"@id\":\"https:\\\/\\\/www.jockel.de\\\/produkt\\\/jockel-f3h-8-system-green-2-0-30c-feuerloescher\\\/#breadcrumb\",\"itemListElement\":[{\"@type\":\"ListItem\",\"position\":1,\"name\":\"Home\",\"item\":\"https:\\\/\\\/www.jockel.de\\\/\"},{\"@type\":\"ListItem\",\"position\":2,\"name\":\"Produkt\u00fcbersicht\",\"item\":\"https:\\\/\\\/www.jockel.de\\\/produktuebersicht\\\/\"},{\"@type\":\"ListItem\",\"position\":3,\"name\":\"Jockel F3H 8 System GREEN 2.0 -30\u00b0C Feuerl\u00f6scher\"}]},{\"@type\":\"WebSite\",\"@id\":\"https:\\\/\\\/www.jockel.de\\\/#website\",\"url\":\"https:\\\/\\\/www.jockel.de\\\/\",\"name\":\"Feuerschutz JOCKEL\",\"description\":\"Feuerschutz\",\"publisher\":{\"@id\":\"https:\\\/\\\/www.jockel.de\\\/#organization\"},\"potentialAction\":[{\"@type\":\"SearchAction\",\"target\":{\"@type\":\"EntryPoint\",\"urlTemplate\":\"https:\\\/\\\/www.jockel.de\\\/?s={search_term_string}\"},\"query-input\":{\"@type\":\"PropertyValueSpecification\",\"valueRequired\":true,\"valueName\":\"search_term_string\"}}],\"inLanguage\":\"nl-NL\"},{\"@type\":\"Organization\",\"@id\":\"https:\\\/\\\/www.jockel.de\\\/#organization\",\"name\":\"Feuerschutz JOCKEL GmbH & Co. KG\",\"url\":\"https:\\\/\\\/www.jockel.de\\\/\",\"logo\":{\"@type\":\"ImageObject\",\"inLanguage\":\"nl-NL\",\"@id\":\"https:\\\/\\\/www.jockel.de\\\/#\\\/schema\\\/logo\\\/image\\\/\",\"url\":\"https:\\\/\\\/www.jockel.de\\\/wp-content\\\/uploads\\\/cropped-jockelfavicon-1.png\",\"contentUrl\":\"https:\\\/\\\/www.jockel.de\\\/wp-content\\\/uploads\\\/cropped-jockelfavicon-1.png\",\"width\":512,\"height\":512,\"caption\":\"Feuerschutz JOCKEL GmbH & Co. KG\"},\"image\":{\"@id\":\"https:\\\/\\\/www.jockel.de\\\/#\\\/schema\\\/logo\\\/image\\\/\"}}]}<\/script>\n<!-- \/ Yoast SEO Premium plugin. -->","yoast_head_json":{"title":"Jockel F3H 8 System GREEN 2.0 -30\u00b0C brandblusser - Jockel","robots":{"index":"index","follow":"follow","max-snippet":"max-snippet:-1","max-image-preview":"max-image-preview:large","max-video-preview":"max-video-preview:-1"},"canonical":"https:\/\/www.jockel.de\/nl\/product-2\/jockel-f3h-8-system-green-2-0-30c-feuerloescher\/","og_locale":"nl_NL","og_type":"article","og_title":"Jockel F3H 8 System GREEN 2.0 -30\u00b0C Feuerl\u00f6scher","og_description":"Der neue Fettbrandl\u00f6scher der GREEN 2.0 Serie markiert einen bedeutenden Fortschritt in der umweltfreundlichen Brandbek\u00e4mpfung. Dieser L\u00f6scher ist fluorfrei und kommt vollst\u00e4ndig ohne PFAS aus, was ihn zu einer der umweltvertr\u00e4glichsten Optionen auf dem Markt macht.","og_url":"https:\/\/www.jockel.de\/nl\/product-2\/jockel-f3h-8-system-green-2-0-30c-feuerloescher\/","og_site_name":"Jockel","article_modified_time":"2025-09-08T12:36:24+00:00","og_image":[{"width":2342,"height":2560,"url":"https:\/\/www.jockel.de\/wp-content\/uploads\/2025\/06\/F-3-H-8-System-Green-2-0-30-scaled.png","type":"image\/png"}],"twitter_card":"summary_large_image","twitter_misc":{"Verwachte leestijd":"1 minuut"},"schema":{"@context":"https:\/\/schema.org","@graph":[{"@type":"WebPage","@id":"https:\/\/www.jockel.de\/produkt\/jockel-f3h-8-system-green-2-0-30c-feuerloescher\/","url":"https:\/\/www.jockel.de\/produkt\/jockel-f3h-8-system-green-2-0-30c-feuerloescher\/","name":"Jockel F3H 8 System GREEN 2.0 -30\u00b0C brandblusser - Jockel","isPartOf":{"@id":"https:\/\/www.jockel.de\/#website"},"primaryImageOfPage":{"@id":"https:\/\/www.jockel.de\/produkt\/jockel-f3h-8-system-green-2-0-30c-feuerloescher\/#primaryimage"},"image":{"@id":"https:\/\/www.jockel.de\/produkt\/jockel-f3h-8-system-green-2-0-30c-feuerloescher\/#primaryimage"},"thumbnailUrl":"https:\/\/www.jockel.de\/wp-content\/uploads\/2025\/06\/F-3-H-8-System-Green-2-0-30-scaled.png","datePublished":"2025-06-18T10:35:15+00:00","dateModified":"2025-09-08T12:36:24+00:00","breadcrumb":{"@id":"https:\/\/www.jockel.de\/produkt\/jockel-f3h-8-system-green-2-0-30c-feuerloescher\/#breadcrumb"},"inLanguage":"nl-NL","potentialAction":[{"@type":"ReadAction","target":["https:\/\/www.jockel.de\/produkt\/jockel-f3h-8-system-green-2-0-30c-feuerloescher\/"]}]},{"@type":"ImageObject","inLanguage":"nl-NL","@id":"https:\/\/www.jockel.de\/produkt\/jockel-f3h-8-system-green-2-0-30c-feuerloescher\/#primaryimage","url":"https:\/\/www.jockel.de\/wp-content\/uploads\/2025\/06\/F-3-H-8-System-Green-2-0-30-scaled.png","contentUrl":"https:\/\/www.jockel.de\/wp-content\/uploads\/2025\/06\/F-3-H-8-System-Green-2-0-30-scaled.png","width":2342,"height":2560},{"@type":"BreadcrumbList","@id":"https:\/\/www.jockel.de\/produkt\/jockel-f3h-8-system-green-2-0-30c-feuerloescher\/#breadcrumb","itemListElement":[{"@type":"ListItem","position":1,"name":"Home","item":"https:\/\/www.jockel.de\/"},{"@type":"ListItem","position":2,"name":"Produkt\u00fcbersicht","item":"https:\/\/www.jockel.de\/produktuebersicht\/"},{"@type":"ListItem","position":3,"name":"Jockel F3H 8 System GREEN 2.0 -30\u00b0C Feuerl\u00f6scher"}]},{"@type":"WebSite","@id":"https:\/\/www.jockel.de\/#website","url":"https:\/\/www.jockel.de\/","name":"Brandbeveiliging JOCKEL","description":"Brandbeveiliging","publisher":{"@id":"https:\/\/www.jockel.de\/#organization"},"potentialAction":[{"@type":"SearchAction","target":{"@type":"EntryPoint","urlTemplate":"https:\/\/www.jockel.de\/?s={search_term_string}"},"query-input":{"@type":"PropertyValueSpecification","valueRequired":true,"valueName":"search_term_string"}}],"inLanguage":"nl-NL"},{"@type":"Organization","@id":"https:\/\/www.jockel.de\/#organization","name":"Brandbeveiliging JOCKEL GmbH &amp; Co. KG","url":"https:\/\/www.jockel.de\/","logo":{"@type":"ImageObject","inLanguage":"nl-NL","@id":"https:\/\/www.jockel.de\/#\/schema\/logo\/image\/","url":"https:\/\/www.jockel.de\/wp-content\/uploads\/cropped-jockelfavicon-1.png","contentUrl":"https:\/\/www.jockel.de\/wp-content\/uploads\/cropped-jockelfavicon-1.png","width":512,"height":512,"caption":"Feuerschutz JOCKEL GmbH & Co. KG"},"image":{"@id":"https:\/\/www.jockel.de\/#\/schema\/logo\/image\/"}}]}},"_links":{"self":[{"href":"https:\/\/www.jockel.de\/nl\/wp-json\/wp\/v2\/product\/119706","targetHints":{"allow":["GET"]}}],"collection":[{"href":"https:\/\/www.jockel.de\/nl\/wp-json\/wp\/v2\/product"}],"about":[{"href":"https:\/\/www.jockel.de\/nl\/wp-json\/wp\/v2\/types\/product"}],"replies":[{"embeddable":true,"href":"https:\/\/www.jockel.de\/nl\/wp-json\/wp\/v2\/comments?post=119706"}],"wp:featuredmedia":[{"embeddable":true,"href":"https:\/\/www.jockel.de\/nl\/wp-json\/wp\/v2\/media\/119701"}],"wp:attachment":[{"href":"https:\/\/www.jockel.de\/nl\/wp-json\/wp\/v2\/media?parent=119706"}],"wp:term":[{"taxonomy":"product_brand","embeddable":true,"href":"https:\/\/www.jockel.de\/nl\/wp-json\/wp\/v2\/product_brand?post=119706"},{"taxonomy":"product_cat","embeddable":true,"href":"https:\/\/www.jockel.de\/nl\/wp-json\/wp\/v2\/product_cat?post=119706"},{"taxonomy":"product_tag","embeddable":true,"href":"https:\/\/www.jockel.de\/nl\/wp-json\/wp\/v2\/product_tag?post=119706"}],"curies":[{"name":"wp","href":"https:\/\/api.w.org\/{rel}","templated":true}]}}