{"id":119114,"date":"2024-07-10T09:52:32","date_gmt":"2024-07-10T07:52:32","guid":{"rendered":"https:\/\/www.jockel.de\/?post_type=product&#038;p=119114"},"modified":"2026-03-27T10:00:08","modified_gmt":"2026-03-27T09:00:08","slug":"jockel-pm12jx-feuerloescher","status":"publish","type":"product","link":"https:\/\/www.jockel.de\/nl\/product-2\/jockel-pm12jx-feuerloescher\/","title":{"rendered":"Jockel PM12JX brandblusser"},"content":{"rendered":"","protected":false},"excerpt":{"rendered":"<p>Metaalbranden van klasse D vereisen speciale brandblussers. De Jockel PM 12 JX is speciaal voor dit doel ontwikkeld en maakt gebruik van een zouthoudend bluspoeder dat onder lage druk met een bluslans wordt aangebracht. Dit voorkomt het opwervelen van brandende spaanders. Het poeder smelt op het vuur, vormt een luchtdichte laag en smoort de brand effectief.<\/p>","protected":false},"featured_media":119155,"comment_status":"closed","ping_status":"closed","template":"","meta":[],"product_brand":[],"product_cat":[1855],"product_tag":[],"class_list":{"0":"post-119114","1":"product","2":"type-product","3":"status-publish","4":"has-post-thumbnail","6":"product_cat-tragbare-feuerloescher","8":"first","9":"instock","10":"taxable","11":"shipping-taxable","12":"purchasable","13":"product-type-simple"},"yoast_head":"<!-- This site is optimized with the Yoast SEO Premium plugin v27.0 (Yoast SEO v27.5) - https:\/\/yoast.com\/product\/yoast-seo-premium-wordpress\/ -->\n<title>Jockel PM12JX Feuerl\u00f6scher &#8226; Jockel<\/title>\n<meta name=\"robots\" content=\"index, follow, max-snippet:-1, max-image-preview:large, max-video-preview:-1\" \/>\n<link rel=\"canonical\" href=\"https:\/\/www.jockel.de\/nl\/product-2\/jockel-pm12jx-feuerloescher\/\" \/>\n<meta property=\"og:locale\" content=\"nl_NL\" \/>\n<meta property=\"og:type\" content=\"article\" \/>\n<meta property=\"og:title\" content=\"Jockel PM12JX Feuerl\u00f6scher\" \/>\n<meta property=\"og:description\" content=\"Metallbr\u00e4nde der Brandklasse D erfordern spezielle Feuerl\u00f6scher. Der Jockel PM 12 JX wurde speziell daf\u00fcr entwickelt und nutzt ein salzhaltiges L\u00f6schpulver, das mittels L\u00f6schlanze mit geringem Druck aufgetragen wird. So wird das Aufwirbeln brennender Sp\u00e4ne verhindert. Das Pulver schmilzt auf dem Brand, bildet eine luftdichte Schicht und erstickt das Feuer effektiv.\" \/>\n<meta property=\"og:url\" content=\"https:\/\/www.jockel.de\/nl\/product-2\/jockel-pm12jx-feuerloescher\/\" \/>\n<meta property=\"og:site_name\" content=\"Jockel\" \/>\n<meta property=\"article:modified_time\" content=\"2026-03-27T09:00:08+00:00\" \/>\n<meta property=\"og:image\" content=\"https:\/\/www.jockel.de\/wp-content\/uploads\/2024\/07\/PM12JX-937x1024.png\" \/>\n\t<meta property=\"og:image:width\" content=\"937\" \/>\n\t<meta property=\"og:image:height\" content=\"1024\" \/>\n\t<meta property=\"og:image:type\" content=\"image\/png\" \/>\n<meta name=\"twitter:card\" content=\"summary_large_image\" \/>\n<meta name=\"twitter:label1\" content=\"Verwachte leestijd\" \/>\n\t<meta name=\"twitter:data1\" content=\"1 minuut\" \/>\n<script type=\"application\/ld+json\" class=\"yoast-schema-graph\">{\"@context\":\"https:\\\/\\\/schema.org\",\"@graph\":[{\"@type\":\"WebPage\",\"@id\":\"https:\\\/\\\/www.jockel.de\\\/produkt\\\/jockel-pm12jx-feuerloescher\\\/\",\"url\":\"https:\\\/\\\/www.jockel.de\\\/produkt\\\/jockel-pm12jx-feuerloescher\\\/\",\"name\":\"Jockel PM12JX Feuerl\u00f6scher &#8226; Jockel\",\"isPartOf\":{\"@id\":\"https:\\\/\\\/www.jockel.de\\\/#website\"},\"primaryImageOfPage\":{\"@id\":\"https:\\\/\\\/www.jockel.de\\\/produkt\\\/jockel-pm12jx-feuerloescher\\\/#primaryimage\"},\"image\":{\"@id\":\"https:\\\/\\\/www.jockel.de\\\/produkt\\\/jockel-pm12jx-feuerloescher\\\/#primaryimage\"},\"thumbnailUrl\":\"https:\\\/\\\/www.jockel.de\\\/wp-content\\\/uploads\\\/2024\\\/07\\\/PM12JX.png\",\"datePublished\":\"2024-07-10T07:52:32+00:00\",\"dateModified\":\"2026-03-27T09:00:08+00:00\",\"breadcrumb\":{\"@id\":\"https:\\\/\\\/www.jockel.de\\\/produkt\\\/jockel-pm12jx-feuerloescher\\\/#breadcrumb\"},\"inLanguage\":\"nl-NL\",\"potentialAction\":[{\"@type\":\"ReadAction\",\"target\":[\"https:\\\/\\\/www.jockel.de\\\/produkt\\\/jockel-pm12jx-feuerloescher\\\/\"]}]},{\"@type\":\"ImageObject\",\"inLanguage\":\"nl-NL\",\"@id\":\"https:\\\/\\\/www.jockel.de\\\/produkt\\\/jockel-pm12jx-feuerloescher\\\/#primaryimage\",\"url\":\"https:\\\/\\\/www.jockel.de\\\/wp-content\\\/uploads\\\/2024\\\/07\\\/PM12JX.png\",\"contentUrl\":\"https:\\\/\\\/www.jockel.de\\\/wp-content\\\/uploads\\\/2024\\\/07\\\/PM12JX.png\",\"width\":4300,\"height\":4700},{\"@type\":\"BreadcrumbList\",\"@id\":\"https:\\\/\\\/www.jockel.de\\\/produkt\\\/jockel-pm12jx-feuerloescher\\\/#breadcrumb\",\"itemListElement\":[{\"@type\":\"ListItem\",\"position\":1,\"name\":\"Home\",\"item\":\"https:\\\/\\\/www.jockel.de\\\/\"},{\"@type\":\"ListItem\",\"position\":2,\"name\":\"Produkt\u00fcbersicht\",\"item\":\"https:\\\/\\\/www.jockel.de\\\/produktuebersicht\\\/\"},{\"@type\":\"ListItem\",\"position\":3,\"name\":\"Jockel PM12JX Feuerl\u00f6scher\"}]},{\"@type\":\"WebSite\",\"@id\":\"https:\\\/\\\/www.jockel.de\\\/#website\",\"url\":\"https:\\\/\\\/www.jockel.de\\\/\",\"name\":\"Feuerschutz JOCKEL\",\"description\":\"Feuerschutz\",\"publisher\":{\"@id\":\"https:\\\/\\\/www.jockel.de\\\/#organization\"},\"potentialAction\":[{\"@type\":\"SearchAction\",\"target\":{\"@type\":\"EntryPoint\",\"urlTemplate\":\"https:\\\/\\\/www.jockel.de\\\/?s={search_term_string}\"},\"query-input\":{\"@type\":\"PropertyValueSpecification\",\"valueRequired\":true,\"valueName\":\"search_term_string\"}}],\"inLanguage\":\"nl-NL\"},{\"@type\":\"Organization\",\"@id\":\"https:\\\/\\\/www.jockel.de\\\/#organization\",\"name\":\"Feuerschutz JOCKEL GmbH & Co. KG\",\"url\":\"https:\\\/\\\/www.jockel.de\\\/\",\"logo\":{\"@type\":\"ImageObject\",\"inLanguage\":\"nl-NL\",\"@id\":\"https:\\\/\\\/www.jockel.de\\\/#\\\/schema\\\/logo\\\/image\\\/\",\"url\":\"https:\\\/\\\/www.jockel.de\\\/wp-content\\\/uploads\\\/cropped-jockelfavicon-1.png\",\"contentUrl\":\"https:\\\/\\\/www.jockel.de\\\/wp-content\\\/uploads\\\/cropped-jockelfavicon-1.png\",\"width\":512,\"height\":512,\"caption\":\"Feuerschutz JOCKEL GmbH & Co. KG\"},\"image\":{\"@id\":\"https:\\\/\\\/www.jockel.de\\\/#\\\/schema\\\/logo\\\/image\\\/\"}}]}<\/script>\n<!-- \/ Yoast SEO Premium plugin. -->","yoast_head_json":{"title":"Jockel PM12JX brandblusser - Jockel","robots":{"index":"index","follow":"follow","max-snippet":"max-snippet:-1","max-image-preview":"max-image-preview:large","max-video-preview":"max-video-preview:-1"},"canonical":"https:\/\/www.jockel.de\/nl\/product-2\/jockel-pm12jx-feuerloescher\/","og_locale":"nl_NL","og_type":"article","og_title":"Jockel PM12JX Feuerl\u00f6scher","og_description":"Metallbr\u00e4nde der Brandklasse D erfordern spezielle Feuerl\u00f6scher. Der Jockel PM 12 JX wurde speziell daf\u00fcr entwickelt und nutzt ein salzhaltiges L\u00f6schpulver, das mittels L\u00f6schlanze mit geringem Druck aufgetragen wird. So wird das Aufwirbeln brennender Sp\u00e4ne verhindert. Das Pulver schmilzt auf dem Brand, bildet eine luftdichte Schicht und erstickt das Feuer effektiv.","og_url":"https:\/\/www.jockel.de\/nl\/product-2\/jockel-pm12jx-feuerloescher\/","og_site_name":"Jockel","article_modified_time":"2026-03-27T09:00:08+00:00","og_image":[{"width":937,"height":1024,"url":"https:\/\/www.jockel.de\/wp-content\/uploads\/2024\/07\/PM12JX-937x1024.png","type":"image\/png"}],"twitter_card":"summary_large_image","twitter_misc":{"Verwachte leestijd":"1 minuut"},"schema":{"@context":"https:\/\/schema.org","@graph":[{"@type":"WebPage","@id":"https:\/\/www.jockel.de\/produkt\/jockel-pm12jx-feuerloescher\/","url":"https:\/\/www.jockel.de\/produkt\/jockel-pm12jx-feuerloescher\/","name":"Jockel PM12JX brandblusser - Jockel","isPartOf":{"@id":"https:\/\/www.jockel.de\/#website"},"primaryImageOfPage":{"@id":"https:\/\/www.jockel.de\/produkt\/jockel-pm12jx-feuerloescher\/#primaryimage"},"image":{"@id":"https:\/\/www.jockel.de\/produkt\/jockel-pm12jx-feuerloescher\/#primaryimage"},"thumbnailUrl":"https:\/\/www.jockel.de\/wp-content\/uploads\/2024\/07\/PM12JX.png","datePublished":"2024-07-10T07:52:32+00:00","dateModified":"2026-03-27T09:00:08+00:00","breadcrumb":{"@id":"https:\/\/www.jockel.de\/produkt\/jockel-pm12jx-feuerloescher\/#breadcrumb"},"inLanguage":"nl-NL","potentialAction":[{"@type":"ReadAction","target":["https:\/\/www.jockel.de\/produkt\/jockel-pm12jx-feuerloescher\/"]}]},{"@type":"ImageObject","inLanguage":"nl-NL","@id":"https:\/\/www.jockel.de\/produkt\/jockel-pm12jx-feuerloescher\/#primaryimage","url":"https:\/\/www.jockel.de\/wp-content\/uploads\/2024\/07\/PM12JX.png","contentUrl":"https:\/\/www.jockel.de\/wp-content\/uploads\/2024\/07\/PM12JX.png","width":4300,"height":4700},{"@type":"BreadcrumbList","@id":"https:\/\/www.jockel.de\/produkt\/jockel-pm12jx-feuerloescher\/#breadcrumb","itemListElement":[{"@type":"ListItem","position":1,"name":"Home","item":"https:\/\/www.jockel.de\/"},{"@type":"ListItem","position":2,"name":"Produkt\u00fcbersicht","item":"https:\/\/www.jockel.de\/produktuebersicht\/"},{"@type":"ListItem","position":3,"name":"Jockel PM12JX Feuerl\u00f6scher"}]},{"@type":"WebSite","@id":"https:\/\/www.jockel.de\/#website","url":"https:\/\/www.jockel.de\/","name":"Brandbeveiliging JOCKEL","description":"Brandbeveiliging","publisher":{"@id":"https:\/\/www.jockel.de\/#organization"},"potentialAction":[{"@type":"SearchAction","target":{"@type":"EntryPoint","urlTemplate":"https:\/\/www.jockel.de\/?s={search_term_string}"},"query-input":{"@type":"PropertyValueSpecification","valueRequired":true,"valueName":"search_term_string"}}],"inLanguage":"nl-NL"},{"@type":"Organization","@id":"https:\/\/www.jockel.de\/#organization","name":"Brandbeveiliging JOCKEL GmbH &amp; Co. KG","url":"https:\/\/www.jockel.de\/","logo":{"@type":"ImageObject","inLanguage":"nl-NL","@id":"https:\/\/www.jockel.de\/#\/schema\/logo\/image\/","url":"https:\/\/www.jockel.de\/wp-content\/uploads\/cropped-jockelfavicon-1.png","contentUrl":"https:\/\/www.jockel.de\/wp-content\/uploads\/cropped-jockelfavicon-1.png","width":512,"height":512,"caption":"Feuerschutz JOCKEL GmbH & Co. KG"},"image":{"@id":"https:\/\/www.jockel.de\/#\/schema\/logo\/image\/"}}]}},"_links":{"self":[{"href":"https:\/\/www.jockel.de\/nl\/wp-json\/wp\/v2\/product\/119114","targetHints":{"allow":["GET"]}}],"collection":[{"href":"https:\/\/www.jockel.de\/nl\/wp-json\/wp\/v2\/product"}],"about":[{"href":"https:\/\/www.jockel.de\/nl\/wp-json\/wp\/v2\/types\/product"}],"replies":[{"embeddable":true,"href":"https:\/\/www.jockel.de\/nl\/wp-json\/wp\/v2\/comments?post=119114"}],"wp:featuredmedia":[{"embeddable":true,"href":"https:\/\/www.jockel.de\/nl\/wp-json\/wp\/v2\/media\/119155"}],"wp:attachment":[{"href":"https:\/\/www.jockel.de\/nl\/wp-json\/wp\/v2\/media?parent=119114"}],"wp:term":[{"taxonomy":"product_brand","embeddable":true,"href":"https:\/\/www.jockel.de\/nl\/wp-json\/wp\/v2\/product_brand?post=119114"},{"taxonomy":"product_cat","embeddable":true,"href":"https:\/\/www.jockel.de\/nl\/wp-json\/wp\/v2\/product_cat?post=119114"},{"taxonomy":"product_tag","embeddable":true,"href":"https:\/\/www.jockel.de\/nl\/wp-json\/wp\/v2\/product_tag?post=119114"}],"curies":[{"name":"wp","href":"https:\/\/api.w.org\/{rel}","templated":true}]}}