{"id":9452,"date":"2021-02-10T15:05:36","date_gmt":"2021-02-10T14:05:36","guid":{"rendered":"https:\/\/www.jockel.de\/?page_id=9452"},"modified":"2021-10-17T22:23:18","modified_gmt":"2021-10-17T20:23:18","slug":"service-zubehoer","status":"publish","type":"page","link":"https:\/\/www.jockel.de\/nl\/produkte\/service-zubehoer\/","title":{"rendered":"Serviceaccessoires"},"content":{"rendered":"\t\t<div data-elementor-type=\"wp-page\" data-elementor-id=\"9452\" class=\"elementor elementor-9452\" data-elementor-post-type=\"page\">\n\t\t\t\t\t\t<section class=\"elementor-section elementor-top-section elementor-element elementor-element-4349a05 elementor-section-boxed elementor-section-height-default elementor-section-height-default\" data-id=\"4349a05\" data-element_type=\"section\">\n\t\t\t\t\t\t<div class=\"elementor-container elementor-column-gap-default\">\n\t\t\t\t\t<div class=\"elementor-column elementor-col-100 elementor-top-column elementor-element elementor-element-1d555bd0\" data-id=\"1d555bd0\" data-element_type=\"column\">\n\t\t\t<div class=\"elementor-widget-wrap elementor-element-populated\">\n\t\t\t\t\t\t<div class=\"elementor-element elementor-element-4a83af05 elementor-widget elementor-widget-heading\" data-id=\"4a83af05\" data-element_type=\"widget\" data-widget_type=\"heading.default\">\n\t\t\t\t<div class=\"elementor-widget-container\">\n\t\t\t\t\t<h1 class=\"elementor-heading-title elementor-size-default\">Service-Zubeh\u00f6r<\/h1>\t\t\t\t<\/div>\n\t\t\t\t<\/div>\n\t\t\t\t<div class=\"elementor-element elementor-element-3efaaab6 elementor-widget elementor-widget-heading\" data-id=\"3efaaab6\" data-element_type=\"widget\" data-widget_type=\"heading.default\">\n\t\t\t\t<div class=\"elementor-widget-container\">\n\t\t\t\t\t<h1 class=\"elementor-heading-title elementor-size-default\">Werkzeug f\u00fcr Kundendienste <\/h1>\t\t\t\t<\/div>\n\t\t\t\t<\/div>\n\t\t\t\t\t<\/div>\n\t\t<\/div>\n\t\t\t\t\t<\/div>\n\t\t<\/section>\n\t\t\t\t<section class=\"elementor-section elementor-top-section elementor-element elementor-element-6da651cb elementor-section-boxed elementor-section-height-default elementor-section-height-default\" data-id=\"6da651cb\" data-element_type=\"section\">\n\t\t\t\t\t\t<div class=\"elementor-container elementor-column-gap-default\">\n\t\t\t\t\t<div class=\"elementor-column elementor-col-50 elementor-top-column elementor-element elementor-element-4a73c81c\" data-id=\"4a73c81c\" data-element_type=\"column\" data-settings=\"{&quot;background_background&quot;:&quot;classic&quot;}\">\n\t\t\t<div class=\"elementor-widget-wrap elementor-element-populated\">\n\t\t\t\t\t\t<section class=\"elementor-section elementor-inner-section elementor-element elementor-element-69de6140 elementor-section-boxed elementor-section-height-default elementor-section-height-default\" data-id=\"69de6140\" data-element_type=\"section\" data-settings=\"{&quot;background_background&quot;:&quot;classic&quot;}\">\n\t\t\t\t\t\t<div class=\"elementor-container elementor-column-gap-default\">\n\t\t\t\t\t<div class=\"elementor-column elementor-col-100 elementor-inner-column elementor-element elementor-element-76b7a663\" data-id=\"76b7a663\" data-element_type=\"column\">\n\t\t\t<div class=\"elementor-widget-wrap elementor-element-populated\">\n\t\t\t\t\t\t<div class=\"elementor-element elementor-element-4dc6e09e elementor-widget elementor-widget-heading\" data-id=\"4dc6e09e\" data-element_type=\"widget\" data-widget_type=\"heading.default\">\n\t\t\t\t<div class=\"elementor-widget-container\">\n\t\t\t\t\t<h2 class=\"elementor-heading-title elementor-size-default\">\u00dcbersicht<\/h2>\t\t\t\t<\/div>\n\t\t\t\t<\/div>\n\t\t\t\t<div class=\"elementor-element elementor-element-7059bec0 elementor-widget elementor-widget-table-of-contents\" data-id=\"7059bec0\" data-element_type=\"widget\" data-settings=\"{&quot;headings_by_tags&quot;:[&quot;h2&quot;,&quot;h3&quot;],&quot;exclude_headings_by_selector&quot;:[],&quot;container&quot;:&quot;#cont&quot;,&quot;marker_view&quot;:&quot;numbers&quot;,&quot;no_headings_message&quot;:&quot;No headings were found on this page.&quot;,&quot;min_height&quot;:{&quot;unit&quot;:&quot;px&quot;,&quot;size&quot;:&quot;&quot;,&quot;sizes&quot;:[]},&quot;min_height_tablet&quot;:{&quot;unit&quot;:&quot;px&quot;,&quot;size&quot;:&quot;&quot;,&quot;sizes&quot;:[]},&quot;min_height_mobile&quot;:{&quot;unit&quot;:&quot;px&quot;,&quot;size&quot;:&quot;&quot;,&quot;sizes&quot;:[]}}\" data-widget_type=\"table-of-contents.default\">\n\t\t\t\t<div class=\"elementor-widget-container\">\n\t\t\t\t\t\t\t<div class=\"elementor-toc__header\">\n\t\t\t<h4 class=\"elementor-toc__header-title\">\n\t\t\t\t\t\t\t<\/h4>\n\t\t\t\t\t<\/div>\n\t\t<div id=\"elementor-toc__7059bec0\" class=\"elementor-toc__body\">\n\t\t\t<div class=\"elementor-toc__spinner-container\">\n\t\t\t\t<i class=\"elementor-toc__spinner eicon-animation-spin eicon-loading\" aria-hidden=\"true\"><\/i>\t\t\t<\/div>\n\t\t<\/div>\n\t\t\t\t\t\t<\/div>\n\t\t\t\t<\/div>\n\t\t\t\t\t<\/div>\n\t\t<\/div>\n\t\t\t\t\t<\/div>\n\t\t<\/section>\n\t\t\t\t\t<\/div>\n\t\t<\/div>\n\t\t\t\t<div class=\"elementor-column elementor-col-50 elementor-top-column elementor-element elementor-element-1aa04a10\" data-id=\"1aa04a10\" data-element_type=\"column\" id=\"cont\">\n\t\t\t<div class=\"elementor-widget-wrap elementor-element-populated\">\n\t\t\t\t\t\t<div class=\"elementor-element elementor-element-1ed710b2 elementor-widget elementor-widget-text-editor\" data-id=\"1ed710b2\" data-element_type=\"widget\" data-widget_type=\"text-editor.default\">\n\t\t\t\t<div class=\"elementor-widget-container\">\n\t\t\t\t\t\t\t\t\t<h2>F\u00fcr Ihren Erfolg<\/h2><p>Der Kundendienst findet f\u00fcr die Wartung und Pr\u00fcfung von Feuerl\u00f6schern und Brandschutzeinrichtungen die erforderlichen Werkezeuge und Verbrauchmaterialien in unserem Programm:<\/p><ul><li>Werkzeuge:\u00a0Schl\u00fcssel, Spannvorrichtungen, Pr\u00fcfmanometer, Druckminderer, Beschichtungspr\u00fcfger\u00e4te, Schl\u00e4uche, etc.<\/li><li>Pulver-Saug-Maschinen\/Pulverumf\u00fcllmaschinen<\/li><li>Waagen<\/li><li>Quetschplomben, Steckplomben, Plombenzangen<\/li><li>Jahresmarken, Instandhaltungsnachweise, Etiketten und Pr\u00fcfsiegel<\/li><li>Wandhydranten-Pr\u00fcfger\u00e4te<\/li><li>Werkzeuge f\u00fcr die Pr\u00fcfung von Wandhydranten<\/li><li>Arbeitskleidung<\/li><\/ul>\t\t\t\t\t\t\t\t<\/div>\n\t\t\t\t<\/div>\n\t\t\t\t\t<\/div>\n\t\t<\/div>\n\t\t\t\t\t<\/div>\n\t\t<\/section>\n\t\t\t\t<section class=\"elementor-section elementor-top-section elementor-element elementor-element-11506f99 elementor-section-height-min-height elementor-section-items-stretch elementor-section-boxed elementor-section-height-default\" data-id=\"11506f99\" data-element_type=\"section\" data-settings=\"{&quot;background_background&quot;:&quot;classic&quot;}\">\n\t\t\t\t\t\t\t<div class=\"elementor-background-overlay\"><\/div>\n\t\t\t\t\t\t\t<div class=\"elementor-container elementor-column-gap-default\">\n\t\t\t\t\t<div class=\"elementor-column elementor-col-100 elementor-top-column elementor-element elementor-element-18ed49d1\" data-id=\"18ed49d1\" data-element_type=\"column\" data-settings=\"{&quot;background_background&quot;:&quot;classic&quot;}\">\n\t\t\t<div class=\"elementor-widget-wrap elementor-element-populated\">\n\t\t\t\t\t<div class=\"elementor-background-overlay\"><\/div>\n\t\t\t\t\t\t<section class=\"elementor-section elementor-inner-section elementor-element elementor-element-2ad3c7a3 elementor-section-full_width elementor-section-height-default elementor-section-height-default\" data-id=\"2ad3c7a3\" data-element_type=\"section\">\n\t\t\t\t\t\t<div class=\"elementor-container elementor-column-gap-default\">\n\t\t\t\t\t<div class=\"elementor-column elementor-col-50 elementor-inner-column elementor-element elementor-element-6472af79\" data-id=\"6472af79\" data-element_type=\"column\">\n\t\t\t<div class=\"elementor-widget-wrap elementor-element-populated\">\n\t\t\t\t\t\t<div class=\"elementor-element elementor-element-37bd1a99 elementor-mobile-align-center elementor-widget elementor-widget-button\" data-id=\"37bd1a99\" data-element_type=\"widget\" data-widget_type=\"button.default\">\n\t\t\t\t<div class=\"elementor-widget-container\">\n\t\t\t\t\t\t\t\t\t<div class=\"elementor-button-wrapper\">\n\t\t\t\t\t<a class=\"elementor-button elementor-button-link elementor-size-sm\" href=\"https:\/\/www.jockel.de\/downloads\/Servicekatalog.pdf\" target=\"_blank\">\n\t\t\t\t\t\t<span class=\"elementor-button-content-wrapper\">\n\t\t\t\t\t\t\t\t\t<span class=\"elementor-button-text\">jetzt ansehen<\/span>\n\t\t\t\t\t<\/span>\n\t\t\t\t\t<\/a>\n\t\t\t\t<\/div>\n\t\t\t\t\t\t\t\t<\/div>\n\t\t\t\t<\/div>\n\t\t\t\t\t<\/div>\n\t\t<\/div>\n\t\t\t\t<div class=\"elementor-column elementor-col-50 elementor-inner-column elementor-element elementor-element-3cf16eb9\" data-id=\"3cf16eb9\" data-element_type=\"column\">\n\t\t\t<div class=\"elementor-widget-wrap elementor-element-populated\">\n\t\t\t\t\t\t<div class=\"elementor-element elementor-element-753c2e94 elementor-widget elementor-widget-image\" data-id=\"753c2e94\" data-element_type=\"widget\" data-widget_type=\"image.default\">\n\t\t\t\t<div class=\"elementor-widget-container\">\n\t\t\t\t\t\t\t\t\t\t\t\t\t\t\t\t<a href=\"https:\/\/www.jockel.de\/downloads\/Servicekatalog.pdf\" target=\"_blank\">\n\t\t\t\t\t\t\t<img fetchpriority=\"high\" decoding=\"async\" width=\"1086\" height=\"1536\" src=\"https:\/\/www.jockel.de\/wp-content\/uploads\/Cover-Servicezubehoer-1086x1536.jpg\" class=\"elementor-animation-shrink attachment-1536x1536 size-1536x1536 wp-image-13418\" alt=\"\" srcset=\"https:\/\/www.jockel.de\/wp-content\/uploads\/Cover-Servicezubehoer-1086x1536.jpg 1086w, https:\/\/www.jockel.de\/wp-content\/uploads\/Cover-Servicezubehoer-212x300.jpg 212w, https:\/\/www.jockel.de\/wp-content\/uploads\/Cover-Servicezubehoer-724x1024.jpg 724w, https:\/\/www.jockel.de\/wp-content\/uploads\/Cover-Servicezubehoer-768x1086.jpg 768w, https:\/\/www.jockel.de\/wp-content\/uploads\/Cover-Servicezubehoer-1448x2048.jpg 1448w, https:\/\/www.jockel.de\/wp-content\/uploads\/Cover-Servicezubehoer-600x849.jpg 600w, https:\/\/www.jockel.de\/wp-content\/uploads\/Cover-Servicezubehoer-scaled.jpg 1810w\" sizes=\"(max-width: 1086px) 100vw, 1086px\" \/>\t\t\t\t\t\t\t\t<\/a>\n\t\t\t\t\t\t\t\t\t\t\t\t\t\t\t<\/div>\n\t\t\t\t<\/div>\n\t\t\t\t\t<\/div>\n\t\t<\/div>\n\t\t\t\t\t<\/div>\n\t\t<\/section>\n\t\t\t\t\t<\/div>\n\t\t<\/div>\n\t\t\t\t\t<\/div>\n\t\t<\/section>\n\t\t\t\t<\/div>\n\t\t","protected":false},"excerpt":{"rendered":"<p>Start Werkzeug f\u00fcr Kundendienste \u00dcbersicht F\u00fcr Ihren Erfolg Der Kundendienst findet f\u00fcr die Wartung und Pr\u00fcfung von Feuerl\u00f6schern und Brandschutzeinrichtungen die erforderlichen Werkezeuge und Verbrauchmaterialien in unserem Programm: Werkzeuge:&nbsp;Schl\u00fcssel, Spannvorrichtungen, Pr\u00fcfmanometer, Druckminderer, Beschichtungspr\u00fcfger\u00e4te, Schl\u00e4uche, etc. Pulver-Saug-Maschinen\/Pulverumf\u00fcllmaschinen Waagen Quetschplomben, Steckplomben, Plombenzangen Jahresmarken, Instandhaltungsnachweise, Etiketten und Pr\u00fcfsiegel Wandhydranten-Pr\u00fcfger\u00e4te Werkzeuge f\u00fcr die Pr\u00fcfung von Wandhydranten Arbeitskleidung Katalog Servicezubeh\u00f6r [&hellip;]<\/p>\n","protected":false},"author":10,"featured_media":0,"parent":9300,"menu_order":0,"comment_status":"closed","ping_status":"closed","template":"elementor_header_footer","meta":{"footnotes":""},"class_list":["post-9452","page","type-page","status-publish","hentry"],"yoast_head":"<!-- This site is optimized with the Yoast SEO Premium plugin v27.0 (Yoast SEO v27.4) - https:\/\/yoast.com\/product\/yoast-seo-premium-wordpress\/ -->\n<title>Feuerschutz &amp; Brandschutztechnik \u25b7 JOCKEL Service-Zubeh\u00f6r<\/title>\n<meta name=\"description\" content=\"F\u00fcr JOCKEL Kundendienste \u2605 Professionelles Service-Zubeh\u00f6r \u27bd Hochwertige Werkzeuge zur fachgerechten Pr\u00fcfung &amp; Wartung \u25b6\ufe0f JOCKEL Feuerschutz\" \/>\n<meta name=\"robots\" content=\"index, follow, max-snippet:-1, max-image-preview:large, max-video-preview:-1\" \/>\n<link rel=\"canonical\" href=\"https:\/\/www.jockel.de\/nl\/produkte\/service-zubehoer\/\" \/>\n<meta property=\"og:locale\" content=\"nl_NL\" \/>\n<meta property=\"og:type\" content=\"article\" \/>\n<meta property=\"og:title\" content=\"Service-Zubeh\u00f6r\" \/>\n<meta property=\"og:description\" content=\"F\u00fcr JOCKEL Kundendienste \u2605 Professionelles Service-Zubeh\u00f6r \u27bd Hochwertige Werkzeuge zur fachgerechten Pr\u00fcfung &amp; Wartung \u25b6\ufe0f JOCKEL Feuerschutz\" \/>\n<meta property=\"og:url\" content=\"https:\/\/www.jockel.de\/nl\/produkte\/service-zubehoer\/\" \/>\n<meta property=\"og:site_name\" content=\"Jockel\" \/>\n<meta property=\"article:modified_time\" content=\"2021-10-17T20:23:18+00:00\" \/>\n<meta property=\"og:image\" content=\"https:\/\/www.jockel.de\/wp-content\/uploads\/Cover-Servicezubehoer-1086x1536.jpg\" \/>\n<meta name=\"twitter:card\" content=\"summary_large_image\" \/>\n<meta name=\"twitter:label1\" content=\"Verwachte leestijd\" \/>\n\t<meta name=\"twitter:data1\" content=\"1 minuut\" \/>\n<script type=\"application\/ld+json\" class=\"yoast-schema-graph\">{\"@context\":\"https:\\\/\\\/schema.org\",\"@graph\":[{\"@type\":\"WebPage\",\"@id\":\"https:\\\/\\\/www.jockel.de\\\/produkte\\\/service-zubehoer\\\/\",\"url\":\"https:\\\/\\\/www.jockel.de\\\/produkte\\\/service-zubehoer\\\/\",\"name\":\"Feuerschutz & Brandschutztechnik \u25b7 JOCKEL Service-Zubeh\u00f6r\",\"isPartOf\":{\"@id\":\"https:\\\/\\\/www.jockel.de\\\/#website\"},\"primaryImageOfPage\":{\"@id\":\"https:\\\/\\\/www.jockel.de\\\/produkte\\\/service-zubehoer\\\/#primaryimage\"},\"image\":{\"@id\":\"https:\\\/\\\/www.jockel.de\\\/produkte\\\/service-zubehoer\\\/#primaryimage\"},\"thumbnailUrl\":\"https:\\\/\\\/www.jockel.de\\\/wp-content\\\/uploads\\\/Cover-Servicezubehoer-1086x1536.jpg\",\"datePublished\":\"2021-02-10T14:05:36+00:00\",\"dateModified\":\"2021-10-17T20:23:18+00:00\",\"description\":\"F\u00fcr JOCKEL Kundendienste \u2605 Professionelles Service-Zubeh\u00f6r \u27bd Hochwertige Werkzeuge zur fachgerechten Pr\u00fcfung & Wartung \u25b6\ufe0f JOCKEL Feuerschutz\",\"breadcrumb\":{\"@id\":\"https:\\\/\\\/www.jockel.de\\\/produkte\\\/service-zubehoer\\\/#breadcrumb\"},\"inLanguage\":\"nl-NL\",\"potentialAction\":[{\"@type\":\"ReadAction\",\"target\":[\"https:\\\/\\\/www.jockel.de\\\/produkte\\\/service-zubehoer\\\/\"]}]},{\"@type\":\"ImageObject\",\"inLanguage\":\"nl-NL\",\"@id\":\"https:\\\/\\\/www.jockel.de\\\/produkte\\\/service-zubehoer\\\/#primaryimage\",\"url\":\"https:\\\/\\\/www.jockel.de\\\/wp-content\\\/uploads\\\/Cover-Servicezubehoer-1086x1536.jpg\",\"contentUrl\":\"https:\\\/\\\/www.jockel.de\\\/wp-content\\\/uploads\\\/Cover-Servicezubehoer-1086x1536.jpg\"},{\"@type\":\"BreadcrumbList\",\"@id\":\"https:\\\/\\\/www.jockel.de\\\/produkte\\\/service-zubehoer\\\/#breadcrumb\",\"itemListElement\":[{\"@type\":\"ListItem\",\"position\":1,\"name\":\"Home\",\"item\":\"https:\\\/\\\/www.jockel.de\\\/\"},{\"@type\":\"ListItem\",\"position\":2,\"name\":\"Produkte\",\"item\":\"https:\\\/\\\/www.jockel.de\\\/produkte\\\/\"},{\"@type\":\"ListItem\",\"position\":3,\"name\":\"Service-Zubeh\u00f6r\"}]},{\"@type\":\"WebSite\",\"@id\":\"https:\\\/\\\/www.jockel.de\\\/#website\",\"url\":\"https:\\\/\\\/www.jockel.de\\\/\",\"name\":\"Feuerschutz JOCKEL\",\"description\":\"Feuerschutz\",\"publisher\":{\"@id\":\"https:\\\/\\\/www.jockel.de\\\/#organization\"},\"potentialAction\":[{\"@type\":\"SearchAction\",\"target\":{\"@type\":\"EntryPoint\",\"urlTemplate\":\"https:\\\/\\\/www.jockel.de\\\/?s={search_term_string}\"},\"query-input\":{\"@type\":\"PropertyValueSpecification\",\"valueRequired\":true,\"valueName\":\"search_term_string\"}}],\"inLanguage\":\"nl-NL\"},{\"@type\":\"Organization\",\"@id\":\"https:\\\/\\\/www.jockel.de\\\/#organization\",\"name\":\"Feuerschutz JOCKEL GmbH & Co. KG\",\"url\":\"https:\\\/\\\/www.jockel.de\\\/\",\"logo\":{\"@type\":\"ImageObject\",\"inLanguage\":\"nl-NL\",\"@id\":\"https:\\\/\\\/www.jockel.de\\\/#\\\/schema\\\/logo\\\/image\\\/\",\"url\":\"https:\\\/\\\/www.jockel.de\\\/wp-content\\\/uploads\\\/cropped-jockelfavicon-1.png\",\"contentUrl\":\"https:\\\/\\\/www.jockel.de\\\/wp-content\\\/uploads\\\/cropped-jockelfavicon-1.png\",\"width\":512,\"height\":512,\"caption\":\"Feuerschutz JOCKEL GmbH & Co. KG\"},\"image\":{\"@id\":\"https:\\\/\\\/www.jockel.de\\\/#\\\/schema\\\/logo\\\/image\\\/\"}}]}<\/script>\n<!-- \/ Yoast SEO Premium plugin. -->","yoast_head_json":{"title":"Brandbeveiliging &amp; brandbeveiligingstechniek \u25b7 JOCKEL serviceaccessoires","description":"Voor JOCKEL klantenservice \u2605 Professionele service accessoires \u27bd Hoogwaardig gereedschap voor professioneel testen &amp; onderhoud \u25b6\ufe0f JOCKEL brandbeveiliging","robots":{"index":"index","follow":"follow","max-snippet":"max-snippet:-1","max-image-preview":"max-image-preview:large","max-video-preview":"max-video-preview:-1"},"canonical":"https:\/\/www.jockel.de\/nl\/produkte\/service-zubehoer\/","og_locale":"nl_NL","og_type":"article","og_title":"Service-Zubeh\u00f6r","og_description":"F\u00fcr JOCKEL Kundendienste \u2605 Professionelles Service-Zubeh\u00f6r \u27bd Hochwertige Werkzeuge zur fachgerechten Pr\u00fcfung & Wartung \u25b6\ufe0f JOCKEL Feuerschutz","og_url":"https:\/\/www.jockel.de\/nl\/produkte\/service-zubehoer\/","og_site_name":"Jockel","article_modified_time":"2021-10-17T20:23:18+00:00","og_image":[{"url":"https:\/\/www.jockel.de\/wp-content\/uploads\/Cover-Servicezubehoer-1086x1536.jpg","type":"","width":"","height":""}],"twitter_card":"summary_large_image","twitter_misc":{"Verwachte leestijd":"1 minuut"},"schema":{"@context":"https:\/\/schema.org","@graph":[{"@type":"WebPage","@id":"https:\/\/www.jockel.de\/produkte\/service-zubehoer\/","url":"https:\/\/www.jockel.de\/produkte\/service-zubehoer\/","name":"Brandbeveiliging &amp; brandbeveiligingstechniek \u25b7 JOCKEL serviceaccessoires","isPartOf":{"@id":"https:\/\/www.jockel.de\/#website"},"primaryImageOfPage":{"@id":"https:\/\/www.jockel.de\/produkte\/service-zubehoer\/#primaryimage"},"image":{"@id":"https:\/\/www.jockel.de\/produkte\/service-zubehoer\/#primaryimage"},"thumbnailUrl":"https:\/\/www.jockel.de\/wp-content\/uploads\/Cover-Servicezubehoer-1086x1536.jpg","datePublished":"2021-02-10T14:05:36+00:00","dateModified":"2021-10-17T20:23:18+00:00","description":"Voor JOCKEL klantenservice \u2605 Professionele service accessoires \u27bd Hoogwaardig gereedschap voor professioneel testen &amp; onderhoud \u25b6\ufe0f JOCKEL brandbeveiliging","breadcrumb":{"@id":"https:\/\/www.jockel.de\/produkte\/service-zubehoer\/#breadcrumb"},"inLanguage":"nl-NL","potentialAction":[{"@type":"ReadAction","target":["https:\/\/www.jockel.de\/produkte\/service-zubehoer\/"]}]},{"@type":"ImageObject","inLanguage":"nl-NL","@id":"https:\/\/www.jockel.de\/produkte\/service-zubehoer\/#primaryimage","url":"https:\/\/www.jockel.de\/wp-content\/uploads\/Cover-Servicezubehoer-1086x1536.jpg","contentUrl":"https:\/\/www.jockel.de\/wp-content\/uploads\/Cover-Servicezubehoer-1086x1536.jpg"},{"@type":"BreadcrumbList","@id":"https:\/\/www.jockel.de\/produkte\/service-zubehoer\/#breadcrumb","itemListElement":[{"@type":"ListItem","position":1,"name":"Home","item":"https:\/\/www.jockel.de\/"},{"@type":"ListItem","position":2,"name":"Produkte","item":"https:\/\/www.jockel.de\/produkte\/"},{"@type":"ListItem","position":3,"name":"Service-Zubeh\u00f6r"}]},{"@type":"WebSite","@id":"https:\/\/www.jockel.de\/#website","url":"https:\/\/www.jockel.de\/","name":"Brandbeveiliging JOCKEL","description":"Brandbeveiliging","publisher":{"@id":"https:\/\/www.jockel.de\/#organization"},"potentialAction":[{"@type":"SearchAction","target":{"@type":"EntryPoint","urlTemplate":"https:\/\/www.jockel.de\/?s={search_term_string}"},"query-input":{"@type":"PropertyValueSpecification","valueRequired":true,"valueName":"search_term_string"}}],"inLanguage":"nl-NL"},{"@type":"Organization","@id":"https:\/\/www.jockel.de\/#organization","name":"Brandbeveiliging JOCKEL GmbH &amp; Co. KG","url":"https:\/\/www.jockel.de\/","logo":{"@type":"ImageObject","inLanguage":"nl-NL","@id":"https:\/\/www.jockel.de\/#\/schema\/logo\/image\/","url":"https:\/\/www.jockel.de\/wp-content\/uploads\/cropped-jockelfavicon-1.png","contentUrl":"https:\/\/www.jockel.de\/wp-content\/uploads\/cropped-jockelfavicon-1.png","width":512,"height":512,"caption":"Feuerschutz JOCKEL GmbH & Co. KG"},"image":{"@id":"https:\/\/www.jockel.de\/#\/schema\/logo\/image\/"}}]}},"_links":{"self":[{"href":"https:\/\/www.jockel.de\/nl\/wp-json\/wp\/v2\/pages\/9452","targetHints":{"allow":["GET"]}}],"collection":[{"href":"https:\/\/www.jockel.de\/nl\/wp-json\/wp\/v2\/pages"}],"about":[{"href":"https:\/\/www.jockel.de\/nl\/wp-json\/wp\/v2\/types\/page"}],"author":[{"embeddable":true,"href":"https:\/\/www.jockel.de\/nl\/wp-json\/wp\/v2\/users\/10"}],"replies":[{"embeddable":true,"href":"https:\/\/www.jockel.de\/nl\/wp-json\/wp\/v2\/comments?post=9452"}],"version-history":[{"count":5,"href":"https:\/\/www.jockel.de\/nl\/wp-json\/wp\/v2\/pages\/9452\/revisions"}],"predecessor-version":[{"id":16411,"href":"https:\/\/www.jockel.de\/nl\/wp-json\/wp\/v2\/pages\/9452\/revisions\/16411"}],"up":[{"embeddable":true,"href":"https:\/\/www.jockel.de\/nl\/wp-json\/wp\/v2\/pages\/9300"}],"wp:attachment":[{"href":"https:\/\/www.jockel.de\/nl\/wp-json\/wp\/v2\/media?parent=9452"}],"curies":[{"name":"wp","href":"https:\/\/api.w.org\/{rel}","templated":true}]}}