{"id":9304,"date":"2021-02-10T14:39:27","date_gmt":"2021-02-10T13:39:27","guid":{"rendered":"https:\/\/www.jockel.de\/?page_id=9304"},"modified":"2021-10-17T22:03:00","modified_gmt":"2021-10-17T20:03:00","slug":"druckerhoehung","status":"publish","type":"page","link":"https:\/\/www.jockel.de\/nl\/produkte\/druckerhoehung\/","title":{"rendered":"Drukverhoging"},"content":{"rendered":"\t\t<div data-elementor-type=\"wp-page\" data-elementor-id=\"9304\" class=\"elementor elementor-9304\" data-elementor-post-type=\"page\">\n\t\t\t\t\t\t<section class=\"elementor-section elementor-top-section elementor-element elementor-element-11677c82 elementor-section-boxed elementor-section-height-default elementor-section-height-default\" data-id=\"11677c82\" data-element_type=\"section\">\n\t\t\t\t\t\t<div class=\"elementor-container elementor-column-gap-default\">\n\t\t\t\t\t<div class=\"elementor-column elementor-col-100 elementor-top-column elementor-element elementor-element-5a1c772e\" data-id=\"5a1c772e\" data-element_type=\"column\">\n\t\t\t<div class=\"elementor-widget-wrap elementor-element-populated\">\n\t\t\t\t\t\t<div class=\"elementor-element elementor-element-5915a422 elementor-widget elementor-widget-heading\" data-id=\"5915a422\" data-element_type=\"widget\" data-widget_type=\"heading.default\">\n\t\t\t\t<div class=\"elementor-widget-container\">\n\t\t\t\t\t<h1 class=\"elementor-heading-title elementor-size-default\">Druckerh\u00f6hung<\/h1>\t\t\t\t<\/div>\n\t\t\t\t<\/div>\n\t\t\t\t<div class=\"elementor-element elementor-element-5ae9096e elementor-widget elementor-widget-heading\" data-id=\"5ae9096e\" data-element_type=\"widget\" data-widget_type=\"heading.default\">\n\t\t\t\t<div class=\"elementor-widget-container\">\n\t\t\t\t\t<h1 class=\"elementor-heading-title elementor-size-default\">Weil Wasser Leben ist<\/h1>\t\t\t\t<\/div>\n\t\t\t\t<\/div>\n\t\t\t\t\t<\/div>\n\t\t<\/div>\n\t\t\t\t\t<\/div>\n\t\t<\/section>\n\t\t\t\t<section class=\"elementor-section elementor-top-section elementor-element elementor-element-41d1d94d elementor-section-boxed elementor-section-height-default elementor-section-height-default\" data-id=\"41d1d94d\" data-element_type=\"section\">\n\t\t\t\t\t\t<div class=\"elementor-container elementor-column-gap-default\">\n\t\t\t\t\t<div class=\"elementor-column elementor-col-50 elementor-top-column elementor-element elementor-element-115057f6\" data-id=\"115057f6\" data-element_type=\"column\" data-settings=\"{&quot;background_background&quot;:&quot;classic&quot;}\">\n\t\t\t<div class=\"elementor-widget-wrap elementor-element-populated\">\n\t\t\t\t\t\t<section class=\"elementor-section elementor-inner-section elementor-element elementor-element-5dc5da12 elementor-section-boxed elementor-section-height-default elementor-section-height-default\" data-id=\"5dc5da12\" data-element_type=\"section\" data-settings=\"{&quot;background_background&quot;:&quot;classic&quot;}\">\n\t\t\t\t\t\t<div class=\"elementor-container elementor-column-gap-default\">\n\t\t\t\t\t<div class=\"elementor-column elementor-col-100 elementor-inner-column elementor-element elementor-element-63138982\" data-id=\"63138982\" data-element_type=\"column\">\n\t\t\t<div class=\"elementor-widget-wrap elementor-element-populated\">\n\t\t\t\t\t\t<div class=\"elementor-element elementor-element-1cd9c532 elementor-widget elementor-widget-heading\" data-id=\"1cd9c532\" data-element_type=\"widget\" data-widget_type=\"heading.default\">\n\t\t\t\t<div class=\"elementor-widget-container\">\n\t\t\t\t\t<h2 class=\"elementor-heading-title elementor-size-default\">\u00dcbersicht<\/h2>\t\t\t\t<\/div>\n\t\t\t\t<\/div>\n\t\t\t\t<div class=\"elementor-element elementor-element-174e06f7 elementor-widget elementor-widget-table-of-contents\" data-id=\"174e06f7\" data-element_type=\"widget\" data-settings=\"{&quot;headings_by_tags&quot;:[&quot;h2&quot;,&quot;h3&quot;],&quot;exclude_headings_by_selector&quot;:[],&quot;container&quot;:&quot;#cont&quot;,&quot;marker_view&quot;:&quot;numbers&quot;,&quot;no_headings_message&quot;:&quot;No headings were found on this page.&quot;,&quot;min_height&quot;:{&quot;unit&quot;:&quot;px&quot;,&quot;size&quot;:&quot;&quot;,&quot;sizes&quot;:[]},&quot;min_height_tablet&quot;:{&quot;unit&quot;:&quot;px&quot;,&quot;size&quot;:&quot;&quot;,&quot;sizes&quot;:[]},&quot;min_height_mobile&quot;:{&quot;unit&quot;:&quot;px&quot;,&quot;size&quot;:&quot;&quot;,&quot;sizes&quot;:[]}}\" data-widget_type=\"table-of-contents.default\">\n\t\t\t\t<div class=\"elementor-widget-container\">\n\t\t\t\t\t\t\t<div class=\"elementor-toc__header\">\n\t\t\t<h4 class=\"elementor-toc__header-title\">\n\t\t\t\t\t\t\t<\/h4>\n\t\t\t\t\t<\/div>\n\t\t<div id=\"elementor-toc__174e06f7\" class=\"elementor-toc__body\">\n\t\t\t<div class=\"elementor-toc__spinner-container\">\n\t\t\t\t<i class=\"elementor-toc__spinner eicon-animation-spin eicon-loading\" aria-hidden=\"true\"><\/i>\t\t\t<\/div>\n\t\t<\/div>\n\t\t\t\t\t\t<\/div>\n\t\t\t\t<\/div>\n\t\t\t\t\t<\/div>\n\t\t<\/div>\n\t\t\t\t\t<\/div>\n\t\t<\/section>\n\t\t\t\t\t<\/div>\n\t\t<\/div>\n\t\t\t\t<div class=\"elementor-column elementor-col-50 elementor-top-column elementor-element elementor-element-7bda68cb\" data-id=\"7bda68cb\" data-element_type=\"column\" id=\"cont\">\n\t\t\t<div class=\"elementor-widget-wrap elementor-element-populated\">\n\t\t\t\t\t\t<div class=\"elementor-element elementor-element-453ce352 elementor-widget elementor-widget-text-editor\" data-id=\"453ce352\" data-element_type=\"widget\" data-widget_type=\"text-editor.default\">\n\t\t\t\t<div class=\"elementor-widget-container\">\n\t\t\t\t\t\t\t\t\t<h2>Die Einhaltung der Trinkwasserverordnung im Brandschutz<\/h2><p>Feuerl\u00f6sch- und L\u00f6schwasseranlagen sind Einrichtungen des vorbeugenden Brandschutzes und dienen der Brandbek\u00e4mpfung zur Rettung und dem Schutz von Personen. Meist werden sie von den Brandschutzbeh\u00f6rden unter Bezugnahme auf das jeweils g\u00fcltige Baurecht gefordert. Sind solche Anlagen unmittelbar an die Trinkwasserinstallation angeschlossen, unterliegen sie besonderen Anforderungen, um die Trinkwasserqualit\u00e4t aufrecht zu erhalten. Mit der DIN 1988 Teil 600 werden bereits Ausf\u00fchrung und Anschluss von Trinkwasserinstallationen in Verbindung mit Feuerl\u00f6sch- und Brandschutzanlagen geregelt. Die neue Trinkwasserverordnung (TrinkwV), die am 01. November 2011 in Kraft getreten ist, versch\u00e4rft die Situation.<\/p><h2>Trinkwasserqualit\u00e4t<\/h2><p>Im Alltag werden Feuerl\u00f6sch- und Brandschutzanlagen w\u00e4hrend ihrer Lebensdauer &#8211; ausgenommen bei den j\u00e4hrlichen Wartungsarbeiten oder eventuellen Probe\u00fcbungen &#8211; sehr selten oder \u00fcberhaupt nicht betrieben. Sind sie st\u00e4ndig mit Wasser gef\u00fcllt und werden sie nicht ausreichend durchsp\u00fclt, stagniert das Wasser. Es besteht die Gefahr, dass das Wasser verkeimt und damit hygienisch bedenklich wird. Sind solche Anlagen an das Trinkwassernetz angeschlossen, stellen sie eine Bedrohung f\u00fcr die Qualit\u00e4t des Trinkwassers und somit f\u00fcr die menschliche Gesundheit dar.<\/p><h2>Trinkwasserverordnung und Brandschutz<\/h2><p>Auf Seiten des Brandschutzes ber\u00fchrt die Trinkwasserverordnung die Betreiber von Objekten mit Wandhydranten. Betreiber haben daf\u00fcr zu sorgen, dass Wasser, das keine Trinkwasserqualit\u00e4t hat, nicht zur\u00fcck ins Trinkwassernetz flie\u00dfen darf. Dies gilt f\u00fcr Regenwasser, genauso f\u00fcr Wasser aus Heizungsanlagen, aber auch aus L\u00f6schleitungen. Durch den Einbau einer so genannten \u201eSicherheitseinrichtung\u201c hat der Betreiber daf\u00fcr zu sorgen, Trinkwasser von Nichttrinkwasser zu trenen. F\u00fcr solche Anforderungen h\u00e4lt Jockel gemeinsam mit seinen Partnern kompetente und wirtschaftliche L\u00f6sungen bereit.<\/p>\t\t\t\t\t\t\t\t<\/div>\n\t\t\t\t<\/div>\n\t\t\t\t\t<\/div>\n\t\t<\/div>\n\t\t\t\t\t<\/div>\n\t\t<\/section>\n\t\t\t\t<section class=\"elementor-section elementor-top-section elementor-element elementor-element-436e2a87 elementor-section-height-min-height elementor-section-items-stretch elementor-section-boxed elementor-section-height-default\" data-id=\"436e2a87\" data-element_type=\"section\" data-settings=\"{&quot;background_background&quot;:&quot;classic&quot;}\">\n\t\t\t\t\t\t\t<div class=\"elementor-background-overlay\"><\/div>\n\t\t\t\t\t\t\t<div class=\"elementor-container elementor-column-gap-default\">\n\t\t\t\t\t<div class=\"elementor-column elementor-col-100 elementor-top-column elementor-element elementor-element-7811b9d3\" data-id=\"7811b9d3\" data-element_type=\"column\" data-settings=\"{&quot;background_background&quot;:&quot;classic&quot;}\">\n\t\t\t<div class=\"elementor-widget-wrap elementor-element-populated\">\n\t\t\t\t\t<div class=\"elementor-background-overlay\"><\/div>\n\t\t\t\t\t\t<section class=\"elementor-section elementor-inner-section elementor-element elementor-element-2da50db1 elementor-section-full_width elementor-section-height-default elementor-section-height-default\" data-id=\"2da50db1\" data-element_type=\"section\">\n\t\t\t\t\t\t<div class=\"elementor-container elementor-column-gap-default\">\n\t\t\t\t\t<div class=\"elementor-column elementor-col-50 elementor-inner-column elementor-element elementor-element-734207ee\" data-id=\"734207ee\" data-element_type=\"column\">\n\t\t\t<div class=\"elementor-widget-wrap elementor-element-populated\">\n\t\t\t\t\t\t<div class=\"elementor-element elementor-element-7e4b20e0 elementor-mobile-align-center elementor-widget elementor-widget-button\" data-id=\"7e4b20e0\" data-element_type=\"widget\" data-widget_type=\"button.default\">\n\t\t\t\t<div class=\"elementor-widget-container\">\n\t\t\t\t\t\t\t\t\t<div class=\"elementor-button-wrapper\">\n\t\t\t\t\t<a class=\"elementor-button elementor-button-link elementor-size-sm\" href=\"https:\/\/www.jockel.de\/downloads\/Loeschwassertechnik_Katalog.pdf\" target=\"_blank\">\n\t\t\t\t\t\t<span class=\"elementor-button-content-wrapper\">\n\t\t\t\t\t\t\t\t\t<span class=\"elementor-button-text\">jetzt ansehen<\/span>\n\t\t\t\t\t<\/span>\n\t\t\t\t\t<\/a>\n\t\t\t\t<\/div>\n\t\t\t\t\t\t\t\t<\/div>\n\t\t\t\t<\/div>\n\t\t\t\t\t<\/div>\n\t\t<\/div>\n\t\t\t\t<div class=\"elementor-column elementor-col-50 elementor-inner-column elementor-element elementor-element-5edc1eb5\" data-id=\"5edc1eb5\" data-element_type=\"column\">\n\t\t\t<div class=\"elementor-widget-wrap elementor-element-populated\">\n\t\t\t\t\t\t<div class=\"elementor-element elementor-element-506d2445 elementor-widget elementor-widget-image\" data-id=\"506d2445\" data-element_type=\"widget\" data-widget_type=\"image.default\">\n\t\t\t\t<div class=\"elementor-widget-container\">\n\t\t\t\t\t\t\t\t\t\t\t\t\t\t\t\t<a href=\"https:\/\/www.jockel.de\/downloads\/Loeschwassertechnik_Katalog.pdf\" target=\"_blank\">\n\t\t\t\t\t\t\t<img fetchpriority=\"high\" decoding=\"async\" width=\"1086\" height=\"1536\" src=\"https:\/\/www.jockel.de\/wp-content\/uploads\/Cover-Loeschwassertechnik-1086x1536.jpg\" class=\"elementor-animation-shrink attachment-1536x1536 size-1536x1536 wp-image-13386\" alt=\"\" srcset=\"https:\/\/www.jockel.de\/wp-content\/uploads\/Cover-Loeschwassertechnik-1086x1536.jpg 1086w, https:\/\/www.jockel.de\/wp-content\/uploads\/Cover-Loeschwassertechnik-212x300.jpg 212w, https:\/\/www.jockel.de\/wp-content\/uploads\/Cover-Loeschwassertechnik-724x1024.jpg 724w, https:\/\/www.jockel.de\/wp-content\/uploads\/Cover-Loeschwassertechnik-768x1086.jpg 768w, https:\/\/www.jockel.de\/wp-content\/uploads\/Cover-Loeschwassertechnik-1448x2048.jpg 1448w, https:\/\/www.jockel.de\/wp-content\/uploads\/Cover-Loeschwassertechnik-600x849.jpg 600w, https:\/\/www.jockel.de\/wp-content\/uploads\/Cover-Loeschwassertechnik-scaled.jpg 1810w\" sizes=\"(max-width: 1086px) 100vw, 1086px\" \/>\t\t\t\t\t\t\t\t<\/a>\n\t\t\t\t\t\t\t\t\t\t\t\t\t\t\t<\/div>\n\t\t\t\t<\/div>\n\t\t\t\t\t<\/div>\n\t\t<\/div>\n\t\t\t\t\t<\/div>\n\t\t<\/section>\n\t\t\t\t\t<\/div>\n\t\t<\/div>\n\t\t\t\t\t<\/div>\n\t\t<\/section>\n\t\t\t\t<\/div>\n\t\t","protected":false},"excerpt":{"rendered":"<p>Start Weil Wasser Leben ist \u00dcbersicht Die Einhaltung der Trinkwasserverordnung im Brandschutz Feuerl\u00f6sch- und L\u00f6schwasseranlagen sind Einrichtungen des vorbeugenden Brandschutzes und dienen der Brandbek\u00e4mpfung zur Rettung und dem Schutz von Personen. Meist werden sie von den Brandschutzbeh\u00f6rden unter Bezugnahme auf das jeweils g\u00fcltige Baurecht gefordert. Sind solche Anlagen unmittelbar an die Trinkwasserinstallation angeschlossen, unterliegen sie [&hellip;]<\/p>\n","protected":false},"author":10,"featured_media":0,"parent":9300,"menu_order":0,"comment_status":"closed","ping_status":"closed","template":"elementor_header_footer","meta":{"footnotes":""},"class_list":["post-9304","page","type-page","status-publish","hentry"],"yoast_head":"<!-- This site is optimized with the Yoast SEO Premium plugin v27.0 (Yoast SEO v27.5) - https:\/\/yoast.com\/product\/yoast-seo-premium-wordpress\/ -->\n<title>Druckerh\u00f6hungsanlagen \u0394 Trinkwasserverordnung im Brandschutz<\/title>\n<meta name=\"description\" content=\"Alle Informationen zur Einhaltung der Trinkwasserverordnung im Brandschutz \u2705 GRATIS Infos \u00fcber leistungsstarke Druckerh\u00f6hungsanlagen \u2139\ufe0f HIER!\" \/>\n<meta name=\"robots\" content=\"index, follow, max-snippet:-1, max-image-preview:large, max-video-preview:-1\" \/>\n<link rel=\"canonical\" href=\"https:\/\/www.jockel.de\/nl\/produkte\/druckerhoehung\/\" \/>\n<meta property=\"og:locale\" content=\"nl_NL\" \/>\n<meta property=\"og:type\" content=\"article\" \/>\n<meta property=\"og:title\" content=\"Druckerh\u00f6hung\" \/>\n<meta property=\"og:description\" content=\"Alle Informationen zur Einhaltung der Trinkwasserverordnung im Brandschutz \u2705 GRATIS Infos \u00fcber leistungsstarke Druckerh\u00f6hungsanlagen \u2139\ufe0f HIER!\" \/>\n<meta property=\"og:url\" content=\"https:\/\/www.jockel.de\/nl\/produkte\/druckerhoehung\/\" \/>\n<meta property=\"og:site_name\" content=\"Jockel\" \/>\n<meta property=\"article:modified_time\" content=\"2021-10-17T20:03:00+00:00\" \/>\n<meta property=\"og:image\" content=\"https:\/\/www.jockel.de\/wp-content\/uploads\/Cover-Loeschwassertechnik-1086x1536.jpg\" \/>\n<meta name=\"twitter:card\" content=\"summary_large_image\" \/>\n<meta name=\"twitter:label1\" content=\"Verwachte leestijd\" \/>\n\t<meta name=\"twitter:data1\" content=\"2 minuten\" \/>\n<script type=\"application\/ld+json\" class=\"yoast-schema-graph\">{\"@context\":\"https:\\\/\\\/schema.org\",\"@graph\":[{\"@type\":\"WebPage\",\"@id\":\"https:\\\/\\\/www.jockel.de\\\/produkte\\\/druckerhoehung\\\/\",\"url\":\"https:\\\/\\\/www.jockel.de\\\/produkte\\\/druckerhoehung\\\/\",\"name\":\"Druckerh\u00f6hungsanlagen \u0394 Trinkwasserverordnung im Brandschutz\",\"isPartOf\":{\"@id\":\"https:\\\/\\\/www.jockel.de\\\/#website\"},\"primaryImageOfPage\":{\"@id\":\"https:\\\/\\\/www.jockel.de\\\/produkte\\\/druckerhoehung\\\/#primaryimage\"},\"image\":{\"@id\":\"https:\\\/\\\/www.jockel.de\\\/produkte\\\/druckerhoehung\\\/#primaryimage\"},\"thumbnailUrl\":\"https:\\\/\\\/www.jockel.de\\\/wp-content\\\/uploads\\\/Cover-Loeschwassertechnik-1086x1536.jpg\",\"datePublished\":\"2021-02-10T13:39:27+00:00\",\"dateModified\":\"2021-10-17T20:03:00+00:00\",\"description\":\"Alle Informationen zur Einhaltung der Trinkwasserverordnung im Brandschutz \u2705 GRATIS Infos \u00fcber leistungsstarke Druckerh\u00f6hungsanlagen \u2139\ufe0f HIER!\",\"breadcrumb\":{\"@id\":\"https:\\\/\\\/www.jockel.de\\\/produkte\\\/druckerhoehung\\\/#breadcrumb\"},\"inLanguage\":\"nl-NL\",\"potentialAction\":[{\"@type\":\"ReadAction\",\"target\":[\"https:\\\/\\\/www.jockel.de\\\/produkte\\\/druckerhoehung\\\/\"]}]},{\"@type\":\"ImageObject\",\"inLanguage\":\"nl-NL\",\"@id\":\"https:\\\/\\\/www.jockel.de\\\/produkte\\\/druckerhoehung\\\/#primaryimage\",\"url\":\"https:\\\/\\\/www.jockel.de\\\/wp-content\\\/uploads\\\/Cover-Loeschwassertechnik-1086x1536.jpg\",\"contentUrl\":\"https:\\\/\\\/www.jockel.de\\\/wp-content\\\/uploads\\\/Cover-Loeschwassertechnik-1086x1536.jpg\"},{\"@type\":\"BreadcrumbList\",\"@id\":\"https:\\\/\\\/www.jockel.de\\\/produkte\\\/druckerhoehung\\\/#breadcrumb\",\"itemListElement\":[{\"@type\":\"ListItem\",\"position\":1,\"name\":\"Home\",\"item\":\"https:\\\/\\\/www.jockel.de\\\/\"},{\"@type\":\"ListItem\",\"position\":2,\"name\":\"Produkte\",\"item\":\"https:\\\/\\\/www.jockel.de\\\/produkte\\\/\"},{\"@type\":\"ListItem\",\"position\":3,\"name\":\"Druckerh\u00f6hung\"}]},{\"@type\":\"WebSite\",\"@id\":\"https:\\\/\\\/www.jockel.de\\\/#website\",\"url\":\"https:\\\/\\\/www.jockel.de\\\/\",\"name\":\"Feuerschutz JOCKEL\",\"description\":\"Feuerschutz\",\"publisher\":{\"@id\":\"https:\\\/\\\/www.jockel.de\\\/#organization\"},\"potentialAction\":[{\"@type\":\"SearchAction\",\"target\":{\"@type\":\"EntryPoint\",\"urlTemplate\":\"https:\\\/\\\/www.jockel.de\\\/?s={search_term_string}\"},\"query-input\":{\"@type\":\"PropertyValueSpecification\",\"valueRequired\":true,\"valueName\":\"search_term_string\"}}],\"inLanguage\":\"nl-NL\"},{\"@type\":\"Organization\",\"@id\":\"https:\\\/\\\/www.jockel.de\\\/#organization\",\"name\":\"Feuerschutz JOCKEL GmbH & Co. KG\",\"url\":\"https:\\\/\\\/www.jockel.de\\\/\",\"logo\":{\"@type\":\"ImageObject\",\"inLanguage\":\"nl-NL\",\"@id\":\"https:\\\/\\\/www.jockel.de\\\/#\\\/schema\\\/logo\\\/image\\\/\",\"url\":\"https:\\\/\\\/www.jockel.de\\\/wp-content\\\/uploads\\\/cropped-jockelfavicon-1.png\",\"contentUrl\":\"https:\\\/\\\/www.jockel.de\\\/wp-content\\\/uploads\\\/cropped-jockelfavicon-1.png\",\"width\":512,\"height\":512,\"caption\":\"Feuerschutz JOCKEL GmbH & Co. KG\"},\"image\":{\"@id\":\"https:\\\/\\\/www.jockel.de\\\/#\\\/schema\\\/logo\\\/image\\\/\"}}]}<\/script>\n<!-- \/ Yoast SEO Premium plugin. -->","yoast_head_json":{"title":"Drukverhogingsinstallaties \u0394 Drinkwaterverordening in brandbeveiliging","description":"Alle informatie over de naleving van de drinkwaterverordening bij brandbeveiliging \u2705 GRATIS informatie over krachtige drukverhogingsinstallaties \u2139\ufe0f HIER!","robots":{"index":"index","follow":"follow","max-snippet":"max-snippet:-1","max-image-preview":"max-image-preview:large","max-video-preview":"max-video-preview:-1"},"canonical":"https:\/\/www.jockel.de\/nl\/produkte\/druckerhoehung\/","og_locale":"nl_NL","og_type":"article","og_title":"Druckerh\u00f6hung","og_description":"Alle Informationen zur Einhaltung der Trinkwasserverordnung im Brandschutz \u2705 GRATIS Infos \u00fcber leistungsstarke Druckerh\u00f6hungsanlagen \u2139\ufe0f HIER!","og_url":"https:\/\/www.jockel.de\/nl\/produkte\/druckerhoehung\/","og_site_name":"Jockel","article_modified_time":"2021-10-17T20:03:00+00:00","og_image":[{"url":"https:\/\/www.jockel.de\/wp-content\/uploads\/Cover-Loeschwassertechnik-1086x1536.jpg","type":"","width":"","height":""}],"twitter_card":"summary_large_image","twitter_misc":{"Verwachte leestijd":"2 minuten"},"schema":{"@context":"https:\/\/schema.org","@graph":[{"@type":"WebPage","@id":"https:\/\/www.jockel.de\/produkte\/druckerhoehung\/","url":"https:\/\/www.jockel.de\/produkte\/druckerhoehung\/","name":"Drukverhogingsinstallaties \u0394 Drinkwaterverordening in brandbeveiliging","isPartOf":{"@id":"https:\/\/www.jockel.de\/#website"},"primaryImageOfPage":{"@id":"https:\/\/www.jockel.de\/produkte\/druckerhoehung\/#primaryimage"},"image":{"@id":"https:\/\/www.jockel.de\/produkte\/druckerhoehung\/#primaryimage"},"thumbnailUrl":"https:\/\/www.jockel.de\/wp-content\/uploads\/Cover-Loeschwassertechnik-1086x1536.jpg","datePublished":"2021-02-10T13:39:27+00:00","dateModified":"2021-10-17T20:03:00+00:00","description":"Alle informatie over de naleving van de drinkwaterverordening bij brandbeveiliging \u2705 GRATIS informatie over krachtige drukverhogingsinstallaties \u2139\ufe0f HIER!","breadcrumb":{"@id":"https:\/\/www.jockel.de\/produkte\/druckerhoehung\/#breadcrumb"},"inLanguage":"nl-NL","potentialAction":[{"@type":"ReadAction","target":["https:\/\/www.jockel.de\/produkte\/druckerhoehung\/"]}]},{"@type":"ImageObject","inLanguage":"nl-NL","@id":"https:\/\/www.jockel.de\/produkte\/druckerhoehung\/#primaryimage","url":"https:\/\/www.jockel.de\/wp-content\/uploads\/Cover-Loeschwassertechnik-1086x1536.jpg","contentUrl":"https:\/\/www.jockel.de\/wp-content\/uploads\/Cover-Loeschwassertechnik-1086x1536.jpg"},{"@type":"BreadcrumbList","@id":"https:\/\/www.jockel.de\/produkte\/druckerhoehung\/#breadcrumb","itemListElement":[{"@type":"ListItem","position":1,"name":"Home","item":"https:\/\/www.jockel.de\/"},{"@type":"ListItem","position":2,"name":"Produkte","item":"https:\/\/www.jockel.de\/produkte\/"},{"@type":"ListItem","position":3,"name":"Druckerh\u00f6hung"}]},{"@type":"WebSite","@id":"https:\/\/www.jockel.de\/#website","url":"https:\/\/www.jockel.de\/","name":"Brandbeveiliging JOCKEL","description":"Brandbeveiliging","publisher":{"@id":"https:\/\/www.jockel.de\/#organization"},"potentialAction":[{"@type":"SearchAction","target":{"@type":"EntryPoint","urlTemplate":"https:\/\/www.jockel.de\/?s={search_term_string}"},"query-input":{"@type":"PropertyValueSpecification","valueRequired":true,"valueName":"search_term_string"}}],"inLanguage":"nl-NL"},{"@type":"Organization","@id":"https:\/\/www.jockel.de\/#organization","name":"Brandbeveiliging JOCKEL GmbH &amp; Co. KG","url":"https:\/\/www.jockel.de\/","logo":{"@type":"ImageObject","inLanguage":"nl-NL","@id":"https:\/\/www.jockel.de\/#\/schema\/logo\/image\/","url":"https:\/\/www.jockel.de\/wp-content\/uploads\/cropped-jockelfavicon-1.png","contentUrl":"https:\/\/www.jockel.de\/wp-content\/uploads\/cropped-jockelfavicon-1.png","width":512,"height":512,"caption":"Feuerschutz JOCKEL GmbH & Co. KG"},"image":{"@id":"https:\/\/www.jockel.de\/#\/schema\/logo\/image\/"}}]}},"_links":{"self":[{"href":"https:\/\/www.jockel.de\/nl\/wp-json\/wp\/v2\/pages\/9304","targetHints":{"allow":["GET"]}}],"collection":[{"href":"https:\/\/www.jockel.de\/nl\/wp-json\/wp\/v2\/pages"}],"about":[{"href":"https:\/\/www.jockel.de\/nl\/wp-json\/wp\/v2\/types\/page"}],"author":[{"embeddable":true,"href":"https:\/\/www.jockel.de\/nl\/wp-json\/wp\/v2\/users\/10"}],"replies":[{"embeddable":true,"href":"https:\/\/www.jockel.de\/nl\/wp-json\/wp\/v2\/comments?post=9304"}],"version-history":[{"count":5,"href":"https:\/\/www.jockel.de\/nl\/wp-json\/wp\/v2\/pages\/9304\/revisions"}],"predecessor-version":[{"id":15332,"href":"https:\/\/www.jockel.de\/nl\/wp-json\/wp\/v2\/pages\/9304\/revisions\/15332"}],"up":[{"embeddable":true,"href":"https:\/\/www.jockel.de\/nl\/wp-json\/wp\/v2\/pages\/9300"}],"wp:attachment":[{"href":"https:\/\/www.jockel.de\/nl\/wp-json\/wp\/v2\/media?parent=9304"}],"curies":[{"name":"wp","href":"https:\/\/api.w.org\/{rel}","templated":true}]}}