{"id":12948,"date":"2021-08-01T16:49:39","date_gmt":"2021-08-01T14:49:39","guid":{"rendered":"https:\/\/www.jockel.de\/?page_id=12948"},"modified":"2021-08-25T12:24:42","modified_gmt":"2021-08-25T10:24:42","slug":"datenerhebung-dsgvo","status":"publish","type":"page","link":"https:\/\/www.jockel.de\/nl\/datenerhebung-dsgvo\/","title":{"rendered":"Gegevensverzameling"},"content":{"rendered":"<div data-elementor-type=\"wp-page\" data-elementor-id=\"12948\" class=\"elementor elementor-12948\" data-elementor-post-type=\"page\">\n\t\t\t\t\t\t<section class=\"elementor-section elementor-top-section elementor-element elementor-element-eb4945a elementor-section-boxed elementor-section-height-default elementor-section-height-default\" data-id=\"eb4945a\" data-element_type=\"section\">\n\t\t\t\t\t\t<div class=\"elementor-container elementor-column-gap-default\">\n\t\t\t\t\t<div class=\"elementor-column elementor-col-100 elementor-top-column elementor-element elementor-element-b5ffbde\" data-id=\"b5ffbde\" data-element_type=\"column\">\n\t\t\t<div class=\"elementor-widget-wrap elementor-element-populated\">\n\t\t\t\t\t\t<div class=\"elementor-element elementor-element-ec0466d elementor-widget elementor-widget-heading\" data-id=\"ec0466d\" data-element_type=\"widget\" data-widget_type=\"heading.default\">\n\t\t\t\t<div class=\"elementor-widget-container\">\n\t\t\t\t\t<h1 class=\"elementor-heading-title elementor-size-default\">Gegevensverzameling<\/h1>\t\t\t\t<\/div>\n\t\t\t\t<\/div>\n\t\t\t\t\t<\/div>\n\t\t<\/div>\n\t\t\t\t\t<\/div>\n\t\t<\/section>\n\t\t\t\t<section class=\"elementor-section elementor-top-section elementor-element elementor-element-6a9416b elementor-section-boxed elementor-section-height-default elementor-section-height-default\" data-id=\"6a9416b\" data-element_type=\"section\">\n\t\t\t\t\t\t<div class=\"elementor-container elementor-column-gap-default\">\n\t\t\t\t\t<div class=\"elementor-column elementor-col-100 elementor-top-column elementor-element elementor-element-5ef079e\" data-id=\"5ef079e\" data-element_type=\"column\">\n\t\t\t<div class=\"elementor-widget-wrap elementor-element-populated\">\n\t\t\t\t\t\t<div class=\"elementor-element elementor-element-88c9933 elementor-widget elementor-widget-text-editor\" data-id=\"88c9933\" data-element_type=\"widget\" data-no-translation=\"\" data-widget_type=\"text-editor.default\">\n\t\t\t\t<div class=\"elementor-widget-container\">\n\t\t\t\t\t<style>.elementor-element-88c9933{display:none !important}<\/style>\t\t\t\t<\/div>\n\t\t\t\t<\/div>\n\t\t\t\t<div class=\"elementor-element elementor-element-45adbe8 elementor-widget elementor-widget-text-editor\" data-id=\"45adbe8\" data-element_type=\"widget\" data-widget_type=\"text-editor.default\">\n\t\t\t\t<div class=\"elementor-widget-container\">\n\t\t\t\t\t\t\t\t\t<h3>Informatie over gegevensverzameling in overeenstemming met artikel 13 GDPR (per 1 oktober 2018)<\/h3><p>Feuerschutz Jockel GmbH &amp; Co. KG<br \/>J\u00e4gerwald 28-30<br \/>42897 Remscheid<br \/>Telefoon +49 (0) 21 91 - 96 67 - 0<br \/>Fax +49 (0) 21 91 - 96 67 - 54<br \/>e-mail: datenschutz (at) jockel.de<\/p><p>Feuerschutz Jockel GmbH &amp; Co. KG verzamelt uw gegevens voor adviesdoeleinden, contractuitvoering, het nakomen van haar contractuele en precontractuele verplichtingen en voor directe reclame (bijv. het versturen van promoties).<br \/>Het verzamelen en verwerken van gegevens is noodzakelijk voor de uitvoering van een contractuele zakelijke relatie en is gebaseerd op artikel 6(1)(b) GDPR. In het geval van directe reclame, de bemiddeling bij aanvragen en de voortzetting van de niet-contractuele zakelijke relatie gebeurt dit op basis van artikel 6(1)(f) GDPR.<\/p><p>We verzamelen de volgende informatie om een zakelijke relatie op te starten en te onderhouden: <br \/>Titel, voornaam, achternaam, een geldig e-mailadres, adres, telefoonnummer (vast en\/of mobiel).<\/p><p>Deze gegevens worden verzameld, <br \/>om u als onze klant te kunnen identificeren;<br \/>om je op de juiste manier te kunnen adviseren en informeren; <br \/>voor correspondentie met jou; <br \/>voor het verwerken van bestellingen;<br \/>voor facturering;<br \/>om bestaande garantieclaims te verwerken;<br \/>voor de co\u00f6rdinatie van onderhoudsmaatregelen;<br \/>voor productinformatie en informatie over evenementen.<\/p><p>Daarnaast verwerken we de geboortedatum voor unieke identificatie als onderdeel van trainingsmaatregelen.<\/p><p>De persoonlijke gegevens die door ons worden verzameld voor het onderhouden van de zakelijke relatie, worden opgeslagen tot het einde\/be\u00ebindiging van de zakelijke relatie en daarna gewist, tenzij we verplicht zijn deze langer te bewaren in overeenstemming met Artikel 6 (1) zin 1 lit. c GDPR vanwege fiscale en handelsrechtelijke opslag- en documentatieverplichtingen (uit HGB, StGB of AO).<\/p><h3>Openbaarmaking van gegevens aan derden<\/h3><p>In het geval van orderverwerking voor de installatie, uitbreiding en renovatie van brandbeveiligingsapparatuur, evenals de verkoop en installatie, onderhoud en reparatie van brandblussers en brandbeveiligingsaccessoires, behouden wij ons het recht voor om onze gegevens door te geven aan zakelijke partners met het oog op de uitvoering van het contract. <br \/>In het geval van een vraag die we niet kunnen verwerken, geven we uw gegevens door aan een vertrouwde partner die aan uw behoeften kan voldoen.<\/p><h3>Rechten van betrokkenen<\/h3><p>Je hebt het recht:<\/p><ul><li>in overeenstemming met Art. 7 para. 3 GDPR, om uw toestemming te allen tijde in te trekken. Het gevolg hiervan is dat we de gegevensverwerking die gebaseerd was op deze toestemming in de toekomst niet langer mogen voortzetten;<\/li><li>om informatie op te vragen over uw persoonlijke gegevens die door ons worden verwerkt in overeenstemming met Art. 15 GDPR. In het bijzonder kunt u informatie opvragen over de verwerkingsdoeleinden, de categorie van persoonsgegevens, de categorie\u00ebn van ontvangers aan wie uw gegevens zijn of zullen worden verstrekt, de geplande opslagperiode, het bestaan van een recht op rectificatie, wissing, beperking van verwerking of bezwaar, het bestaan van een recht om een klacht in te dienen, de herkomst van uw gegevens als deze niet door ons zijn verzameld, en het bestaan van geautomatiseerde besluitvorming, waaronder profilering en, indien van toepassing, zinvolle informatie over de details daarvan;<\/li><li>in overeenstemming met art. 16 GDPR, onmiddellijk te verzoeken om correctie van onjuiste of onvolledige persoonlijke gegevens die door ons zijn opgeslagen;<\/li><li>het wissen te eisen van uw persoonlijke gegevens die door ons zijn opgeslagen in overeenstemming met art. 17 GDPR, tenzij de verwerking noodzakelijk is voor de uitoefening van het recht op vrijheid van meningsuiting en informatie, voor de naleving van een wettelijke verplichting, om redenen van algemeen belang of voor de vaststelling, uitoefening of verdediging van juridische claims;<\/li><li>in overeenstemming met Art. 18 GDPR, om beperking van de verwerking van uw persoonsgegevens te verzoeken indien de juistheid van de gegevens door u wordt betwist, de verwerking onrechtmatig is maar u weigert deze te verwijderen en wij de gegevens niet langer nodig hebben, maar u deze wel nodig heeft voor de vaststelling, uitoefening of verdediging van rechtsvorderingen of u bezwaar heeft gemaakt tegen de verwerking in overeenstemming met Art. 21 GDPR;<\/li><li>in overeenstemming met art. 20 GDPR, om uw persoonsgegevens die u ons hebt verstrekt te ontvangen in een gestructureerd, algemeen gebruikt en machineleesbaar formaat of om te verzoeken dat deze worden doorgegeven aan een andere verwerkingsverantwoordelijke, en<\/li><li>om een klacht in te dienen bij een toezichthoudende autoriteit in overeenstemming met Art. 77 GDPR. In de regel kunt u contact opnemen met de toezichthoudende autoriteit van uw gebruikelijke woon- of werkplaats.<\/li><\/ul><h3>Recht van bezwaar<\/h3><p>Als uw persoonlijke gegevens worden verwerkt op basis van legitieme belangen in overeenstemming met Art. 6 para. 1 zin 1 lit. f GDPR, heeft u het recht om bezwaar te maken tegen de verwerking van uw persoonlijke gegevens in overeenstemming met Art. 21 GDPR, mits hiervoor redenen zijn die voortvloeien uit uw specifieke situatie.<\/p><p>Als je gebruik wilt maken van je recht op bezwaar, stuur dan een e-mail naar: datenschutz (at) jockel.de<\/p><p>U kunt ook bezwaar maken tegen de verwerking van uw gegevens door Feuerschutz Jockel GmbH &amp; Co. KG bezwaar maken tegen de verwerking.<\/p><p>Verantwoordelijk voor de verwerking is:<\/p><p>Mr Frank Jockel<br \/>Feuerschutz Jockel GmbH &amp; Co. KG<br \/>J\u00e4gerwald 28-30<br \/>42897 Remscheid<br \/>Telefoon +49 (0) 21 91 - 96 67 - 0<br \/>Fax +49 (0) 21 91 - 96 67 - 54<br \/>e-mail: datenschutz (at) jockel.de<\/p><p>Daarnaast kunt u uw rechten als betrokkene uitoefenen tegenover de functionaris voor gegevensbescherming<\/p><p>De heer Jens Maleikat<br \/>Feuerschutz Jockel GmbH &amp; Co. KG<br \/>J\u00e4gerwald 28-30<br \/>42897 Remscheid<br \/>Telefoon +49 (0) 21 91 - 96 67 - 0<br \/>e-mail: functionaris gegevensbescherming (at) jockel.de<\/p><p>om te worden bevestigd.<\/p>\t\t\t\t\t\t\t\t<\/div>\n\t\t\t\t<\/div>\n\t\t\t\t\t<\/div>\n\t\t<\/div>\n\t\t\t\t\t<\/div>\n\t\t<\/section>\n\t\t\t\t<\/div>","protected":false},"excerpt":{"rendered":"<p>Home Please note: In case of inconsistencies or doubts as to meaning, solely the German text shall be binding. Informationen zur Datenerhebung \u00a0gem\u00e4\u00df Artikel 13 DSGVO (Stand 01.10.2018) Feuerschutz Jockel GmbH &amp; Co. KGJ\u00e4gerwald 28-3042897 RemscheidFon +49 (0) 21 91 &#8211; 96 67 &#8211; 0Fax +49 (0) 21 91 &#8211; 96 67 &#8211; 54eMail: datenschutz [&hellip;]<\/p>\n","protected":false},"author":10,"featured_media":0,"parent":0,"menu_order":0,"comment_status":"closed","ping_status":"closed","template":"elementor_header_footer","meta":{"footnotes":""},"class_list":["post-12948","page","type-page","status-publish","hentry"],"yoast_head":"<!-- This site is optimized with the Yoast SEO Premium plugin v27.0 (Yoast SEO v27.4) - https:\/\/yoast.com\/product\/yoast-seo-premium-wordpress\/ -->\n<title>Datenerhebung &#8226; Jockel<\/title>\n<meta name=\"robots\" content=\"index, follow, max-snippet:-1, max-image-preview:large, max-video-preview:-1\" \/>\n<link rel=\"canonical\" href=\"https:\/\/www.jockel.de\/nl\/datenerhebung-dsgvo\/\" \/>\n<meta property=\"og:locale\" content=\"nl_NL\" \/>\n<meta property=\"og:type\" content=\"article\" \/>\n<meta property=\"og:title\" content=\"Datenerhebung\" \/>\n<meta property=\"og:description\" content=\"Home Please note: In case of inconsistencies or doubts as to meaning, solely the German text shall be binding. Informationen zur Datenerhebung \u00a0gem\u00e4\u00df Artikel 13 DSGVO (Stand 01.10.2018) Feuerschutz Jockel GmbH &amp; Co. KGJ\u00e4gerwald 28-3042897 RemscheidFon +49 (0) 21 91 &#8211; 96 67 &#8211; 0Fax +49 (0) 21 91 &#8211; 96 67 &#8211; 54eMail: datenschutz [&hellip;]\" \/>\n<meta property=\"og:url\" content=\"https:\/\/www.jockel.de\/nl\/datenerhebung-dsgvo\/\" \/>\n<meta property=\"og:site_name\" content=\"Jockel\" \/>\n<meta property=\"article:modified_time\" content=\"2021-08-25T10:24:42+00:00\" \/>\n<meta name=\"twitter:card\" content=\"summary_large_image\" \/>\n<meta name=\"twitter:label1\" content=\"Verwachte leestijd\" \/>\n\t<meta name=\"twitter:data1\" content=\"4 minuten\" \/>\n<script type=\"application\/ld+json\" class=\"yoast-schema-graph\">{\"@context\":\"https:\\\/\\\/schema.org\",\"@graph\":[{\"@type\":\"WebPage\",\"@id\":\"https:\\\/\\\/www.jockel.de\\\/datenerhebung-dsgvo\\\/\",\"url\":\"https:\\\/\\\/www.jockel.de\\\/datenerhebung-dsgvo\\\/\",\"name\":\"Datenerhebung &#8226; Jockel\",\"isPartOf\":{\"@id\":\"https:\\\/\\\/www.jockel.de\\\/#website\"},\"datePublished\":\"2021-08-01T14:49:39+00:00\",\"dateModified\":\"2021-08-25T10:24:42+00:00\",\"breadcrumb\":{\"@id\":\"https:\\\/\\\/www.jockel.de\\\/datenerhebung-dsgvo\\\/#breadcrumb\"},\"inLanguage\":\"nl-NL\",\"potentialAction\":[{\"@type\":\"ReadAction\",\"target\":[\"https:\\\/\\\/www.jockel.de\\\/datenerhebung-dsgvo\\\/\"]}]},{\"@type\":\"BreadcrumbList\",\"@id\":\"https:\\\/\\\/www.jockel.de\\\/datenerhebung-dsgvo\\\/#breadcrumb\",\"itemListElement\":[{\"@type\":\"ListItem\",\"position\":1,\"name\":\"Home\",\"item\":\"https:\\\/\\\/www.jockel.de\\\/\"},{\"@type\":\"ListItem\",\"position\":2,\"name\":\"Datenerhebung\"}]},{\"@type\":\"WebSite\",\"@id\":\"https:\\\/\\\/www.jockel.de\\\/#website\",\"url\":\"https:\\\/\\\/www.jockel.de\\\/\",\"name\":\"Feuerschutz JOCKEL\",\"description\":\"Feuerschutz\",\"publisher\":{\"@id\":\"https:\\\/\\\/www.jockel.de\\\/#organization\"},\"potentialAction\":[{\"@type\":\"SearchAction\",\"target\":{\"@type\":\"EntryPoint\",\"urlTemplate\":\"https:\\\/\\\/www.jockel.de\\\/?s={search_term_string}\"},\"query-input\":{\"@type\":\"PropertyValueSpecification\",\"valueRequired\":true,\"valueName\":\"search_term_string\"}}],\"inLanguage\":\"nl-NL\"},{\"@type\":\"Organization\",\"@id\":\"https:\\\/\\\/www.jockel.de\\\/#organization\",\"name\":\"Feuerschutz JOCKEL GmbH & Co. KG\",\"url\":\"https:\\\/\\\/www.jockel.de\\\/\",\"logo\":{\"@type\":\"ImageObject\",\"inLanguage\":\"nl-NL\",\"@id\":\"https:\\\/\\\/www.jockel.de\\\/#\\\/schema\\\/logo\\\/image\\\/\",\"url\":\"https:\\\/\\\/www.jockel.de\\\/wp-content\\\/uploads\\\/cropped-jockelfavicon-1.png\",\"contentUrl\":\"https:\\\/\\\/www.jockel.de\\\/wp-content\\\/uploads\\\/cropped-jockelfavicon-1.png\",\"width\":512,\"height\":512,\"caption\":\"Feuerschutz JOCKEL GmbH & Co. KG\"},\"image\":{\"@id\":\"https:\\\/\\\/www.jockel.de\\\/#\\\/schema\\\/logo\\\/image\\\/\"}}]}<\/script>\n<!-- \/ Yoast SEO Premium plugin. -->","yoast_head_json":{"title":"Gegevensverzameling - Jockel","robots":{"index":"index","follow":"follow","max-snippet":"max-snippet:-1","max-image-preview":"max-image-preview:large","max-video-preview":"max-video-preview:-1"},"canonical":"https:\/\/www.jockel.de\/nl\/datenerhebung-dsgvo\/","og_locale":"nl_NL","og_type":"article","og_title":"Datenerhebung","og_description":"Home Please note: In case of inconsistencies or doubts as to meaning, solely the German text shall be binding. Informationen zur Datenerhebung \u00a0gem\u00e4\u00df Artikel 13 DSGVO (Stand 01.10.2018) Feuerschutz Jockel GmbH &amp; Co. KGJ\u00e4gerwald 28-3042897 RemscheidFon +49 (0) 21 91 &#8211; 96 67 &#8211; 0Fax +49 (0) 21 91 &#8211; 96 67 &#8211; 54eMail: datenschutz [&hellip;]","og_url":"https:\/\/www.jockel.de\/nl\/datenerhebung-dsgvo\/","og_site_name":"Jockel","article_modified_time":"2021-08-25T10:24:42+00:00","twitter_card":"summary_large_image","twitter_misc":{"Verwachte leestijd":"4 minuten"},"schema":{"@context":"https:\/\/schema.org","@graph":[{"@type":"WebPage","@id":"https:\/\/www.jockel.de\/datenerhebung-dsgvo\/","url":"https:\/\/www.jockel.de\/datenerhebung-dsgvo\/","name":"Gegevensverzameling - Jockel","isPartOf":{"@id":"https:\/\/www.jockel.de\/#website"},"datePublished":"2021-08-01T14:49:39+00:00","dateModified":"2021-08-25T10:24:42+00:00","breadcrumb":{"@id":"https:\/\/www.jockel.de\/datenerhebung-dsgvo\/#breadcrumb"},"inLanguage":"nl-NL","potentialAction":[{"@type":"ReadAction","target":["https:\/\/www.jockel.de\/datenerhebung-dsgvo\/"]}]},{"@type":"BreadcrumbList","@id":"https:\/\/www.jockel.de\/datenerhebung-dsgvo\/#breadcrumb","itemListElement":[{"@type":"ListItem","position":1,"name":"Home","item":"https:\/\/www.jockel.de\/"},{"@type":"ListItem","position":2,"name":"Datenerhebung"}]},{"@type":"WebSite","@id":"https:\/\/www.jockel.de\/#website","url":"https:\/\/www.jockel.de\/","name":"Brandbeveiliging JOCKEL","description":"Brandbeveiliging","publisher":{"@id":"https:\/\/www.jockel.de\/#organization"},"potentialAction":[{"@type":"SearchAction","target":{"@type":"EntryPoint","urlTemplate":"https:\/\/www.jockel.de\/?s={search_term_string}"},"query-input":{"@type":"PropertyValueSpecification","valueRequired":true,"valueName":"search_term_string"}}],"inLanguage":"nl-NL"},{"@type":"Organization","@id":"https:\/\/www.jockel.de\/#organization","name":"Brandbeveiliging JOCKEL GmbH &amp; Co. KG","url":"https:\/\/www.jockel.de\/","logo":{"@type":"ImageObject","inLanguage":"nl-NL","@id":"https:\/\/www.jockel.de\/#\/schema\/logo\/image\/","url":"https:\/\/www.jockel.de\/wp-content\/uploads\/cropped-jockelfavicon-1.png","contentUrl":"https:\/\/www.jockel.de\/wp-content\/uploads\/cropped-jockelfavicon-1.png","width":512,"height":512,"caption":"Feuerschutz JOCKEL GmbH & Co. KG"},"image":{"@id":"https:\/\/www.jockel.de\/#\/schema\/logo\/image\/"}}]}},"_links":{"self":[{"href":"https:\/\/www.jockel.de\/nl\/wp-json\/wp\/v2\/pages\/12948","targetHints":{"allow":["GET"]}}],"collection":[{"href":"https:\/\/www.jockel.de\/nl\/wp-json\/wp\/v2\/pages"}],"about":[{"href":"https:\/\/www.jockel.de\/nl\/wp-json\/wp\/v2\/types\/page"}],"author":[{"embeddable":true,"href":"https:\/\/www.jockel.de\/nl\/wp-json\/wp\/v2\/users\/10"}],"replies":[{"embeddable":true,"href":"https:\/\/www.jockel.de\/nl\/wp-json\/wp\/v2\/comments?post=12948"}],"version-history":[{"count":5,"href":"https:\/\/www.jockel.de\/nl\/wp-json\/wp\/v2\/pages\/12948\/revisions"}],"predecessor-version":[{"id":15624,"href":"https:\/\/www.jockel.de\/nl\/wp-json\/wp\/v2\/pages\/12948\/revisions\/15624"}],"wp:attachment":[{"href":"https:\/\/www.jockel.de\/nl\/wp-json\/wp\/v2\/media?parent=12948"}],"curies":[{"name":"wp","href":"https:\/\/api.w.org\/{rel}","templated":true}]}}