{"id":116740,"date":"2024-03-13T11:01:05","date_gmt":"2024-03-13T10:01:05","guid":{"rendered":"https:\/\/www.jockel.de\/?page_id=116740"},"modified":"2025-01-22T18:47:57","modified_gmt":"2025-01-22T17:47:57","slug":"reklamation","status":"publish","type":"page","link":"https:\/\/www.jockel.de\/nl\/reklamation\/","title":{"rendered":"Klacht"},"content":{"rendered":"\t\t<div data-elementor-type=\"wp-page\" data-elementor-id=\"116740\" class=\"elementor elementor-116740\" data-elementor-post-type=\"page\">\n\t\t\t\t<div class=\"elementor-element elementor-element-d91de5b e-flex e-con-boxed e-con e-parent\" data-id=\"d91de5b\" data-element_type=\"container\">\n\t\t\t\t\t<div class=\"e-con-inner\">\n\t\t\t\t<div class=\"elementor-element elementor-element-12a12f6 elementor-widget elementor-widget-heading\" data-id=\"12a12f6\" data-element_type=\"widget\" data-widget_type=\"heading.default\">\n\t\t\t\t<div class=\"elementor-widget-container\">\n\t\t\t\t\t<h1 class=\"elementor-heading-title elementor-size-default\"><div style=\"text-align: center;\"><span style=\"text-align: start;\">Reklamation<\/span><span style=\"color: rgb(227, 6, 19); font-family: Gotham, &quot;Helvetica Neue&quot;, Helvetica, Arial, sans-serif; font-size: 40px; white-space-collapse: collapse;\">.<\/span><\/div><\/h1>\t\t\t\t<\/div>\n\t\t\t\t<\/div>\n\t\t\t\t\t<\/div>\n\t\t\t\t<\/div>\n\t\t<div class=\"elementor-element elementor-element-010c031 e-flex e-con-boxed e-con e-parent\" data-id=\"010c031\" data-element_type=\"container\">\n\t\t\t\t\t<div class=\"e-con-inner\">\n\t\t\t\t<div class=\"elementor-element elementor-element-874ef44 elementor-widget elementor-widget-text-editor\" data-id=\"874ef44\" data-element_type=\"widget\" data-widget_type=\"text-editor.default\">\n\t\t\t\t<div class=\"elementor-widget-container\">\n\t\t\t\t\t\t\t\t\t<p>Auf dieser Seite k\u00f6nnen Sie gezielt Ihre Anliegen eingeben und detailliert beschreiben.<br \/>Wir stehen bereit, um Ihre Reklamationen zu bearbeiten und eine zufriedenstellende gegenseitige L\u00f6sung zu finden.<\/p>\t\t\t\t\t\t\t\t<\/div>\n\t\t\t\t<\/div>\n\t\t\t\t\t<\/div>\n\t\t\t\t<\/div>\n\t\t<div class=\"elementor-element elementor-element-0867413 e-flex e-con-boxed e-con e-parent\" data-id=\"0867413\" data-element_type=\"container\">\n\t\t\t\t\t<div class=\"e-con-inner\">\n\t\t<div class=\"elementor-element elementor-element-41c27ef e-con-full e-flex e-con e-child\" data-id=\"41c27ef\" data-element_type=\"container\">\n\t\t\t\t<div class=\"elementor-element elementor-element-99d920a elementor-widget elementor-widget-image\" data-id=\"99d920a\" data-element_type=\"widget\" data-widget_type=\"image.default\">\n\t\t\t\t<div class=\"elementor-widget-container\">\n\t\t\t\t\t\t\t\t\t\t\t\t\t\t\t<img fetchpriority=\"high\" decoding=\"async\" width=\"800\" height=\"930\" src=\"https:\/\/www.jockel.de\/wp-content\/uploads\/2024\/03\/image001-881x1024.png\" class=\"attachment-large size-large wp-image-116758\" alt=\"\" srcset=\"https:\/\/www.jockel.de\/wp-content\/uploads\/2024\/03\/image001-881x1024.png 881w, https:\/\/www.jockel.de\/wp-content\/uploads\/2024\/03\/image001-258x300.png 258w, https:\/\/www.jockel.de\/wp-content\/uploads\/2024\/03\/image001-768x893.png 768w, https:\/\/www.jockel.de\/wp-content\/uploads\/2024\/03\/image001-1321x1536.png 1321w, https:\/\/www.jockel.de\/wp-content\/uploads\/2024\/03\/image001-10x12.png 10w, https:\/\/www.jockel.de\/wp-content\/uploads\/2024\/03\/image001.png 1395w\" sizes=\"(max-width: 800px) 100vw, 800px\" \/>\t\t\t\t\t\t\t\t\t\t\t\t\t\t\t<\/div>\n\t\t\t\t<\/div>\n\t\t\t\t<\/div>\n\t\t<div class=\"elementor-element elementor-element-334fd8f e-con-full e-flex e-con e-child\" data-id=\"334fd8f\" data-element_type=\"container\">\n\t\t\t\t<div class=\"elementor-element elementor-element-a7a1e86 elementor-button-align-center elementor-widget elementor-widget-form\" data-id=\"a7a1e86\" data-element_type=\"widget\" data-settings=\"{&quot;step_next_label&quot;:&quot;N\\u00e4chster&quot;,&quot;step_previous_label&quot;:&quot;Voriger&quot;,&quot;button_width&quot;:&quot;100&quot;,&quot;step_type&quot;:&quot;number_text&quot;,&quot;step_icon_shape&quot;:&quot;circle&quot;}\" data-widget_type=\"form.default\">\n\t\t\t\t<div class=\"elementor-widget-container\">\n\t\t\t\t\t\t\t<form class=\"elementor-form\" method=\"post\" name=\"Neues Formular\">\n\t\t\t<input type=\"hidden\" name=\"post_id\" value=\"116740\"\/>\n\t\t\t<input type=\"hidden\" name=\"form_id\" value=\"a7a1e86\"\/>\n\t\t\t<input type=\"hidden\" name=\"referer_title\" value=\"Jockel\" \/>\n\n\t\t\t\n\t\t\t<div class=\"elementor-form-fields-wrapper elementor-labels-above\">\n\t\t\t\t\t\t\t\t<div class=\"elementor-field-type-text elementor-field-group elementor-column elementor-field-group-field_626a068 elementor-col-100 elementor-field-required elementor-mark-required\">\n\t\t\t\t\t\t\t\t\t\t\t\t<label for=\"form-field-field_626a068\" class=\"elementor-field-label\">\n\t\t\t\t\t\t\t\tVorname\t\t\t\t\t\t\t<\/label>\n\t\t\t\t\t\t\t\t\t\t\t\t\t\t<input size=\"1\" type=\"text\" name=\"form_fields[field_626a068]\" id=\"form-field-field_626a068\" class=\"elementor-field elementor-size-sm  elementor-field-textual\" required=\"required\">\n\t\t\t\t\t\t\t\t\t\t\t<\/div>\n\t\t\t\t\t\t\t\t<div class=\"elementor-field-type-text elementor-field-group elementor-column elementor-field-group-name elementor-col-100 elementor-field-required elementor-mark-required\">\n\t\t\t\t\t\t\t\t\t\t\t\t<label for=\"form-field-name\" class=\"elementor-field-label\">\n\t\t\t\t\t\t\t\tNachname\t\t\t\t\t\t\t<\/label>\n\t\t\t\t\t\t\t\t\t\t\t\t\t\t<input size=\"1\" type=\"text\" name=\"form_fields[name]\" id=\"form-field-name\" class=\"elementor-field elementor-size-sm  elementor-field-textual\" required=\"required\">\n\t\t\t\t\t\t\t\t\t\t\t<\/div>\n\t\t\t\t\t\t\t\t<div class=\"elementor-field-type-email elementor-field-group elementor-column elementor-field-group-email elementor-col-100 elementor-field-required elementor-mark-required\">\n\t\t\t\t\t\t\t\t\t\t\t\t<label for=\"form-field-email\" class=\"elementor-field-label\">\n\t\t\t\t\t\t\t\tE-Mail\t\t\t\t\t\t\t<\/label>\n\t\t\t\t\t\t\t\t\t\t\t\t\t\t<input size=\"1\" type=\"email\" name=\"form_fields[email]\" id=\"form-field-email\" class=\"elementor-field elementor-size-sm  elementor-field-textual\" required=\"required\">\n\t\t\t\t\t\t\t\t\t\t\t<\/div>\n\t\t\t\t\t\t\t\t<div class=\"elementor-field-type-text elementor-field-group elementor-column elementor-field-group-field_679ac09 elementor-col-100 elementor-field-required elementor-mark-required\">\n\t\t\t\t\t\t\t\t\t\t\t\t<label for=\"form-field-field_679ac09\" class=\"elementor-field-label\">\n\t\t\t\t\t\t\t\tKundennummer\t\t\t\t\t\t\t<\/label>\n\t\t\t\t\t\t\t\t\t\t\t\t\t\t<input size=\"1\" type=\"text\" name=\"form_fields[field_679ac09]\" id=\"form-field-field_679ac09\" class=\"elementor-field elementor-size-sm  elementor-field-textual\" required=\"required\">\n\t\t\t\t\t\t\t\t\t\t\t<\/div>\n\t\t\t\t\t\t\t\t<div class=\"elementor-field-type-text elementor-field-group elementor-column elementor-field-group-field_23d17c8 elementor-col-100 elementor-field-required elementor-mark-required\">\n\t\t\t\t\t\t\t\t\t\t\t\t<label for=\"form-field-field_23d17c8\" class=\"elementor-field-label\">\n\t\t\t\t\t\t\t\tFirma\t\t\t\t\t\t\t<\/label>\n\t\t\t\t\t\t\t\t\t\t\t\t\t\t<input size=\"1\" type=\"text\" name=\"form_fields[field_23d17c8]\" id=\"form-field-field_23d17c8\" class=\"elementor-field elementor-size-sm  elementor-field-textual\" required=\"required\">\n\t\t\t\t\t\t\t\t\t\t\t<\/div>\n\t\t\t\t\t\t\t\t<div class=\"elementor-field-type-text elementor-field-group elementor-column elementor-field-group-field_343b5db elementor-col-100\">\n\t\t\t\t\t\t\t\t\t\t\t\t<label for=\"form-field-field_343b5db\" class=\"elementor-field-label\">\n\t\t\t\t\t\t\t\tLieferscheinnummer\t\t\t\t\t\t\t<\/label>\n\t\t\t\t\t\t\t\t\t\t\t\t\t\t<input size=\"1\" type=\"text\" name=\"form_fields[field_343b5db]\" id=\"form-field-field_343b5db\" class=\"elementor-field elementor-size-sm  elementor-field-textual\" placeholder=\"Bsp. 499781\">\n\t\t\t\t\t\t\t\t\t\t\t<\/div>\n\t\t\t\t\t\t\t\t<div class=\"elementor-field-type-text elementor-field-group elementor-column elementor-field-group-field_9dd11d0 elementor-col-100 elementor-field-required elementor-mark-required\">\n\t\t\t\t\t\t\t\t\t\t\t\t<label for=\"form-field-field_9dd11d0\" class=\"elementor-field-label\">\n\t\t\t\t\t\t\t\tReklamierte Artikel\t\t\t\t\t\t\t<\/label>\n\t\t\t\t\t\t\t\t\t\t\t\t\t\t<input size=\"1\" type=\"text\" name=\"form_fields[field_9dd11d0]\" id=\"form-field-field_9dd11d0\" class=\"elementor-field elementor-size-sm  elementor-field-textual\" placeholder=\"Bsp. SK6JX34 GREEN 2.0\" required=\"required\">\n\t\t\t\t\t\t\t\t\t\t\t<\/div>\n\t\t\t\t\t\t\t\t<div class=\"elementor-field-type-text elementor-field-group elementor-column elementor-field-group-field_14ba1bc elementor-col-100 elementor-field-required elementor-mark-required\">\n\t\t\t\t\t\t\t\t\t\t\t\t<label for=\"form-field-field_14ba1bc\" class=\"elementor-field-label\">\n\t\t\t\t\t\t\t\tHerstellungsjahr\t\t\t\t\t\t\t<\/label>\n\t\t\t\t\t\t\t\t\t\t\t\t\t\t<input size=\"1\" type=\"text\" name=\"form_fields[field_14ba1bc]\" id=\"form-field-field_14ba1bc\" class=\"elementor-field elementor-size-sm  elementor-field-textual\" required=\"required\">\n\t\t\t\t\t\t\t\t\t\t\t<\/div>\n\t\t\t\t\t\t\t\t<div class=\"elementor-field-type-text elementor-field-group elementor-column elementor-field-group-field_39c061e elementor-col-100 elementor-field-required elementor-mark-required\">\n\t\t\t\t\t\t\t\t\t\t\t\t<label for=\"form-field-field_39c061e\" class=\"elementor-field-label\">\n\t\t\t\t\t\t\t\tAnzahl der reklamierten Artikel\t\t\t\t\t\t\t<\/label>\n\t\t\t\t\t\t\t\t\t\t\t\t\t\t<input size=\"1\" type=\"text\" name=\"form_fields[field_39c061e]\" id=\"form-field-field_39c061e\" class=\"elementor-field elementor-size-sm  elementor-field-textual\" placeholder=\"Bsp. 5\" required=\"required\">\n\t\t\t\t\t\t\t\t\t\t\t<\/div>\n\t\t\t\t\t\t\t\t<div class=\"elementor-field-type-textarea elementor-field-group elementor-column elementor-field-group-message elementor-col-100 elementor-field-required elementor-mark-required\">\n\t\t\t\t\t\t\t\t\t\t\t\t<label for=\"form-field-message\" class=\"elementor-field-label\">\n\t\t\t\t\t\t\t\tIhre Nachricht\t\t\t\t\t\t\t<\/label>\n\t\t\t\t\t\t<textarea class=\"elementor-field-textual elementor-field  elementor-size-sm\" name=\"form_fields[message]\" id=\"form-field-message\" rows=\"6\" placeholder=\"Bitte beschreiben Sie die Reklamation so ausf\u00fchrlich wie m\u00f6glich.\" required=\"required\"><\/textarea>\t\t\t\t<\/div>\n\t\t\t\t\t\t\t\t<div class=\"elementor-field-type-upload elementor-field-group elementor-column elementor-field-group-field_c5f5e9e elementor-col-100\">\n\t\t\t\t\t\t\t\t\t\t\t\t<label for=\"form-field-field_c5f5e9e\" class=\"elementor-field-label\">\n\t\t\t\t\t\t\t\tF\u00fcgen Sie hier Ihre Bilder hinzu\t\t\t\t\t\t\t<\/label>\n\t\t\t\t\t\t\t\t<input type=\"file\" name=\"form_fields[field_c5f5e9e][]\" id=\"form-field-field_c5f5e9e\" class=\"elementor-field elementor-size-sm  elementor-upload-field\" multiple=\"multiple\" data-maxsize=\"50\" data-maxsize-message=\"This file exceeds the maximum allowed size.\">\n\n\t\t\t\t\t\t<\/div>\n\t\t\t\t\t\t\t\t<div class=\"elementor-field-type-recaptcha_v3 elementor-field-group elementor-column elementor-field-group-field_5308751 elementor-col-100 recaptcha_v3-inline\">\n\t\t\t\t\t<div class=\"elementor-field\" id=\"form-field-field_5308751\"><div class=\"elementor-g-recaptcha\" data-sitekey=\"6LfBizIqAAAAAB2CMU_Ks5WCoA4pr5wV87iFvzlQ\" data-type=\"v3\" data-action=\"Form\" data-badge=\"inline\" data-size=\"invisible\"><\/div><\/div>\t\t\t\t<\/div>\n\t\t\t\t\t\t\t\t<div class=\"elementor-field-group elementor-column elementor-field-type-submit elementor-col-100 e-form__buttons\">\n\t\t\t\t\t<button class=\"elementor-button elementor-size-sm\" type=\"submit\">\n\t\t\t\t\t\t<span class=\"elementor-button-content-wrapper\">\n\t\t\t\t\t\t\t\t\t\t\t\t\t\t\t\t\t\t\t\t\t\t<span class=\"elementor-button-text\">Senden<\/span>\n\t\t\t\t\t\t\t\t\t\t\t\t\t<\/span>\n\t\t\t\t\t<\/button>\n\t\t\t\t<\/div>\n\t\t\t<\/div>\n\t\t<\/form>\n\t\t\t\t\t\t<\/div>\n\t\t\t\t<\/div>\n\t\t\t\t<div class=\"elementor-element elementor-element-088d8f1 elementor-widget elementor-widget-text-editor\" data-id=\"088d8f1\" data-element_type=\"widget\" data-widget_type=\"text-editor.default\">\n\t\t\t\t<div class=\"elementor-widget-container\">\n\t\t\t\t\t\t\t\t\t<p>Mit Absenden des Formulars stimmen Sie der Verarbeitung und Speicherung der Daten gem\u00e4\u00df unserer <a href=\"https:\/\/www.jockel.de\/datenschutz\/\">Datenschutzerkl\u00e4rung<\/a> zu.<\/p>\t\t\t\t\t\t\t\t<\/div>\n\t\t\t\t<\/div>\n\t\t\t\t<\/div>\n\t\t\t\t\t<\/div>\n\t\t\t\t<\/div>\n\t\t\t\t<\/div>\n\t\t","protected":false},"excerpt":{"rendered":"<p>Klachten. Op deze pagina kunt u uw specifieke zorgen invoeren en in detail beschrijven. Wij zullen uw klacht graag in behandeling nemen en een bevredigende wederzijdse oplossing vinden. Door het formulier in te dienen, ga je akkoord met de verwerking en opslag van de gegevens in overeenstemming met ons privacybeleid.<\/p>","protected":false},"author":10,"featured_media":0,"parent":0,"menu_order":0,"comment_status":"closed","ping_status":"closed","template":"elementor_header_footer","meta":{"footnotes":""},"class_list":["post-116740","page","type-page","status-publish","hentry"],"yoast_head":"<!-- This site is optimized with the Yoast SEO Premium plugin v27.0 (Yoast SEO v27.4) - https:\/\/yoast.com\/product\/yoast-seo-premium-wordpress\/ -->\n<title>Reklamation &#8226; Jockel<\/title>\n<meta name=\"description\" content=\"Effiziente Reklamationsabwicklung f\u00fcr maximale Kundenzufriedenheit. Kontaktieren Sie uns f\u00fcr schnelle L\u00f6sungen!\" \/>\n<meta name=\"robots\" content=\"index, follow, max-snippet:-1, max-image-preview:large, max-video-preview:-1\" \/>\n<link rel=\"canonical\" href=\"https:\/\/www.jockel.de\/nl\/reklamation\/\" \/>\n<meta property=\"og:locale\" content=\"nl_NL\" \/>\n<meta property=\"og:type\" content=\"article\" \/>\n<meta property=\"og:title\" content=\"Reklamation\" \/>\n<meta property=\"og:description\" content=\"Effiziente Reklamationsabwicklung f\u00fcr maximale Kundenzufriedenheit. Kontaktieren Sie uns f\u00fcr schnelle L\u00f6sungen!\" \/>\n<meta property=\"og:url\" content=\"https:\/\/www.jockel.de\/nl\/reklamation\/\" \/>\n<meta property=\"og:site_name\" content=\"Jockel\" \/>\n<meta property=\"article:modified_time\" content=\"2025-01-22T17:47:57+00:00\" \/>\n<meta property=\"og:image\" content=\"https:\/\/www.jockel.de\/wp-content\/uploads\/2024\/03\/image001.png\" \/>\n\t<meta property=\"og:image:width\" content=\"1395\" \/>\n\t<meta property=\"og:image:height\" content=\"1622\" \/>\n\t<meta property=\"og:image:type\" content=\"image\/png\" \/>\n<meta name=\"twitter:card\" content=\"summary_large_image\" \/>\n<meta name=\"twitter:label1\" content=\"Verwachte leestijd\" \/>\n\t<meta name=\"twitter:data1\" content=\"1 minuut\" \/>\n<script type=\"application\/ld+json\" class=\"yoast-schema-graph\">{\"@context\":\"https:\\\/\\\/schema.org\",\"@graph\":[{\"@type\":\"WebPage\",\"@id\":\"https:\\\/\\\/www.jockel.de\\\/reklamation\\\/\",\"url\":\"https:\\\/\\\/www.jockel.de\\\/reklamation\\\/\",\"name\":\"Reklamation &#8226; Jockel\",\"isPartOf\":{\"@id\":\"https:\\\/\\\/www.jockel.de\\\/#website\"},\"primaryImageOfPage\":{\"@id\":\"https:\\\/\\\/www.jockel.de\\\/reklamation\\\/#primaryimage\"},\"image\":{\"@id\":\"https:\\\/\\\/www.jockel.de\\\/reklamation\\\/#primaryimage\"},\"thumbnailUrl\":\"https:\\\/\\\/www.jockel.de\\\/wp-content\\\/uploads\\\/2024\\\/03\\\/image001-881x1024.png\",\"datePublished\":\"2024-03-13T10:01:05+00:00\",\"dateModified\":\"2025-01-22T17:47:57+00:00\",\"description\":\"Effiziente Reklamationsabwicklung f\u00fcr maximale Kundenzufriedenheit. Kontaktieren Sie uns f\u00fcr schnelle L\u00f6sungen!\",\"breadcrumb\":{\"@id\":\"https:\\\/\\\/www.jockel.de\\\/reklamation\\\/#breadcrumb\"},\"inLanguage\":\"nl-NL\",\"potentialAction\":[{\"@type\":\"ReadAction\",\"target\":[\"https:\\\/\\\/www.jockel.de\\\/reklamation\\\/\"]}]},{\"@type\":\"ImageObject\",\"inLanguage\":\"nl-NL\",\"@id\":\"https:\\\/\\\/www.jockel.de\\\/reklamation\\\/#primaryimage\",\"url\":\"https:\\\/\\\/www.jockel.de\\\/wp-content\\\/uploads\\\/2024\\\/03\\\/image001-881x1024.png\",\"contentUrl\":\"https:\\\/\\\/www.jockel.de\\\/wp-content\\\/uploads\\\/2024\\\/03\\\/image001-881x1024.png\"},{\"@type\":\"BreadcrumbList\",\"@id\":\"https:\\\/\\\/www.jockel.de\\\/reklamation\\\/#breadcrumb\",\"itemListElement\":[{\"@type\":\"ListItem\",\"position\":1,\"name\":\"Home\",\"item\":\"https:\\\/\\\/www.jockel.de\\\/\"},{\"@type\":\"ListItem\",\"position\":2,\"name\":\"Reklamation\"}]},{\"@type\":\"WebSite\",\"@id\":\"https:\\\/\\\/www.jockel.de\\\/#website\",\"url\":\"https:\\\/\\\/www.jockel.de\\\/\",\"name\":\"Feuerschutz JOCKEL\",\"description\":\"Feuerschutz\",\"publisher\":{\"@id\":\"https:\\\/\\\/www.jockel.de\\\/#organization\"},\"potentialAction\":[{\"@type\":\"SearchAction\",\"target\":{\"@type\":\"EntryPoint\",\"urlTemplate\":\"https:\\\/\\\/www.jockel.de\\\/?s={search_term_string}\"},\"query-input\":{\"@type\":\"PropertyValueSpecification\",\"valueRequired\":true,\"valueName\":\"search_term_string\"}}],\"inLanguage\":\"nl-NL\"},{\"@type\":\"Organization\",\"@id\":\"https:\\\/\\\/www.jockel.de\\\/#organization\",\"name\":\"Feuerschutz JOCKEL GmbH & Co. KG\",\"url\":\"https:\\\/\\\/www.jockel.de\\\/\",\"logo\":{\"@type\":\"ImageObject\",\"inLanguage\":\"nl-NL\",\"@id\":\"https:\\\/\\\/www.jockel.de\\\/#\\\/schema\\\/logo\\\/image\\\/\",\"url\":\"https:\\\/\\\/www.jockel.de\\\/wp-content\\\/uploads\\\/cropped-jockelfavicon-1.png\",\"contentUrl\":\"https:\\\/\\\/www.jockel.de\\\/wp-content\\\/uploads\\\/cropped-jockelfavicon-1.png\",\"width\":512,\"height\":512,\"caption\":\"Feuerschutz JOCKEL GmbH & Co. KG\"},\"image\":{\"@id\":\"https:\\\/\\\/www.jockel.de\\\/#\\\/schema\\\/logo\\\/image\\\/\"}}]}<\/script>\n<!-- \/ Yoast SEO Premium plugin. -->","yoast_head_json":{"title":"Klacht - Jockel","description":"Effici\u00ebnte klachtenafhandeling voor maximale klanttevredenheid. Neem contact met ons op voor snelle oplossingen!","robots":{"index":"index","follow":"follow","max-snippet":"max-snippet:-1","max-image-preview":"max-image-preview:large","max-video-preview":"max-video-preview:-1"},"canonical":"https:\/\/www.jockel.de\/nl\/reklamation\/","og_locale":"nl_NL","og_type":"article","og_title":"Reklamation","og_description":"Effiziente Reklamationsabwicklung f\u00fcr maximale Kundenzufriedenheit. Kontaktieren Sie uns f\u00fcr schnelle L\u00f6sungen!","og_url":"https:\/\/www.jockel.de\/nl\/reklamation\/","og_site_name":"Jockel","article_modified_time":"2025-01-22T17:47:57+00:00","og_image":[{"width":1395,"height":1622,"url":"https:\/\/www.jockel.de\/wp-content\/uploads\/2024\/03\/image001.png","type":"image\/png"}],"twitter_card":"summary_large_image","twitter_misc":{"Verwachte leestijd":"1 minuut"},"schema":{"@context":"https:\/\/schema.org","@graph":[{"@type":"WebPage","@id":"https:\/\/www.jockel.de\/reklamation\/","url":"https:\/\/www.jockel.de\/reklamation\/","name":"Klacht - Jockel","isPartOf":{"@id":"https:\/\/www.jockel.de\/#website"},"primaryImageOfPage":{"@id":"https:\/\/www.jockel.de\/reklamation\/#primaryimage"},"image":{"@id":"https:\/\/www.jockel.de\/reklamation\/#primaryimage"},"thumbnailUrl":"https:\/\/www.jockel.de\/wp-content\/uploads\/2024\/03\/image001-881x1024.png","datePublished":"2024-03-13T10:01:05+00:00","dateModified":"2025-01-22T17:47:57+00:00","description":"Effici\u00ebnte klachtenafhandeling voor maximale klanttevredenheid. Neem contact met ons op voor snelle oplossingen!","breadcrumb":{"@id":"https:\/\/www.jockel.de\/reklamation\/#breadcrumb"},"inLanguage":"nl-NL","potentialAction":[{"@type":"ReadAction","target":["https:\/\/www.jockel.de\/reklamation\/"]}]},{"@type":"ImageObject","inLanguage":"nl-NL","@id":"https:\/\/www.jockel.de\/reklamation\/#primaryimage","url":"https:\/\/www.jockel.de\/wp-content\/uploads\/2024\/03\/image001-881x1024.png","contentUrl":"https:\/\/www.jockel.de\/wp-content\/uploads\/2024\/03\/image001-881x1024.png"},{"@type":"BreadcrumbList","@id":"https:\/\/www.jockel.de\/reklamation\/#breadcrumb","itemListElement":[{"@type":"ListItem","position":1,"name":"Home","item":"https:\/\/www.jockel.de\/"},{"@type":"ListItem","position":2,"name":"Reklamation"}]},{"@type":"WebSite","@id":"https:\/\/www.jockel.de\/#website","url":"https:\/\/www.jockel.de\/","name":"Brandbeveiliging JOCKEL","description":"Brandbeveiliging","publisher":{"@id":"https:\/\/www.jockel.de\/#organization"},"potentialAction":[{"@type":"SearchAction","target":{"@type":"EntryPoint","urlTemplate":"https:\/\/www.jockel.de\/?s={search_term_string}"},"query-input":{"@type":"PropertyValueSpecification","valueRequired":true,"valueName":"search_term_string"}}],"inLanguage":"nl-NL"},{"@type":"Organization","@id":"https:\/\/www.jockel.de\/#organization","name":"Brandbeveiliging JOCKEL GmbH &amp; Co. KG","url":"https:\/\/www.jockel.de\/","logo":{"@type":"ImageObject","inLanguage":"nl-NL","@id":"https:\/\/www.jockel.de\/#\/schema\/logo\/image\/","url":"https:\/\/www.jockel.de\/wp-content\/uploads\/cropped-jockelfavicon-1.png","contentUrl":"https:\/\/www.jockel.de\/wp-content\/uploads\/cropped-jockelfavicon-1.png","width":512,"height":512,"caption":"Feuerschutz JOCKEL GmbH & Co. KG"},"image":{"@id":"https:\/\/www.jockel.de\/#\/schema\/logo\/image\/"}}]}},"_links":{"self":[{"href":"https:\/\/www.jockel.de\/nl\/wp-json\/wp\/v2\/pages\/116740","targetHints":{"allow":["GET"]}}],"collection":[{"href":"https:\/\/www.jockel.de\/nl\/wp-json\/wp\/v2\/pages"}],"about":[{"href":"https:\/\/www.jockel.de\/nl\/wp-json\/wp\/v2\/types\/page"}],"author":[{"embeddable":true,"href":"https:\/\/www.jockel.de\/nl\/wp-json\/wp\/v2\/users\/10"}],"replies":[{"embeddable":true,"href":"https:\/\/www.jockel.de\/nl\/wp-json\/wp\/v2\/comments?post=116740"}],"version-history":[{"count":5,"href":"https:\/\/www.jockel.de\/nl\/wp-json\/wp\/v2\/pages\/116740\/revisions"}],"predecessor-version":[{"id":119586,"href":"https:\/\/www.jockel.de\/nl\/wp-json\/wp\/v2\/pages\/116740\/revisions\/119586"}],"wp:attachment":[{"href":"https:\/\/www.jockel.de\/nl\/wp-json\/wp\/v2\/media?parent=116740"}],"curies":[{"name":"wp","href":"https:\/\/api.w.org\/{rel}","templated":true}]}}