{"id":120126,"date":"2026-02-11T14:11:24","date_gmt":"2026-02-11T13:11:24","guid":{"rendered":"https:\/\/www.jockel.de\/?post_type=product&#038;p=120126"},"modified":"2026-02-17T16:05:23","modified_gmt":"2026-02-17T15:05:23","slug":"jockel-s9jxf-43-green-2-0-25c-feuerloescher","status":"publish","type":"product","link":"https:\/\/www.jockel.de\/fr\/produit\/jockel-s9jxf-43-green-2-0-25c-feuerloescher\/","title":{"rendered":"Extincteur Jockel S9JXF 43 GREEN 2.0 -25\u00b0C"},"content":{"rendered":"","protected":false},"excerpt":{"rendered":"<p class=\"p1\">Les nouveaux extincteurs \u00e0 mousse JOCKEL GREEN 2.0 r\u00e9sistants au gel repr\u00e9sentent un progr\u00e8s significatif dans la lutte contre les incendies respectueuse de l'environnement. Non seulement ils sont r\u00e9sistants au gel, mais ils sont \u00e9galement exempts de fluor et totalement d\u00e9pourvus de PFAS, ce qui en fait l'une des options les plus respectueuses de l'environnement sur le march\u00e9.<\/p>","protected":false},"featured_media":120127,"comment_status":"closed","ping_status":"closed","template":"","meta":[],"product_brand":[],"product_cat":[1855],"product_tag":[],"class_list":{"0":"post-120126","1":"product","2":"type-product","3":"status-publish","4":"has-post-thumbnail","6":"product_cat-tragbare-feuerloescher","8":"first","9":"instock","10":"taxable","11":"shipping-taxable","12":"purchasable","13":"product-type-simple"},"yoast_head":"<!-- This site is optimized with the Yoast SEO Premium plugin v27.0 (Yoast SEO v27.4) - https:\/\/yoast.com\/product\/yoast-seo-premium-wordpress\/ -->\n<title>Jockel S9JXF 43 GREEN 2.0 -25\u00b0C Feuerl\u00f6scher &#8226; Jockel<\/title>\n<meta name=\"description\" content=\"Die neuen JOCKEL GREEN 2.0 frostsicheren Schaumfeuerl\u00f6scher stellen einen bedeutenden Fortschritt in der umweltfreundlichen Brandbek\u00e4mpfung dar.\" \/>\n<meta name=\"robots\" content=\"index, follow, max-snippet:-1, max-image-preview:large, max-video-preview:-1\" \/>\n<link rel=\"canonical\" href=\"https:\/\/www.jockel.de\/fr\/produit\/jockel-s9jxf-43-green-2-0-25c-feuerloescher\/\" \/>\n<meta property=\"og:locale\" content=\"fr_FR\" \/>\n<meta property=\"og:type\" content=\"article\" \/>\n<meta property=\"og:title\" content=\"Jockel S9JXF 43 GREEN 2.0 -25\u00b0C Feuerl\u00f6scher\" \/>\n<meta property=\"og:description\" content=\"Die neuen JOCKEL GREEN 2.0 frostsicheren Schaumfeuerl\u00f6scher stellen einen bedeutenden Fortschritt in der umweltfreundlichen Brandbek\u00e4mpfung dar.\" \/>\n<meta property=\"og:url\" content=\"https:\/\/www.jockel.de\/fr\/produit\/jockel-s9jxf-43-green-2-0-25c-feuerloescher\/\" \/>\n<meta property=\"og:site_name\" content=\"Jockel\" \/>\n<meta property=\"article:modified_time\" content=\"2026-02-17T15:05:23+00:00\" \/>\n<meta property=\"og:image\" content=\"https:\/\/www.jockel.de\/wp-content\/uploads\/2026\/02\/9852000_S_9_JXF_43_GREEN_2_0_-25\u00b0-1-scaled.png\" \/>\n\t<meta property=\"og:image:width\" content=\"2342\" \/>\n\t<meta property=\"og:image:height\" content=\"2560\" \/>\n\t<meta property=\"og:image:type\" content=\"image\/png\" \/>\n<meta name=\"twitter:card\" content=\"summary_large_image\" \/>\n<meta name=\"twitter:label1\" content=\"Dur\u00e9e de lecture estim\u00e9e\" \/>\n\t<meta name=\"twitter:data1\" content=\"1 minute\" \/>\n<script type=\"application\/ld+json\" class=\"yoast-schema-graph\">{\"@context\":\"https:\\\/\\\/schema.org\",\"@graph\":[{\"@type\":\"WebPage\",\"@id\":\"https:\\\/\\\/www.jockel.de\\\/produkt\\\/jockel-s9jxf-43-green-2-0-25c-feuerloescher\\\/\",\"url\":\"https:\\\/\\\/www.jockel.de\\\/produkt\\\/jockel-s9jxf-43-green-2-0-25c-feuerloescher\\\/\",\"name\":\"Jockel S9JXF 43 GREEN 2.0 -25\u00b0C Feuerl\u00f6scher &#8226; Jockel\",\"isPartOf\":{\"@id\":\"https:\\\/\\\/www.jockel.de\\\/#website\"},\"primaryImageOfPage\":{\"@id\":\"https:\\\/\\\/www.jockel.de\\\/produkt\\\/jockel-s9jxf-43-green-2-0-25c-feuerloescher\\\/#primaryimage\"},\"image\":{\"@id\":\"https:\\\/\\\/www.jockel.de\\\/produkt\\\/jockel-s9jxf-43-green-2-0-25c-feuerloescher\\\/#primaryimage\"},\"thumbnailUrl\":\"https:\\\/\\\/www.jockel.de\\\/wp-content\\\/uploads\\\/2026\\\/02\\\/9852000_S_9_JXF_43_GREEN_2_0_-25\u00b0-1-scaled.png\",\"datePublished\":\"2026-02-11T13:11:24+00:00\",\"dateModified\":\"2026-02-17T15:05:23+00:00\",\"description\":\"Die neuen JOCKEL GREEN 2.0 frostsicheren Schaumfeuerl\u00f6scher stellen einen bedeutenden Fortschritt in der umweltfreundlichen Brandbek\u00e4mpfung dar.\",\"breadcrumb\":{\"@id\":\"https:\\\/\\\/www.jockel.de\\\/produkt\\\/jockel-s9jxf-43-green-2-0-25c-feuerloescher\\\/#breadcrumb\"},\"inLanguage\":\"fr-FR\",\"potentialAction\":[{\"@type\":\"ReadAction\",\"target\":[\"https:\\\/\\\/www.jockel.de\\\/produkt\\\/jockel-s9jxf-43-green-2-0-25c-feuerloescher\\\/\"]}]},{\"@type\":\"ImageObject\",\"inLanguage\":\"fr-FR\",\"@id\":\"https:\\\/\\\/www.jockel.de\\\/produkt\\\/jockel-s9jxf-43-green-2-0-25c-feuerloescher\\\/#primaryimage\",\"url\":\"https:\\\/\\\/www.jockel.de\\\/wp-content\\\/uploads\\\/2026\\\/02\\\/9852000_S_9_JXF_43_GREEN_2_0_-25\u00b0-1-scaled.png\",\"contentUrl\":\"https:\\\/\\\/www.jockel.de\\\/wp-content\\\/uploads\\\/2026\\\/02\\\/9852000_S_9_JXF_43_GREEN_2_0_-25\u00b0-1-scaled.png\",\"width\":2342,\"height\":2560},{\"@type\":\"BreadcrumbList\",\"@id\":\"https:\\\/\\\/www.jockel.de\\\/produkt\\\/jockel-s9jxf-43-green-2-0-25c-feuerloescher\\\/#breadcrumb\",\"itemListElement\":[{\"@type\":\"ListItem\",\"position\":1,\"name\":\"Home\",\"item\":\"https:\\\/\\\/www.jockel.de\\\/\"},{\"@type\":\"ListItem\",\"position\":2,\"name\":\"Produkt\u00fcbersicht\",\"item\":\"https:\\\/\\\/www.jockel.de\\\/produktuebersicht\\\/\"},{\"@type\":\"ListItem\",\"position\":3,\"name\":\"Jockel S9JXF 43 GREEN 2.0 -25\u00b0C Feuerl\u00f6scher\"}]},{\"@type\":\"WebSite\",\"@id\":\"https:\\\/\\\/www.jockel.de\\\/#website\",\"url\":\"https:\\\/\\\/www.jockel.de\\\/\",\"name\":\"Feuerschutz JOCKEL\",\"description\":\"Feuerschutz\",\"publisher\":{\"@id\":\"https:\\\/\\\/www.jockel.de\\\/#organization\"},\"potentialAction\":[{\"@type\":\"SearchAction\",\"target\":{\"@type\":\"EntryPoint\",\"urlTemplate\":\"https:\\\/\\\/www.jockel.de\\\/?s={search_term_string}\"},\"query-input\":{\"@type\":\"PropertyValueSpecification\",\"valueRequired\":true,\"valueName\":\"search_term_string\"}}],\"inLanguage\":\"fr-FR\"},{\"@type\":\"Organization\",\"@id\":\"https:\\\/\\\/www.jockel.de\\\/#organization\",\"name\":\"Feuerschutz JOCKEL GmbH & Co. KG\",\"url\":\"https:\\\/\\\/www.jockel.de\\\/\",\"logo\":{\"@type\":\"ImageObject\",\"inLanguage\":\"fr-FR\",\"@id\":\"https:\\\/\\\/www.jockel.de\\\/#\\\/schema\\\/logo\\\/image\\\/\",\"url\":\"https:\\\/\\\/www.jockel.de\\\/wp-content\\\/uploads\\\/cropped-jockelfavicon-1.png\",\"contentUrl\":\"https:\\\/\\\/www.jockel.de\\\/wp-content\\\/uploads\\\/cropped-jockelfavicon-1.png\",\"width\":512,\"height\":512,\"caption\":\"Feuerschutz JOCKEL GmbH & Co. KG\"},\"image\":{\"@id\":\"https:\\\/\\\/www.jockel.de\\\/#\\\/schema\\\/logo\\\/image\\\/\"}}]}<\/script>\n<!-- \/ Yoast SEO Premium plugin. -->","yoast_head_json":{"title":"Jockel S9JXF 43 GREEN 2.0 -25\u00b0C Extincteur - Jockel","description":"Les nouveaux extincteurs \u00e0 mousse JOCKEL GREEN 2.0 r\u00e9sistants au gel repr\u00e9sentent un progr\u00e8s significatif dans la lutte contre les incendies respectueuse de l'environnement.","robots":{"index":"index","follow":"follow","max-snippet":"max-snippet:-1","max-image-preview":"max-image-preview:large","max-video-preview":"max-video-preview:-1"},"canonical":"https:\/\/www.jockel.de\/fr\/produit\/jockel-s9jxf-43-green-2-0-25c-feuerloescher\/","og_locale":"fr_FR","og_type":"article","og_title":"Jockel S9JXF 43 GREEN 2.0 -25\u00b0C Feuerl\u00f6scher","og_description":"Die neuen JOCKEL GREEN 2.0 frostsicheren Schaumfeuerl\u00f6scher stellen einen bedeutenden Fortschritt in der umweltfreundlichen Brandbek\u00e4mpfung dar.","og_url":"https:\/\/www.jockel.de\/fr\/produit\/jockel-s9jxf-43-green-2-0-25c-feuerloescher\/","og_site_name":"Jockel","article_modified_time":"2026-02-17T15:05:23+00:00","og_image":[{"width":2342,"height":2560,"url":"https:\/\/www.jockel.de\/wp-content\/uploads\/2026\/02\/9852000_S_9_JXF_43_GREEN_2_0_-25\u00b0-1-scaled.png","type":"image\/png"}],"twitter_card":"summary_large_image","twitter_misc":{"Dur\u00e9e de lecture estim\u00e9e":"1 minute"},"schema":{"@context":"https:\/\/schema.org","@graph":[{"@type":"WebPage","@id":"https:\/\/www.jockel.de\/produkt\/jockel-s9jxf-43-green-2-0-25c-feuerloescher\/","url":"https:\/\/www.jockel.de\/produkt\/jockel-s9jxf-43-green-2-0-25c-feuerloescher\/","name":"Jockel S9JXF 43 GREEN 2.0 -25\u00b0C Extincteur - Jockel","isPartOf":{"@id":"https:\/\/www.jockel.de\/#website"},"primaryImageOfPage":{"@id":"https:\/\/www.jockel.de\/produkt\/jockel-s9jxf-43-green-2-0-25c-feuerloescher\/#primaryimage"},"image":{"@id":"https:\/\/www.jockel.de\/produkt\/jockel-s9jxf-43-green-2-0-25c-feuerloescher\/#primaryimage"},"thumbnailUrl":"https:\/\/www.jockel.de\/wp-content\/uploads\/2026\/02\/9852000_S_9_JXF_43_GREEN_2_0_-25\u00b0-1-scaled.png","datePublished":"2026-02-11T13:11:24+00:00","dateModified":"2026-02-17T15:05:23+00:00","description":"Les nouveaux extincteurs \u00e0 mousse JOCKEL GREEN 2.0 r\u00e9sistants au gel repr\u00e9sentent un progr\u00e8s significatif dans la lutte contre les incendies respectueuse de l'environnement.","breadcrumb":{"@id":"https:\/\/www.jockel.de\/produkt\/jockel-s9jxf-43-green-2-0-25c-feuerloescher\/#breadcrumb"},"inLanguage":"fr-FR","potentialAction":[{"@type":"ReadAction","target":["https:\/\/www.jockel.de\/produkt\/jockel-s9jxf-43-green-2-0-25c-feuerloescher\/"]}]},{"@type":"ImageObject","inLanguage":"fr-FR","@id":"https:\/\/www.jockel.de\/produkt\/jockel-s9jxf-43-green-2-0-25c-feuerloescher\/#primaryimage","url":"https:\/\/www.jockel.de\/wp-content\/uploads\/2026\/02\/9852000_S_9_JXF_43_GREEN_2_0_-25\u00b0-1-scaled.png","contentUrl":"https:\/\/www.jockel.de\/wp-content\/uploads\/2026\/02\/9852000_S_9_JXF_43_GREEN_2_0_-25\u00b0-1-scaled.png","width":2342,"height":2560},{"@type":"BreadcrumbList","@id":"https:\/\/www.jockel.de\/produkt\/jockel-s9jxf-43-green-2-0-25c-feuerloescher\/#breadcrumb","itemListElement":[{"@type":"ListItem","position":1,"name":"Home","item":"https:\/\/www.jockel.de\/"},{"@type":"ListItem","position":2,"name":"Produkt\u00fcbersicht","item":"https:\/\/www.jockel.de\/produktuebersicht\/"},{"@type":"ListItem","position":3,"name":"Jockel S9JXF 43 GREEN 2.0 -25\u00b0C Feuerl\u00f6scher"}]},{"@type":"WebSite","@id":"https:\/\/www.jockel.de\/#website","url":"https:\/\/www.jockel.de\/","name":"Protection incendie JOCKEL","description":"Protection contre le feu","publisher":{"@id":"https:\/\/www.jockel.de\/#organization"},"potentialAction":[{"@type":"SearchAction","target":{"@type":"EntryPoint","urlTemplate":"https:\/\/www.jockel.de\/?s={search_term_string}"},"query-input":{"@type":"PropertyValueSpecification","valueRequired":true,"valueName":"search_term_string"}}],"inLanguage":"fr-FR"},{"@type":"Organization","@id":"https:\/\/www.jockel.de\/#organization","name":"Protection contre l'incendie JOCKEL GmbH &amp; Co. KG","url":"https:\/\/www.jockel.de\/","logo":{"@type":"ImageObject","inLanguage":"fr-FR","@id":"https:\/\/www.jockel.de\/#\/schema\/logo\/image\/","url":"https:\/\/www.jockel.de\/wp-content\/uploads\/cropped-jockelfavicon-1.png","contentUrl":"https:\/\/www.jockel.de\/wp-content\/uploads\/cropped-jockelfavicon-1.png","width":512,"height":512,"caption":"Feuerschutz JOCKEL GmbH & Co. KG"},"image":{"@id":"https:\/\/www.jockel.de\/#\/schema\/logo\/image\/"}}]}},"_links":{"self":[{"href":"https:\/\/www.jockel.de\/fr\/wp-json\/wp\/v2\/product\/120126","targetHints":{"allow":["GET"]}}],"collection":[{"href":"https:\/\/www.jockel.de\/fr\/wp-json\/wp\/v2\/product"}],"about":[{"href":"https:\/\/www.jockel.de\/fr\/wp-json\/wp\/v2\/types\/product"}],"replies":[{"embeddable":true,"href":"https:\/\/www.jockel.de\/fr\/wp-json\/wp\/v2\/comments?post=120126"}],"wp:featuredmedia":[{"embeddable":true,"href":"https:\/\/www.jockel.de\/fr\/wp-json\/wp\/v2\/media\/120127"}],"wp:attachment":[{"href":"https:\/\/www.jockel.de\/fr\/wp-json\/wp\/v2\/media?parent=120126"}],"wp:term":[{"taxonomy":"product_brand","embeddable":true,"href":"https:\/\/www.jockel.de\/fr\/wp-json\/wp\/v2\/product_brand?post=120126"},{"taxonomy":"product_cat","embeddable":true,"href":"https:\/\/www.jockel.de\/fr\/wp-json\/wp\/v2\/product_cat?post=120126"},{"taxonomy":"product_tag","embeddable":true,"href":"https:\/\/www.jockel.de\/fr\/wp-json\/wp\/v2\/product_tag?post=120126"}],"curies":[{"name":"wp","href":"https:\/\/api.w.org\/{rel}","templated":true}]}}