{"id":119295,"date":"2024-09-12T10:57:48","date_gmt":"2024-09-12T08:57:48","guid":{"rendered":"https:\/\/www.jockel.de\/?post_type=product&#038;p=119295"},"modified":"2025-09-22T10:47:22","modified_gmt":"2025-09-22T08:47:22","slug":"jockel-g6hdj-13-feuerloescher","status":"publish","type":"product","link":"https:\/\/www.jockel.de\/fr\/produit\/jockel-g6hdj-13-feuerloescher\/","title":{"rendered":"Extincteur Jockel G6HDJ 13"},"content":{"rendered":"","protected":false},"excerpt":{"rendered":"<p>L'extinction avec du gel est surtout la solution pour les incendies probl\u00e9matiques, par exemple dans l'industrie de transformation des mati\u00e8res plastiques, dans les entreprises de recyclage, dans les d\u00e9charges ou aussi en particulier pour le stockage des batteries lithium-ion.<\/p>","protected":false},"featured_media":119487,"comment_status":"closed","ping_status":"closed","template":"","meta":[],"product_brand":[],"product_cat":[1855],"product_tag":[],"class_list":{"0":"post-119295","1":"product","2":"type-product","3":"status-publish","4":"has-post-thumbnail","6":"product_cat-tragbare-feuerloescher","8":"first","9":"instock","10":"taxable","11":"shipping-taxable","12":"purchasable","13":"product-type-simple"},"yoast_head":"<!-- This site is optimized with the Yoast SEO Premium plugin v27.0 (Yoast SEO v27.4) - https:\/\/yoast.com\/product\/yoast-seo-premium-wordpress\/ -->\n<title>Jockel G6HDJ 13 Feuerl\u00f6scher &#8226; Jockel<\/title>\n<meta name=\"robots\" content=\"index, follow, max-snippet:-1, max-image-preview:large, max-video-preview:-1\" \/>\n<link rel=\"canonical\" href=\"https:\/\/www.jockel.de\/fr\/produit\/jockel-g6hdj-13-feuerloescher\/\" \/>\n<meta property=\"og:locale\" content=\"fr_FR\" \/>\n<meta property=\"og:type\" content=\"article\" \/>\n<meta property=\"og:title\" content=\"Jockel G6HDJ 13 Feuerl\u00f6scher\" \/>\n<meta property=\"og:description\" content=\"L\u00f6schen mit Gel ist vor allem die Lo\u0308sung bei Problembra\u0308nden wie z. B. in der kunststoffverarbeitenden Industrie, in Recyclingbetrieben, auf Deponien oder auch insbesondere fu\u0308r die Lagerhaltung von Lithium-Ionen-Akkus.\" \/>\n<meta property=\"og:url\" content=\"https:\/\/www.jockel.de\/fr\/produit\/jockel-g6hdj-13-feuerloescher\/\" \/>\n<meta property=\"og:site_name\" content=\"Jockel\" \/>\n<meta property=\"article:modified_time\" content=\"2025-09-22T08:47:22+00:00\" \/>\n<meta property=\"og:image\" content=\"https:\/\/www.jockel.de\/wp-content\/uploads\/2024\/09\/6407600_G_6_HDJ_13_.png\" \/>\n\t<meta property=\"og:image:width\" content=\"4300\" \/>\n\t<meta property=\"og:image:height\" content=\"4700\" \/>\n\t<meta property=\"og:image:type\" content=\"image\/png\" \/>\n<meta name=\"twitter:card\" content=\"summary_large_image\" \/>\n<meta name=\"twitter:label1\" content=\"Dur\u00e9e de lecture estim\u00e9e\" \/>\n\t<meta name=\"twitter:data1\" content=\"1 minute\" \/>\n<script type=\"application\/ld+json\" class=\"yoast-schema-graph\">{\"@context\":\"https:\\\/\\\/schema.org\",\"@graph\":[{\"@type\":\"WebPage\",\"@id\":\"https:\\\/\\\/www.jockel.de\\\/produkt\\\/jockel-g6hdj-13-feuerloescher\\\/\",\"url\":\"https:\\\/\\\/www.jockel.de\\\/produkt\\\/jockel-g6hdj-13-feuerloescher\\\/\",\"name\":\"Jockel G6HDJ 13 Feuerl\u00f6scher &#8226; Jockel\",\"isPartOf\":{\"@id\":\"https:\\\/\\\/www.jockel.de\\\/#website\"},\"primaryImageOfPage\":{\"@id\":\"https:\\\/\\\/www.jockel.de\\\/produkt\\\/jockel-g6hdj-13-feuerloescher\\\/#primaryimage\"},\"image\":{\"@id\":\"https:\\\/\\\/www.jockel.de\\\/produkt\\\/jockel-g6hdj-13-feuerloescher\\\/#primaryimage\"},\"thumbnailUrl\":\"https:\\\/\\\/www.jockel.de\\\/wp-content\\\/uploads\\\/2024\\\/09\\\/6407600_G_6_HDJ_13_.png\",\"datePublished\":\"2024-09-12T08:57:48+00:00\",\"dateModified\":\"2025-09-22T08:47:22+00:00\",\"breadcrumb\":{\"@id\":\"https:\\\/\\\/www.jockel.de\\\/produkt\\\/jockel-g6hdj-13-feuerloescher\\\/#breadcrumb\"},\"inLanguage\":\"fr-FR\",\"potentialAction\":[{\"@type\":\"ReadAction\",\"target\":[\"https:\\\/\\\/www.jockel.de\\\/produkt\\\/jockel-g6hdj-13-feuerloescher\\\/\"]}]},{\"@type\":\"ImageObject\",\"inLanguage\":\"fr-FR\",\"@id\":\"https:\\\/\\\/www.jockel.de\\\/produkt\\\/jockel-g6hdj-13-feuerloescher\\\/#primaryimage\",\"url\":\"https:\\\/\\\/www.jockel.de\\\/wp-content\\\/uploads\\\/2024\\\/09\\\/6407600_G_6_HDJ_13_.png\",\"contentUrl\":\"https:\\\/\\\/www.jockel.de\\\/wp-content\\\/uploads\\\/2024\\\/09\\\/6407600_G_6_HDJ_13_.png\",\"width\":4300,\"height\":4700},{\"@type\":\"BreadcrumbList\",\"@id\":\"https:\\\/\\\/www.jockel.de\\\/produkt\\\/jockel-g6hdj-13-feuerloescher\\\/#breadcrumb\",\"itemListElement\":[{\"@type\":\"ListItem\",\"position\":1,\"name\":\"Home\",\"item\":\"https:\\\/\\\/www.jockel.de\\\/\"},{\"@type\":\"ListItem\",\"position\":2,\"name\":\"Produkt\u00fcbersicht\",\"item\":\"https:\\\/\\\/www.jockel.de\\\/produktuebersicht\\\/\"},{\"@type\":\"ListItem\",\"position\":3,\"name\":\"Jockel G6HDJ 13 Feuerl\u00f6scher\"}]},{\"@type\":\"WebSite\",\"@id\":\"https:\\\/\\\/www.jockel.de\\\/#website\",\"url\":\"https:\\\/\\\/www.jockel.de\\\/\",\"name\":\"Feuerschutz JOCKEL\",\"description\":\"Feuerschutz\",\"publisher\":{\"@id\":\"https:\\\/\\\/www.jockel.de\\\/#organization\"},\"potentialAction\":[{\"@type\":\"SearchAction\",\"target\":{\"@type\":\"EntryPoint\",\"urlTemplate\":\"https:\\\/\\\/www.jockel.de\\\/?s={search_term_string}\"},\"query-input\":{\"@type\":\"PropertyValueSpecification\",\"valueRequired\":true,\"valueName\":\"search_term_string\"}}],\"inLanguage\":\"fr-FR\"},{\"@type\":\"Organization\",\"@id\":\"https:\\\/\\\/www.jockel.de\\\/#organization\",\"name\":\"Feuerschutz JOCKEL GmbH & Co. KG\",\"url\":\"https:\\\/\\\/www.jockel.de\\\/\",\"logo\":{\"@type\":\"ImageObject\",\"inLanguage\":\"fr-FR\",\"@id\":\"https:\\\/\\\/www.jockel.de\\\/#\\\/schema\\\/logo\\\/image\\\/\",\"url\":\"https:\\\/\\\/www.jockel.de\\\/wp-content\\\/uploads\\\/cropped-jockelfavicon-1.png\",\"contentUrl\":\"https:\\\/\\\/www.jockel.de\\\/wp-content\\\/uploads\\\/cropped-jockelfavicon-1.png\",\"width\":512,\"height\":512,\"caption\":\"Feuerschutz JOCKEL GmbH & Co. KG\"},\"image\":{\"@id\":\"https:\\\/\\\/www.jockel.de\\\/#\\\/schema\\\/logo\\\/image\\\/\"}}]}<\/script>\n<!-- \/ Yoast SEO Premium plugin. -->","yoast_head_json":{"title":"Jockel G6HDJ 13 Extincteur - Jockel","robots":{"index":"index","follow":"follow","max-snippet":"max-snippet:-1","max-image-preview":"max-image-preview:large","max-video-preview":"max-video-preview:-1"},"canonical":"https:\/\/www.jockel.de\/fr\/produit\/jockel-g6hdj-13-feuerloescher\/","og_locale":"fr_FR","og_type":"article","og_title":"Jockel G6HDJ 13 Feuerl\u00f6scher","og_description":"L\u00f6schen mit Gel ist vor allem die Lo\u0308sung bei Problembra\u0308nden wie z. B. in der kunststoffverarbeitenden Industrie, in Recyclingbetrieben, auf Deponien oder auch insbesondere fu\u0308r die Lagerhaltung von Lithium-Ionen-Akkus.","og_url":"https:\/\/www.jockel.de\/fr\/produit\/jockel-g6hdj-13-feuerloescher\/","og_site_name":"Jockel","article_modified_time":"2025-09-22T08:47:22+00:00","og_image":[{"width":4300,"height":4700,"url":"https:\/\/www.jockel.de\/wp-content\/uploads\/2024\/09\/6407600_G_6_HDJ_13_.png","type":"image\/png"}],"twitter_card":"summary_large_image","twitter_misc":{"Dur\u00e9e de lecture estim\u00e9e":"1 minute"},"schema":{"@context":"https:\/\/schema.org","@graph":[{"@type":"WebPage","@id":"https:\/\/www.jockel.de\/produkt\/jockel-g6hdj-13-feuerloescher\/","url":"https:\/\/www.jockel.de\/produkt\/jockel-g6hdj-13-feuerloescher\/","name":"Jockel G6HDJ 13 Extincteur - Jockel","isPartOf":{"@id":"https:\/\/www.jockel.de\/#website"},"primaryImageOfPage":{"@id":"https:\/\/www.jockel.de\/produkt\/jockel-g6hdj-13-feuerloescher\/#primaryimage"},"image":{"@id":"https:\/\/www.jockel.de\/produkt\/jockel-g6hdj-13-feuerloescher\/#primaryimage"},"thumbnailUrl":"https:\/\/www.jockel.de\/wp-content\/uploads\/2024\/09\/6407600_G_6_HDJ_13_.png","datePublished":"2024-09-12T08:57:48+00:00","dateModified":"2025-09-22T08:47:22+00:00","breadcrumb":{"@id":"https:\/\/www.jockel.de\/produkt\/jockel-g6hdj-13-feuerloescher\/#breadcrumb"},"inLanguage":"fr-FR","potentialAction":[{"@type":"ReadAction","target":["https:\/\/www.jockel.de\/produkt\/jockel-g6hdj-13-feuerloescher\/"]}]},{"@type":"ImageObject","inLanguage":"fr-FR","@id":"https:\/\/www.jockel.de\/produkt\/jockel-g6hdj-13-feuerloescher\/#primaryimage","url":"https:\/\/www.jockel.de\/wp-content\/uploads\/2024\/09\/6407600_G_6_HDJ_13_.png","contentUrl":"https:\/\/www.jockel.de\/wp-content\/uploads\/2024\/09\/6407600_G_6_HDJ_13_.png","width":4300,"height":4700},{"@type":"BreadcrumbList","@id":"https:\/\/www.jockel.de\/produkt\/jockel-g6hdj-13-feuerloescher\/#breadcrumb","itemListElement":[{"@type":"ListItem","position":1,"name":"Home","item":"https:\/\/www.jockel.de\/"},{"@type":"ListItem","position":2,"name":"Produkt\u00fcbersicht","item":"https:\/\/www.jockel.de\/produktuebersicht\/"},{"@type":"ListItem","position":3,"name":"Jockel G6HDJ 13 Feuerl\u00f6scher"}]},{"@type":"WebSite","@id":"https:\/\/www.jockel.de\/#website","url":"https:\/\/www.jockel.de\/","name":"Protection incendie JOCKEL","description":"Protection contre le feu","publisher":{"@id":"https:\/\/www.jockel.de\/#organization"},"potentialAction":[{"@type":"SearchAction","target":{"@type":"EntryPoint","urlTemplate":"https:\/\/www.jockel.de\/?s={search_term_string}"},"query-input":{"@type":"PropertyValueSpecification","valueRequired":true,"valueName":"search_term_string"}}],"inLanguage":"fr-FR"},{"@type":"Organization","@id":"https:\/\/www.jockel.de\/#organization","name":"Protection contre l'incendie JOCKEL GmbH &amp; Co. KG","url":"https:\/\/www.jockel.de\/","logo":{"@type":"ImageObject","inLanguage":"fr-FR","@id":"https:\/\/www.jockel.de\/#\/schema\/logo\/image\/","url":"https:\/\/www.jockel.de\/wp-content\/uploads\/cropped-jockelfavicon-1.png","contentUrl":"https:\/\/www.jockel.de\/wp-content\/uploads\/cropped-jockelfavicon-1.png","width":512,"height":512,"caption":"Feuerschutz JOCKEL GmbH & Co. KG"},"image":{"@id":"https:\/\/www.jockel.de\/#\/schema\/logo\/image\/"}}]}},"_links":{"self":[{"href":"https:\/\/www.jockel.de\/fr\/wp-json\/wp\/v2\/product\/119295","targetHints":{"allow":["GET"]}}],"collection":[{"href":"https:\/\/www.jockel.de\/fr\/wp-json\/wp\/v2\/product"}],"about":[{"href":"https:\/\/www.jockel.de\/fr\/wp-json\/wp\/v2\/types\/product"}],"replies":[{"embeddable":true,"href":"https:\/\/www.jockel.de\/fr\/wp-json\/wp\/v2\/comments?post=119295"}],"wp:featuredmedia":[{"embeddable":true,"href":"https:\/\/www.jockel.de\/fr\/wp-json\/wp\/v2\/media\/119487"}],"wp:attachment":[{"href":"https:\/\/www.jockel.de\/fr\/wp-json\/wp\/v2\/media?parent=119295"}],"wp:term":[{"taxonomy":"product_brand","embeddable":true,"href":"https:\/\/www.jockel.de\/fr\/wp-json\/wp\/v2\/product_brand?post=119295"},{"taxonomy":"product_cat","embeddable":true,"href":"https:\/\/www.jockel.de\/fr\/wp-json\/wp\/v2\/product_cat?post=119295"},{"taxonomy":"product_tag","embeddable":true,"href":"https:\/\/www.jockel.de\/fr\/wp-json\/wp\/v2\/product_tag?post=119295"}],"curies":[{"name":"wp","href":"https:\/\/api.w.org\/{rel}","templated":true}]}}