{"id":118643,"date":"2024-06-13T15:40:24","date_gmt":"2024-06-13T13:40:24","guid":{"rendered":"https:\/\/www.jockel.de\/?post_type=product&#038;p=118643"},"modified":"2025-06-12T15:51:28","modified_gmt":"2025-06-12T13:51:28","slug":"jockel-w6jx-34-feuerloescher","status":"publish","type":"product","link":"https:\/\/www.jockel.de\/fr\/produit\/jockel-w6jx-34-feuerloescher\/","title":{"rendered":"Extincteur Jockel W6JX 34"},"content":{"rendered":"","protected":false},"excerpt":{"rendered":"<p>Le principal effet d'extinction de l'eau repose sur le refroidissement. La chaleur \u00e9lev\u00e9e de l'\u00e9vaporation retire de l'\u00e9nergie au produit de l'incendie. En outre, la vapeur d'eau chasse l'oxyg\u00e8ne n\u00e9cessaire \u00e0 la combustion. L'incendie de classe A est \u00e9touff\u00e9 (effet d'extinction secondaire).<\/p>","protected":false},"featured_media":118823,"comment_status":"closed","ping_status":"closed","template":"","meta":[],"product_brand":[],"product_cat":[1855],"product_tag":[],"class_list":{"0":"post-118643","1":"product","2":"type-product","3":"status-publish","4":"has-post-thumbnail","6":"product_cat-tragbare-feuerloescher","8":"first","9":"instock","10":"taxable","11":"shipping-taxable","12":"purchasable","13":"product-type-variable"},"yoast_head":"<!-- This site is optimized with the Yoast SEO Premium plugin v27.0 (Yoast SEO v27.4) - https:\/\/yoast.com\/product\/yoast-seo-premium-wordpress\/ -->\n<title>Jockel W6JX 34 Feuerl\u00f6scher &#8226; Jockel<\/title>\n<meta name=\"robots\" content=\"index, follow, max-snippet:-1, max-image-preview:large, max-video-preview:-1\" \/>\n<link rel=\"canonical\" href=\"https:\/\/www.jockel.de\/fr\/produit\/jockel-w6jx-34-feuerloescher\/\" \/>\n<meta property=\"og:locale\" content=\"fr_FR\" \/>\n<meta property=\"og:type\" content=\"article\" \/>\n<meta property=\"og:title\" content=\"Jockel W6JX 34 Feuerl\u00f6scher\" \/>\n<meta property=\"og:description\" content=\"Die Hauptl\u00f6schwirkung von Wasser beruht auf Abk\u00fchlung. Die hohe Verdampfungsw\u00e4rme entzieht dem Brandgut Energie. Au\u00dferdem verdr\u00e4ngt der Wasserdampf den bei einer Verbrennung ben\u00f6tigten Sauerstoff. Der Brand der Brandklasse A wird erstickt (Nebenl\u00f6schwirkung).\" \/>\n<meta property=\"og:url\" content=\"https:\/\/www.jockel.de\/fr\/produit\/jockel-w6jx-34-feuerloescher\/\" \/>\n<meta property=\"og:site_name\" content=\"Jockel\" \/>\n<meta property=\"article:modified_time\" content=\"2025-06-12T13:51:28+00:00\" \/>\n<meta property=\"og:image\" content=\"https:\/\/www.jockel.de\/wp-content\/uploads\/2024\/06\/W-6-JX-34.png\" \/>\n\t<meta property=\"og:image:width\" content=\"4300\" \/>\n\t<meta property=\"og:image:height\" content=\"4700\" \/>\n\t<meta property=\"og:image:type\" content=\"image\/png\" \/>\n<meta name=\"twitter:card\" content=\"summary_large_image\" \/>\n<meta name=\"twitter:label1\" content=\"Dur\u00e9e de lecture estim\u00e9e\" \/>\n\t<meta name=\"twitter:data1\" content=\"1 minute\" \/>\n<script type=\"application\/ld+json\" class=\"yoast-schema-graph\">{\"@context\":\"https:\\\/\\\/schema.org\",\"@graph\":[{\"@type\":\"WebPage\",\"@id\":\"https:\\\/\\\/www.jockel.de\\\/produkt\\\/jockel-w6jx-34-feuerloescher\\\/\",\"url\":\"https:\\\/\\\/www.jockel.de\\\/produkt\\\/jockel-w6jx-34-feuerloescher\\\/\",\"name\":\"Jockel W6JX 34 Feuerl\u00f6scher &#8226; Jockel\",\"isPartOf\":{\"@id\":\"https:\\\/\\\/www.jockel.de\\\/#website\"},\"primaryImageOfPage\":{\"@id\":\"https:\\\/\\\/www.jockel.de\\\/produkt\\\/jockel-w6jx-34-feuerloescher\\\/#primaryimage\"},\"image\":{\"@id\":\"https:\\\/\\\/www.jockel.de\\\/produkt\\\/jockel-w6jx-34-feuerloescher\\\/#primaryimage\"},\"thumbnailUrl\":\"https:\\\/\\\/www.jockel.de\\\/wp-content\\\/uploads\\\/2024\\\/06\\\/W-6-JX-34.png\",\"datePublished\":\"2024-06-13T13:40:24+00:00\",\"dateModified\":\"2025-06-12T13:51:28+00:00\",\"breadcrumb\":{\"@id\":\"https:\\\/\\\/www.jockel.de\\\/produkt\\\/jockel-w6jx-34-feuerloescher\\\/#breadcrumb\"},\"inLanguage\":\"fr-FR\",\"potentialAction\":[{\"@type\":\"ReadAction\",\"target\":[\"https:\\\/\\\/www.jockel.de\\\/produkt\\\/jockel-w6jx-34-feuerloescher\\\/\"]}]},{\"@type\":\"ImageObject\",\"inLanguage\":\"fr-FR\",\"@id\":\"https:\\\/\\\/www.jockel.de\\\/produkt\\\/jockel-w6jx-34-feuerloescher\\\/#primaryimage\",\"url\":\"https:\\\/\\\/www.jockel.de\\\/wp-content\\\/uploads\\\/2024\\\/06\\\/W-6-JX-34.png\",\"contentUrl\":\"https:\\\/\\\/www.jockel.de\\\/wp-content\\\/uploads\\\/2024\\\/06\\\/W-6-JX-34.png\",\"width\":4300,\"height\":4700},{\"@type\":\"BreadcrumbList\",\"@id\":\"https:\\\/\\\/www.jockel.de\\\/produkt\\\/jockel-w6jx-34-feuerloescher\\\/#breadcrumb\",\"itemListElement\":[{\"@type\":\"ListItem\",\"position\":1,\"name\":\"Home\",\"item\":\"https:\\\/\\\/www.jockel.de\\\/\"},{\"@type\":\"ListItem\",\"position\":2,\"name\":\"Produkt\u00fcbersicht\",\"item\":\"https:\\\/\\\/www.jockel.de\\\/produktuebersicht\\\/\"},{\"@type\":\"ListItem\",\"position\":3,\"name\":\"Jockel W6JX 34 Feuerl\u00f6scher\"}]},{\"@type\":\"WebSite\",\"@id\":\"https:\\\/\\\/www.jockel.de\\\/#website\",\"url\":\"https:\\\/\\\/www.jockel.de\\\/\",\"name\":\"Feuerschutz JOCKEL\",\"description\":\"Feuerschutz\",\"publisher\":{\"@id\":\"https:\\\/\\\/www.jockel.de\\\/#organization\"},\"potentialAction\":[{\"@type\":\"SearchAction\",\"target\":{\"@type\":\"EntryPoint\",\"urlTemplate\":\"https:\\\/\\\/www.jockel.de\\\/?s={search_term_string}\"},\"query-input\":{\"@type\":\"PropertyValueSpecification\",\"valueRequired\":true,\"valueName\":\"search_term_string\"}}],\"inLanguage\":\"fr-FR\"},{\"@type\":\"Organization\",\"@id\":\"https:\\\/\\\/www.jockel.de\\\/#organization\",\"name\":\"Feuerschutz JOCKEL GmbH & Co. KG\",\"url\":\"https:\\\/\\\/www.jockel.de\\\/\",\"logo\":{\"@type\":\"ImageObject\",\"inLanguage\":\"fr-FR\",\"@id\":\"https:\\\/\\\/www.jockel.de\\\/#\\\/schema\\\/logo\\\/image\\\/\",\"url\":\"https:\\\/\\\/www.jockel.de\\\/wp-content\\\/uploads\\\/cropped-jockelfavicon-1.png\",\"contentUrl\":\"https:\\\/\\\/www.jockel.de\\\/wp-content\\\/uploads\\\/cropped-jockelfavicon-1.png\",\"width\":512,\"height\":512,\"caption\":\"Feuerschutz JOCKEL GmbH & Co. KG\"},\"image\":{\"@id\":\"https:\\\/\\\/www.jockel.de\\\/#\\\/schema\\\/logo\\\/image\\\/\"}}]}<\/script>\n<!-- \/ Yoast SEO Premium plugin. -->","yoast_head_json":{"title":"Jockel W6JX 34 Extincteur - Jockel","robots":{"index":"index","follow":"follow","max-snippet":"max-snippet:-1","max-image-preview":"max-image-preview:large","max-video-preview":"max-video-preview:-1"},"canonical":"https:\/\/www.jockel.de\/fr\/produit\/jockel-w6jx-34-feuerloescher\/","og_locale":"fr_FR","og_type":"article","og_title":"Jockel W6JX 34 Feuerl\u00f6scher","og_description":"Die Hauptl\u00f6schwirkung von Wasser beruht auf Abk\u00fchlung. Die hohe Verdampfungsw\u00e4rme entzieht dem Brandgut Energie. Au\u00dferdem verdr\u00e4ngt der Wasserdampf den bei einer Verbrennung ben\u00f6tigten Sauerstoff. Der Brand der Brandklasse A wird erstickt (Nebenl\u00f6schwirkung).","og_url":"https:\/\/www.jockel.de\/fr\/produit\/jockel-w6jx-34-feuerloescher\/","og_site_name":"Jockel","article_modified_time":"2025-06-12T13:51:28+00:00","og_image":[{"width":4300,"height":4700,"url":"https:\/\/www.jockel.de\/wp-content\/uploads\/2024\/06\/W-6-JX-34.png","type":"image\/png"}],"twitter_card":"summary_large_image","twitter_misc":{"Dur\u00e9e de lecture estim\u00e9e":"1 minute"},"schema":{"@context":"https:\/\/schema.org","@graph":[{"@type":"WebPage","@id":"https:\/\/www.jockel.de\/produkt\/jockel-w6jx-34-feuerloescher\/","url":"https:\/\/www.jockel.de\/produkt\/jockel-w6jx-34-feuerloescher\/","name":"Jockel W6JX 34 Extincteur - Jockel","isPartOf":{"@id":"https:\/\/www.jockel.de\/#website"},"primaryImageOfPage":{"@id":"https:\/\/www.jockel.de\/produkt\/jockel-w6jx-34-feuerloescher\/#primaryimage"},"image":{"@id":"https:\/\/www.jockel.de\/produkt\/jockel-w6jx-34-feuerloescher\/#primaryimage"},"thumbnailUrl":"https:\/\/www.jockel.de\/wp-content\/uploads\/2024\/06\/W-6-JX-34.png","datePublished":"2024-06-13T13:40:24+00:00","dateModified":"2025-06-12T13:51:28+00:00","breadcrumb":{"@id":"https:\/\/www.jockel.de\/produkt\/jockel-w6jx-34-feuerloescher\/#breadcrumb"},"inLanguage":"fr-FR","potentialAction":[{"@type":"ReadAction","target":["https:\/\/www.jockel.de\/produkt\/jockel-w6jx-34-feuerloescher\/"]}]},{"@type":"ImageObject","inLanguage":"fr-FR","@id":"https:\/\/www.jockel.de\/produkt\/jockel-w6jx-34-feuerloescher\/#primaryimage","url":"https:\/\/www.jockel.de\/wp-content\/uploads\/2024\/06\/W-6-JX-34.png","contentUrl":"https:\/\/www.jockel.de\/wp-content\/uploads\/2024\/06\/W-6-JX-34.png","width":4300,"height":4700},{"@type":"BreadcrumbList","@id":"https:\/\/www.jockel.de\/produkt\/jockel-w6jx-34-feuerloescher\/#breadcrumb","itemListElement":[{"@type":"ListItem","position":1,"name":"Home","item":"https:\/\/www.jockel.de\/"},{"@type":"ListItem","position":2,"name":"Produkt\u00fcbersicht","item":"https:\/\/www.jockel.de\/produktuebersicht\/"},{"@type":"ListItem","position":3,"name":"Jockel W6JX 34 Feuerl\u00f6scher"}]},{"@type":"WebSite","@id":"https:\/\/www.jockel.de\/#website","url":"https:\/\/www.jockel.de\/","name":"Protection incendie JOCKEL","description":"Protection contre le feu","publisher":{"@id":"https:\/\/www.jockel.de\/#organization"},"potentialAction":[{"@type":"SearchAction","target":{"@type":"EntryPoint","urlTemplate":"https:\/\/www.jockel.de\/?s={search_term_string}"},"query-input":{"@type":"PropertyValueSpecification","valueRequired":true,"valueName":"search_term_string"}}],"inLanguage":"fr-FR"},{"@type":"Organization","@id":"https:\/\/www.jockel.de\/#organization","name":"Protection contre l'incendie JOCKEL GmbH &amp; Co. KG","url":"https:\/\/www.jockel.de\/","logo":{"@type":"ImageObject","inLanguage":"fr-FR","@id":"https:\/\/www.jockel.de\/#\/schema\/logo\/image\/","url":"https:\/\/www.jockel.de\/wp-content\/uploads\/cropped-jockelfavicon-1.png","contentUrl":"https:\/\/www.jockel.de\/wp-content\/uploads\/cropped-jockelfavicon-1.png","width":512,"height":512,"caption":"Feuerschutz JOCKEL GmbH & Co. KG"},"image":{"@id":"https:\/\/www.jockel.de\/#\/schema\/logo\/image\/"}}]}},"_links":{"self":[{"href":"https:\/\/www.jockel.de\/fr\/wp-json\/wp\/v2\/product\/118643","targetHints":{"allow":["GET"]}}],"collection":[{"href":"https:\/\/www.jockel.de\/fr\/wp-json\/wp\/v2\/product"}],"about":[{"href":"https:\/\/www.jockel.de\/fr\/wp-json\/wp\/v2\/types\/product"}],"replies":[{"embeddable":true,"href":"https:\/\/www.jockel.de\/fr\/wp-json\/wp\/v2\/comments?post=118643"}],"wp:featuredmedia":[{"embeddable":true,"href":"https:\/\/www.jockel.de\/fr\/wp-json\/wp\/v2\/media\/118823"}],"wp:attachment":[{"href":"https:\/\/www.jockel.de\/fr\/wp-json\/wp\/v2\/media?parent=118643"}],"wp:term":[{"taxonomy":"product_brand","embeddable":true,"href":"https:\/\/www.jockel.de\/fr\/wp-json\/wp\/v2\/product_brand?post=118643"},{"taxonomy":"product_cat","embeddable":true,"href":"https:\/\/www.jockel.de\/fr\/wp-json\/wp\/v2\/product_cat?post=118643"},{"taxonomy":"product_tag","embeddable":true,"href":"https:\/\/www.jockel.de\/fr\/wp-json\/wp\/v2\/product_tag?post=118643"}],"curies":[{"name":"wp","href":"https:\/\/api.w.org\/{rel}","templated":true}]}}