{"id":117420,"date":"2024-04-10T10:48:57","date_gmt":"2024-04-10T08:48:57","guid":{"rendered":"https:\/\/www.jockel.de\/?post_type=product&#038;p=117420"},"modified":"2025-07-10T11:56:00","modified_gmt":"2025-07-10T09:56:00","slug":"jockel-s6jxar-green-21-feuerloescher","status":"publish","type":"product","link":"https:\/\/www.jockel.de\/fr\/produit\/jockel-s6jxar-green-21-feuerloescher\/","title":{"rendered":"Extincteur Jockel S6JXAR GREEN 21"},"content":{"rendered":"","protected":false},"excerpt":{"rendered":"<p>La mousse Jockel JoMix AB-AR est une mousse r\u00e9sistante \u00e0 l'alcool qui convient \u00e0 l'extinction des incendies polaires. Lors de l'extinction d'incendies polaires, elle forme un film polym\u00e8re entre le produit en feu et la mousse d'extinction. De cette mani\u00e8re, la mousse d'extinction n'est pas d\u00e9truite par l'alcool du liquide en feu et peut d\u00e9ployer pleinement son effet extincteur gr\u00e2ce \u00e0 une couverture de mousse ferm\u00e9e inhibant l'oxyg\u00e8ne.<\/p>","protected":false},"featured_media":117752,"comment_status":"closed","ping_status":"closed","template":"","meta":[],"product_brand":[],"product_cat":[1855],"product_tag":[],"class_list":{"0":"post-117420","1":"product","2":"type-product","3":"status-publish","4":"has-post-thumbnail","6":"product_cat-tragbare-feuerloescher","8":"first","9":"instock","10":"taxable","11":"shipping-taxable","12":"purchasable","13":"product-type-simple"},"yoast_head":"<!-- This site is optimized with the Yoast SEO Premium plugin v27.0 (Yoast SEO v27.4) - https:\/\/yoast.com\/product\/yoast-seo-premium-wordpress\/ -->\n<title>Jockel S6JXAR GREEN 21 Feuerl\u00f6scher &#8226; Jockel<\/title>\n<meta name=\"robots\" content=\"index, follow, max-snippet:-1, max-image-preview:large, max-video-preview:-1\" \/>\n<link rel=\"canonical\" href=\"https:\/\/www.jockel.de\/fr\/produit\/jockel-s6jxar-green-21-feuerloescher\/\" \/>\n<meta property=\"og:locale\" content=\"fr_FR\" \/>\n<meta property=\"og:type\" content=\"article\" \/>\n<meta property=\"og:title\" content=\"Jockel S6JXAR GREEN 21 Feuerl\u00f6scher\" \/>\n<meta property=\"og:description\" content=\"Der Jockel-Schaum JoMix AB-AR ist ein alkoholbest\u00e4ndiger Schaum, welcher zum L\u00f6schen von polaren Br\u00e4nden geeignet ist. Dieser bildet beim L\u00f6schen polarer Br\u00e4nde einen Polymerfilm zwischen dem Brandgut und dem L\u00f6schschaum. Auf diese Weise wird der L\u00f6schschaum nicht durch den Alkohol der brennenden Fl\u00fcssigkeit zerst\u00f6rt und kann seine L\u00f6schwirkung durch eine geschlossene sauerstoffhemmende Schaumdecke voll entfalten.\" \/>\n<meta property=\"og:url\" content=\"https:\/\/www.jockel.de\/fr\/produit\/jockel-s6jxar-green-21-feuerloescher\/\" \/>\n<meta property=\"og:site_name\" content=\"Jockel\" \/>\n<meta property=\"article:modified_time\" content=\"2025-07-10T09:56:00+00:00\" \/>\n<meta property=\"og:image\" content=\"https:\/\/www.jockel.de\/wp-content\/uploads\/2024\/04\/6800500_S_6_JX_AR_GREEN21.20240419140641452-1024x1024.png\" \/>\n\t<meta property=\"og:image:width\" content=\"1024\" \/>\n\t<meta property=\"og:image:height\" content=\"1024\" \/>\n\t<meta property=\"og:image:type\" content=\"image\/png\" \/>\n<meta name=\"twitter:card\" content=\"summary_large_image\" \/>\n<meta name=\"twitter:label1\" content=\"Dur\u00e9e de lecture estim\u00e9e\" \/>\n\t<meta name=\"twitter:data1\" content=\"1 minute\" \/>\n<script type=\"application\/ld+json\" class=\"yoast-schema-graph\">{\"@context\":\"https:\\\/\\\/schema.org\",\"@graph\":[{\"@type\":\"WebPage\",\"@id\":\"https:\\\/\\\/www.jockel.de\\\/produkt\\\/jockel-s6jxar-green-21-feuerloescher\\\/\",\"url\":\"https:\\\/\\\/www.jockel.de\\\/produkt\\\/jockel-s6jxar-green-21-feuerloescher\\\/\",\"name\":\"Jockel S6JXAR GREEN 21 Feuerl\u00f6scher &#8226; Jockel\",\"isPartOf\":{\"@id\":\"https:\\\/\\\/www.jockel.de\\\/#website\"},\"primaryImageOfPage\":{\"@id\":\"https:\\\/\\\/www.jockel.de\\\/produkt\\\/jockel-s6jxar-green-21-feuerloescher\\\/#primaryimage\"},\"image\":{\"@id\":\"https:\\\/\\\/www.jockel.de\\\/produkt\\\/jockel-s6jxar-green-21-feuerloescher\\\/#primaryimage\"},\"thumbnailUrl\":\"https:\\\/\\\/www.jockel.de\\\/wp-content\\\/uploads\\\/2024\\\/04\\\/6800500_S_6_JX_AR_GREEN21.20240419140641452.png\",\"datePublished\":\"2024-04-10T08:48:57+00:00\",\"dateModified\":\"2025-07-10T09:56:00+00:00\",\"breadcrumb\":{\"@id\":\"https:\\\/\\\/www.jockel.de\\\/produkt\\\/jockel-s6jxar-green-21-feuerloescher\\\/#breadcrumb\"},\"inLanguage\":\"fr-FR\",\"potentialAction\":[{\"@type\":\"ReadAction\",\"target\":[\"https:\\\/\\\/www.jockel.de\\\/produkt\\\/jockel-s6jxar-green-21-feuerloescher\\\/\"]}]},{\"@type\":\"ImageObject\",\"inLanguage\":\"fr-FR\",\"@id\":\"https:\\\/\\\/www.jockel.de\\\/produkt\\\/jockel-s6jxar-green-21-feuerloescher\\\/#primaryimage\",\"url\":\"https:\\\/\\\/www.jockel.de\\\/wp-content\\\/uploads\\\/2024\\\/04\\\/6800500_S_6_JX_AR_GREEN21.20240419140641452.png\",\"contentUrl\":\"https:\\\/\\\/www.jockel.de\\\/wp-content\\\/uploads\\\/2024\\\/04\\\/6800500_S_6_JX_AR_GREEN21.20240419140641452.png\",\"width\":4000,\"height\":4000},{\"@type\":\"BreadcrumbList\",\"@id\":\"https:\\\/\\\/www.jockel.de\\\/produkt\\\/jockel-s6jxar-green-21-feuerloescher\\\/#breadcrumb\",\"itemListElement\":[{\"@type\":\"ListItem\",\"position\":1,\"name\":\"Home\",\"item\":\"https:\\\/\\\/www.jockel.de\\\/\"},{\"@type\":\"ListItem\",\"position\":2,\"name\":\"Produkt\u00fcbersicht\",\"item\":\"https:\\\/\\\/www.jockel.de\\\/produktuebersicht\\\/\"},{\"@type\":\"ListItem\",\"position\":3,\"name\":\"Jockel S6JXAR GREEN 21 Feuerl\u00f6scher\"}]},{\"@type\":\"WebSite\",\"@id\":\"https:\\\/\\\/www.jockel.de\\\/#website\",\"url\":\"https:\\\/\\\/www.jockel.de\\\/\",\"name\":\"Feuerschutz JOCKEL\",\"description\":\"Feuerschutz\",\"publisher\":{\"@id\":\"https:\\\/\\\/www.jockel.de\\\/#organization\"},\"potentialAction\":[{\"@type\":\"SearchAction\",\"target\":{\"@type\":\"EntryPoint\",\"urlTemplate\":\"https:\\\/\\\/www.jockel.de\\\/?s={search_term_string}\"},\"query-input\":{\"@type\":\"PropertyValueSpecification\",\"valueRequired\":true,\"valueName\":\"search_term_string\"}}],\"inLanguage\":\"fr-FR\"},{\"@type\":\"Organization\",\"@id\":\"https:\\\/\\\/www.jockel.de\\\/#organization\",\"name\":\"Feuerschutz JOCKEL GmbH & Co. KG\",\"url\":\"https:\\\/\\\/www.jockel.de\\\/\",\"logo\":{\"@type\":\"ImageObject\",\"inLanguage\":\"fr-FR\",\"@id\":\"https:\\\/\\\/www.jockel.de\\\/#\\\/schema\\\/logo\\\/image\\\/\",\"url\":\"https:\\\/\\\/www.jockel.de\\\/wp-content\\\/uploads\\\/cropped-jockelfavicon-1.png\",\"contentUrl\":\"https:\\\/\\\/www.jockel.de\\\/wp-content\\\/uploads\\\/cropped-jockelfavicon-1.png\",\"width\":512,\"height\":512,\"caption\":\"Feuerschutz JOCKEL GmbH & Co. KG\"},\"image\":{\"@id\":\"https:\\\/\\\/www.jockel.de\\\/#\\\/schema\\\/logo\\\/image\\\/\"}}]}<\/script>\n<!-- \/ Yoast SEO Premium plugin. -->","yoast_head_json":{"title":"Jockel S6JXAR GREEN 21 Extincteur - Jockel","robots":{"index":"index","follow":"follow","max-snippet":"max-snippet:-1","max-image-preview":"max-image-preview:large","max-video-preview":"max-video-preview:-1"},"canonical":"https:\/\/www.jockel.de\/fr\/produit\/jockel-s6jxar-green-21-feuerloescher\/","og_locale":"fr_FR","og_type":"article","og_title":"Jockel S6JXAR GREEN 21 Feuerl\u00f6scher","og_description":"Der Jockel-Schaum JoMix AB-AR ist ein alkoholbest\u00e4ndiger Schaum, welcher zum L\u00f6schen von polaren Br\u00e4nden geeignet ist. Dieser bildet beim L\u00f6schen polarer Br\u00e4nde einen Polymerfilm zwischen dem Brandgut und dem L\u00f6schschaum. Auf diese Weise wird der L\u00f6schschaum nicht durch den Alkohol der brennenden Fl\u00fcssigkeit zerst\u00f6rt und kann seine L\u00f6schwirkung durch eine geschlossene sauerstoffhemmende Schaumdecke voll entfalten.","og_url":"https:\/\/www.jockel.de\/fr\/produit\/jockel-s6jxar-green-21-feuerloescher\/","og_site_name":"Jockel","article_modified_time":"2025-07-10T09:56:00+00:00","og_image":[{"width":1024,"height":1024,"url":"https:\/\/www.jockel.de\/wp-content\/uploads\/2024\/04\/6800500_S_6_JX_AR_GREEN21.20240419140641452-1024x1024.png","type":"image\/png"}],"twitter_card":"summary_large_image","twitter_misc":{"Dur\u00e9e de lecture estim\u00e9e":"1 minute"},"schema":{"@context":"https:\/\/schema.org","@graph":[{"@type":"WebPage","@id":"https:\/\/www.jockel.de\/produkt\/jockel-s6jxar-green-21-feuerloescher\/","url":"https:\/\/www.jockel.de\/produkt\/jockel-s6jxar-green-21-feuerloescher\/","name":"Jockel S6JXAR GREEN 21 Extincteur - Jockel","isPartOf":{"@id":"https:\/\/www.jockel.de\/#website"},"primaryImageOfPage":{"@id":"https:\/\/www.jockel.de\/produkt\/jockel-s6jxar-green-21-feuerloescher\/#primaryimage"},"image":{"@id":"https:\/\/www.jockel.de\/produkt\/jockel-s6jxar-green-21-feuerloescher\/#primaryimage"},"thumbnailUrl":"https:\/\/www.jockel.de\/wp-content\/uploads\/2024\/04\/6800500_S_6_JX_AR_GREEN21.20240419140641452.png","datePublished":"2024-04-10T08:48:57+00:00","dateModified":"2025-07-10T09:56:00+00:00","breadcrumb":{"@id":"https:\/\/www.jockel.de\/produkt\/jockel-s6jxar-green-21-feuerloescher\/#breadcrumb"},"inLanguage":"fr-FR","potentialAction":[{"@type":"ReadAction","target":["https:\/\/www.jockel.de\/produkt\/jockel-s6jxar-green-21-feuerloescher\/"]}]},{"@type":"ImageObject","inLanguage":"fr-FR","@id":"https:\/\/www.jockel.de\/produkt\/jockel-s6jxar-green-21-feuerloescher\/#primaryimage","url":"https:\/\/www.jockel.de\/wp-content\/uploads\/2024\/04\/6800500_S_6_JX_AR_GREEN21.20240419140641452.png","contentUrl":"https:\/\/www.jockel.de\/wp-content\/uploads\/2024\/04\/6800500_S_6_JX_AR_GREEN21.20240419140641452.png","width":4000,"height":4000},{"@type":"BreadcrumbList","@id":"https:\/\/www.jockel.de\/produkt\/jockel-s6jxar-green-21-feuerloescher\/#breadcrumb","itemListElement":[{"@type":"ListItem","position":1,"name":"Home","item":"https:\/\/www.jockel.de\/"},{"@type":"ListItem","position":2,"name":"Produkt\u00fcbersicht","item":"https:\/\/www.jockel.de\/produktuebersicht\/"},{"@type":"ListItem","position":3,"name":"Jockel S6JXAR GREEN 21 Feuerl\u00f6scher"}]},{"@type":"WebSite","@id":"https:\/\/www.jockel.de\/#website","url":"https:\/\/www.jockel.de\/","name":"Protection incendie JOCKEL","description":"Protection contre le feu","publisher":{"@id":"https:\/\/www.jockel.de\/#organization"},"potentialAction":[{"@type":"SearchAction","target":{"@type":"EntryPoint","urlTemplate":"https:\/\/www.jockel.de\/?s={search_term_string}"},"query-input":{"@type":"PropertyValueSpecification","valueRequired":true,"valueName":"search_term_string"}}],"inLanguage":"fr-FR"},{"@type":"Organization","@id":"https:\/\/www.jockel.de\/#organization","name":"Protection contre l'incendie JOCKEL GmbH &amp; Co. KG","url":"https:\/\/www.jockel.de\/","logo":{"@type":"ImageObject","inLanguage":"fr-FR","@id":"https:\/\/www.jockel.de\/#\/schema\/logo\/image\/","url":"https:\/\/www.jockel.de\/wp-content\/uploads\/cropped-jockelfavicon-1.png","contentUrl":"https:\/\/www.jockel.de\/wp-content\/uploads\/cropped-jockelfavicon-1.png","width":512,"height":512,"caption":"Feuerschutz JOCKEL GmbH & Co. KG"},"image":{"@id":"https:\/\/www.jockel.de\/#\/schema\/logo\/image\/"}}]}},"_links":{"self":[{"href":"https:\/\/www.jockel.de\/fr\/wp-json\/wp\/v2\/product\/117420","targetHints":{"allow":["GET"]}}],"collection":[{"href":"https:\/\/www.jockel.de\/fr\/wp-json\/wp\/v2\/product"}],"about":[{"href":"https:\/\/www.jockel.de\/fr\/wp-json\/wp\/v2\/types\/product"}],"replies":[{"embeddable":true,"href":"https:\/\/www.jockel.de\/fr\/wp-json\/wp\/v2\/comments?post=117420"}],"wp:featuredmedia":[{"embeddable":true,"href":"https:\/\/www.jockel.de\/fr\/wp-json\/wp\/v2\/media\/117752"}],"wp:attachment":[{"href":"https:\/\/www.jockel.de\/fr\/wp-json\/wp\/v2\/media?parent=117420"}],"wp:term":[{"taxonomy":"product_brand","embeddable":true,"href":"https:\/\/www.jockel.de\/fr\/wp-json\/wp\/v2\/product_brand?post=117420"},{"taxonomy":"product_cat","embeddable":true,"href":"https:\/\/www.jockel.de\/fr\/wp-json\/wp\/v2\/product_cat?post=117420"},{"taxonomy":"product_tag","embeddable":true,"href":"https:\/\/www.jockel.de\/fr\/wp-json\/wp\/v2\/product_tag?post=117420"}],"curies":[{"name":"wp","href":"https:\/\/api.w.org\/{rel}","templated":true}]}}