{"id":117155,"date":"2024-04-04T14:59:10","date_gmt":"2024-04-04T12:59:10","guid":{"rendered":"https:\/\/www.jockel.de\/?post_type=product&#038;p=117155"},"modified":"2024-10-09T15:08:40","modified_gmt":"2024-10-09T13:08:40","slug":"s6djlm-21-green-2-0","status":"publish","type":"product","link":"https:\/\/www.jockel.de\/fr\/produit\/s6djlm-21-green-2-0\/","title":{"rendered":"Extincteur Jockel S6DJLM 21 GREEN 2.0"},"content":{"rendered":"","protected":false},"excerpt":{"rendered":"<p class=\"p1\">Les nouveaux extincteurs \u00e0 mousse JOCKEL GREEN 2.0 repr\u00e9sentent un progr\u00e8s significatif dans la lutte contre les incendies respectueuse de l'environnement. Ils ne contiennent pas de fluor et sont enti\u00e8rement d\u00e9pourvus de PFAS, ce qui en fait l'une des options les plus respectueuses de l'environnement sur le march\u00e9.<\/p>","protected":false},"featured_media":118908,"comment_status":"closed","ping_status":"closed","template":"","meta":[],"product_brand":[],"product_cat":[1855],"product_tag":[],"class_list":{"0":"post-117155","1":"product","2":"type-product","3":"status-publish","4":"has-post-thumbnail","6":"product_cat-tragbare-feuerloescher","8":"first","9":"instock","10":"taxable","11":"shipping-taxable","12":"purchasable","13":"product-type-simple"},"yoast_head":"<!-- This site is optimized with the Yoast SEO Premium plugin v27.0 (Yoast SEO v27.4) - https:\/\/yoast.com\/product\/yoast-seo-premium-wordpress\/ -->\n<title>Jockel S6DJLM 21 GREEN 2.0 Feuerl\u00f6scher &#8226; Jockel<\/title>\n<meta name=\"robots\" content=\"index, follow, max-snippet:-1, max-image-preview:large, max-video-preview:-1\" \/>\n<link rel=\"canonical\" href=\"https:\/\/www.jockel.de\/fr\/produit\/s6djlm-21-green-2-0\/\" \/>\n<meta property=\"og:locale\" content=\"fr_FR\" \/>\n<meta property=\"og:type\" content=\"article\" \/>\n<meta property=\"og:title\" content=\"Jockel S6DJLM 21 GREEN 2.0 Feuerl\u00f6scher\" \/>\n<meta property=\"og:description\" content=\"Die neuen JOCKEL GREEN 2.0 Schaumfeuerl\u00f6scher stellen einen bedeutenden Fortschritt in der umweltfreundlichen Brandbek\u00e4mpfung dar. Sie sind fluorfrei und kommen vollst\u00e4ndig ohne PFAS aus, was sie zu einer der umweltvertr\u00e4glichsten Optionen auf dem Markt macht.\" \/>\n<meta property=\"og:url\" content=\"https:\/\/www.jockel.de\/fr\/produit\/s6djlm-21-green-2-0\/\" \/>\n<meta property=\"og:site_name\" content=\"Jockel\" \/>\n<meta property=\"article:modified_time\" content=\"2024-10-09T13:08:40+00:00\" \/>\n<meta property=\"og:image\" content=\"https:\/\/www.jockel.de\/wp-content\/uploads\/2024\/06\/S-6-DJLM-21-Green-2-0.png\" \/>\n\t<meta property=\"og:image:width\" content=\"4300\" \/>\n\t<meta property=\"og:image:height\" content=\"4700\" \/>\n\t<meta property=\"og:image:type\" content=\"image\/png\" \/>\n<meta name=\"twitter:card\" content=\"summary_large_image\" \/>\n<meta name=\"twitter:label1\" content=\"Dur\u00e9e de lecture estim\u00e9e\" \/>\n\t<meta name=\"twitter:data1\" content=\"1 minute\" \/>\n<script type=\"application\/ld+json\" class=\"yoast-schema-graph\">{\"@context\":\"https:\\\/\\\/schema.org\",\"@graph\":[{\"@type\":\"WebPage\",\"@id\":\"https:\\\/\\\/www.jockel.de\\\/produkt\\\/s6djlm-21-green-2-0\\\/\",\"url\":\"https:\\\/\\\/www.jockel.de\\\/produkt\\\/s6djlm-21-green-2-0\\\/\",\"name\":\"Jockel S6DJLM 21 GREEN 2.0 Feuerl\u00f6scher &#8226; Jockel\",\"isPartOf\":{\"@id\":\"https:\\\/\\\/www.jockel.de\\\/#website\"},\"primaryImageOfPage\":{\"@id\":\"https:\\\/\\\/www.jockel.de\\\/produkt\\\/s6djlm-21-green-2-0\\\/#primaryimage\"},\"image\":{\"@id\":\"https:\\\/\\\/www.jockel.de\\\/produkt\\\/s6djlm-21-green-2-0\\\/#primaryimage\"},\"thumbnailUrl\":\"https:\\\/\\\/www.jockel.de\\\/wp-content\\\/uploads\\\/2024\\\/06\\\/S-6-DJLM-21-Green-2-0.png\",\"datePublished\":\"2024-04-04T12:59:10+00:00\",\"dateModified\":\"2024-10-09T13:08:40+00:00\",\"breadcrumb\":{\"@id\":\"https:\\\/\\\/www.jockel.de\\\/produkt\\\/s6djlm-21-green-2-0\\\/#breadcrumb\"},\"inLanguage\":\"fr-FR\",\"potentialAction\":[{\"@type\":\"ReadAction\",\"target\":[\"https:\\\/\\\/www.jockel.de\\\/produkt\\\/s6djlm-21-green-2-0\\\/\"]}]},{\"@type\":\"ImageObject\",\"inLanguage\":\"fr-FR\",\"@id\":\"https:\\\/\\\/www.jockel.de\\\/produkt\\\/s6djlm-21-green-2-0\\\/#primaryimage\",\"url\":\"https:\\\/\\\/www.jockel.de\\\/wp-content\\\/uploads\\\/2024\\\/06\\\/S-6-DJLM-21-Green-2-0.png\",\"contentUrl\":\"https:\\\/\\\/www.jockel.de\\\/wp-content\\\/uploads\\\/2024\\\/06\\\/S-6-DJLM-21-Green-2-0.png\",\"width\":4300,\"height\":4700},{\"@type\":\"BreadcrumbList\",\"@id\":\"https:\\\/\\\/www.jockel.de\\\/produkt\\\/s6djlm-21-green-2-0\\\/#breadcrumb\",\"itemListElement\":[{\"@type\":\"ListItem\",\"position\":1,\"name\":\"Home\",\"item\":\"https:\\\/\\\/www.jockel.de\\\/\"},{\"@type\":\"ListItem\",\"position\":2,\"name\":\"Produkt\u00fcbersicht\",\"item\":\"https:\\\/\\\/www.jockel.de\\\/produktuebersicht\\\/\"},{\"@type\":\"ListItem\",\"position\":3,\"name\":\"Jockel S6DJLM 21 GREEN 2.0 Feuerl\u00f6scher\"}]},{\"@type\":\"WebSite\",\"@id\":\"https:\\\/\\\/www.jockel.de\\\/#website\",\"url\":\"https:\\\/\\\/www.jockel.de\\\/\",\"name\":\"Feuerschutz JOCKEL\",\"description\":\"Feuerschutz\",\"publisher\":{\"@id\":\"https:\\\/\\\/www.jockel.de\\\/#organization\"},\"potentialAction\":[{\"@type\":\"SearchAction\",\"target\":{\"@type\":\"EntryPoint\",\"urlTemplate\":\"https:\\\/\\\/www.jockel.de\\\/?s={search_term_string}\"},\"query-input\":{\"@type\":\"PropertyValueSpecification\",\"valueRequired\":true,\"valueName\":\"search_term_string\"}}],\"inLanguage\":\"fr-FR\"},{\"@type\":\"Organization\",\"@id\":\"https:\\\/\\\/www.jockel.de\\\/#organization\",\"name\":\"Feuerschutz JOCKEL GmbH & Co. KG\",\"url\":\"https:\\\/\\\/www.jockel.de\\\/\",\"logo\":{\"@type\":\"ImageObject\",\"inLanguage\":\"fr-FR\",\"@id\":\"https:\\\/\\\/www.jockel.de\\\/#\\\/schema\\\/logo\\\/image\\\/\",\"url\":\"https:\\\/\\\/www.jockel.de\\\/wp-content\\\/uploads\\\/cropped-jockelfavicon-1.png\",\"contentUrl\":\"https:\\\/\\\/www.jockel.de\\\/wp-content\\\/uploads\\\/cropped-jockelfavicon-1.png\",\"width\":512,\"height\":512,\"caption\":\"Feuerschutz JOCKEL GmbH & Co. KG\"},\"image\":{\"@id\":\"https:\\\/\\\/www.jockel.de\\\/#\\\/schema\\\/logo\\\/image\\\/\"}}]}<\/script>\n<!-- \/ Yoast SEO Premium plugin. -->","yoast_head_json":{"title":"Jockel S6DJLM 21 GREEN 2.0 Extincteur - Jockel","robots":{"index":"index","follow":"follow","max-snippet":"max-snippet:-1","max-image-preview":"max-image-preview:large","max-video-preview":"max-video-preview:-1"},"canonical":"https:\/\/www.jockel.de\/fr\/produit\/s6djlm-21-green-2-0\/","og_locale":"fr_FR","og_type":"article","og_title":"Jockel S6DJLM 21 GREEN 2.0 Feuerl\u00f6scher","og_description":"Die neuen JOCKEL GREEN 2.0 Schaumfeuerl\u00f6scher stellen einen bedeutenden Fortschritt in der umweltfreundlichen Brandbek\u00e4mpfung dar. Sie sind fluorfrei und kommen vollst\u00e4ndig ohne PFAS aus, was sie zu einer der umweltvertr\u00e4glichsten Optionen auf dem Markt macht.","og_url":"https:\/\/www.jockel.de\/fr\/produit\/s6djlm-21-green-2-0\/","og_site_name":"Jockel","article_modified_time":"2024-10-09T13:08:40+00:00","og_image":[{"width":4300,"height":4700,"url":"https:\/\/www.jockel.de\/wp-content\/uploads\/2024\/06\/S-6-DJLM-21-Green-2-0.png","type":"image\/png"}],"twitter_card":"summary_large_image","twitter_misc":{"Dur\u00e9e de lecture estim\u00e9e":"1 minute"},"schema":{"@context":"https:\/\/schema.org","@graph":[{"@type":"WebPage","@id":"https:\/\/www.jockel.de\/produkt\/s6djlm-21-green-2-0\/","url":"https:\/\/www.jockel.de\/produkt\/s6djlm-21-green-2-0\/","name":"Jockel S6DJLM 21 GREEN 2.0 Extincteur - Jockel","isPartOf":{"@id":"https:\/\/www.jockel.de\/#website"},"primaryImageOfPage":{"@id":"https:\/\/www.jockel.de\/produkt\/s6djlm-21-green-2-0\/#primaryimage"},"image":{"@id":"https:\/\/www.jockel.de\/produkt\/s6djlm-21-green-2-0\/#primaryimage"},"thumbnailUrl":"https:\/\/www.jockel.de\/wp-content\/uploads\/2024\/06\/S-6-DJLM-21-Green-2-0.png","datePublished":"2024-04-04T12:59:10+00:00","dateModified":"2024-10-09T13:08:40+00:00","breadcrumb":{"@id":"https:\/\/www.jockel.de\/produkt\/s6djlm-21-green-2-0\/#breadcrumb"},"inLanguage":"fr-FR","potentialAction":[{"@type":"ReadAction","target":["https:\/\/www.jockel.de\/produkt\/s6djlm-21-green-2-0\/"]}]},{"@type":"ImageObject","inLanguage":"fr-FR","@id":"https:\/\/www.jockel.de\/produkt\/s6djlm-21-green-2-0\/#primaryimage","url":"https:\/\/www.jockel.de\/wp-content\/uploads\/2024\/06\/S-6-DJLM-21-Green-2-0.png","contentUrl":"https:\/\/www.jockel.de\/wp-content\/uploads\/2024\/06\/S-6-DJLM-21-Green-2-0.png","width":4300,"height":4700},{"@type":"BreadcrumbList","@id":"https:\/\/www.jockel.de\/produkt\/s6djlm-21-green-2-0\/#breadcrumb","itemListElement":[{"@type":"ListItem","position":1,"name":"Home","item":"https:\/\/www.jockel.de\/"},{"@type":"ListItem","position":2,"name":"Produkt\u00fcbersicht","item":"https:\/\/www.jockel.de\/produktuebersicht\/"},{"@type":"ListItem","position":3,"name":"Jockel S6DJLM 21 GREEN 2.0 Feuerl\u00f6scher"}]},{"@type":"WebSite","@id":"https:\/\/www.jockel.de\/#website","url":"https:\/\/www.jockel.de\/","name":"Protection incendie JOCKEL","description":"Protection contre le feu","publisher":{"@id":"https:\/\/www.jockel.de\/#organization"},"potentialAction":[{"@type":"SearchAction","target":{"@type":"EntryPoint","urlTemplate":"https:\/\/www.jockel.de\/?s={search_term_string}"},"query-input":{"@type":"PropertyValueSpecification","valueRequired":true,"valueName":"search_term_string"}}],"inLanguage":"fr-FR"},{"@type":"Organization","@id":"https:\/\/www.jockel.de\/#organization","name":"Protection contre l'incendie JOCKEL GmbH &amp; Co. KG","url":"https:\/\/www.jockel.de\/","logo":{"@type":"ImageObject","inLanguage":"fr-FR","@id":"https:\/\/www.jockel.de\/#\/schema\/logo\/image\/","url":"https:\/\/www.jockel.de\/wp-content\/uploads\/cropped-jockelfavicon-1.png","contentUrl":"https:\/\/www.jockel.de\/wp-content\/uploads\/cropped-jockelfavicon-1.png","width":512,"height":512,"caption":"Feuerschutz JOCKEL GmbH & Co. KG"},"image":{"@id":"https:\/\/www.jockel.de\/#\/schema\/logo\/image\/"}}]}},"_links":{"self":[{"href":"https:\/\/www.jockel.de\/fr\/wp-json\/wp\/v2\/product\/117155","targetHints":{"allow":["GET"]}}],"collection":[{"href":"https:\/\/www.jockel.de\/fr\/wp-json\/wp\/v2\/product"}],"about":[{"href":"https:\/\/www.jockel.de\/fr\/wp-json\/wp\/v2\/types\/product"}],"replies":[{"embeddable":true,"href":"https:\/\/www.jockel.de\/fr\/wp-json\/wp\/v2\/comments?post=117155"}],"wp:featuredmedia":[{"embeddable":true,"href":"https:\/\/www.jockel.de\/fr\/wp-json\/wp\/v2\/media\/118908"}],"wp:attachment":[{"href":"https:\/\/www.jockel.de\/fr\/wp-json\/wp\/v2\/media?parent=117155"}],"wp:term":[{"taxonomy":"product_brand","embeddable":true,"href":"https:\/\/www.jockel.de\/fr\/wp-json\/wp\/v2\/product_brand?post=117155"},{"taxonomy":"product_cat","embeddable":true,"href":"https:\/\/www.jockel.de\/fr\/wp-json\/wp\/v2\/product_cat?post=117155"},{"taxonomy":"product_tag","embeddable":true,"href":"https:\/\/www.jockel.de\/fr\/wp-json\/wp\/v2\/product_tag?post=117155"}],"curies":[{"name":"wp","href":"https:\/\/api.w.org\/{rel}","templated":true}]}}