{"id":9456,"date":"2021-02-10T15:06:35","date_gmt":"2021-02-10T14:06:35","guid":{"rendered":"https:\/\/www.jockel.de\/?page_id=9456"},"modified":"2021-10-17T22:18:19","modified_gmt":"2021-10-17T20:18:19","slug":"wandhydranten","status":"publish","type":"page","link":"https:\/\/www.jockel.de\/fr\/produkte\/wandhydranten\/","title":{"rendered":"Rampes d'incendie murales"},"content":{"rendered":"\t\t<div data-elementor-type=\"wp-page\" data-elementor-id=\"9456\" class=\"elementor elementor-9456\" data-elementor-post-type=\"page\">\n\t\t\t\t\t\t<section class=\"elementor-section elementor-top-section elementor-element elementor-element-244b2dbb elementor-section-boxed elementor-section-height-default elementor-section-height-default\" data-id=\"244b2dbb\" data-element_type=\"section\">\n\t\t\t\t\t\t<div class=\"elementor-container elementor-column-gap-default\">\n\t\t\t\t\t<div class=\"elementor-column elementor-col-100 elementor-top-column elementor-element elementor-element-63603d69\" data-id=\"63603d69\" data-element_type=\"column\">\n\t\t\t<div class=\"elementor-widget-wrap elementor-element-populated\">\n\t\t\t\t\t\t<div class=\"elementor-element elementor-element-9aefe86 elementor-widget elementor-widget-heading\" data-id=\"9aefe86\" data-element_type=\"widget\" data-widget_type=\"heading.default\">\n\t\t\t\t<div class=\"elementor-widget-container\">\n\t\t\t\t\t<h1 class=\"elementor-heading-title elementor-size-default\">Wandhydranten<\/h1>\t\t\t\t<\/div>\n\t\t\t\t<\/div>\n\t\t\t\t<div class=\"elementor-element elementor-element-7dfbae43 elementor-widget elementor-widget-heading\" data-id=\"7dfbae43\" data-element_type=\"widget\" data-widget_type=\"heading.default\">\n\t\t\t\t<div class=\"elementor-widget-container\">\n\t\t\t\t\t<h1 class=\"elementor-heading-title elementor-size-default\">Wasser Marsch!<\/h1>\t\t\t\t<\/div>\n\t\t\t\t<\/div>\n\t\t\t\t\t<\/div>\n\t\t<\/div>\n\t\t\t\t\t<\/div>\n\t\t<\/section>\n\t\t\t\t<section class=\"elementor-section elementor-top-section elementor-element elementor-element-5977c090 elementor-section-boxed elementor-section-height-default elementor-section-height-default\" data-id=\"5977c090\" data-element_type=\"section\">\n\t\t\t\t\t\t<div class=\"elementor-container elementor-column-gap-default\">\n\t\t\t\t\t<div class=\"elementor-column elementor-col-50 elementor-top-column elementor-element elementor-element-565b1547\" data-id=\"565b1547\" data-element_type=\"column\" data-settings=\"{&quot;background_background&quot;:&quot;classic&quot;}\">\n\t\t\t<div class=\"elementor-widget-wrap elementor-element-populated\">\n\t\t\t\t\t\t<section class=\"elementor-section elementor-inner-section elementor-element elementor-element-27386b2d elementor-section-boxed elementor-section-height-default elementor-section-height-default\" data-id=\"27386b2d\" data-element_type=\"section\" data-settings=\"{&quot;background_background&quot;:&quot;classic&quot;}\">\n\t\t\t\t\t\t<div class=\"elementor-container elementor-column-gap-default\">\n\t\t\t\t\t<div class=\"elementor-column elementor-col-100 elementor-inner-column elementor-element elementor-element-218ed050\" data-id=\"218ed050\" data-element_type=\"column\">\n\t\t\t<div class=\"elementor-widget-wrap elementor-element-populated\">\n\t\t\t\t\t\t<div class=\"elementor-element elementor-element-18bb141d elementor-widget elementor-widget-heading\" data-id=\"18bb141d\" data-element_type=\"widget\" data-widget_type=\"heading.default\">\n\t\t\t\t<div class=\"elementor-widget-container\">\n\t\t\t\t\t<h2 class=\"elementor-heading-title elementor-size-default\">\u00dcbersicht<\/h2>\t\t\t\t<\/div>\n\t\t\t\t<\/div>\n\t\t\t\t<div class=\"elementor-element elementor-element-76ca871a elementor-widget elementor-widget-table-of-contents\" data-id=\"76ca871a\" data-element_type=\"widget\" data-settings=\"{&quot;headings_by_tags&quot;:[&quot;h2&quot;,&quot;h3&quot;],&quot;exclude_headings_by_selector&quot;:[],&quot;container&quot;:&quot;#cont&quot;,&quot;marker_view&quot;:&quot;numbers&quot;,&quot;no_headings_message&quot;:&quot;Aucun titre n\\u2019a \\u00e9t\\u00e9 trouv\\u00e9 sur cette page.&quot;,&quot;min_height&quot;:{&quot;unit&quot;:&quot;px&quot;,&quot;size&quot;:&quot;&quot;,&quot;sizes&quot;:[]},&quot;min_height_tablet&quot;:{&quot;unit&quot;:&quot;px&quot;,&quot;size&quot;:&quot;&quot;,&quot;sizes&quot;:[]},&quot;min_height_mobile&quot;:{&quot;unit&quot;:&quot;px&quot;,&quot;size&quot;:&quot;&quot;,&quot;sizes&quot;:[]}}\" data-widget_type=\"table-of-contents.default\">\n\t\t\t\t<div class=\"elementor-widget-container\">\n\t\t\t\t\t\t\t<div class=\"elementor-toc__header\">\n\t\t\t<h4 class=\"elementor-toc__header-title\">\n\t\t\t\t\t\t\t<\/h4>\n\t\t\t\t\t<\/div>\n\t\t<div id=\"elementor-toc__76ca871a\" class=\"elementor-toc__body\">\n\t\t\t<div class=\"elementor-toc__spinner-container\">\n\t\t\t\t<i class=\"elementor-toc__spinner eicon-animation-spin eicon-loading\" aria-hidden=\"true\"><\/i>\t\t\t<\/div>\n\t\t<\/div>\n\t\t\t\t\t\t<\/div>\n\t\t\t\t<\/div>\n\t\t\t\t\t<\/div>\n\t\t<\/div>\n\t\t\t\t\t<\/div>\n\t\t<\/section>\n\t\t\t\t\t<\/div>\n\t\t<\/div>\n\t\t\t\t<div class=\"elementor-column elementor-col-50 elementor-top-column elementor-element elementor-element-104e73be\" data-id=\"104e73be\" data-element_type=\"column\" id=\"cont\">\n\t\t\t<div class=\"elementor-widget-wrap elementor-element-populated\">\n\t\t\t\t\t\t<div class=\"elementor-element elementor-element-cbaa988 elementor-widget elementor-widget-text-editor\" data-id=\"cbaa988\" data-element_type=\"widget\" data-widget_type=\"text-editor.default\">\n\t\t\t\t<div class=\"elementor-widget-container\">\n\t\t\t\t\t\t\t\t\t<p>Wandhydranten sind Wasserentnahmestellen in Geb\u00e4uden, die zur ersten Brandbek\u00e4mpfung durch den Laien vorgesehen sind.<\/p><h2>Weil es einfach ist<\/h2><p>Die einfache Bedienbarkeit dieser Ger\u00e4te soll es jedermann erm\u00f6glichen, entstandenes Feuer bis zum Eintreffen der Feuerwehr schnell und wirksam zu bek\u00e4mpfen, denn bei Feuer sind gerade die ersten Minuten entscheidend, um eine gr\u00f6\u00dfere Brandausbreitung mit hohem Sachschaden zu verhindern.<\/p><p>Die Feuerwehr kann zur weiteren Brandbek\u00e4mpfung &#8211; je nach Ausma\u00df &#8211; entweder den formstabilen Druckschlauch DN 25 (1&#8243;) EN 694 mit Eurostrahlrohr EN 671 nutzen oder Feuerwehr-Flachschl\u00e4uche C-42 bzw. C-52 mit einem Mehrzweckstrahlrohr CM DIN 14365 am Schlauchanschluss-Ventil des Wandhydranten ankuppeln.<\/p><p>Der F\u00f6rderstrom ist deshalb auf 100 l\/min, je Schlauchanschluss-Ventil festgelegt. Wandhydranten werden an die baulich festverlegten L\u00f6schwasserleitungen angeschlossen.<\/p><h2><strong>Steigleitungen \/ L\u00f6schwasserleitungen<\/strong><\/h2><p>Steigleitungen sind Wasserleitungen, die von der Feuerwehr f\u00fcr den Transport des L\u00f6schwasser eingesetzt werden, um das zeitaufw\u00e4ndige Verlegen von Feuerwehrschl\u00e4uchen zu vermeiden.<\/p><p>Bei L\u00f6schwasserleitungen wird unterschieden zwischen:<\/p><ol><li>Steigleitung &#8222;nass&#8220;<br \/>Leitungen sind mit Wasser gef\u00fcllt und somit st\u00e4ndig betriebsbereit.<\/li><li>Steigleitung &#8222;nass \/ trocken&#8220;<br \/>Leitungen werden erst im Brandfall durch Fernbet\u00e4tigung mit L\u00f6schwasser gef\u00fcllt.<\/li><li>Steigleitung &#8222;trocken&#8220;<br \/>Leitungen werden ausschlie\u00dflich von der Feuerwehr mit L\u00f6schwasser im Brandfall mit L\u00f6schwasser gef\u00fcllt und somit in Betrieb gesetzt.<\/li><\/ol><p>Nach DIN 1988-6 sind L\u00f6schwasserleitungen so zu dimensionieren, dass bei einem gleichzeitigen Einsatz von 3 Wandhydranten durch die Feuerwehr eine L\u00f6schwassermenge von je 100 l\/min. (18 m\u00b3\/h) entnommen werden kann.<\/p><p>Bei einem F\u00f6rderstrom von 100 l\/min. muss am ung\u00fcnstigsten gelegenen Schlauchanschluss-Ventil noch ein Druck von mind. 0,3 Mpa (3 bar) vorhanden sein. Kann der geforderte Mindestdruck nicht realisiert werden, so ist nach Absprache mit dem zust\u00e4ndigen Wasserversorgungsunternehmen bzw. dem Sanit\u00e4rplaner eine Druckerh\u00f6hungsanlage nach DIN 1988-5 vorzusehen.<\/p><h2>Unser Sortiment<\/h2><p>Wir bieten Ihnen ein umfangreiches Sortiment an verschiedenen Ausf\u00fchrungen, sowie Schulungen mit der Ausbildung zum Sachkundigen Wandhydranten und Steigleitungen. Nutzen Sie einfach unser Kontaktformular f\u00fcr Ihre Anfrage. Wir setzen uns umgehend mit Ihnen in Verbindung oder rufen Sie einfach gleich an.<\/p>\t\t\t\t\t\t\t\t<\/div>\n\t\t\t\t<\/div>\n\t\t\t\t\t<\/div>\n\t\t<\/div>\n\t\t\t\t\t<\/div>\n\t\t<\/section>\n\t\t\t\t<section class=\"elementor-section elementor-top-section elementor-element elementor-element-34b6a28c elementor-section-height-min-height elementor-section-items-stretch elementor-section-boxed elementor-section-height-default\" data-id=\"34b6a28c\" data-element_type=\"section\" data-settings=\"{&quot;background_background&quot;:&quot;classic&quot;}\">\n\t\t\t\t\t\t\t<div class=\"elementor-background-overlay\"><\/div>\n\t\t\t\t\t\t\t<div class=\"elementor-container elementor-column-gap-default\">\n\t\t\t\t\t<div class=\"elementor-column elementor-col-100 elementor-top-column elementor-element elementor-element-7eb9d72d\" data-id=\"7eb9d72d\" data-element_type=\"column\" data-settings=\"{&quot;background_background&quot;:&quot;classic&quot;}\">\n\t\t\t<div class=\"elementor-widget-wrap elementor-element-populated\">\n\t\t\t\t\t<div class=\"elementor-background-overlay\"><\/div>\n\t\t\t\t\t\t<section class=\"elementor-section elementor-inner-section elementor-element elementor-element-694739a6 elementor-section-full_width elementor-section-height-default elementor-section-height-default\" data-id=\"694739a6\" data-element_type=\"section\">\n\t\t\t\t\t\t<div class=\"elementor-container elementor-column-gap-default\">\n\t\t\t\t\t<div class=\"elementor-column elementor-col-50 elementor-inner-column elementor-element elementor-element-3fb5827d\" data-id=\"3fb5827d\" data-element_type=\"column\">\n\t\t\t<div class=\"elementor-widget-wrap elementor-element-populated\">\n\t\t\t\t\t\t<div class=\"elementor-element elementor-element-580b8714 elementor-mobile-align-center elementor-widget elementor-widget-button\" data-id=\"580b8714\" data-element_type=\"widget\" data-widget_type=\"button.default\">\n\t\t\t\t<div class=\"elementor-widget-container\">\n\t\t\t\t\t\t\t\t\t<div class=\"elementor-button-wrapper\">\n\t\t\t\t\t<a class=\"elementor-button elementor-button-link elementor-size-sm\" href=\"https:\/\/www.jockel.de\/downloads\/Loeschwassertechnik_Katalog.pdf\" target=\"_blank\">\n\t\t\t\t\t\t<span class=\"elementor-button-content-wrapper\">\n\t\t\t\t\t\t\t\t\t<span class=\"elementor-button-text\">jetzt ansehen<\/span>\n\t\t\t\t\t<\/span>\n\t\t\t\t\t<\/a>\n\t\t\t\t<\/div>\n\t\t\t\t\t\t\t\t<\/div>\n\t\t\t\t<\/div>\n\t\t\t\t\t<\/div>\n\t\t<\/div>\n\t\t\t\t<div class=\"elementor-column elementor-col-50 elementor-inner-column elementor-element elementor-element-c2ec2bf\" data-id=\"c2ec2bf\" data-element_type=\"column\">\n\t\t\t<div class=\"elementor-widget-wrap elementor-element-populated\">\n\t\t\t\t\t\t<div class=\"elementor-element elementor-element-6e6eceb8 elementor-widget elementor-widget-image\" data-id=\"6e6eceb8\" data-element_type=\"widget\" data-widget_type=\"image.default\">\n\t\t\t\t<div class=\"elementor-widget-container\">\n\t\t\t\t\t\t\t\t\t\t\t\t\t\t\t\t<a href=\"https:\/\/www.jockel.de\/downloads\/Loeschwassertechnik_Katalog.pdf\" target=\"_blank\">\n\t\t\t\t\t\t\t<img fetchpriority=\"high\" decoding=\"async\" width=\"1086\" height=\"1536\" src=\"https:\/\/www.jockel.de\/wp-content\/uploads\/Cover-Loeschwassertechnik-1086x1536.jpg\" class=\"elementor-animation-shrink attachment-1536x1536 size-1536x1536 wp-image-13386\" alt=\"\" srcset=\"https:\/\/www.jockel.de\/wp-content\/uploads\/Cover-Loeschwassertechnik-1086x1536.jpg 1086w, https:\/\/www.jockel.de\/wp-content\/uploads\/Cover-Loeschwassertechnik-212x300.jpg 212w, https:\/\/www.jockel.de\/wp-content\/uploads\/Cover-Loeschwassertechnik-724x1024.jpg 724w, https:\/\/www.jockel.de\/wp-content\/uploads\/Cover-Loeschwassertechnik-768x1086.jpg 768w, https:\/\/www.jockel.de\/wp-content\/uploads\/Cover-Loeschwassertechnik-1448x2048.jpg 1448w, https:\/\/www.jockel.de\/wp-content\/uploads\/Cover-Loeschwassertechnik-600x849.jpg 600w, https:\/\/www.jockel.de\/wp-content\/uploads\/Cover-Loeschwassertechnik-scaled.jpg 1810w\" sizes=\"(max-width: 1086px) 100vw, 1086px\" \/>\t\t\t\t\t\t\t\t<\/a>\n\t\t\t\t\t\t\t\t\t\t\t\t\t\t\t<\/div>\n\t\t\t\t<\/div>\n\t\t\t\t\t<\/div>\n\t\t<\/div>\n\t\t\t\t\t<\/div>\n\t\t<\/section>\n\t\t\t\t\t<\/div>\n\t\t<\/div>\n\t\t\t\t\t<\/div>\n\t\t<\/section>\n\t\t\t\t<\/div>\n\t\t","protected":false},"excerpt":{"rendered":"<p>Start Wasser Marsch! \u00dcbersicht Wandhydranten sind Wasserentnahmestellen in Geb\u00e4uden, die zur ersten Brandbek\u00e4mpfung durch den Laien vorgesehen sind. Weil es einfach ist Die einfache Bedienbarkeit dieser Ger\u00e4te soll es jedermann erm\u00f6glichen, entstandenes Feuer bis zum Eintreffen der Feuerwehr schnell und wirksam zu bek\u00e4mpfen, denn bei Feuer sind gerade die ersten Minuten entscheidend, um eine gr\u00f6\u00dfere [&hellip;]<\/p>\n","protected":false},"author":10,"featured_media":0,"parent":9300,"menu_order":0,"comment_status":"closed","ping_status":"closed","template":"elementor_header_footer","meta":{"footnotes":""},"class_list":["post-9456","page","type-page","status-publish","hentry"],"yoast_head":"<!-- This site is optimized with the Yoast SEO Premium plugin v27.0 (Yoast SEO v27.4) - https:\/\/yoast.com\/product\/yoast-seo-premium-wordpress\/ -->\n<title>Wandhydranten \u0394 JOCKEL Wasserentnahmestellen in Geb\u00e4uden<\/title>\n<meta name=\"description\" content=\"Wasserentnahmestellen in Geb\u00e4uden zur ersten Brandbek\u00e4mpfung \u274c Hier finden Sie GRATIS alle Infos f\u00fcr sicher funktionale Wandhydranten \u2139\ufe0f\" \/>\n<meta name=\"robots\" content=\"index, follow, max-snippet:-1, max-image-preview:large, max-video-preview:-1\" \/>\n<link rel=\"canonical\" href=\"https:\/\/www.jockel.de\/fr\/produkte\/wandhydranten\/\" \/>\n<meta property=\"og:locale\" content=\"fr_FR\" \/>\n<meta property=\"og:type\" content=\"article\" \/>\n<meta property=\"og:title\" content=\"Wandhydranten\" \/>\n<meta property=\"og:description\" content=\"Wasserentnahmestellen in Geb\u00e4uden zur ersten Brandbek\u00e4mpfung \u274c Hier finden Sie GRATIS alle Infos f\u00fcr sicher funktionale Wandhydranten \u2139\ufe0f\" \/>\n<meta property=\"og:url\" content=\"https:\/\/www.jockel.de\/fr\/produkte\/wandhydranten\/\" \/>\n<meta property=\"og:site_name\" content=\"Jockel\" \/>\n<meta property=\"article:modified_time\" content=\"2021-10-17T20:18:19+00:00\" \/>\n<meta property=\"og:image\" content=\"https:\/\/www.jockel.de\/wp-content\/uploads\/Cover-Loeschwassertechnik-1086x1536.jpg\" \/>\n<meta name=\"twitter:card\" content=\"summary_large_image\" \/>\n<meta name=\"twitter:label1\" content=\"Dur\u00e9e de lecture estim\u00e9e\" \/>\n\t<meta name=\"twitter:data1\" content=\"2 minutes\" \/>\n<script type=\"application\/ld+json\" class=\"yoast-schema-graph\">{\"@context\":\"https:\\\/\\\/schema.org\",\"@graph\":[{\"@type\":\"WebPage\",\"@id\":\"https:\\\/\\\/www.jockel.de\\\/produkte\\\/wandhydranten\\\/\",\"url\":\"https:\\\/\\\/www.jockel.de\\\/produkte\\\/wandhydranten\\\/\",\"name\":\"Wandhydranten \u0394 JOCKEL Wasserentnahmestellen in Geb\u00e4uden\",\"isPartOf\":{\"@id\":\"https:\\\/\\\/www.jockel.de\\\/#website\"},\"primaryImageOfPage\":{\"@id\":\"https:\\\/\\\/www.jockel.de\\\/produkte\\\/wandhydranten\\\/#primaryimage\"},\"image\":{\"@id\":\"https:\\\/\\\/www.jockel.de\\\/produkte\\\/wandhydranten\\\/#primaryimage\"},\"thumbnailUrl\":\"https:\\\/\\\/www.jockel.de\\\/wp-content\\\/uploads\\\/Cover-Loeschwassertechnik-1086x1536.jpg\",\"datePublished\":\"2021-02-10T14:06:35+00:00\",\"dateModified\":\"2021-10-17T20:18:19+00:00\",\"description\":\"Wasserentnahmestellen in Geb\u00e4uden zur ersten Brandbek\u00e4mpfung \u274c Hier finden Sie GRATIS alle Infos f\u00fcr sicher funktionale Wandhydranten \u2139\ufe0f\",\"breadcrumb\":{\"@id\":\"https:\\\/\\\/www.jockel.de\\\/produkte\\\/wandhydranten\\\/#breadcrumb\"},\"inLanguage\":\"fr-FR\",\"potentialAction\":[{\"@type\":\"ReadAction\",\"target\":[\"https:\\\/\\\/www.jockel.de\\\/produkte\\\/wandhydranten\\\/\"]}]},{\"@type\":\"ImageObject\",\"inLanguage\":\"fr-FR\",\"@id\":\"https:\\\/\\\/www.jockel.de\\\/produkte\\\/wandhydranten\\\/#primaryimage\",\"url\":\"https:\\\/\\\/www.jockel.de\\\/wp-content\\\/uploads\\\/Cover-Loeschwassertechnik-1086x1536.jpg\",\"contentUrl\":\"https:\\\/\\\/www.jockel.de\\\/wp-content\\\/uploads\\\/Cover-Loeschwassertechnik-1086x1536.jpg\"},{\"@type\":\"BreadcrumbList\",\"@id\":\"https:\\\/\\\/www.jockel.de\\\/produkte\\\/wandhydranten\\\/#breadcrumb\",\"itemListElement\":[{\"@type\":\"ListItem\",\"position\":1,\"name\":\"Home\",\"item\":\"https:\\\/\\\/www.jockel.de\\\/\"},{\"@type\":\"ListItem\",\"position\":2,\"name\":\"Produkte\",\"item\":\"https:\\\/\\\/www.jockel.de\\\/produkte\\\/\"},{\"@type\":\"ListItem\",\"position\":3,\"name\":\"Wandhydranten\"}]},{\"@type\":\"WebSite\",\"@id\":\"https:\\\/\\\/www.jockel.de\\\/#website\",\"url\":\"https:\\\/\\\/www.jockel.de\\\/\",\"name\":\"Feuerschutz JOCKEL\",\"description\":\"Feuerschutz\",\"publisher\":{\"@id\":\"https:\\\/\\\/www.jockel.de\\\/#organization\"},\"potentialAction\":[{\"@type\":\"SearchAction\",\"target\":{\"@type\":\"EntryPoint\",\"urlTemplate\":\"https:\\\/\\\/www.jockel.de\\\/?s={search_term_string}\"},\"query-input\":{\"@type\":\"PropertyValueSpecification\",\"valueRequired\":true,\"valueName\":\"search_term_string\"}}],\"inLanguage\":\"fr-FR\"},{\"@type\":\"Organization\",\"@id\":\"https:\\\/\\\/www.jockel.de\\\/#organization\",\"name\":\"Feuerschutz JOCKEL GmbH & Co. KG\",\"url\":\"https:\\\/\\\/www.jockel.de\\\/\",\"logo\":{\"@type\":\"ImageObject\",\"inLanguage\":\"fr-FR\",\"@id\":\"https:\\\/\\\/www.jockel.de\\\/#\\\/schema\\\/logo\\\/image\\\/\",\"url\":\"https:\\\/\\\/www.jockel.de\\\/wp-content\\\/uploads\\\/cropped-jockelfavicon-1.png\",\"contentUrl\":\"https:\\\/\\\/www.jockel.de\\\/wp-content\\\/uploads\\\/cropped-jockelfavicon-1.png\",\"width\":512,\"height\":512,\"caption\":\"Feuerschutz JOCKEL GmbH & Co. KG\"},\"image\":{\"@id\":\"https:\\\/\\\/www.jockel.de\\\/#\\\/schema\\\/logo\\\/image\\\/\"}}]}<\/script>\n<!-- \/ Yoast SEO Premium plugin. -->","yoast_head_json":{"title":"Hydrants muraux \u0394 JOCKEL Points d'eau dans les b\u00e2timents","description":"Points d'eau dans les b\u00e2timents pour la premi\u00e8re lutte contre l'incendie \u274c Vous trouverez ici GRATUITEMENT toutes les informations pour des hydrants muraux fonctionnant en toute s\u00e9curit\u00e9 \u2139\ufe0f","robots":{"index":"index","follow":"follow","max-snippet":"max-snippet:-1","max-image-preview":"max-image-preview:large","max-video-preview":"max-video-preview:-1"},"canonical":"https:\/\/www.jockel.de\/fr\/produkte\/wandhydranten\/","og_locale":"fr_FR","og_type":"article","og_title":"Wandhydranten","og_description":"Wasserentnahmestellen in Geb\u00e4uden zur ersten Brandbek\u00e4mpfung \u274c Hier finden Sie GRATIS alle Infos f\u00fcr sicher funktionale Wandhydranten \u2139\ufe0f","og_url":"https:\/\/www.jockel.de\/fr\/produkte\/wandhydranten\/","og_site_name":"Jockel","article_modified_time":"2021-10-17T20:18:19+00:00","og_image":[{"url":"https:\/\/www.jockel.de\/wp-content\/uploads\/Cover-Loeschwassertechnik-1086x1536.jpg","type":"","width":"","height":""}],"twitter_card":"summary_large_image","twitter_misc":{"Dur\u00e9e de lecture estim\u00e9e":"2 minutes"},"schema":{"@context":"https:\/\/schema.org","@graph":[{"@type":"WebPage","@id":"https:\/\/www.jockel.de\/produkte\/wandhydranten\/","url":"https:\/\/www.jockel.de\/produkte\/wandhydranten\/","name":"Hydrants muraux \u0394 JOCKEL Points d'eau dans les b\u00e2timents","isPartOf":{"@id":"https:\/\/www.jockel.de\/#website"},"primaryImageOfPage":{"@id":"https:\/\/www.jockel.de\/produkte\/wandhydranten\/#primaryimage"},"image":{"@id":"https:\/\/www.jockel.de\/produkte\/wandhydranten\/#primaryimage"},"thumbnailUrl":"https:\/\/www.jockel.de\/wp-content\/uploads\/Cover-Loeschwassertechnik-1086x1536.jpg","datePublished":"2021-02-10T14:06:35+00:00","dateModified":"2021-10-17T20:18:19+00:00","description":"Points d'eau dans les b\u00e2timents pour la premi\u00e8re lutte contre l'incendie \u274c Vous trouverez ici GRATUITEMENT toutes les informations pour des hydrants muraux fonctionnant en toute s\u00e9curit\u00e9 \u2139\ufe0f","breadcrumb":{"@id":"https:\/\/www.jockel.de\/produkte\/wandhydranten\/#breadcrumb"},"inLanguage":"fr-FR","potentialAction":[{"@type":"ReadAction","target":["https:\/\/www.jockel.de\/produkte\/wandhydranten\/"]}]},{"@type":"ImageObject","inLanguage":"fr-FR","@id":"https:\/\/www.jockel.de\/produkte\/wandhydranten\/#primaryimage","url":"https:\/\/www.jockel.de\/wp-content\/uploads\/Cover-Loeschwassertechnik-1086x1536.jpg","contentUrl":"https:\/\/www.jockel.de\/wp-content\/uploads\/Cover-Loeschwassertechnik-1086x1536.jpg"},{"@type":"BreadcrumbList","@id":"https:\/\/www.jockel.de\/produkte\/wandhydranten\/#breadcrumb","itemListElement":[{"@type":"ListItem","position":1,"name":"Home","item":"https:\/\/www.jockel.de\/"},{"@type":"ListItem","position":2,"name":"Produkte","item":"https:\/\/www.jockel.de\/produkte\/"},{"@type":"ListItem","position":3,"name":"Wandhydranten"}]},{"@type":"WebSite","@id":"https:\/\/www.jockel.de\/#website","url":"https:\/\/www.jockel.de\/","name":"Protection incendie JOCKEL","description":"Protection contre le feu","publisher":{"@id":"https:\/\/www.jockel.de\/#organization"},"potentialAction":[{"@type":"SearchAction","target":{"@type":"EntryPoint","urlTemplate":"https:\/\/www.jockel.de\/?s={search_term_string}"},"query-input":{"@type":"PropertyValueSpecification","valueRequired":true,"valueName":"search_term_string"}}],"inLanguage":"fr-FR"},{"@type":"Organization","@id":"https:\/\/www.jockel.de\/#organization","name":"Protection contre l'incendie JOCKEL GmbH &amp; Co. KG","url":"https:\/\/www.jockel.de\/","logo":{"@type":"ImageObject","inLanguage":"fr-FR","@id":"https:\/\/www.jockel.de\/#\/schema\/logo\/image\/","url":"https:\/\/www.jockel.de\/wp-content\/uploads\/cropped-jockelfavicon-1.png","contentUrl":"https:\/\/www.jockel.de\/wp-content\/uploads\/cropped-jockelfavicon-1.png","width":512,"height":512,"caption":"Feuerschutz JOCKEL GmbH & Co. KG"},"image":{"@id":"https:\/\/www.jockel.de\/#\/schema\/logo\/image\/"}}]}},"_links":{"self":[{"href":"https:\/\/www.jockel.de\/fr\/wp-json\/wp\/v2\/pages\/9456","targetHints":{"allow":["GET"]}}],"collection":[{"href":"https:\/\/www.jockel.de\/fr\/wp-json\/wp\/v2\/pages"}],"about":[{"href":"https:\/\/www.jockel.de\/fr\/wp-json\/wp\/v2\/types\/page"}],"author":[{"embeddable":true,"href":"https:\/\/www.jockel.de\/fr\/wp-json\/wp\/v2\/users\/10"}],"replies":[{"embeddable":true,"href":"https:\/\/www.jockel.de\/fr\/wp-json\/wp\/v2\/comments?post=9456"}],"version-history":[{"count":5,"href":"https:\/\/www.jockel.de\/fr\/wp-json\/wp\/v2\/pages\/9456\/revisions"}],"predecessor-version":[{"id":15335,"href":"https:\/\/www.jockel.de\/fr\/wp-json\/wp\/v2\/pages\/9456\/revisions\/15335"}],"up":[{"embeddable":true,"href":"https:\/\/www.jockel.de\/fr\/wp-json\/wp\/v2\/pages\/9300"}],"wp:attachment":[{"href":"https:\/\/www.jockel.de\/fr\/wp-json\/wp\/v2\/media?parent=9456"}],"curies":[{"name":"wp","href":"https:\/\/api.w.org\/{rel}","templated":true}]}}