{"id":9437,"date":"2021-02-10T15:03:43","date_gmt":"2021-02-10T14:03:43","guid":{"rendered":"https:\/\/www.jockel.de\/?page_id=9437"},"modified":"2021-10-16T22:56:22","modified_gmt":"2021-10-16T20:56:22","slug":"loeschcontainer","status":"publish","type":"page","link":"https:\/\/www.jockel.de\/fr\/produkte\/loeschcontainer\/","title":{"rendered":"Conteneur d'extinction"},"content":{"rendered":"\t\t<div data-elementor-type=\"wp-page\" data-elementor-id=\"9437\" class=\"elementor elementor-9437\" data-elementor-post-type=\"page\">\n\t\t\t\t\t\t<section class=\"elementor-section elementor-top-section elementor-element elementor-element-65a2c73b elementor-section-boxed elementor-section-height-default elementor-section-height-default\" data-id=\"65a2c73b\" data-element_type=\"section\">\n\t\t\t\t\t\t<div class=\"elementor-container elementor-column-gap-default\">\n\t\t\t\t\t<div class=\"elementor-column elementor-col-100 elementor-top-column elementor-element elementor-element-7d48293a\" data-id=\"7d48293a\" data-element_type=\"column\">\n\t\t\t<div class=\"elementor-widget-wrap elementor-element-populated\">\n\t\t\t\t\t\t<div class=\"elementor-element elementor-element-5102df8c elementor-widget elementor-widget-heading\" data-id=\"5102df8c\" data-element_type=\"widget\" data-widget_type=\"heading.default\">\n\t\t\t\t<div class=\"elementor-widget-container\">\n\t\t\t\t\t<h1 class=\"elementor-heading-title elementor-size-default\">L\u00f6schcontainer<\/h1>\t\t\t\t<\/div>\n\t\t\t\t<\/div>\n\t\t\t\t<div class=\"elementor-element elementor-element-15ec05b3 elementor-widget elementor-widget-heading\" data-id=\"15ec05b3\" data-element_type=\"widget\" data-widget_type=\"heading.default\">\n\t\t\t\t<div class=\"elementor-widget-container\">\n\t\t\t\t\t<div class=\"elementor-heading-title elementor-size-default\">Kompakte Sicherheit<\/div>\t\t\t\t<\/div>\n\t\t\t\t<\/div>\n\t\t\t\t\t<\/div>\n\t\t<\/div>\n\t\t\t\t\t<\/div>\n\t\t<\/section>\n\t\t\t\t<section class=\"elementor-section elementor-top-section elementor-element elementor-element-37918215 elementor-section-boxed elementor-section-height-default elementor-section-height-default\" data-id=\"37918215\" data-element_type=\"section\">\n\t\t\t\t\t\t<div class=\"elementor-container elementor-column-gap-default\">\n\t\t\t\t\t<div class=\"elementor-column elementor-col-50 elementor-top-column elementor-element elementor-element-4a360691\" data-id=\"4a360691\" data-element_type=\"column\" data-settings=\"{&quot;background_background&quot;:&quot;classic&quot;}\">\n\t\t\t<div class=\"elementor-widget-wrap elementor-element-populated\">\n\t\t\t\t\t\t<section class=\"elementor-section elementor-inner-section elementor-element elementor-element-36abd57e elementor-section-boxed elementor-section-height-default elementor-section-height-default\" data-id=\"36abd57e\" data-element_type=\"section\" data-settings=\"{&quot;background_background&quot;:&quot;classic&quot;}\">\n\t\t\t\t\t\t<div class=\"elementor-container elementor-column-gap-default\">\n\t\t\t\t\t<div class=\"elementor-column elementor-col-100 elementor-inner-column elementor-element elementor-element-213c73c9\" data-id=\"213c73c9\" data-element_type=\"column\">\n\t\t\t<div class=\"elementor-widget-wrap elementor-element-populated\">\n\t\t\t\t\t\t<div class=\"elementor-element elementor-element-24c40b66 elementor-widget elementor-widget-heading\" data-id=\"24c40b66\" data-element_type=\"widget\" data-widget_type=\"heading.default\">\n\t\t\t\t<div class=\"elementor-widget-container\">\n\t\t\t\t\t<h2 class=\"elementor-heading-title elementor-size-default\">\u00dcbersicht<\/h2>\t\t\t\t<\/div>\n\t\t\t\t<\/div>\n\t\t\t\t<div class=\"elementor-element elementor-element-3789c5fe elementor-widget elementor-widget-table-of-contents\" data-id=\"3789c5fe\" data-element_type=\"widget\" data-settings=\"{&quot;headings_by_tags&quot;:[&quot;h2&quot;,&quot;h3&quot;],&quot;exclude_headings_by_selector&quot;:[],&quot;container&quot;:&quot;#cont&quot;,&quot;marker_view&quot;:&quot;numbers&quot;,&quot;no_headings_message&quot;:&quot;Aucun titre n\\u2019a \\u00e9t\\u00e9 trouv\\u00e9 sur cette page.&quot;,&quot;min_height&quot;:{&quot;unit&quot;:&quot;px&quot;,&quot;size&quot;:&quot;&quot;,&quot;sizes&quot;:[]},&quot;min_height_tablet&quot;:{&quot;unit&quot;:&quot;px&quot;,&quot;size&quot;:&quot;&quot;,&quot;sizes&quot;:[]},&quot;min_height_mobile&quot;:{&quot;unit&quot;:&quot;px&quot;,&quot;size&quot;:&quot;&quot;,&quot;sizes&quot;:[]}}\" data-widget_type=\"table-of-contents.default\">\n\t\t\t\t<div class=\"elementor-widget-container\">\n\t\t\t\t\t\t\t<div class=\"elementor-toc__header\">\n\t\t\t<h4 class=\"elementor-toc__header-title\">\n\t\t\t\t\t\t\t<\/h4>\n\t\t\t\t\t<\/div>\n\t\t<div id=\"elementor-toc__3789c5fe\" class=\"elementor-toc__body\">\n\t\t\t<div class=\"elementor-toc__spinner-container\">\n\t\t\t\t<i class=\"elementor-toc__spinner eicon-animation-spin eicon-loading\" aria-hidden=\"true\"><\/i>\t\t\t<\/div>\n\t\t<\/div>\n\t\t\t\t\t\t<\/div>\n\t\t\t\t<\/div>\n\t\t\t\t\t<\/div>\n\t\t<\/div>\n\t\t\t\t\t<\/div>\n\t\t<\/section>\n\t\t\t\t\t<\/div>\n\t\t<\/div>\n\t\t\t\t<div class=\"elementor-column elementor-col-50 elementor-top-column elementor-element elementor-element-4ce10bee\" data-id=\"4ce10bee\" data-element_type=\"column\" id=\"cont\">\n\t\t\t<div class=\"elementor-widget-wrap elementor-element-populated\">\n\t\t\t\t\t\t<div class=\"elementor-element elementor-element-166061a elementor-widget elementor-widget-text-editor\" data-id=\"166061a\" data-element_type=\"widget\" data-widget_type=\"text-editor.default\">\n\t\t\t\t<div class=\"elementor-widget-container\">\n\t\t\t\t\t\t\t\t\t<h2>Volumin\u00f6s, aber kompakt<\/h2><p>Manchmal muss es eben mehr sein, besonders dann, wenn aufgrund hoher Brandgef\u00e4hrdung gro\u00dfe L\u00f6schmittelmengen ben\u00f6tigt werden. Ihre kompakten Abmessungen sorgen daf\u00fcr, dass die L\u00f6schcontainer durch die kleinste DIN-T\u00fcr passen.<\/p><p>Die L\u00f6schcontainer sind erh\u00e4ltlich mit allen g\u00e4ngigen L\u00f6schmitteln von Pulver \u00fcber Schaum und Kohlendioxid bis Gel, um den verschiedenen Einsatzgebieten gerecht zu werden. Das leistungsstarke Schwergewicht ist leicht zu bewegen. Mit seinen hochwertigen R\u00e4dern k\u00f6nnen sogar l\u00e4ngere Distanzen \u00fcberwunden werden. Selbst wenn das Ger\u00e4t in Bewegung ist, l\u00e4sst es sich dank der Totmann-Bremse einfach abbremsen. Aufgrund seiner enormen L\u00f6schkapazit\u00e4t kann der L\u00f6schcontainer sogar eine preiswerte Alternative zu m\u00f6glichen station\u00e4ren Brandschutzma\u00dfnahmen sein.<\/p><h2>Konfigurieren Sie Ihren L\u00f6schcontainer in nur 4 Schritten<\/h2><p>Ihr L\u00f6schcontainer wird ganz spezifisch nach Ihren Anforderungen hergestellt. Neben dem L\u00f6schmittel k\u00f6nnen Sie zwischen zwei Modellen w\u00e4hlen: Kunststoffhaube oder Rollo-Geh\u00e4use. Beide sind schwerentflammbar. Auch bei der Bremse haben Sie die Wahl. Je nach Anforderung k\u00f6nnen Sie Ihren L\u00f6schcontainer mit einer Standard-Feststellbremse oder auch einer Totmann-Bremse ausstatten, um das Ger\u00e4t auch leicht im mobilen Zustand bremsen zu k\u00f6nnen. Je nach Anforderung k\u00f6nnen Sie einen 30 m oder 50 m formstabilen Schlauch w\u00e4hlen.<\/p>\t\t\t\t\t\t\t\t<\/div>\n\t\t\t\t<\/div>\n\t\t\t\t\t<\/div>\n\t\t<\/div>\n\t\t\t\t\t<\/div>\n\t\t<\/section>\n\t\t\t\t<section class=\"elementor-section elementor-top-section elementor-element elementor-element-e555ae7 elementor-section-height-min-height elementor-section-items-stretch elementor-section-boxed elementor-section-height-default\" data-id=\"e555ae7\" data-element_type=\"section\" data-settings=\"{&quot;background_background&quot;:&quot;classic&quot;}\">\n\t\t\t\t\t\t\t<div class=\"elementor-background-overlay\"><\/div>\n\t\t\t\t\t\t\t<div class=\"elementor-container elementor-column-gap-default\">\n\t\t\t\t\t<div class=\"elementor-column elementor-col-100 elementor-top-column elementor-element elementor-element-274ff244\" data-id=\"274ff244\" data-element_type=\"column\" data-settings=\"{&quot;background_background&quot;:&quot;classic&quot;}\">\n\t\t\t<div class=\"elementor-widget-wrap elementor-element-populated\">\n\t\t\t\t\t<div class=\"elementor-background-overlay\"><\/div>\n\t\t\t\t\t\t<section class=\"elementor-section elementor-inner-section elementor-element elementor-element-7d641123 elementor-section-full_width elementor-section-height-default elementor-section-height-default\" data-id=\"7d641123\" data-element_type=\"section\">\n\t\t\t\t\t\t<div class=\"elementor-container elementor-column-gap-default\">\n\t\t\t\t\t<div class=\"elementor-column elementor-col-50 elementor-inner-column elementor-element elementor-element-38c3861d\" data-id=\"38c3861d\" data-element_type=\"column\">\n\t\t\t<div class=\"elementor-widget-wrap elementor-element-populated\">\n\t\t\t\t\t\t<div class=\"elementor-element elementor-element-99b9f7 elementor-mobile-align-center elementor-widget elementor-widget-button\" data-id=\"99b9f7\" data-element_type=\"widget\" data-widget_type=\"button.default\">\n\t\t\t\t<div class=\"elementor-widget-container\">\n\t\t\t\t\t\t\t\t\t<div class=\"elementor-button-wrapper\">\n\t\t\t\t\t<a class=\"elementor-button elementor-button-link elementor-size-sm\" href=\"https:\/\/www.jockel.de\/downloads\/Mobil_Loeschcontainer_0712.pdf\" target=\"_blank\">\n\t\t\t\t\t\t<span class=\"elementor-button-content-wrapper\">\n\t\t\t\t\t\t\t\t\t<span class=\"elementor-button-text\">jetzt ansehen<\/span>\n\t\t\t\t\t<\/span>\n\t\t\t\t\t<\/a>\n\t\t\t\t<\/div>\n\t\t\t\t\t\t\t\t<\/div>\n\t\t\t\t<\/div>\n\t\t\t\t\t<\/div>\n\t\t<\/div>\n\t\t\t\t<div class=\"elementor-column elementor-col-50 elementor-inner-column elementor-element elementor-element-2c312247\" data-id=\"2c312247\" data-element_type=\"column\">\n\t\t\t<div class=\"elementor-widget-wrap elementor-element-populated\">\n\t\t\t\t\t\t<div class=\"elementor-element elementor-element-e9cb410 elementor-widget elementor-widget-image\" data-id=\"e9cb410\" data-element_type=\"widget\" data-widget_type=\"image.default\">\n\t\t\t\t<div class=\"elementor-widget-container\">\n\t\t\t\t\t\t\t\t\t\t\t\t\t\t\t\t<a href=\"https:\/\/www.jockel.de\/downloads\/Mobil_Loeschcontainer_0712.pdf\" target=\"_blank\">\n\t\t\t\t\t\t\t<img fetchpriority=\"high\" decoding=\"async\" width=\"1086\" height=\"1536\" src=\"https:\/\/www.jockel.de\/wp-content\/uploads\/Cover-Mobile_Loeschcontainer-1086x1536.jpg\" class=\"elementor-animation-shrink attachment-1536x1536 size-1536x1536 wp-image-13505\" alt=\"\" srcset=\"https:\/\/www.jockel.de\/wp-content\/uploads\/Cover-Mobile_Loeschcontainer-1086x1536.jpg 1086w, https:\/\/www.jockel.de\/wp-content\/uploads\/Cover-Mobile_Loeschcontainer-212x300.jpg 212w, https:\/\/www.jockel.de\/wp-content\/uploads\/Cover-Mobile_Loeschcontainer-724x1024.jpg 724w, https:\/\/www.jockel.de\/wp-content\/uploads\/Cover-Mobile_Loeschcontainer-768x1086.jpg 768w, https:\/\/www.jockel.de\/wp-content\/uploads\/Cover-Mobile_Loeschcontainer-1448x2048.jpg 1448w, https:\/\/www.jockel.de\/wp-content\/uploads\/Cover-Mobile_Loeschcontainer-600x849.jpg 600w, https:\/\/www.jockel.de\/wp-content\/uploads\/Cover-Mobile_Loeschcontainer-scaled.jpg 1810w\" sizes=\"(max-width: 1086px) 100vw, 1086px\" \/>\t\t\t\t\t\t\t\t<\/a>\n\t\t\t\t\t\t\t\t\t\t\t\t\t\t\t<\/div>\n\t\t\t\t<\/div>\n\t\t\t\t\t<\/div>\n\t\t<\/div>\n\t\t\t\t\t<\/div>\n\t\t<\/section>\n\t\t\t\t\t<\/div>\n\t\t<\/div>\n\t\t\t\t\t<\/div>\n\t\t<\/section>\n\t\t\t\t<\/div>\n\t\t","protected":false},"excerpt":{"rendered":"<p>Home Kompakte Sicherheit \u00dcbersicht Volumin\u00f6s, aber kompakt Manchmal muss es eben mehr sein, besonders dann, wenn aufgrund hoher Brandgef\u00e4hrdung gro\u00dfe L\u00f6schmittelmengen ben\u00f6tigt werden. Ihre kompakten Abmessungen sorgen daf\u00fcr, dass die L\u00f6schcontainer durch die kleinste DIN-T\u00fcr passen. Die L\u00f6schcontainer sind erh\u00e4ltlich mit allen g\u00e4ngigen L\u00f6schmitteln von Pulver \u00fcber Schaum und Kohlendioxid bis Gel, um den verschiedenen [&hellip;]<\/p>\n","protected":false},"author":10,"featured_media":0,"parent":9300,"menu_order":0,"comment_status":"closed","ping_status":"closed","template":"elementor_header_footer","meta":{"footnotes":""},"class_list":["post-9437","page","type-page","status-publish","hentry"],"yoast_head":"<!-- This site is optimized with the Yoast SEO Premium plugin v27.0 (Yoast SEO v27.4) - https:\/\/yoast.com\/product\/yoast-seo-premium-wordpress\/ -->\n<title>L\u00f6schcontainer fahrbar \u1455\u2776\u1450 Brandschutztechnik by JOCKEL<\/title>\n<meta name=\"description\" content=\"Brandschutztechnik Marke JOCKEL \u2139\ufe0f Fahrbare L\u00f6schcontainer f\u00fcr Industrie, Fertigung \u271a Logistik \u1405 GRATIS Infos bekommen Sie HIER [\u2026]\" \/>\n<meta name=\"robots\" content=\"index, follow, max-snippet:-1, max-image-preview:large, max-video-preview:-1\" \/>\n<link rel=\"canonical\" href=\"https:\/\/www.jockel.de\/fr\/produkte\/loeschcontainer\/\" \/>\n<meta property=\"og:locale\" content=\"fr_FR\" \/>\n<meta property=\"og:type\" content=\"article\" \/>\n<meta property=\"og:title\" content=\"L\u00f6schcontainer\" \/>\n<meta property=\"og:description\" content=\"Brandschutztechnik Marke JOCKEL \u2139\ufe0f Fahrbare L\u00f6schcontainer f\u00fcr Industrie, Fertigung \u271a Logistik \u1405 GRATIS Infos bekommen Sie HIER [\u2026]\" \/>\n<meta property=\"og:url\" content=\"https:\/\/www.jockel.de\/fr\/produkte\/loeschcontainer\/\" \/>\n<meta property=\"og:site_name\" content=\"Jockel\" \/>\n<meta property=\"article:modified_time\" content=\"2021-10-16T20:56:22+00:00\" \/>\n<meta property=\"og:image\" content=\"https:\/\/www.jockel.de\/wp-content\/uploads\/Cover-Mobile_Loeschcontainer-1086x1536.jpg\" \/>\n<meta name=\"twitter:card\" content=\"summary_large_image\" \/>\n<meta name=\"twitter:label1\" content=\"Dur\u00e9e de lecture estim\u00e9e\" \/>\n\t<meta name=\"twitter:data1\" content=\"2 minutes\" \/>\n<script type=\"application\/ld+json\" class=\"yoast-schema-graph\">{\"@context\":\"https:\\\/\\\/schema.org\",\"@graph\":[{\"@type\":\"WebPage\",\"@id\":\"https:\\\/\\\/www.jockel.de\\\/produkte\\\/loeschcontainer\\\/\",\"url\":\"https:\\\/\\\/www.jockel.de\\\/produkte\\\/loeschcontainer\\\/\",\"name\":\"L\u00f6schcontainer fahrbar \u1455\u2776\u1450 Brandschutztechnik by JOCKEL\",\"isPartOf\":{\"@id\":\"https:\\\/\\\/www.jockel.de\\\/#website\"},\"primaryImageOfPage\":{\"@id\":\"https:\\\/\\\/www.jockel.de\\\/produkte\\\/loeschcontainer\\\/#primaryimage\"},\"image\":{\"@id\":\"https:\\\/\\\/www.jockel.de\\\/produkte\\\/loeschcontainer\\\/#primaryimage\"},\"thumbnailUrl\":\"https:\\\/\\\/www.jockel.de\\\/wp-content\\\/uploads\\\/Cover-Mobile_Loeschcontainer-1086x1536.jpg\",\"datePublished\":\"2021-02-10T14:03:43+00:00\",\"dateModified\":\"2021-10-16T20:56:22+00:00\",\"description\":\"Brandschutztechnik Marke JOCKEL \u2139\ufe0f Fahrbare L\u00f6schcontainer f\u00fcr Industrie, Fertigung \u271a Logistik \u1405 GRATIS Infos bekommen Sie HIER [\u2026]\",\"breadcrumb\":{\"@id\":\"https:\\\/\\\/www.jockel.de\\\/produkte\\\/loeschcontainer\\\/#breadcrumb\"},\"inLanguage\":\"fr-FR\",\"potentialAction\":[{\"@type\":\"ReadAction\",\"target\":[\"https:\\\/\\\/www.jockel.de\\\/produkte\\\/loeschcontainer\\\/\"]}]},{\"@type\":\"ImageObject\",\"inLanguage\":\"fr-FR\",\"@id\":\"https:\\\/\\\/www.jockel.de\\\/produkte\\\/loeschcontainer\\\/#primaryimage\",\"url\":\"https:\\\/\\\/www.jockel.de\\\/wp-content\\\/uploads\\\/Cover-Mobile_Loeschcontainer-1086x1536.jpg\",\"contentUrl\":\"https:\\\/\\\/www.jockel.de\\\/wp-content\\\/uploads\\\/Cover-Mobile_Loeschcontainer-1086x1536.jpg\"},{\"@type\":\"BreadcrumbList\",\"@id\":\"https:\\\/\\\/www.jockel.de\\\/produkte\\\/loeschcontainer\\\/#breadcrumb\",\"itemListElement\":[{\"@type\":\"ListItem\",\"position\":1,\"name\":\"Home\",\"item\":\"https:\\\/\\\/www.jockel.de\\\/\"},{\"@type\":\"ListItem\",\"position\":2,\"name\":\"Produkte\",\"item\":\"https:\\\/\\\/www.jockel.de\\\/produkte\\\/\"},{\"@type\":\"ListItem\",\"position\":3,\"name\":\"L\u00f6schcontainer\"}]},{\"@type\":\"WebSite\",\"@id\":\"https:\\\/\\\/www.jockel.de\\\/#website\",\"url\":\"https:\\\/\\\/www.jockel.de\\\/\",\"name\":\"Feuerschutz JOCKEL\",\"description\":\"Feuerschutz\",\"publisher\":{\"@id\":\"https:\\\/\\\/www.jockel.de\\\/#organization\"},\"potentialAction\":[{\"@type\":\"SearchAction\",\"target\":{\"@type\":\"EntryPoint\",\"urlTemplate\":\"https:\\\/\\\/www.jockel.de\\\/?s={search_term_string}\"},\"query-input\":{\"@type\":\"PropertyValueSpecification\",\"valueRequired\":true,\"valueName\":\"search_term_string\"}}],\"inLanguage\":\"fr-FR\"},{\"@type\":\"Organization\",\"@id\":\"https:\\\/\\\/www.jockel.de\\\/#organization\",\"name\":\"Feuerschutz JOCKEL GmbH & Co. KG\",\"url\":\"https:\\\/\\\/www.jockel.de\\\/\",\"logo\":{\"@type\":\"ImageObject\",\"inLanguage\":\"fr-FR\",\"@id\":\"https:\\\/\\\/www.jockel.de\\\/#\\\/schema\\\/logo\\\/image\\\/\",\"url\":\"https:\\\/\\\/www.jockel.de\\\/wp-content\\\/uploads\\\/cropped-jockelfavicon-1.png\",\"contentUrl\":\"https:\\\/\\\/www.jockel.de\\\/wp-content\\\/uploads\\\/cropped-jockelfavicon-1.png\",\"width\":512,\"height\":512,\"caption\":\"Feuerschutz JOCKEL GmbH & Co. KG\"},\"image\":{\"@id\":\"https:\\\/\\\/www.jockel.de\\\/#\\\/schema\\\/logo\\\/image\\\/\"}}]}<\/script>\n<!-- \/ Yoast SEO Premium plugin. -->","yoast_head_json":{"title":"Conteneur d'extinction mobile \u1455\u2776\u1450 Technique de protection contre l'incendie by JOCKEL","description":"Brandschutztechnik Marke JOCKEL \u2139\ufe0f Fahrbare L\u00f6schcontainer f\u00fcr Industrie, Fertigung \u271a Logistik \u1405 GRATIS Infos bekommen Sie HIER [\u2026]","robots":{"index":"index","follow":"follow","max-snippet":"max-snippet:-1","max-image-preview":"max-image-preview:large","max-video-preview":"max-video-preview:-1"},"canonical":"https:\/\/www.jockel.de\/fr\/produkte\/loeschcontainer\/","og_locale":"fr_FR","og_type":"article","og_title":"L\u00f6schcontainer","og_description":"Brandschutztechnik Marke JOCKEL \u2139\ufe0f Fahrbare L\u00f6schcontainer f\u00fcr Industrie, Fertigung \u271a Logistik \u1405 GRATIS Infos bekommen Sie HIER [\u2026]","og_url":"https:\/\/www.jockel.de\/fr\/produkte\/loeschcontainer\/","og_site_name":"Jockel","article_modified_time":"2021-10-16T20:56:22+00:00","og_image":[{"url":"https:\/\/www.jockel.de\/wp-content\/uploads\/Cover-Mobile_Loeschcontainer-1086x1536.jpg","type":"","width":"","height":""}],"twitter_card":"summary_large_image","twitter_misc":{"Dur\u00e9e de lecture estim\u00e9e":"2 minutes"},"schema":{"@context":"https:\/\/schema.org","@graph":[{"@type":"WebPage","@id":"https:\/\/www.jockel.de\/produkte\/loeschcontainer\/","url":"https:\/\/www.jockel.de\/produkte\/loeschcontainer\/","name":"Conteneur d'extinction mobile \u1455\u2776\u1450 Technique de protection contre l'incendie by JOCKEL","isPartOf":{"@id":"https:\/\/www.jockel.de\/#website"},"primaryImageOfPage":{"@id":"https:\/\/www.jockel.de\/produkte\/loeschcontainer\/#primaryimage"},"image":{"@id":"https:\/\/www.jockel.de\/produkte\/loeschcontainer\/#primaryimage"},"thumbnailUrl":"https:\/\/www.jockel.de\/wp-content\/uploads\/Cover-Mobile_Loeschcontainer-1086x1536.jpg","datePublished":"2021-02-10T14:03:43+00:00","dateModified":"2021-10-16T20:56:22+00:00","description":"Brandschutztechnik Marke JOCKEL \u2139\ufe0f Fahrbare L\u00f6schcontainer f\u00fcr Industrie, Fertigung \u271a Logistik \u1405 GRATIS Infos bekommen Sie HIER [\u2026]","breadcrumb":{"@id":"https:\/\/www.jockel.de\/produkte\/loeschcontainer\/#breadcrumb"},"inLanguage":"fr-FR","potentialAction":[{"@type":"ReadAction","target":["https:\/\/www.jockel.de\/produkte\/loeschcontainer\/"]}]},{"@type":"ImageObject","inLanguage":"fr-FR","@id":"https:\/\/www.jockel.de\/produkte\/loeschcontainer\/#primaryimage","url":"https:\/\/www.jockel.de\/wp-content\/uploads\/Cover-Mobile_Loeschcontainer-1086x1536.jpg","contentUrl":"https:\/\/www.jockel.de\/wp-content\/uploads\/Cover-Mobile_Loeschcontainer-1086x1536.jpg"},{"@type":"BreadcrumbList","@id":"https:\/\/www.jockel.de\/produkte\/loeschcontainer\/#breadcrumb","itemListElement":[{"@type":"ListItem","position":1,"name":"Home","item":"https:\/\/www.jockel.de\/"},{"@type":"ListItem","position":2,"name":"Produkte","item":"https:\/\/www.jockel.de\/produkte\/"},{"@type":"ListItem","position":3,"name":"L\u00f6schcontainer"}]},{"@type":"WebSite","@id":"https:\/\/www.jockel.de\/#website","url":"https:\/\/www.jockel.de\/","name":"Protection incendie JOCKEL","description":"Protection contre le feu","publisher":{"@id":"https:\/\/www.jockel.de\/#organization"},"potentialAction":[{"@type":"SearchAction","target":{"@type":"EntryPoint","urlTemplate":"https:\/\/www.jockel.de\/?s={search_term_string}"},"query-input":{"@type":"PropertyValueSpecification","valueRequired":true,"valueName":"search_term_string"}}],"inLanguage":"fr-FR"},{"@type":"Organization","@id":"https:\/\/www.jockel.de\/#organization","name":"Protection contre l'incendie JOCKEL GmbH &amp; Co. KG","url":"https:\/\/www.jockel.de\/","logo":{"@type":"ImageObject","inLanguage":"fr-FR","@id":"https:\/\/www.jockel.de\/#\/schema\/logo\/image\/","url":"https:\/\/www.jockel.de\/wp-content\/uploads\/cropped-jockelfavicon-1.png","contentUrl":"https:\/\/www.jockel.de\/wp-content\/uploads\/cropped-jockelfavicon-1.png","width":512,"height":512,"caption":"Feuerschutz JOCKEL GmbH & Co. KG"},"image":{"@id":"https:\/\/www.jockel.de\/#\/schema\/logo\/image\/"}}]}},"_links":{"self":[{"href":"https:\/\/www.jockel.de\/fr\/wp-json\/wp\/v2\/pages\/9437","targetHints":{"allow":["GET"]}}],"collection":[{"href":"https:\/\/www.jockel.de\/fr\/wp-json\/wp\/v2\/pages"}],"about":[{"href":"https:\/\/www.jockel.de\/fr\/wp-json\/wp\/v2\/types\/page"}],"author":[{"embeddable":true,"href":"https:\/\/www.jockel.de\/fr\/wp-json\/wp\/v2\/users\/10"}],"replies":[{"embeddable":true,"href":"https:\/\/www.jockel.de\/fr\/wp-json\/wp\/v2\/comments?post=9437"}],"version-history":[{"count":5,"href":"https:\/\/www.jockel.de\/fr\/wp-json\/wp\/v2\/pages\/9437\/revisions"}],"predecessor-version":[{"id":22580,"href":"https:\/\/www.jockel.de\/fr\/wp-json\/wp\/v2\/pages\/9437\/revisions\/22580"}],"up":[{"embeddable":true,"href":"https:\/\/www.jockel.de\/fr\/wp-json\/wp\/v2\/pages\/9300"}],"wp:attachment":[{"href":"https:\/\/www.jockel.de\/fr\/wp-json\/wp\/v2\/media?parent=9437"}],"curies":[{"name":"wp","href":"https:\/\/api.w.org\/{rel}","templated":true}]}}