{"id":9308,"date":"2021-02-10T14:43:12","date_gmt":"2021-02-10T13:43:12","guid":{"rendered":"https:\/\/www.jockel.de\/?page_id=9308"},"modified":"2021-10-17T22:34:53","modified_gmt":"2021-10-17T20:34:53","slug":"erste-hilfe","status":"publish","type":"page","link":"https:\/\/www.jockel.de\/fr\/produkte\/erste-hilfe\/","title":{"rendered":"Premiers secours"},"content":{"rendered":"\t\t<div data-elementor-type=\"wp-page\" data-elementor-id=\"9308\" class=\"elementor elementor-9308\" data-elementor-post-type=\"page\">\n\t\t\t\t\t\t<section class=\"elementor-section elementor-top-section elementor-element elementor-element-61e43b61 elementor-section-boxed elementor-section-height-default elementor-section-height-default\" data-id=\"61e43b61\" data-element_type=\"section\">\n\t\t\t\t\t\t<div class=\"elementor-container elementor-column-gap-default\">\n\t\t\t\t\t<div class=\"elementor-column elementor-col-100 elementor-top-column elementor-element elementor-element-bac5c52\" data-id=\"bac5c52\" data-element_type=\"column\">\n\t\t\t<div class=\"elementor-widget-wrap elementor-element-populated\">\n\t\t\t\t\t\t<div class=\"elementor-element elementor-element-570cfcdd elementor-widget elementor-widget-heading\" data-id=\"570cfcdd\" data-element_type=\"widget\" data-widget_type=\"heading.default\">\n\t\t\t\t<div class=\"elementor-widget-container\">\n\t\t\t\t\t<h1 class=\"elementor-heading-title elementor-size-default\">Erste Hilfe<\/h1>\t\t\t\t<\/div>\n\t\t\t\t<\/div>\n\t\t\t\t<div class=\"elementor-element elementor-element-6ec49792 elementor-widget elementor-widget-heading\" data-id=\"6ec49792\" data-element_type=\"widget\" data-widget_type=\"heading.default\">\n\t\t\t\t<div class=\"elementor-widget-container\">\n\t\t\t\t\t<h1 class=\"elementor-heading-title elementor-size-default\">Schnelle Erstversorgung<\/h1>\t\t\t\t<\/div>\n\t\t\t\t<\/div>\n\t\t\t\t\t<\/div>\n\t\t<\/div>\n\t\t\t\t\t<\/div>\n\t\t<\/section>\n\t\t\t\t<section class=\"elementor-section elementor-top-section elementor-element elementor-element-7f29798e elementor-section-boxed elementor-section-height-default elementor-section-height-default\" data-id=\"7f29798e\" data-element_type=\"section\">\n\t\t\t\t\t\t<div class=\"elementor-container elementor-column-gap-default\">\n\t\t\t\t\t<div class=\"elementor-column elementor-col-50 elementor-top-column elementor-element elementor-element-173c5fd2\" data-id=\"173c5fd2\" data-element_type=\"column\" data-settings=\"{&quot;background_background&quot;:&quot;classic&quot;}\">\n\t\t\t<div class=\"elementor-widget-wrap elementor-element-populated\">\n\t\t\t\t\t\t<section class=\"elementor-section elementor-inner-section elementor-element elementor-element-302a6bf3 elementor-section-boxed elementor-section-height-default elementor-section-height-default\" data-id=\"302a6bf3\" data-element_type=\"section\" data-settings=\"{&quot;background_background&quot;:&quot;classic&quot;}\">\n\t\t\t\t\t\t<div class=\"elementor-container elementor-column-gap-default\">\n\t\t\t\t\t<div class=\"elementor-column elementor-col-100 elementor-inner-column elementor-element elementor-element-3ee0bf8d\" data-id=\"3ee0bf8d\" data-element_type=\"column\">\n\t\t\t<div class=\"elementor-widget-wrap elementor-element-populated\">\n\t\t\t\t\t\t<div class=\"elementor-element elementor-element-1cacaa34 elementor-widget elementor-widget-heading\" data-id=\"1cacaa34\" data-element_type=\"widget\" data-widget_type=\"heading.default\">\n\t\t\t\t<div class=\"elementor-widget-container\">\n\t\t\t\t\t<h2 class=\"elementor-heading-title elementor-size-default\">Das m\u00fcssen Sie beachten<\/h2>\t\t\t\t<\/div>\n\t\t\t\t<\/div>\n\t\t\t\t<div class=\"elementor-element elementor-element-64e51e5c elementor-widget elementor-widget-table-of-contents\" data-id=\"64e51e5c\" data-element_type=\"widget\" data-settings=\"{&quot;headings_by_tags&quot;:[&quot;h2&quot;,&quot;h3&quot;],&quot;exclude_headings_by_selector&quot;:[],&quot;container&quot;:&quot;#cont&quot;,&quot;marker_view&quot;:&quot;numbers&quot;,&quot;no_headings_message&quot;:&quot;Aucun titre n\\u2019a \\u00e9t\\u00e9 trouv\\u00e9 sur cette page.&quot;,&quot;min_height&quot;:{&quot;unit&quot;:&quot;px&quot;,&quot;size&quot;:&quot;&quot;,&quot;sizes&quot;:[]},&quot;min_height_tablet&quot;:{&quot;unit&quot;:&quot;px&quot;,&quot;size&quot;:&quot;&quot;,&quot;sizes&quot;:[]},&quot;min_height_mobile&quot;:{&quot;unit&quot;:&quot;px&quot;,&quot;size&quot;:&quot;&quot;,&quot;sizes&quot;:[]}}\" data-widget_type=\"table-of-contents.default\">\n\t\t\t\t<div class=\"elementor-widget-container\">\n\t\t\t\t\t\t\t<div class=\"elementor-toc__header\">\n\t\t\t<h4 class=\"elementor-toc__header-title\">\n\t\t\t\t\t\t\t<\/h4>\n\t\t\t\t\t<\/div>\n\t\t<div id=\"elementor-toc__64e51e5c\" class=\"elementor-toc__body\">\n\t\t\t<div class=\"elementor-toc__spinner-container\">\n\t\t\t\t<i class=\"elementor-toc__spinner eicon-animation-spin eicon-loading\" aria-hidden=\"true\"><\/i>\t\t\t<\/div>\n\t\t<\/div>\n\t\t\t\t\t\t<\/div>\n\t\t\t\t<\/div>\n\t\t\t\t\t<\/div>\n\t\t<\/div>\n\t\t\t\t\t<\/div>\n\t\t<\/section>\n\t\t\t\t\t<\/div>\n\t\t<\/div>\n\t\t\t\t<div class=\"elementor-column elementor-col-50 elementor-top-column elementor-element elementor-element-7cfa9162\" data-id=\"7cfa9162\" data-element_type=\"column\" id=\"cont\">\n\t\t\t<div class=\"elementor-widget-wrap elementor-element-populated\">\n\t\t\t\t\t\t<div class=\"elementor-element elementor-element-10147df9 elementor-widget elementor-widget-text-editor\" data-id=\"10147df9\" data-element_type=\"widget\" data-widget_type=\"text-editor.default\">\n\t\t\t\t<div class=\"elementor-widget-container\">\n\t\t\t\t\t\t\t\t\t<h2>Leidige Vorschrift oder sinnvolle Investition?<\/h2><p>Wie schnell ist man im Eifer des Gefechts mit dem Cuttermesser \u00fcber die Fingerkuppe gerutscht oder hat man Ammoniak ins Auge bekommen? Ereignet sich ein Unfall, ist eine schnelle und fachgerechte Erste Hilfe f\u00fcr den Verletzten unter Umst\u00e4nden \u00fcberlebenswichtig. Jeder Verletzte hat Anspruch auf Erste Hilfe und bei jedem Unfall im Betrieb muss diese gew\u00e4hrleistet sein. Dies ergibt sich aus der F\u00fcrsorgepflicht des Unternehmers. Arbeitsunf\u00e4lle sind teuer. Eine qualifizierte Erste Hilfe mit hochwertigem Material dient der Genesung des Patienten und hilft Folgekosten einzusparen.<\/p><p>Alle Arbeitsst\u00e4tten, sei es in der Gro\u00dfindustrie, im Handwerksbetrieb, als Kleinunternehmen oder im \u00d6ffentlichen Dienst, unterliegen der Arbeitsst\u00e4ttenverordnung. Grunds\u00e4tzliche Anforderungen an Erste-Hilfe-Einrichtungen und Erste-Hilfe-Material in Betrieben ergeben sich aus der Unfall-verh\u00fctungsvorschrift BGV A1 \u201eGrunds\u00e4tze der Pr\u00e4vention\u201c, analog f\u00fcr L\u00e4nder und Gemeinden GUV.Va1. Die Richtlinie BGR A1 sieht Konkretisierungen und Erl\u00e4uterungen hierzu vor.<\/p><p>Hierf\u00fcr ist es notwendig, dass geeignetes Erste-Hilfe-Material vorhanden und leicht erreichbar ist. In unserem neuen Sortiment finden Sie funktionsgerechtes Erste-Hilfe-Material in hoher Qualit\u00e4t vom Erste-Hilfe-Koffer \u00fcber Schr\u00e4nke bis hin zu Wunderversorgungsprodukten und Sicherheitsleuchten.<\/p><h2>Erste Hilfe im Betrieb<\/h2><p>Es geh\u00f6rt zu den Pflichten eines Betriebes, Erste-Hilfe-Material in ausreichender Menge bereitzustellen. Dies ist abh\u00e4ngig von der Gr\u00f6\u00dfe und Art des Betriebs. Gesch\u00fctzt vor Schmutz, N\u00e4sse und hohen Temperaturen, sollte sich der Verbandkasten unmittelbar dort befinden, wo es die Bedingungen erfordern. Die maximale Entfernung von st\u00e4ndigen Arbeitspl\u00e4tzen liegt bei 100 m und h\u00f6chstens einem Stockwerk. Dabei kann zwischen tragbaren Verbandk\u00e4sten, als auch Verbandschr\u00e4nken gew\u00e4hlt werden. Mit einem wei\u00dfen Kreuz auf gr\u00fcnem Grund muss der Standort gekennzeichnet sein.<\/p><h3>Das richtige Material<\/h3><p>Betriebsverbandk\u00e4sten enthalten zus\u00e4tzliche Elemente, wie sie spezielle Arbeitsunf\u00e4lle erfordern k\u00f6nnen (z. B. Fingerkuppen-verb\u00e4nde und Augenkompressen) und k\u00f6nnen daher nicht durch einen Kfz-Verbandkasten ersetzt werden. Dar\u00fcber hinaus empfiehlt es sich je nach Bedarf diese Sets zu erweitern z. B. mit Pinzetten, Augensp\u00fclflaschen oder Verbrennungsprodukten.<\/p><h3>Der Verfall &#8211; die Vorratspr\u00fcfung<\/h3><p>Gebrauchtes Material ist zu entsorgen und muss ersetzt werden. Achten Sie darauf, dass sterile Materialien ein Haltbarkeitsdatum tragen. Nach Ablauf m\u00fcssen sie ersetzt werden, sonst k\u00f6nnte der Arbeitgeber in die Bredouille geraten.<\/p><h3>Das sollten Sie tun<\/h3><p>Verbandk\u00e4sten und Co. sind wertvolle Mittel zur Hilfeleistung, auf die man sich verlassen muss. Daher sollten sie vorhanden sein, ebenso wie Ersthelfer, die im Notfall direkt eingreifen k\u00f6nnen.<\/p>\t\t\t\t\t\t\t\t<\/div>\n\t\t\t\t<\/div>\n\t\t\t\t\t<\/div>\n\t\t<\/div>\n\t\t\t\t\t<\/div>\n\t\t<\/section>\n\t\t\t\t<section class=\"elementor-section elementor-top-section elementor-element elementor-element-734431f elementor-section-height-min-height elementor-section-items-stretch elementor-section-boxed elementor-section-height-default\" data-id=\"734431f\" data-element_type=\"section\" data-settings=\"{&quot;background_background&quot;:&quot;classic&quot;}\">\n\t\t\t\t\t\t\t<div class=\"elementor-background-overlay\"><\/div>\n\t\t\t\t\t\t\t<div class=\"elementor-container elementor-column-gap-default\">\n\t\t\t\t\t<div class=\"elementor-column elementor-col-100 elementor-top-column elementor-element elementor-element-1ce2c3d6\" data-id=\"1ce2c3d6\" data-element_type=\"column\" data-settings=\"{&quot;background_background&quot;:&quot;classic&quot;}\">\n\t\t\t<div class=\"elementor-widget-wrap elementor-element-populated\">\n\t\t\t\t\t<div class=\"elementor-background-overlay\"><\/div>\n\t\t\t\t\t\t<section class=\"elementor-section elementor-inner-section elementor-element elementor-element-6ed47907 elementor-section-full_width elementor-section-height-default elementor-section-height-default\" data-id=\"6ed47907\" data-element_type=\"section\">\n\t\t\t\t\t\t<div class=\"elementor-container elementor-column-gap-default\">\n\t\t\t\t\t<div class=\"elementor-column elementor-col-50 elementor-inner-column elementor-element elementor-element-5eb002a3\" data-id=\"5eb002a3\" data-element_type=\"column\">\n\t\t\t<div class=\"elementor-widget-wrap elementor-element-populated\">\n\t\t\t\t\t\t<div class=\"elementor-element elementor-element-7c45c18d elementor-mobile-align-center elementor-widget elementor-widget-button\" data-id=\"7c45c18d\" data-element_type=\"widget\" data-widget_type=\"button.default\">\n\t\t\t\t<div class=\"elementor-widget-container\">\n\t\t\t\t\t\t\t\t\t<div class=\"elementor-button-wrapper\">\n\t\t\t\t\t<a class=\"elementor-button elementor-button-link elementor-size-sm\" href=\"https:\/\/www.jockel.de\/downloads\/Erste-Hilfe_Katalog.pdf\" target=\"_blank\">\n\t\t\t\t\t\t<span class=\"elementor-button-content-wrapper\">\n\t\t\t\t\t\t\t\t\t<span class=\"elementor-button-text\">jetzt ansehen<\/span>\n\t\t\t\t\t<\/span>\n\t\t\t\t\t<\/a>\n\t\t\t\t<\/div>\n\t\t\t\t\t\t\t\t<\/div>\n\t\t\t\t<\/div>\n\t\t\t\t\t<\/div>\n\t\t<\/div>\n\t\t\t\t<div class=\"elementor-column elementor-col-50 elementor-inner-column elementor-element elementor-element-1c372451\" data-id=\"1c372451\" data-element_type=\"column\">\n\t\t\t<div class=\"elementor-widget-wrap elementor-element-populated\">\n\t\t\t\t\t\t<div class=\"elementor-element elementor-element-1f430809 elementor-widget elementor-widget-image\" data-id=\"1f430809\" data-element_type=\"widget\" data-widget_type=\"image.default\">\n\t\t\t\t<div class=\"elementor-widget-container\">\n\t\t\t\t\t\t\t\t\t\t\t\t\t\t\t\t<a href=\"https:\/\/www.jockel.de\/downloads\/Erste-Hilfe_Katalog.pdf\" target=\"_blank\">\n\t\t\t\t\t\t\t<img fetchpriority=\"high\" decoding=\"async\" width=\"1086\" height=\"1536\" src=\"https:\/\/www.jockel.de\/wp-content\/uploads\/Cover-Erste-Hilfe-1086x1536.jpg\" class=\"elementor-animation-shrink attachment-1536x1536 size-1536x1536 wp-image-14493\" alt=\"\" srcset=\"https:\/\/www.jockel.de\/wp-content\/uploads\/Cover-Erste-Hilfe-1086x1536.jpg 1086w, https:\/\/www.jockel.de\/wp-content\/uploads\/Cover-Erste-Hilfe-212x300.jpg 212w, https:\/\/www.jockel.de\/wp-content\/uploads\/Cover-Erste-Hilfe-724x1024.jpg 724w, https:\/\/www.jockel.de\/wp-content\/uploads\/Cover-Erste-Hilfe-768x1086.jpg 768w, https:\/\/www.jockel.de\/wp-content\/uploads\/Cover-Erste-Hilfe-1448x2048.jpg 1448w, https:\/\/www.jockel.de\/wp-content\/uploads\/Cover-Erste-Hilfe-8x12.jpg 8w, https:\/\/www.jockel.de\/wp-content\/uploads\/Cover-Erste-Hilfe-600x849.jpg 600w, https:\/\/www.jockel.de\/wp-content\/uploads\/Cover-Erste-Hilfe-scaled.jpg 1810w\" sizes=\"(max-width: 1086px) 100vw, 1086px\" \/>\t\t\t\t\t\t\t\t<\/a>\n\t\t\t\t\t\t\t\t\t\t\t\t\t\t\t<\/div>\n\t\t\t\t<\/div>\n\t\t\t\t\t<\/div>\n\t\t<\/div>\n\t\t\t\t\t<\/div>\n\t\t<\/section>\n\t\t\t\t\t<\/div>\n\t\t<\/div>\n\t\t\t\t\t<\/div>\n\t\t<\/section>\n\t\t\t\t<\/div>\n\t\t","protected":false},"excerpt":{"rendered":"<p>Start Schnelle Erstversorgung Das m\u00fcssen Sie beachten Leidige Vorschrift oder sinnvolle Investition? Wie schnell ist man im Eifer des Gefechts mit dem Cuttermesser \u00fcber die Fingerkuppe gerutscht oder hat man Ammoniak ins Auge bekommen? Ereignet sich ein Unfall, ist eine schnelle und fachgerechte Erste Hilfe f\u00fcr den Verletzten unter Umst\u00e4nden \u00fcberlebenswichtig. Jeder Verletzte hat Anspruch [&hellip;]<\/p>\n","protected":false},"author":10,"featured_media":0,"parent":9300,"menu_order":0,"comment_status":"closed","ping_status":"closed","template":"elementor_header_footer","meta":{"footnotes":""},"class_list":["post-9308","page","type-page","status-publish","hentry"],"yoast_head":"<!-- This site is optimized with the Yoast SEO Premium plugin v27.0 (Yoast SEO v27.4) - https:\/\/yoast.com\/product\/yoast-seo-premium-wordpress\/ -->\n<title>ERSTE HILFE Produkte\u2757\ufe0fZulassung gewerblich &amp; privat | JOCKEL<\/title>\n<meta name=\"description\" content=\"F\u00fcr eine schnelle &amp; sachgerechte Erstversorgung \u2b50 Fachgerechte Erste Hilfe \u271a Mit Sicherheit mehr Sicherheit \u2705 ERSTE HILFE Produkte [\u2026] HIER!\" \/>\n<meta name=\"robots\" content=\"index, follow, max-snippet:-1, max-image-preview:large, max-video-preview:-1\" \/>\n<link rel=\"canonical\" href=\"https:\/\/www.jockel.de\/fr\/produkte\/erste-hilfe\/\" \/>\n<meta property=\"og:locale\" content=\"fr_FR\" \/>\n<meta property=\"og:type\" content=\"article\" \/>\n<meta property=\"og:title\" content=\"Erste Hilfe\" \/>\n<meta property=\"og:description\" content=\"F\u00fcr eine schnelle &amp; sachgerechte Erstversorgung \u2b50 Fachgerechte Erste Hilfe \u271a Mit Sicherheit mehr Sicherheit \u2705 ERSTE HILFE Produkte [\u2026] HIER!\" \/>\n<meta property=\"og:url\" content=\"https:\/\/www.jockel.de\/fr\/produkte\/erste-hilfe\/\" \/>\n<meta property=\"og:site_name\" content=\"Jockel\" \/>\n<meta property=\"article:modified_time\" content=\"2021-10-17T20:34:53+00:00\" \/>\n<meta property=\"og:image\" content=\"https:\/\/www.jockel.de\/wp-content\/uploads\/Cover-Erste-Hilfe-1086x1536.jpg\" \/>\n<meta name=\"twitter:card\" content=\"summary_large_image\" \/>\n<meta name=\"twitter:label1\" content=\"Dur\u00e9e de lecture estim\u00e9e\" \/>\n\t<meta name=\"twitter:data1\" content=\"2 minutes\" \/>\n<script type=\"application\/ld+json\" class=\"yoast-schema-graph\">{\"@context\":\"https:\\\/\\\/schema.org\",\"@graph\":[{\"@type\":\"WebPage\",\"@id\":\"https:\\\/\\\/www.jockel.de\\\/produkte\\\/erste-hilfe\\\/\",\"url\":\"https:\\\/\\\/www.jockel.de\\\/produkte\\\/erste-hilfe\\\/\",\"name\":\"ERSTE HILFE Produkte\u2757\ufe0fZulassung gewerblich & privat | JOCKEL\",\"isPartOf\":{\"@id\":\"https:\\\/\\\/www.jockel.de\\\/#website\"},\"primaryImageOfPage\":{\"@id\":\"https:\\\/\\\/www.jockel.de\\\/produkte\\\/erste-hilfe\\\/#primaryimage\"},\"image\":{\"@id\":\"https:\\\/\\\/www.jockel.de\\\/produkte\\\/erste-hilfe\\\/#primaryimage\"},\"thumbnailUrl\":\"https:\\\/\\\/www.jockel.de\\\/wp-content\\\/uploads\\\/Cover-Erste-Hilfe-1086x1536.jpg\",\"datePublished\":\"2021-02-10T13:43:12+00:00\",\"dateModified\":\"2021-10-17T20:34:53+00:00\",\"description\":\"F\u00fcr eine schnelle & sachgerechte Erstversorgung \u2b50 Fachgerechte Erste Hilfe \u271a Mit Sicherheit mehr Sicherheit \u2705 ERSTE HILFE Produkte [\u2026] HIER!\",\"breadcrumb\":{\"@id\":\"https:\\\/\\\/www.jockel.de\\\/produkte\\\/erste-hilfe\\\/#breadcrumb\"},\"inLanguage\":\"fr-FR\",\"potentialAction\":[{\"@type\":\"ReadAction\",\"target\":[\"https:\\\/\\\/www.jockel.de\\\/produkte\\\/erste-hilfe\\\/\"]}]},{\"@type\":\"ImageObject\",\"inLanguage\":\"fr-FR\",\"@id\":\"https:\\\/\\\/www.jockel.de\\\/produkte\\\/erste-hilfe\\\/#primaryimage\",\"url\":\"https:\\\/\\\/www.jockel.de\\\/wp-content\\\/uploads\\\/Cover-Erste-Hilfe-1086x1536.jpg\",\"contentUrl\":\"https:\\\/\\\/www.jockel.de\\\/wp-content\\\/uploads\\\/Cover-Erste-Hilfe-1086x1536.jpg\"},{\"@type\":\"BreadcrumbList\",\"@id\":\"https:\\\/\\\/www.jockel.de\\\/produkte\\\/erste-hilfe\\\/#breadcrumb\",\"itemListElement\":[{\"@type\":\"ListItem\",\"position\":1,\"name\":\"Home\",\"item\":\"https:\\\/\\\/www.jockel.de\\\/\"},{\"@type\":\"ListItem\",\"position\":2,\"name\":\"Produkte\",\"item\":\"https:\\\/\\\/www.jockel.de\\\/produkte\\\/\"},{\"@type\":\"ListItem\",\"position\":3,\"name\":\"Erste Hilfe\"}]},{\"@type\":\"WebSite\",\"@id\":\"https:\\\/\\\/www.jockel.de\\\/#website\",\"url\":\"https:\\\/\\\/www.jockel.de\\\/\",\"name\":\"Feuerschutz JOCKEL\",\"description\":\"Feuerschutz\",\"publisher\":{\"@id\":\"https:\\\/\\\/www.jockel.de\\\/#organization\"},\"potentialAction\":[{\"@type\":\"SearchAction\",\"target\":{\"@type\":\"EntryPoint\",\"urlTemplate\":\"https:\\\/\\\/www.jockel.de\\\/?s={search_term_string}\"},\"query-input\":{\"@type\":\"PropertyValueSpecification\",\"valueRequired\":true,\"valueName\":\"search_term_string\"}}],\"inLanguage\":\"fr-FR\"},{\"@type\":\"Organization\",\"@id\":\"https:\\\/\\\/www.jockel.de\\\/#organization\",\"name\":\"Feuerschutz JOCKEL GmbH & Co. KG\",\"url\":\"https:\\\/\\\/www.jockel.de\\\/\",\"logo\":{\"@type\":\"ImageObject\",\"inLanguage\":\"fr-FR\",\"@id\":\"https:\\\/\\\/www.jockel.de\\\/#\\\/schema\\\/logo\\\/image\\\/\",\"url\":\"https:\\\/\\\/www.jockel.de\\\/wp-content\\\/uploads\\\/cropped-jockelfavicon-1.png\",\"contentUrl\":\"https:\\\/\\\/www.jockel.de\\\/wp-content\\\/uploads\\\/cropped-jockelfavicon-1.png\",\"width\":512,\"height\":512,\"caption\":\"Feuerschutz JOCKEL GmbH & Co. KG\"},\"image\":{\"@id\":\"https:\\\/\\\/www.jockel.de\\\/#\\\/schema\\\/logo\\\/image\\\/\"}}]}<\/script>\n<!-- \/ Yoast SEO Premium plugin. -->","yoast_head_json":{"title":"PREMIERS SECOURS Produkte\u2757\ufe0fZulassung commercial &amp; priv\u00e9 | JOCKEL","description":"F\u00fcr eine schnelle & sachgerechte Erstversorgung \u2b50 Fachgerechte Erste Hilfe \u271a Mit Sicherheit mehr Sicherheit \u2705 ERSTE HILFE Produkte [\u2026] HIER!","robots":{"index":"index","follow":"follow","max-snippet":"max-snippet:-1","max-image-preview":"max-image-preview:large","max-video-preview":"max-video-preview:-1"},"canonical":"https:\/\/www.jockel.de\/fr\/produkte\/erste-hilfe\/","og_locale":"fr_FR","og_type":"article","og_title":"Erste Hilfe","og_description":"F\u00fcr eine schnelle & sachgerechte Erstversorgung \u2b50 Fachgerechte Erste Hilfe \u271a Mit Sicherheit mehr Sicherheit \u2705 ERSTE HILFE Produkte [\u2026] HIER!","og_url":"https:\/\/www.jockel.de\/fr\/produkte\/erste-hilfe\/","og_site_name":"Jockel","article_modified_time":"2021-10-17T20:34:53+00:00","og_image":[{"url":"https:\/\/www.jockel.de\/wp-content\/uploads\/Cover-Erste-Hilfe-1086x1536.jpg","type":"","width":"","height":""}],"twitter_card":"summary_large_image","twitter_misc":{"Dur\u00e9e de lecture estim\u00e9e":"2 minutes"},"schema":{"@context":"https:\/\/schema.org","@graph":[{"@type":"WebPage","@id":"https:\/\/www.jockel.de\/produkte\/erste-hilfe\/","url":"https:\/\/www.jockel.de\/produkte\/erste-hilfe\/","name":"PREMIERS SECOURS Produkte\u2757\ufe0fZulassung commercial &amp; priv\u00e9 | JOCKEL","isPartOf":{"@id":"https:\/\/www.jockel.de\/#website"},"primaryImageOfPage":{"@id":"https:\/\/www.jockel.de\/produkte\/erste-hilfe\/#primaryimage"},"image":{"@id":"https:\/\/www.jockel.de\/produkte\/erste-hilfe\/#primaryimage"},"thumbnailUrl":"https:\/\/www.jockel.de\/wp-content\/uploads\/Cover-Erste-Hilfe-1086x1536.jpg","datePublished":"2021-02-10T13:43:12+00:00","dateModified":"2021-10-17T20:34:53+00:00","description":"F\u00fcr eine schnelle & sachgerechte Erstversorgung \u2b50 Fachgerechte Erste Hilfe \u271a Mit Sicherheit mehr Sicherheit \u2705 ERSTE HILFE Produkte [\u2026] HIER!","breadcrumb":{"@id":"https:\/\/www.jockel.de\/produkte\/erste-hilfe\/#breadcrumb"},"inLanguage":"fr-FR","potentialAction":[{"@type":"ReadAction","target":["https:\/\/www.jockel.de\/produkte\/erste-hilfe\/"]}]},{"@type":"ImageObject","inLanguage":"fr-FR","@id":"https:\/\/www.jockel.de\/produkte\/erste-hilfe\/#primaryimage","url":"https:\/\/www.jockel.de\/wp-content\/uploads\/Cover-Erste-Hilfe-1086x1536.jpg","contentUrl":"https:\/\/www.jockel.de\/wp-content\/uploads\/Cover-Erste-Hilfe-1086x1536.jpg"},{"@type":"BreadcrumbList","@id":"https:\/\/www.jockel.de\/produkte\/erste-hilfe\/#breadcrumb","itemListElement":[{"@type":"ListItem","position":1,"name":"Home","item":"https:\/\/www.jockel.de\/"},{"@type":"ListItem","position":2,"name":"Produkte","item":"https:\/\/www.jockel.de\/produkte\/"},{"@type":"ListItem","position":3,"name":"Erste Hilfe"}]},{"@type":"WebSite","@id":"https:\/\/www.jockel.de\/#website","url":"https:\/\/www.jockel.de\/","name":"Protection incendie JOCKEL","description":"Protection contre le feu","publisher":{"@id":"https:\/\/www.jockel.de\/#organization"},"potentialAction":[{"@type":"SearchAction","target":{"@type":"EntryPoint","urlTemplate":"https:\/\/www.jockel.de\/?s={search_term_string}"},"query-input":{"@type":"PropertyValueSpecification","valueRequired":true,"valueName":"search_term_string"}}],"inLanguage":"fr-FR"},{"@type":"Organization","@id":"https:\/\/www.jockel.de\/#organization","name":"Protection contre l'incendie JOCKEL GmbH &amp; Co. KG","url":"https:\/\/www.jockel.de\/","logo":{"@type":"ImageObject","inLanguage":"fr-FR","@id":"https:\/\/www.jockel.de\/#\/schema\/logo\/image\/","url":"https:\/\/www.jockel.de\/wp-content\/uploads\/cropped-jockelfavicon-1.png","contentUrl":"https:\/\/www.jockel.de\/wp-content\/uploads\/cropped-jockelfavicon-1.png","width":512,"height":512,"caption":"Feuerschutz JOCKEL GmbH & Co. KG"},"image":{"@id":"https:\/\/www.jockel.de\/#\/schema\/logo\/image\/"}}]}},"_links":{"self":[{"href":"https:\/\/www.jockel.de\/fr\/wp-json\/wp\/v2\/pages\/9308","targetHints":{"allow":["GET"]}}],"collection":[{"href":"https:\/\/www.jockel.de\/fr\/wp-json\/wp\/v2\/pages"}],"about":[{"href":"https:\/\/www.jockel.de\/fr\/wp-json\/wp\/v2\/types\/page"}],"author":[{"embeddable":true,"href":"https:\/\/www.jockel.de\/fr\/wp-json\/wp\/v2\/users\/10"}],"replies":[{"embeddable":true,"href":"https:\/\/www.jockel.de\/fr\/wp-json\/wp\/v2\/comments?post=9308"}],"version-history":[{"count":5,"href":"https:\/\/www.jockel.de\/fr\/wp-json\/wp\/v2\/pages\/9308\/revisions"}],"predecessor-version":[{"id":15337,"href":"https:\/\/www.jockel.de\/fr\/wp-json\/wp\/v2\/pages\/9308\/revisions\/15337"}],"up":[{"embeddable":true,"href":"https:\/\/www.jockel.de\/fr\/wp-json\/wp\/v2\/pages\/9300"}],"wp:attachment":[{"href":"https:\/\/www.jockel.de\/fr\/wp-json\/wp\/v2\/media?parent=9308"}],"curies":[{"name":"wp","href":"https:\/\/api.w.org\/{rel}","templated":true}]}}