{"id":29397,"date":"2022-06-08T17:42:08","date_gmt":"2022-06-08T15:42:08","guid":{"rendered":"https:\/\/www.jockel.de\/?page_id=29397"},"modified":"2024-05-22T11:17:01","modified_gmt":"2024-05-22T09:17:01","slug":"teilnahmebedingungen-fuer-lehrgaenge-seminare","status":"publish","type":"page","link":"https:\/\/www.jockel.de\/fr\/teilnahmebedingungen-fuer-lehrgaenge-seminare\/","title":{"rendered":"Conditions de participation aux cours et aux s\u00e9minaires"},"content":{"rendered":"<div data-elementor-type=\"wp-page\" data-elementor-id=\"29397\" class=\"elementor elementor-29397\" data-elementor-post-type=\"page\">\n\t\t\t\t\t\t<section class=\"elementor-section elementor-top-section elementor-element elementor-element-74dbb4a elementor-section-boxed elementor-section-height-default elementor-section-height-default\" data-id=\"74dbb4a\" data-element_type=\"section\">\n\t\t\t\t\t\t<div class=\"elementor-container elementor-column-gap-default\">\n\t\t\t\t\t<div class=\"elementor-column elementor-col-100 elementor-top-column elementor-element elementor-element-8a53a14\" data-id=\"8a53a14\" data-element_type=\"column\">\n\t\t\t<div class=\"elementor-widget-wrap elementor-element-populated\">\n\t\t\t\t\t\t<div class=\"elementor-element elementor-element-3e69afa elementor-widget elementor-widget-text-editor\" data-id=\"3e69afa\" data-element_type=\"widget\" data-widget_type=\"text-editor.default\">\n\t\t\t\t<div class=\"elementor-widget-container\">\n\t\t\t\t\t\t\t\t\t<div class=\"page\" title=\"Page 3\">\n<div class=\"section\">\n<div class=\"layoutArea\">\n<div class=\"column\">\n<div class=\"page\" title=\"Page 3\">\n<div class=\"section\">\n<div class=\"layoutArea\">\n<div class=\"column\">\n<p>Conditions de participation aux cours et aux s\u00e9minaires<\/p>\n<p>1. inscriptions<\/p>\n<\/div>\n<\/div>\n<div class=\"layoutArea\">\n<div class=\"column\">\n<p>Les inscriptions aux s\u00e9minaires et aux formations doivent \u00eatre effectu\u00e9es par \u00e9crit. En cas de surnombre, c'est l'ordre d'arriv\u00e9e des inscriptions qui compte. Le participant re\u00e7oit une confirmation d'inscription ferme, sous r\u00e9serve d'une annulation pour raison importante. Votre documentation personnelle vous sera envoy\u00e9e en temps utile avant le d\u00e9but du s\u00e9minaire.<\/p>\n<p>2. frais de s\u00e9minaire<\/p>\n<p>La facture vous sera envoy\u00e9e 21 jours avant le d\u00e9but du s\u00e9minaire. Les frais de s\u00e9minaire doivent \u00eatre r\u00e9gl\u00e9s sans d\u00e9duction au plus tard 10 jours avant le d\u00e9but de la formation. Sans r\u00e9ception du paiement correspondant, la participation n'est malheureusement pas possible.<\/p>\n<p>3. les annulations<\/p>\n<p>Les cours peuvent \u00eatre annul\u00e9s jusqu'\u00e0 14 jours avant le d\u00e9but de l'\u00e9v\u00e9nement, sans frais d'annulation, ou modifi\u00e9s sans frais. L'annulation doit \u00eatre effectu\u00e9e par \u00e9crit. Le cachet de la poste fait foi \u00e0 cet \u00e9gard. En cas d'annulation apr\u00e8s ce d\u00e9lai et jusqu'au 7e jour avant le d\u00e9but du s\u00e9minaire, 10% des frais de participation sont dus. En cas d'annulation plus tardive, 20% du prix du s\u00e9minaire seront dus. En cas de non-pr\u00e9sentation ou d'interruption pr\u00e9matur\u00e9e du s\u00e9minaire, les frais d'inscription sont dus dans leur int\u00e9gralit\u00e9.<\/p>\n<p>4. annulation et modification<\/p>\n<p>Jockel se r\u00e9serve le droit de reporter ou d'annuler des s\u00e9minaires. Dans ce cas, le participant a droit au remboursement int\u00e9gral des frais de s\u00e9minaire. Le participant ne peut faire valoir aucun autre droit. Si, pour des raisons impr\u00e9vues, certaines unit\u00e9s d'enseignement doivent \u00eatre annul\u00e9es, le participant en sera imm\u00e9diatement inform\u00e9 par t\u00e9l\u00e9phone. En cas d'annulation, des dates de remplacement seront indiqu\u00e9es.<\/p>\n<p>5. stockage des donn\u00e9es<\/p>\n<p>En s'inscrivant, le participant consent au traitement et \u00e0 l'enregistrement de ses donn\u00e9es personnelles \u00e0 des fins de formation ainsi qu'\u00e0 l'envoi d'informations ult\u00e9rieures sur les produits et les services de la soci\u00e9t\u00e9 Feuerschutz Jockel.<\/p>\n<p>6) Clause de non-responsabilit\u00e9<\/p>\n<p>Si l'objectif de la formation n'est pas atteint, la responsabilit\u00e9 de Feuerschutz Jockel est exclue.<\/p>\n<p>7. r\u00e9\u00e9mission de certificats :<\/p>\n<p>Pour la r\u00e9\u00e9dition ou le remplacement de certificats et d'attestations de comp\u00e9tence perdus, des frais forfaitaires de 8,90\u20ac (plus la TVA l\u00e9gale) sont factur\u00e9s.<\/p>\n<p>8. conditions g\u00e9n\u00e9rales<\/p>\n<p>En outre, nos conditions g\u00e9n\u00e9rales de vente, qui peuvent \u00eatre consult\u00e9es \u00e0 tout moment sur www.jockel.de\/agbs, s'appliquent.<\/p>\n<p>Situation, mai 2024<\/p>\n<\/div>\n<\/div>\n<\/div>\n<\/div>\n<\/div>\n<\/div>\n<\/div>\n<\/div>\t\t\t\t\t\t\t\t<\/div>\n\t\t\t\t<\/div>\n\t\t\t\t\t<\/div>\n\t\t<\/div>\n\t\t\t\t\t<\/div>\n\t\t<\/section>\n\t\t\t\t<\/div>","protected":false},"excerpt":{"rendered":"<p>Teilnahmebedingungen fu\u0308r Lehrga\u0308nge &amp; Seminare 1. Anmeldungen Anmeldungen zu Seminaren und Lehrga\u0308ngen mu\u0308ssen schriftlich erfolgen. Bei U\u0308berbelegungen za\u0308hlt die Reihenfolge der Anmeldungseinga\u0308nge. Der Teilnehmer erha\u0308lt eine verbindliche Anmeldebesta\u0308tigung vorbehaltlich einer Absage aus wichtigem Grund. Ihre perso\u0308nlichen Unterlagen werden Ihnen vor Seminarbeginn rechtzeitig zugeschickt. 2. Seminarkosten Die Rechnung wird Ihnen 21 Tage vor Seminarbeginn zugestellt. Seminarkosten [&hellip;]<\/p>\n","protected":false},"author":10,"featured_media":0,"parent":0,"menu_order":0,"comment_status":"closed","ping_status":"closed","template":"","meta":{"footnotes":""},"class_list":["post-29397","page","type-page","status-publish","hentry"],"yoast_head":"<!-- This site is optimized with the Yoast SEO Premium plugin v27.0 (Yoast SEO v27.4) - https:\/\/yoast.com\/product\/yoast-seo-premium-wordpress\/ -->\n<title>Teilnahmebedingungen f\u00fcr Lehrg\u00e4nge &amp; Seminare &#8226; Jockel<\/title>\n<meta name=\"robots\" content=\"index, follow, max-snippet:-1, max-image-preview:large, max-video-preview:-1\" \/>\n<link rel=\"canonical\" href=\"https:\/\/www.jockel.de\/fr\/teilnahmebedingungen-fuer-lehrgaenge-seminare\/\" \/>\n<meta property=\"og:locale\" content=\"fr_FR\" \/>\n<meta property=\"og:type\" content=\"article\" \/>\n<meta property=\"og:title\" content=\"Teilnahmebedingungen f\u00fcr Lehrg\u00e4nge &amp; Seminare\" \/>\n<meta property=\"og:description\" content=\"Teilnahmebedingungen fu\u0308r Lehrga\u0308nge &amp; Seminare 1. Anmeldungen Anmeldungen zu Seminaren und Lehrga\u0308ngen mu\u0308ssen schriftlich erfolgen. Bei U\u0308berbelegungen za\u0308hlt die Reihenfolge der Anmeldungseinga\u0308nge. Der Teilnehmer erha\u0308lt eine verbindliche Anmeldebesta\u0308tigung vorbehaltlich einer Absage aus wichtigem Grund. Ihre perso\u0308nlichen Unterlagen werden Ihnen vor Seminarbeginn rechtzeitig zugeschickt. 2. Seminarkosten Die Rechnung wird Ihnen 21 Tage vor Seminarbeginn zugestellt. Seminarkosten [&hellip;]\" \/>\n<meta property=\"og:url\" content=\"https:\/\/www.jockel.de\/fr\/teilnahmebedingungen-fuer-lehrgaenge-seminare\/\" \/>\n<meta property=\"og:site_name\" content=\"Jockel\" \/>\n<meta property=\"article:modified_time\" content=\"2024-05-22T09:17:01+00:00\" \/>\n<meta name=\"twitter:card\" content=\"summary_large_image\" \/>\n<meta name=\"twitter:label1\" content=\"Dur\u00e9e de lecture estim\u00e9e\" \/>\n\t<meta name=\"twitter:data1\" content=\"2 minutes\" \/>\n<script type=\"application\/ld+json\" class=\"yoast-schema-graph\">{\"@context\":\"https:\\\/\\\/schema.org\",\"@graph\":[{\"@type\":\"WebPage\",\"@id\":\"https:\\\/\\\/www.jockel.de\\\/teilnahmebedingungen-fuer-lehrgaenge-seminare\\\/\",\"url\":\"https:\\\/\\\/www.jockel.de\\\/teilnahmebedingungen-fuer-lehrgaenge-seminare\\\/\",\"name\":\"Teilnahmebedingungen f\u00fcr Lehrg\u00e4nge & Seminare &#8226; Jockel\",\"isPartOf\":{\"@id\":\"https:\\\/\\\/www.jockel.de\\\/#website\"},\"datePublished\":\"2022-06-08T15:42:08+00:00\",\"dateModified\":\"2024-05-22T09:17:01+00:00\",\"breadcrumb\":{\"@id\":\"https:\\\/\\\/www.jockel.de\\\/teilnahmebedingungen-fuer-lehrgaenge-seminare\\\/#breadcrumb\"},\"inLanguage\":\"fr-FR\",\"potentialAction\":[{\"@type\":\"ReadAction\",\"target\":[\"https:\\\/\\\/www.jockel.de\\\/teilnahmebedingungen-fuer-lehrgaenge-seminare\\\/\"]}]},{\"@type\":\"BreadcrumbList\",\"@id\":\"https:\\\/\\\/www.jockel.de\\\/teilnahmebedingungen-fuer-lehrgaenge-seminare\\\/#breadcrumb\",\"itemListElement\":[{\"@type\":\"ListItem\",\"position\":1,\"name\":\"Home\",\"item\":\"https:\\\/\\\/www.jockel.de\\\/\"},{\"@type\":\"ListItem\",\"position\":2,\"name\":\"Teilnahmebedingungen f\u00fcr Lehrg\u00e4nge &#038; Seminare\"}]},{\"@type\":\"WebSite\",\"@id\":\"https:\\\/\\\/www.jockel.de\\\/#website\",\"url\":\"https:\\\/\\\/www.jockel.de\\\/\",\"name\":\"Feuerschutz JOCKEL\",\"description\":\"Feuerschutz\",\"publisher\":{\"@id\":\"https:\\\/\\\/www.jockel.de\\\/#organization\"},\"potentialAction\":[{\"@type\":\"SearchAction\",\"target\":{\"@type\":\"EntryPoint\",\"urlTemplate\":\"https:\\\/\\\/www.jockel.de\\\/?s={search_term_string}\"},\"query-input\":{\"@type\":\"PropertyValueSpecification\",\"valueRequired\":true,\"valueName\":\"search_term_string\"}}],\"inLanguage\":\"fr-FR\"},{\"@type\":\"Organization\",\"@id\":\"https:\\\/\\\/www.jockel.de\\\/#organization\",\"name\":\"Feuerschutz JOCKEL GmbH & Co. KG\",\"url\":\"https:\\\/\\\/www.jockel.de\\\/\",\"logo\":{\"@type\":\"ImageObject\",\"inLanguage\":\"fr-FR\",\"@id\":\"https:\\\/\\\/www.jockel.de\\\/#\\\/schema\\\/logo\\\/image\\\/\",\"url\":\"https:\\\/\\\/www.jockel.de\\\/wp-content\\\/uploads\\\/cropped-jockelfavicon-1.png\",\"contentUrl\":\"https:\\\/\\\/www.jockel.de\\\/wp-content\\\/uploads\\\/cropped-jockelfavicon-1.png\",\"width\":512,\"height\":512,\"caption\":\"Feuerschutz JOCKEL GmbH & Co. KG\"},\"image\":{\"@id\":\"https:\\\/\\\/www.jockel.de\\\/#\\\/schema\\\/logo\\\/image\\\/\"}}]}<\/script>\n<!-- \/ Yoast SEO Premium plugin. -->","yoast_head_json":{"title":"Conditions de participation aux stages &amp; s\u00e9minaires - Jockel","robots":{"index":"index","follow":"follow","max-snippet":"max-snippet:-1","max-image-preview":"max-image-preview:large","max-video-preview":"max-video-preview:-1"},"canonical":"https:\/\/www.jockel.de\/fr\/teilnahmebedingungen-fuer-lehrgaenge-seminare\/","og_locale":"fr_FR","og_type":"article","og_title":"Teilnahmebedingungen f\u00fcr Lehrg\u00e4nge & Seminare","og_description":"Teilnahmebedingungen fu\u0308r Lehrga\u0308nge &amp; Seminare 1. Anmeldungen Anmeldungen zu Seminaren und Lehrga\u0308ngen mu\u0308ssen schriftlich erfolgen. Bei U\u0308berbelegungen za\u0308hlt die Reihenfolge der Anmeldungseinga\u0308nge. Der Teilnehmer erha\u0308lt eine verbindliche Anmeldebesta\u0308tigung vorbehaltlich einer Absage aus wichtigem Grund. Ihre perso\u0308nlichen Unterlagen werden Ihnen vor Seminarbeginn rechtzeitig zugeschickt. 2. Seminarkosten Die Rechnung wird Ihnen 21 Tage vor Seminarbeginn zugestellt. Seminarkosten [&hellip;]","og_url":"https:\/\/www.jockel.de\/fr\/teilnahmebedingungen-fuer-lehrgaenge-seminare\/","og_site_name":"Jockel","article_modified_time":"2024-05-22T09:17:01+00:00","twitter_card":"summary_large_image","twitter_misc":{"Dur\u00e9e de lecture estim\u00e9e":"2 minutes"},"schema":{"@context":"https:\/\/schema.org","@graph":[{"@type":"WebPage","@id":"https:\/\/www.jockel.de\/teilnahmebedingungen-fuer-lehrgaenge-seminare\/","url":"https:\/\/www.jockel.de\/teilnahmebedingungen-fuer-lehrgaenge-seminare\/","name":"Conditions de participation aux stages &amp; s\u00e9minaires - Jockel","isPartOf":{"@id":"https:\/\/www.jockel.de\/#website"},"datePublished":"2022-06-08T15:42:08+00:00","dateModified":"2024-05-22T09:17:01+00:00","breadcrumb":{"@id":"https:\/\/www.jockel.de\/teilnahmebedingungen-fuer-lehrgaenge-seminare\/#breadcrumb"},"inLanguage":"fr-FR","potentialAction":[{"@type":"ReadAction","target":["https:\/\/www.jockel.de\/teilnahmebedingungen-fuer-lehrgaenge-seminare\/"]}]},{"@type":"BreadcrumbList","@id":"https:\/\/www.jockel.de\/teilnahmebedingungen-fuer-lehrgaenge-seminare\/#breadcrumb","itemListElement":[{"@type":"ListItem","position":1,"name":"Home","item":"https:\/\/www.jockel.de\/"},{"@type":"ListItem","position":2,"name":"Teilnahmebedingungen f\u00fcr Lehrg\u00e4nge &#038; Seminare"}]},{"@type":"WebSite","@id":"https:\/\/www.jockel.de\/#website","url":"https:\/\/www.jockel.de\/","name":"Protection incendie JOCKEL","description":"Protection contre le feu","publisher":{"@id":"https:\/\/www.jockel.de\/#organization"},"potentialAction":[{"@type":"SearchAction","target":{"@type":"EntryPoint","urlTemplate":"https:\/\/www.jockel.de\/?s={search_term_string}"},"query-input":{"@type":"PropertyValueSpecification","valueRequired":true,"valueName":"search_term_string"}}],"inLanguage":"fr-FR"},{"@type":"Organization","@id":"https:\/\/www.jockel.de\/#organization","name":"Protection contre l'incendie JOCKEL GmbH &amp; Co. KG","url":"https:\/\/www.jockel.de\/","logo":{"@type":"ImageObject","inLanguage":"fr-FR","@id":"https:\/\/www.jockel.de\/#\/schema\/logo\/image\/","url":"https:\/\/www.jockel.de\/wp-content\/uploads\/cropped-jockelfavicon-1.png","contentUrl":"https:\/\/www.jockel.de\/wp-content\/uploads\/cropped-jockelfavicon-1.png","width":512,"height":512,"caption":"Feuerschutz JOCKEL GmbH & Co. KG"},"image":{"@id":"https:\/\/www.jockel.de\/#\/schema\/logo\/image\/"}}]}},"_links":{"self":[{"href":"https:\/\/www.jockel.de\/fr\/wp-json\/wp\/v2\/pages\/29397","targetHints":{"allow":["GET"]}}],"collection":[{"href":"https:\/\/www.jockel.de\/fr\/wp-json\/wp\/v2\/pages"}],"about":[{"href":"https:\/\/www.jockel.de\/fr\/wp-json\/wp\/v2\/types\/page"}],"author":[{"embeddable":true,"href":"https:\/\/www.jockel.de\/fr\/wp-json\/wp\/v2\/users\/10"}],"replies":[{"embeddable":true,"href":"https:\/\/www.jockel.de\/fr\/wp-json\/wp\/v2\/comments?post=29397"}],"version-history":[{"count":5,"href":"https:\/\/www.jockel.de\/fr\/wp-json\/wp\/v2\/pages\/29397\/revisions"}],"predecessor-version":[{"id":118536,"href":"https:\/\/www.jockel.de\/fr\/wp-json\/wp\/v2\/pages\/29397\/revisions\/118536"}],"wp:attachment":[{"href":"https:\/\/www.jockel.de\/fr\/wp-json\/wp\/v2\/media?parent=29397"}],"curies":[{"name":"wp","href":"https:\/\/api.w.org\/{rel}","templated":true}]}}