{"id":14997,"date":"2021-09-14T13:43:57","date_gmt":"2021-09-14T11:43:57","guid":{"rendered":"https:\/\/www.jockel.de\/?page_id=14997"},"modified":"2021-09-14T14:53:01","modified_gmt":"2021-09-14T12:53:01","slug":"download-anfrage","status":"publish","type":"page","link":"https:\/\/www.jockel.de\/fr\/download-anfrage\/","title":{"rendered":"T\u00e9l\u00e9charger la demande"},"content":{"rendered":"\t\t<div data-elementor-type=\"wp-page\" data-elementor-id=\"14997\" class=\"elementor elementor-14997\" data-elementor-post-type=\"page\">\n\t\t\t\t\t\t<section class=\"elementor-section elementor-top-section elementor-element elementor-element-9cd5f60 elementor-section-boxed elementor-section-height-default elementor-section-height-default\" data-id=\"9cd5f60\" data-element_type=\"section\" data-settings=\"{&quot;background_background&quot;:&quot;classic&quot;}\">\n\t\t\t\t\t\t<div class=\"elementor-container elementor-column-gap-default\">\n\t\t\t\t\t<div class=\"elementor-column elementor-col-100 elementor-top-column elementor-element elementor-element-d43bde4\" data-id=\"d43bde4\" data-element_type=\"column\" data-settings=\"{&quot;background_background&quot;:&quot;classic&quot;}\">\n\t\t\t<div class=\"elementor-widget-wrap elementor-element-populated\">\n\t\t\t\t\t\t<div class=\"elementor-element elementor-element-381a34a elementor-widget elementor-widget-spacer\" data-id=\"381a34a\" data-element_type=\"widget\" data-widget_type=\"spacer.default\">\n\t\t\t\t<div class=\"elementor-widget-container\">\n\t\t\t\t\t\t\t<div class=\"elementor-spacer\">\n\t\t\t<div class=\"elementor-spacer-inner\"><\/div>\n\t\t<\/div>\n\t\t\t\t\t\t<\/div>\n\t\t\t\t<\/div>\n\t\t\t\t<div class=\"elementor-element elementor-element-72f7406 elementor-widget elementor-widget-heading\" data-id=\"72f7406\" data-element_type=\"widget\" data-widget_type=\"heading.default\">\n\t\t\t\t<div class=\"elementor-widget-container\">\n\t\t\t\t\t<h2 class=\"elementor-heading-title elementor-size-default\">F\u00fcr den vollst\u00e4ndigen Download der gew\u00fcnschten Datei kontaktieren Sie uns direkt.<br>\nWir freuen uns auf Ihre Anfrage und melden uns schnellstm\u00f6glich bei Ihnen.<br><\/h2>\t\t\t\t<\/div>\n\t\t\t\t<\/div>\n\t\t\t\t<div class=\"elementor-element elementor-element-7ea7ce0 elementor-widget elementor-widget-image\" data-id=\"7ea7ce0\" data-element_type=\"widget\" data-widget_type=\"image.default\">\n\t\t\t\t<div class=\"elementor-widget-container\">\n\t\t\t\t\t\t\t\t\t\t\t\t\t\t\t<img fetchpriority=\"high\" decoding=\"async\" width=\"800\" height=\"443\" src=\"https:\/\/www.jockel.de\/wp-content\/uploads\/jockel-anfrage-1-1024x567.png\" class=\"attachment-large size-large wp-image-15005\" alt=\"\" srcset=\"https:\/\/www.jockel.de\/wp-content\/uploads\/jockel-anfrage-1-1024x567.png 1024w, https:\/\/www.jockel.de\/wp-content\/uploads\/jockel-anfrage-1-300x166.png 300w, https:\/\/www.jockel.de\/wp-content\/uploads\/jockel-anfrage-1-768x426.png 768w, https:\/\/www.jockel.de\/wp-content\/uploads\/jockel-anfrage-1-1536x851.png 1536w, https:\/\/www.jockel.de\/wp-content\/uploads\/jockel-anfrage-1-18x10.png 18w, https:\/\/www.jockel.de\/wp-content\/uploads\/jockel-anfrage-1-1170x650.png 1170w, https:\/\/www.jockel.de\/wp-content\/uploads\/jockel-anfrage-1-600x332.png 600w, https:\/\/www.jockel.de\/wp-content\/uploads\/jockel-anfrage-1.png 1756w\" sizes=\"(max-width: 800px) 100vw, 800px\" \/>\t\t\t\t\t\t\t\t\t\t\t\t\t\t\t<\/div>\n\t\t\t\t<\/div>\n\t\t\t\t<div class=\"elementor-element elementor-element-58fc4a7 elementor-widget elementor-widget-heading\" data-id=\"58fc4a7\" data-element_type=\"widget\" data-widget_type=\"heading.default\">\n\t\t\t\t<div class=\"elementor-widget-container\">\n\t\t\t\t\t<h2 class=\"elementor-heading-title elementor-size-default\">Feuerschutz Jockel GmbH &amp; Co. KG<br>\nJ\u00e4gerwald 28 - 30<br>\nD-42897 Remscheid, Deutschland<\/h2>\t\t\t\t<\/div>\n\t\t\t\t<\/div>\n\t\t\t\t<div class=\"elementor-element elementor-element-e6ac9cf elementor-widget__width-auto elementor-widget elementor-widget-heading\" data-id=\"e6ac9cf\" data-element_type=\"widget\" data-widget_type=\"heading.default\">\n\t\t\t\t<div class=\"elementor-widget-container\">\n\t\t\t\t\t<h2 class=\"elementor-heading-title elementor-size-default\"><a href=\"mailto:info@jockel.de\"> info@jockel.de<\/a><\/h2>\t\t\t\t<\/div>\n\t\t\t\t<\/div>\n\t\t\t\t<div class=\"elementor-element elementor-element-828a2a5 elementor-widget__width-auto elementor-widget elementor-widget-heading\" data-id=\"828a2a5\" data-element_type=\"widget\" data-widget_type=\"heading.default\">\n\t\t\t\t<div class=\"elementor-widget-container\">\n\t\t\t\t\t<h2 class=\"elementor-heading-title elementor-size-default\"><a href=\"tel:%20+49219196670\">Fon +49 (0) 2191 9667-0<\/a><\/h2>\t\t\t\t<\/div>\n\t\t\t\t<\/div>\n\t\t\t\t<div class=\"elementor-element elementor-element-e89c7ee elementor-widget elementor-widget-spacer\" data-id=\"e89c7ee\" data-element_type=\"widget\" data-widget_type=\"spacer.default\">\n\t\t\t\t<div class=\"elementor-widget-container\">\n\t\t\t\t\t\t\t<div class=\"elementor-spacer\">\n\t\t\t<div class=\"elementor-spacer-inner\"><\/div>\n\t\t<\/div>\n\t\t\t\t\t\t<\/div>\n\t\t\t\t<\/div>\n\t\t\t\t<section class=\"elementor-section elementor-inner-section elementor-element elementor-element-dab1b5f elementor-section-boxed elementor-section-height-default elementor-section-height-default\" data-id=\"dab1b5f\" data-element_type=\"section\">\n\t\t\t\t\t\t<div class=\"elementor-container elementor-column-gap-default\">\n\t\t\t\t\t<div class=\"elementor-column elementor-col-100 elementor-inner-column elementor-element elementor-element-c2cba54\" data-id=\"c2cba54\" data-element_type=\"column\">\n\t\t\t<div class=\"elementor-widget-wrap elementor-element-populated\">\n\t\t\t\t\t\t<div class=\"elementor-element elementor-element-0aa5f18 elementor-widget elementor-widget-jet-engine-booking-form\" data-id=\"0aa5f18\" data-element_type=\"widget\" data-widget_type=\"jet-engine-booking-form.default\">\n\t\t\t\t<div class=\"elementor-widget-container\">\n\t\t\t\t\t<form  class=\"jet-form layout-column submit-type-reload\" action=\"\/fr\/wp-json\/wp\/v2\/pages\/14997?jet_engine_action=book&#038;nocache=1777173621\" method=\"POST\" data-form-id=\"15009\"><input class=\"jet-form__field hidden-field\" type=\"hidden\" name=\"_jet_engine_booking_form_id\" value=\"15009\" data-field-name=\"_jet_engine_booking_form_id\"><input class=\"jet-form__field hidden-field\" type=\"hidden\" name=\"_jet_engine_refer\" value=\"https:\/\/www.jockel.de\/fr\/wp-json\/wp\/v2\/pages\/14997\" data-field-name=\"_jet_engine_refer\"><div  class=\"jet-form-row jet-form-row--hidden\"><div class=\"jet-form-col jet-form-col-12  field-type-hidden  jet-form-field-container\" data-field=\"post_id\" data-conditional=\"false\"><input class=\"jet-form__field hidden-field\" type=\"hidden\" name=\"post_id\" value=\"14997\" data-field-name=\"post_id\"><\/div><\/div><div  class=\"jet-form-row jet-form-row--first-visible\"><div class=\"jet-form-col jet-form-col-6  field-type-text  jet-form-field-container\" data-field=\"field_name1\" data-conditional=\"false\"><div class=\"jet-form__label\">\n\t<span class=\"jet-form__label-text\" >Ihr Name<span class=\"jet-form__required\">*<\/span><\/span>\n\t<\/div><input class=\"jet-form__field text-field \" placeholder=\"Name\" value=\"\" required=\"required\" name=\"field_name1\" id=\"field_name1\" type=\"text\" data-field-name=\"field_name1\"><\/div><div class=\"jet-form-col jet-form-col-6  field-type-text  jet-form-field-container\" data-field=\"field_namefirma\" data-conditional=\"false\"><div class=\"jet-form__label\">\n\t<span class=\"jet-form__label-text\" >Firma<\/span>\n\t<\/div><input class=\"jet-form__field text-field \" placeholder=\"Firma\" value=\"\" name=\"field_namefirma\" id=\"field_namefirma\" type=\"text\" data-field-name=\"field_namefirma\"><\/div><\/div><div  class=\"jet-form-row\"><div class=\"jet-form-col jet-form-col-6  field-type-text  jet-form-field-container\" data-field=\"field_namemail\" data-conditional=\"false\"><div class=\"jet-form__label\">\n\t<span class=\"jet-form__label-text\" >E-Mail<span class=\"jet-form__required\">*<\/span><\/span>\n\t<\/div><input class=\"jet-form__field text-field \" placeholder=\"Ihre E-Mail\" value=\"\" required=\"required\" name=\"field_namemail\" id=\"field_namemail\" type=\"email\" data-field-name=\"field_namemail\"><\/div><div class=\"jet-form-col jet-form-col-6  field-type-text  jet-form-field-container\" data-field=\"field_nametel\" data-conditional=\"false\"><div class=\"jet-form__label\">\n\t<span class=\"jet-form__label-text\" >Telefon<\/span>\n\t<\/div><input class=\"jet-form__field text-field \" placeholder=\"Ihre Telefonnummer\" value=\"\" name=\"field_nametel\" id=\"field_nametel\" type=\"tel\" data-field-name=\"field_nametel\"><\/div><\/div><div  class=\"jet-form-row\"><div class=\"jet-form-col jet-form-col-12  field-type-textarea  jet-form-field-container\" data-field=\"field_namenach\" data-conditional=\"false\"><div class=\"jet-form__label\">\n\t<span class=\"jet-form__label-text\" >Nachricht an uns<\/span>\n\t<\/div><textarea class=\"jet-form__field textarea-field\" placeholder=\"Wie k\u00f6nnen wir Sie unterst\u00fctzen?\" name=\"field_namenach\" data-field-name=\"field_namenach\" id=\"field_namenach\"><\/textarea><\/div><\/div><div  class=\"jet-form-row\"><div class=\"jet-form-col jet-form-col-12  field-type-checkboxes  jet-form-field-container\" data-field=\"field_namedt\" data-conditional=\"false\"><div class=\"jet-form__fields-group checkradio-wrap\"><style>.elementor-11549 .elementor-element.elementor-element-5dd59780{transition:background 0.3s, border 0.3s, border-radius 0.3s, box-shadow 0.3s;}.elementor-11549 .elementor-element.elementor-element-5dd59780 > .elementor-background-overlay{transition:background 0.3s, border-radius 0.3s, opacity 0.3s;}.elementor-bc-flex-widget .elementor-11549 .elementor-element.elementor-element-7d17574.elementor-column .elementor-widget-wrap{align-items:center;}.elementor-11549 .elementor-element.elementor-element-7d17574.elementor-column.elementor-element[data-element_type=\"column\"] > .elementor-widget-wrap.elementor-element-populated{align-content:center;align-items:center;}.elementor-11549 .elementor-element.elementor-element-4d42da81{width:auto;max-width:auto;align-self:center;}.elementor-11549 .elementor-element.elementor-element-4d42da81 .jet-form__check-mark--default, .elementor-11549 .elementor-element.elementor-element-4d42da81 .jet-form__check-mark--checked{width:25px;height:25px;font-size:25px;border-radius:200px 200px 200px 200px;}.elementor-11549 .elementor-element.elementor-element-4d42da81 .jet-form__check-mark--default{background-color:#02010100;border-style:solid;border-width:1px 1px 1px 1px;border-color:#FFFFFF;}.elementor-11549 .elementor-element.elementor-element-4d42da81 .jet-form__check-mark--checked{color:#FFFFFF;border-style:solid;}.elementor-widget-text-editor{font-family:var( --e-global-typography-text-font-family ), Sans-serif;font-weight:var( --e-global-typography-text-font-weight );}.elementor-widget-text-editor.elementor-drop-cap-view-stacked .elementor-drop-cap{background-color:var( --e-global-color-primary );}.elementor-widget-text-editor.elementor-drop-cap-view-framed .elementor-drop-cap, .elementor-widget-text-editor.elementor-drop-cap-view-default .elementor-drop-cap{color:var( --e-global-color-primary );border-color:var( --e-global-color-primary );}.elementor-11549 .elementor-element.elementor-element-bae8150{width:100%;max-width:100%;font-family:\"Inter\", Sans-serif;font-size:12px;font-weight:600;}.elementor-11549 .elementor-element.elementor-element-bae8150 > .elementor-widget-container{margin:-31px 0px 0px 0px;padding:0px 0px 0px 30px;}<\/style>\t\t<div class=\"jet-form__field-wrap checkboxes-wrap checkradio-wrap\">\n\t\t\t<div class=\"jet-form__field-template jet-listing-dynamic-post-11548\" data-value=\"11548\">\t\t<div data-elementor-type=\"jet-listing-items\" data-elementor-id=\"11549\" class=\"elementor elementor-11549\" data-elementor-post-type=\"jet-engine\">\n\t\t\t\t\t\t<section class=\"elementor-section elementor-top-section elementor-element elementor-element-5dd59780 elementor-section-boxed elementor-section-height-default elementor-section-height-default\" data-id=\"5dd59780\" data-element_type=\"section\" data-settings=\"{&quot;background_background&quot;:&quot;classic&quot;}\">\n\t\t\t\t\t\t<div class=\"elementor-container elementor-column-gap-default\">\n\t\t\t\t\t<div class=\"elementor-column elementor-col-100 elementor-top-column elementor-element elementor-element-7d17574\" data-id=\"7d17574\" data-element_type=\"column\">\n\t\t\t<div class=\"elementor-widget-wrap elementor-element-populated\">\n\t\t\t\t\t\t<div class=\"elementor-element elementor-element-4d42da81 elementor-widget__width-auto elementor-widget elementor-widget-jet-engine-forms-check-mark\" data-id=\"4d42da81\" data-element_type=\"widget\" data-widget_type=\"jet-engine-forms-check-mark.default\">\n\t\t\t\t<div class=\"elementor-widget-container\">\n\t\t\t\t\t<div class=\"jet-form__check-mark\"><div class=\"jet-form__check-mark--default\"><\/div><div class=\"jet-form__check-mark--checked\"><div class=\"jet-form__check-mark__icon is-svg-icon\"><svg xmlns:cc=\"http:\/\/creativecommons.org\/ns#\" xmlns:dc=\"http:\/\/purl.org\/dc\/elements\/1.1\/\" xmlns:inkscape=\"http:\/\/www.inkscape.org\/namespaces\/inkscape\" xmlns:rdf=\"http:\/\/www.w3.org\/1999\/02\/22-rdf-syntax-ns#\" xmlns:sodipodi=\"http:\/\/sodipodi.sourceforge.net\/DTD\/sodipodi-0.dtd\" xmlns:svg=\"http:\/\/www.w3.org\/2000\/svg\" xmlns=\"http:\/\/www.w3.org\/2000\/svg\" xmlns:xlink=\"http:\/\/www.w3.org\/1999\/xlink\" id=\"Layer_1\" x=\"0px\" y=\"0px\" viewBox=\"0 0 90 90\" style=\"enable-background:new 0 0 90 90;\" xml:space=\"preserve\"><style type=\"text\/css\">\t.st0{fill:#FFFFFF;}<\/style><path class=\"st0\" d=\"M45,0C20.2,0,0,20.2,0,45s20.2,45,45,45s45-20.2,45-45S69.8,0,45,0z M40.5,64.9L19.3,43.7l6.4-6.4l14.8,14.8  l23.8-23.8l6.4,6.4L40.5,64.9z\"><\/path><\/svg><\/div><\/div><\/div>\t\t\t\t<\/div>\n\t\t\t\t<\/div>\n\t\t\t\t<div class=\"elementor-element elementor-element-bae8150 elementor-widget__width-inherit elementor-widget elementor-widget-text-editor\" data-id=\"bae8150\" data-element_type=\"widget\" data-widget_type=\"text-editor.default\">\n\t\t\t\t<div class=\"elementor-widget-container\">\n\t\t\t\t\t\t\t\t\t<p>Ich stimme zu, dass meine Angaben aus dem Kontaktformular zur Beantwortung meiner Anfrage erhoben und verarbeitet werden. (Sie k\u00f6nnen Ihre Einwilligung jederzeit f\u00fcr die Zukunft per E-Mail an info@jockel.de widerrufen. Detaillierte Informationen zum Umgang mit Nutzerdaten finden Sie in unserer Datenschutzerkl\u00e4rung.)<\/p>\n\t\t\t\t\t\t\t\t<\/div>\n\t\t\t\t<\/div>\n\t\t\t\t\t<\/div>\n\t\t<\/div>\n\t\t\t\t\t<\/div>\n\t\t<\/section>\n\t\t\t\t<\/div>\n\t\t<\/div>\t\t\t<label class=\"jet-form__field-label\">\n\t\t\t\t<input\n\t\t\t\t\ttype=\"checkbox\"\n\t\t\t\t\tname=\"field_namedt\"\n\t\t\t\t\tclass=\"jet-form__field checkboxes-field checkradio-field checkboxes-required\"\n\t\t\t\t\tvalue=\"11548\"\n\t\t\t\t\tdata-field-name=\"field_namedt\"\n\t\t\t\t\t\t\t\t\t\trequired=\"required\"\t\t\t\t\t\t\t\t\t>\n\t\t\t\tDt\t\t\t<\/label>\n\t\t<\/div>\n\t\t<\/div><\/div><\/div><div  class=\"jet-form-row jet-form-row--hidden\"><div class=\"jet-form-col jet-form-col-12  field-type-hidden  jet-form-field-container\" data-field=\"field_nameweb\" data-conditional=\"false\"><input class=\"jet-form__field hidden-field\" type=\"hidden\" name=\"field_nameweb\" value=\"https:\/\/www.jockel.de\/fr\/download-anfrage\/\" data-field-name=\"field_nameweb\"><\/div><\/div><div  class=\"jet-form-row jet-form-row--hidden\"><div class=\"jet-form-col jet-form-col-12  field-type-hidden  jet-form-field-container\" data-field=\"field_nametime\" data-conditional=\"false\"><input class=\"jet-form__field hidden-field\" type=\"hidden\" name=\"field_nametime\" value=\"26.04.2026, CEST05:20\" data-field-name=\"field_nametime\"><\/div><\/div><div  class=\"jet-form-row jet-form-row--submit\"><div class=\"jet-form-col jet-form-col-12  field-type-submit  jet-form-field-container\" data-field=\"Submit\" data-conditional=\"false\"><div class=\"jet-form__submit-wrap\">\n\t\t<button class=\"jet-form__submit submit-type-reload\" type=\"submit\">jetzt senden<\/button>\n<\/div><\/div><\/div><input class=\"jet-form__field hidden-field\" type=\"hidden\" name=\"_jet_engine_nonce\" value=\"07524e8945\" data-field-name=\"_jet_engine_nonce\"><\/form>\t\t\t\t<\/div>\n\t\t\t\t<\/div>\n\t\t\t\t\t<\/div>\n\t\t<\/div>\n\t\t\t\t\t<\/div>\n\t\t<\/section>\n\t\t\t\t<div class=\"elementor-element elementor-element-8f253d1 elementor-widget elementor-widget-spacer\" data-id=\"8f253d1\" data-element_type=\"widget\" data-widget_type=\"spacer.default\">\n\t\t\t\t<div class=\"elementor-widget-container\">\n\t\t\t\t\t\t\t<div class=\"elementor-spacer\">\n\t\t\t<div class=\"elementor-spacer-inner\"><\/div>\n\t\t<\/div>\n\t\t\t\t\t\t<\/div>\n\t\t\t\t<\/div>\n\t\t\t\t\t<\/div>\n\t\t<\/div>\n\t\t\t\t\t<\/div>\n\t\t<\/section>\n\t\t\t\t<\/div>\n\t\t","protected":false},"excerpt":{"rendered":"<p>Pour le t\u00e9l\u00e9chargement complet du fichier souhait\u00e9, contactez-nous directement. Nous nous r\u00e9jouissons de votre demande et vous contacterons dans les plus brefs d\u00e9lais. Feuerschutz Jockel GmbH &amp; Co. KG J\u00e4gerwald 28 - 30 D-42897 Remscheid, Allemagne info@jockel.de Fon +49 (0) 2191 9667-0 Votre nom* Soci\u00e9t\u00e9 E-mail* T\u00e9l\u00e9phone Envoyer un message \u00e0 nous Dt maintenant<\/p>","protected":false},"author":10,"featured_media":0,"parent":0,"menu_order":0,"comment_status":"closed","ping_status":"closed","template":"elementor_header_footer","meta":{"footnotes":""},"class_list":["post-14997","page","type-page","status-publish","hentry"],"yoast_head":"<!-- This site is optimized with the Yoast SEO Premium plugin v27.0 (Yoast SEO v27.4) - https:\/\/yoast.com\/product\/yoast-seo-premium-wordpress\/ -->\n<title>Download Anfrage &#8226; Jockel<\/title>\n<meta name=\"robots\" content=\"index, follow, max-snippet:-1, max-image-preview:large, max-video-preview:-1\" \/>\n<link rel=\"canonical\" href=\"https:\/\/www.jockel.de\/fr\/download-anfrage\/\" \/>\n<meta property=\"og:locale\" content=\"fr_FR\" \/>\n<meta property=\"og:type\" content=\"article\" \/>\n<meta property=\"og:title\" content=\"Download Anfrage\" \/>\n<meta property=\"og:description\" content=\"F\u00fcr den vollst\u00e4ndigen Download der gew\u00fcnschten Datei kontaktieren Sie uns direkt. Wir freuen uns auf Ihre Anfrage und melden uns schnellstm\u00f6glich bei Ihnen. Feuerschutz Jockel GmbH &amp; Co. KG J\u00e4gerwald 28 &#8211; 30 D-42897 Remscheid, Deutschland info@jockel.de Fon +49 (0) 2191 9667-0 Ihr Name* Firma E-Mail* Telefon Nachricht an uns Dt jetzt senden\" \/>\n<meta property=\"og:url\" content=\"https:\/\/www.jockel.de\/fr\/download-anfrage\/\" \/>\n<meta property=\"og:site_name\" content=\"Jockel\" \/>\n<meta property=\"article:modified_time\" content=\"2021-09-14T12:53:01+00:00\" \/>\n<meta property=\"og:image\" content=\"https:\/\/www.jockel.de\/wp-content\/uploads\/jockel-anfrage-1-1024x567.png\" \/>\n<meta name=\"twitter:card\" content=\"summary_large_image\" \/>\n<script type=\"application\/ld+json\" class=\"yoast-schema-graph\">{\"@context\":\"https:\\\/\\\/schema.org\",\"@graph\":[{\"@type\":\"WebPage\",\"@id\":\"https:\\\/\\\/www.jockel.de\\\/download-anfrage\\\/\",\"url\":\"https:\\\/\\\/www.jockel.de\\\/download-anfrage\\\/\",\"name\":\"Download Anfrage &#8226; Jockel\",\"isPartOf\":{\"@id\":\"https:\\\/\\\/www.jockel.de\\\/#website\"},\"primaryImageOfPage\":{\"@id\":\"https:\\\/\\\/www.jockel.de\\\/download-anfrage\\\/#primaryimage\"},\"image\":{\"@id\":\"https:\\\/\\\/www.jockel.de\\\/download-anfrage\\\/#primaryimage\"},\"thumbnailUrl\":\"https:\\\/\\\/www.jockel.de\\\/wp-content\\\/uploads\\\/jockel-anfrage-1-1024x567.png\",\"datePublished\":\"2021-09-14T11:43:57+00:00\",\"dateModified\":\"2021-09-14T12:53:01+00:00\",\"breadcrumb\":{\"@id\":\"https:\\\/\\\/www.jockel.de\\\/download-anfrage\\\/#breadcrumb\"},\"inLanguage\":\"fr-FR\",\"potentialAction\":[{\"@type\":\"ReadAction\",\"target\":[\"https:\\\/\\\/www.jockel.de\\\/download-anfrage\\\/\"]}]},{\"@type\":\"ImageObject\",\"inLanguage\":\"fr-FR\",\"@id\":\"https:\\\/\\\/www.jockel.de\\\/download-anfrage\\\/#primaryimage\",\"url\":\"https:\\\/\\\/www.jockel.de\\\/wp-content\\\/uploads\\\/jockel-anfrage-1-1024x567.png\",\"contentUrl\":\"https:\\\/\\\/www.jockel.de\\\/wp-content\\\/uploads\\\/jockel-anfrage-1-1024x567.png\"},{\"@type\":\"BreadcrumbList\",\"@id\":\"https:\\\/\\\/www.jockel.de\\\/download-anfrage\\\/#breadcrumb\",\"itemListElement\":[{\"@type\":\"ListItem\",\"position\":1,\"name\":\"Home\",\"item\":\"https:\\\/\\\/www.jockel.de\\\/\"},{\"@type\":\"ListItem\",\"position\":2,\"name\":\"Download Anfrage\"}]},{\"@type\":\"WebSite\",\"@id\":\"https:\\\/\\\/www.jockel.de\\\/#website\",\"url\":\"https:\\\/\\\/www.jockel.de\\\/\",\"name\":\"Feuerschutz JOCKEL\",\"description\":\"Feuerschutz\",\"publisher\":{\"@id\":\"https:\\\/\\\/www.jockel.de\\\/#organization\"},\"potentialAction\":[{\"@type\":\"SearchAction\",\"target\":{\"@type\":\"EntryPoint\",\"urlTemplate\":\"https:\\\/\\\/www.jockel.de\\\/?s={search_term_string}\"},\"query-input\":{\"@type\":\"PropertyValueSpecification\",\"valueRequired\":true,\"valueName\":\"search_term_string\"}}],\"inLanguage\":\"fr-FR\"},{\"@type\":\"Organization\",\"@id\":\"https:\\\/\\\/www.jockel.de\\\/#organization\",\"name\":\"Feuerschutz JOCKEL GmbH & Co. KG\",\"url\":\"https:\\\/\\\/www.jockel.de\\\/\",\"logo\":{\"@type\":\"ImageObject\",\"inLanguage\":\"fr-FR\",\"@id\":\"https:\\\/\\\/www.jockel.de\\\/#\\\/schema\\\/logo\\\/image\\\/\",\"url\":\"https:\\\/\\\/www.jockel.de\\\/wp-content\\\/uploads\\\/cropped-jockelfavicon-1.png\",\"contentUrl\":\"https:\\\/\\\/www.jockel.de\\\/wp-content\\\/uploads\\\/cropped-jockelfavicon-1.png\",\"width\":512,\"height\":512,\"caption\":\"Feuerschutz JOCKEL GmbH & Co. KG\"},\"image\":{\"@id\":\"https:\\\/\\\/www.jockel.de\\\/#\\\/schema\\\/logo\\\/image\\\/\"}}]}<\/script>\n<!-- \/ Yoast SEO Premium plugin. -->","yoast_head_json":{"title":"T\u00e9l\u00e9charger la demande - Jockel","robots":{"index":"index","follow":"follow","max-snippet":"max-snippet:-1","max-image-preview":"max-image-preview:large","max-video-preview":"max-video-preview:-1"},"canonical":"https:\/\/www.jockel.de\/fr\/download-anfrage\/","og_locale":"fr_FR","og_type":"article","og_title":"Download Anfrage","og_description":"F\u00fcr den vollst\u00e4ndigen Download der gew\u00fcnschten Datei kontaktieren Sie uns direkt. Wir freuen uns auf Ihre Anfrage und melden uns schnellstm\u00f6glich bei Ihnen. Feuerschutz Jockel GmbH &amp; Co. KG J\u00e4gerwald 28 &#8211; 30 D-42897 Remscheid, Deutschland info@jockel.de Fon +49 (0) 2191 9667-0 Ihr Name* Firma E-Mail* Telefon Nachricht an uns Dt jetzt senden","og_url":"https:\/\/www.jockel.de\/fr\/download-anfrage\/","og_site_name":"Jockel","article_modified_time":"2021-09-14T12:53:01+00:00","og_image":[{"url":"https:\/\/www.jockel.de\/wp-content\/uploads\/jockel-anfrage-1-1024x567.png","type":"","width":"","height":""}],"twitter_card":"summary_large_image","schema":{"@context":"https:\/\/schema.org","@graph":[{"@type":"WebPage","@id":"https:\/\/www.jockel.de\/download-anfrage\/","url":"https:\/\/www.jockel.de\/download-anfrage\/","name":"T\u00e9l\u00e9charger la demande - Jockel","isPartOf":{"@id":"https:\/\/www.jockel.de\/#website"},"primaryImageOfPage":{"@id":"https:\/\/www.jockel.de\/download-anfrage\/#primaryimage"},"image":{"@id":"https:\/\/www.jockel.de\/download-anfrage\/#primaryimage"},"thumbnailUrl":"https:\/\/www.jockel.de\/wp-content\/uploads\/jockel-anfrage-1-1024x567.png","datePublished":"2021-09-14T11:43:57+00:00","dateModified":"2021-09-14T12:53:01+00:00","breadcrumb":{"@id":"https:\/\/www.jockel.de\/download-anfrage\/#breadcrumb"},"inLanguage":"fr-FR","potentialAction":[{"@type":"ReadAction","target":["https:\/\/www.jockel.de\/download-anfrage\/"]}]},{"@type":"ImageObject","inLanguage":"fr-FR","@id":"https:\/\/www.jockel.de\/download-anfrage\/#primaryimage","url":"https:\/\/www.jockel.de\/wp-content\/uploads\/jockel-anfrage-1-1024x567.png","contentUrl":"https:\/\/www.jockel.de\/wp-content\/uploads\/jockel-anfrage-1-1024x567.png"},{"@type":"BreadcrumbList","@id":"https:\/\/www.jockel.de\/download-anfrage\/#breadcrumb","itemListElement":[{"@type":"ListItem","position":1,"name":"Home","item":"https:\/\/www.jockel.de\/"},{"@type":"ListItem","position":2,"name":"Download Anfrage"}]},{"@type":"WebSite","@id":"https:\/\/www.jockel.de\/#website","url":"https:\/\/www.jockel.de\/","name":"Protection incendie JOCKEL","description":"Protection contre le feu","publisher":{"@id":"https:\/\/www.jockel.de\/#organization"},"potentialAction":[{"@type":"SearchAction","target":{"@type":"EntryPoint","urlTemplate":"https:\/\/www.jockel.de\/?s={search_term_string}"},"query-input":{"@type":"PropertyValueSpecification","valueRequired":true,"valueName":"search_term_string"}}],"inLanguage":"fr-FR"},{"@type":"Organization","@id":"https:\/\/www.jockel.de\/#organization","name":"Protection contre l'incendie JOCKEL GmbH &amp; Co. KG","url":"https:\/\/www.jockel.de\/","logo":{"@type":"ImageObject","inLanguage":"fr-FR","@id":"https:\/\/www.jockel.de\/#\/schema\/logo\/image\/","url":"https:\/\/www.jockel.de\/wp-content\/uploads\/cropped-jockelfavicon-1.png","contentUrl":"https:\/\/www.jockel.de\/wp-content\/uploads\/cropped-jockelfavicon-1.png","width":512,"height":512,"caption":"Feuerschutz JOCKEL GmbH & Co. KG"},"image":{"@id":"https:\/\/www.jockel.de\/#\/schema\/logo\/image\/"}}]}},"_links":{"self":[{"href":"https:\/\/www.jockel.de\/fr\/wp-json\/wp\/v2\/pages\/14997","targetHints":{"allow":["GET"]}}],"collection":[{"href":"https:\/\/www.jockel.de\/fr\/wp-json\/wp\/v2\/pages"}],"about":[{"href":"https:\/\/www.jockel.de\/fr\/wp-json\/wp\/v2\/types\/page"}],"author":[{"embeddable":true,"href":"https:\/\/www.jockel.de\/fr\/wp-json\/wp\/v2\/users\/10"}],"replies":[{"embeddable":true,"href":"https:\/\/www.jockel.de\/fr\/wp-json\/wp\/v2\/comments?post=14997"}],"version-history":[{"count":5,"href":"https:\/\/www.jockel.de\/fr\/wp-json\/wp\/v2\/pages\/14997\/revisions"}],"predecessor-version":[{"id":15012,"href":"https:\/\/www.jockel.de\/fr\/wp-json\/wp\/v2\/pages\/14997\/revisions\/15012"}],"wp:attachment":[{"href":"https:\/\/www.jockel.de\/fr\/wp-json\/wp\/v2\/media?parent=14997"}],"curies":[{"name":"wp","href":"https:\/\/api.w.org\/{rel}","templated":true}]}}