{"id":13583,"date":"2021-08-04T22:45:38","date_gmt":"2021-08-04T20:45:38","guid":{"rendered":"https:\/\/www.jockel.de\/?page_id=13583"},"modified":"2025-07-29T11:00:46","modified_gmt":"2025-07-29T09:00:46","slug":"lebensdauer-von-feuerloeschern","status":"publish","type":"page","link":"https:\/\/www.jockel.de\/fr\/lebensdauer-von-feuerloeschern\/","title":{"rendered":"Dur\u00e9e de vie des extincteurs"},"content":{"rendered":"<div data-elementor-type=\"wp-page\" data-elementor-id=\"13583\" class=\"elementor elementor-13583\" data-elementor-post-type=\"page\">\n\t\t\t\t\t\t<section class=\"elementor-section elementor-top-section elementor-element elementor-element-0e0f02c elementor-section-boxed elementor-section-height-default elementor-section-height-default\" data-id=\"0e0f02c\" data-element_type=\"section\">\n\t\t\t\t\t\t<div class=\"elementor-container elementor-column-gap-default\">\n\t\t\t\t\t<div class=\"elementor-column elementor-col-100 elementor-top-column elementor-element elementor-element-65faad1\" data-id=\"65faad1\" data-element_type=\"column\">\n\t\t\t<div class=\"elementor-widget-wrap elementor-element-populated\">\n\t\t\t\t\t\t<div class=\"elementor-element elementor-element-b564306 elementor-widget elementor-widget-heading\" data-id=\"b564306\" data-element_type=\"widget\" data-widget_type=\"heading.default\">\n\t\t\t\t<div class=\"elementor-widget-container\">\n\t\t\t\t\t<h1 class=\"elementor-heading-title elementor-size-default\">Dur\u00e9e de vie des extincteurs<\/h1>\t\t\t\t<\/div>\n\t\t\t\t<\/div>\n\t\t\t\t<div class=\"elementor-element elementor-element-59a84ce elementor-widget elementor-widget-heading\" data-id=\"59a84ce\" data-element_type=\"widget\" data-widget_type=\"heading.default\">\n\t\t\t\t<div class=\"elementor-widget-container\">\n\t\t\t\t\t<h1 class=\"elementor-heading-title elementor-size-default\">Recommandation du fabricant pour la dur\u00e9e d'utilisation des extincteurs portatifs de la soci\u00e9t\u00e9 Feuerschutz Jockel<\/h1>\t\t\t\t<\/div>\n\t\t\t\t<\/div>\n\t\t\t\t\t<\/div>\n\t\t<\/div>\n\t\t\t\t\t<\/div>\n\t\t<\/section>\n\t\t\t\t<section class=\"elementor-section elementor-top-section elementor-element elementor-element-8895e2e elementor-section-boxed elementor-section-height-default elementor-section-height-default\" data-id=\"8895e2e\" data-element_type=\"section\">\n\t\t\t\t\t\t<div class=\"elementor-container elementor-column-gap-default\">\n\t\t\t\t\t<div class=\"elementor-column elementor-col-100 elementor-top-column elementor-element elementor-element-d15b197\" data-id=\"d15b197\" data-element_type=\"column\">\n\t\t\t<div class=\"elementor-widget-wrap elementor-element-populated\">\n\t\t\t\t\t\t<div class=\"elementor-element elementor-element-9e54ffa elementor-widget elementor-widget-text-editor\" data-id=\"9e54ffa\" data-element_type=\"widget\" data-widget_type=\"text-editor.default\">\n\t\t\t\t<div class=\"elementor-widget-container\">\n\t\t\t\t\t\t\t\t\t<p>Les extincteurs portatifs construits selon l'\u00e9tat actuel de la technique et entretenus et r\u00e9par\u00e9s conform\u00e9ment aux normes en vigueur doivent en principe \u00eatre consid\u00e9r\u00e9s comme des produits \u00e9conomiques \u00e0 longue dur\u00e9e de vie.<\/p>\t\t\t\t\t\t\t\t<\/div>\n\t\t\t\t<\/div>\n\t\t\t\t<div class=\"elementor-element elementor-element-5d61a71 elementor-widget elementor-widget-text-editor\" data-id=\"5d61a71\" data-element_type=\"widget\" data-widget_type=\"text-editor.default\">\n\t\t\t\t<div class=\"elementor-widget-container\">\n\t\t\t\t\t\t\t\t\t<p>N\u00e9anmoins, ces produits sont \u00e9galement soumis, selon les conditions d'utilisation, \u00e0 un \u00e9ventuel vieillissement li\u00e9 aux mat\u00e9riaux, tant en ce qui concerne les pi\u00e8ces d'\u00e9quipement sous pression, le r\u00e9servoir que l'agent extincteur.<\/p>\t\t\t\t\t\t\t\t<\/div>\n\t\t\t\t<\/div>\n\t\t\t\t\t<\/div>\n\t\t<\/div>\n\t\t\t\t\t<\/div>\n\t\t<\/section>\n\t\t\t\t<section class=\"elementor-section elementor-top-section elementor-element elementor-element-5b71d27 elementor-section-boxed elementor-section-height-default elementor-section-height-default\" data-id=\"5b71d27\" data-element_type=\"section\">\n\t\t\t\t\t\t<div class=\"elementor-container elementor-column-gap-default\">\n\t\t\t\t\t<div class=\"elementor-column elementor-col-100 elementor-top-column elementor-element elementor-element-a133400\" data-id=\"a133400\" data-element_type=\"column\" data-settings=\"{&quot;background_background&quot;:&quot;classic&quot;}\">\n\t\t\t<div class=\"elementor-widget-wrap elementor-element-populated\">\n\t\t\t\t\t\t<section class=\"elementor-section elementor-inner-section elementor-element elementor-element-01895da elementor-section-full_width elementor-reverse-mobile elementor-section-height-default elementor-section-height-default\" data-id=\"01895da\" data-element_type=\"section\" data-settings=\"{&quot;background_background&quot;:&quot;classic&quot;}\">\n\t\t\t\t\t\t<div class=\"elementor-container elementor-column-gap-no\">\n\t\t\t\t\t<div class=\"elementor-column elementor-col-100 elementor-inner-column elementor-element elementor-element-5ca99cb\" data-id=\"5ca99cb\" data-element_type=\"column\" data-settings=\"{&quot;background_background&quot;:&quot;classic&quot;}\">\n\t\t\t<div class=\"elementor-widget-wrap elementor-element-populated\">\n\t\t\t\t\t\t<div class=\"elementor-element elementor-element-8450e0e elementor-widget elementor-widget-spacer\" data-id=\"8450e0e\" data-element_type=\"widget\" data-widget_type=\"spacer.default\">\n\t\t\t\t<div class=\"elementor-widget-container\">\n\t\t\t\t\t\t\t<div class=\"elementor-spacer\">\n\t\t\t<div class=\"elementor-spacer-inner\"><\/div>\n\t\t<\/div>\n\t\t\t\t\t\t<\/div>\n\t\t\t\t<\/div>\n\t\t\t\t<div class=\"elementor-element elementor-element-4efcb55 elementor-widget elementor-widget-text-editor\" data-id=\"4efcb55\" data-element_type=\"widget\" data-widget_type=\"text-editor.default\">\n\t\t\t\t<div class=\"elementor-widget-container\">\n\t\t\t\t\t\t\t\t\t<p>Les d\u00e9lais maximaux de remplacement des agents d'extinction \u00e0 respecter sont d\u00e9crits dans les instructions de maintenance, la dur\u00e9e d'utilisation des extincteurs se r\u00e9partit comme suit :<\/p>\t\t\t\t\t\t\t\t<\/div>\n\t\t\t\t<\/div>\n\t\t\t\t<div class=\"elementor-element elementor-element-2aa451d elementor-widget elementor-widget-progress\" data-id=\"2aa451d\" data-element_type=\"widget\" data-widget_type=\"progress.default\">\n\t\t\t\t<div class=\"elementor-widget-container\">\n\t\t\t\t\t\t\t\t<span class=\"elementor-title\" id=\"elementor-progress-bar-2aa451d\">\n\t\t\t\tAppareils \u00e0 pression permanente\t\t\t<\/span>\n\t\t\n\t\t<div aria-labelledby=\"elementor-progress-bar-2aa451d\" class=\"elementor-progress-wrapper\" role=\"progressbar\" aria-valuemin=\"0\" aria-valuemax=\"100\" aria-valuenow=\"80\" aria-valuetext=\"80% (Pulver, Wasser, Schaum)\">\n\t\t\t<div class=\"elementor-progress-bar\" data-max=\"80\">\n\t\t\t\t<span class=\"elementor-progress-text\">Poudre, eau, mousse<\/span>\n\t\t\t\t\t\t\t<\/div>\n\t\t<\/div>\n\t\t\t\t\t\t<\/div>\n\t\t\t\t<\/div>\n\t\t\t\t<div class=\"elementor-element elementor-element-127c46d elementor-widget elementor-widget-heading\" data-id=\"127c46d\" data-element_type=\"widget\" data-widget_type=\"heading.default\">\n\t\t\t\t<div class=\"elementor-widget-container\">\n\t\t\t\t\t<h2 class=\"elementor-heading-title elementor-size-default\">20 ans<\/h2>\t\t\t\t<\/div>\n\t\t\t\t<\/div>\n\t\t\t\t<div class=\"elementor-element elementor-element-51787eb elementor-widget elementor-widget-progress\" data-id=\"51787eb\" data-element_type=\"widget\" data-widget_type=\"progress.default\">\n\t\t\t\t<div class=\"elementor-widget-container\">\n\t\t\t\t\t\t\t\t<span class=\"elementor-title\" id=\"elementor-progress-bar-51787eb\">\n\t\t\t\tChargeurs\t\t\t<\/span>\n\t\t\n\t\t<div aria-labelledby=\"elementor-progress-bar-51787eb\" class=\"elementor-progress-wrapper\" role=\"progressbar\" aria-valuemin=\"0\" aria-valuemax=\"100\" aria-valuenow=\"100\" aria-valuetext=\"100% (Pulver, Wasser, Schaum)\">\n\t\t\t<div class=\"elementor-progress-bar\" data-max=\"100\">\n\t\t\t\t<span class=\"elementor-progress-text\">Poudre, eau, mousse<\/span>\n\t\t\t\t\t\t\t<\/div>\n\t\t<\/div>\n\t\t\t\t\t\t<\/div>\n\t\t\t\t<\/div>\n\t\t\t\t<div class=\"elementor-element elementor-element-fb6fceb elementor-widget elementor-widget-heading\" data-id=\"fb6fceb\" data-element_type=\"widget\" data-widget_type=\"heading.default\">\n\t\t\t\t<div class=\"elementor-widget-container\">\n\t\t\t\t\t<h2 class=\"elementor-heading-title elementor-size-default\">25 ans<\/h2>\t\t\t\t<\/div>\n\t\t\t\t<\/div>\n\t\t\t\t<div class=\"elementor-element elementor-element-486dc4f elementor-widget elementor-widget-progress\" data-id=\"486dc4f\" data-element_type=\"widget\" data-widget_type=\"progress.default\">\n\t\t\t\t<div class=\"elementor-widget-container\">\n\t\t\t\t\t\t\t\t<span class=\"elementor-title\" id=\"elementor-progress-bar-486dc4f\">\n\t\t\t\tExtincteur \u00e0 gaz\t\t\t<\/span>\n\t\t\n\t\t<div aria-labelledby=\"elementor-progress-bar-486dc4f\" class=\"elementor-progress-wrapper\" role=\"progressbar\" aria-valuemin=\"0\" aria-valuemax=\"100\" aria-valuenow=\"100\" aria-valuetext=\"100% (Kohlendioxid)\">\n\t\t\t<div class=\"elementor-progress-bar\" data-max=\"100\">\n\t\t\t\t<span class=\"elementor-progress-text\">Dioxyde de carbone<\/span>\n\t\t\t\t\t\t\t<\/div>\n\t\t<\/div>\n\t\t\t\t\t\t<\/div>\n\t\t\t\t<\/div>\n\t\t\t\t<div class=\"elementor-element elementor-element-5aeec7a elementor-widget elementor-widget-heading\" data-id=\"5aeec7a\" data-element_type=\"widget\" data-widget_type=\"heading.default\">\n\t\t\t\t<div class=\"elementor-widget-container\">\n\t\t\t\t\t<h2 class=\"elementor-heading-title elementor-size-default\">25 ans<\/h2>\t\t\t\t<\/div>\n\t\t\t\t<\/div>\n\t\t\t\t\t<\/div>\n\t\t<\/div>\n\t\t\t\t\t<\/div>\n\t\t<\/section>\n\t\t\t\t\t<\/div>\n\t\t<\/div>\n\t\t\t\t\t<\/div>\n\t\t<\/section>\n\t\t\t\t<section class=\"elementor-section elementor-top-section elementor-element elementor-element-aaf4d50 elementor-section-boxed elementor-section-height-default elementor-section-height-default\" data-id=\"aaf4d50\" data-element_type=\"section\">\n\t\t\t\t\t\t<div class=\"elementor-container elementor-column-gap-default\">\n\t\t\t\t\t<div class=\"elementor-column elementor-col-100 elementor-top-column elementor-element elementor-element-c6f0bb3\" data-id=\"c6f0bb3\" data-element_type=\"column\">\n\t\t\t<div class=\"elementor-widget-wrap elementor-element-populated\">\n\t\t\t\t\t\t<div class=\"elementor-element elementor-element-9093f01 elementor-widget elementor-widget-text-editor\" data-id=\"9093f01\" data-element_type=\"widget\" data-widget_type=\"text-editor.default\">\n\t\t\t\t<div class=\"elementor-widget-container\">\n\t\t\t\t\t\t\t\t\t<p>Comme cette dur\u00e9e maximale d'utilisation d\u00e9pend essentiellement des conditions d'utilisation, il est imp\u00e9ratif que les op\u00e9rations de maintenance prescrites selon la norme DIN 14406 T-4 et nos instructions soient effectu\u00e9es par une personne qualifi\u00e9e ayant suivi une formation attest\u00e9e selon la norme DIN 14406 T-4. De m\u00eame, les contr\u00f4les prescrits selon le \u00a7 16 et l'annexe 2, section 4 du d\u00e9cret sur la s\u00e9curit\u00e9 des entreprises doivent \u00eatre effectu\u00e9s par une personne qualifi\u00e9e pour les contr\u00f4les ou par un organisme de surveillance agr\u00e9\u00e9 (Z\u00dcS).<\/p><p>\u00a0<\/p><p>Une analyse des risques n\u00e9cessaire par l'exploitant, compte tenu des conditions d'utilisation, pour une exploitation au-del\u00e0 de cette p\u00e9riode, serait \u00e9conomiquement disproportionn\u00e9e par rapport \u00e0 l'achat d'un nouvel appareil actuel.<br \/><br \/><\/p><p>C'est pourquoi, en tant que fabricant des appareils, nous ne pourrons fournir les instructions de maintenance n\u00e9cessaires et les pi\u00e8ces de rechange agr\u00e9\u00e9es que pour cette p\u00e9riode de 20 ou 25 ans maximum.<\/p>\t\t\t\t\t\t\t\t<\/div>\n\t\t\t\t<\/div>\n\t\t\t\t<div class=\"elementor-element elementor-element-56743f6 elementor-widget elementor-widget-text-editor\" data-id=\"56743f6\" data-element_type=\"widget\" data-widget_type=\"text-editor.default\">\n\t\t\t\t<div class=\"elementor-widget-container\">\n\t\t\t\t\t\t\t\t\t<p>Informations sp\u00e9cifiques sur les extincteurs Milieukeur : Le d\u00e9lai maximal de remplacement des agents extincteurs (en fonction des r\u00e8gles et r\u00e9glementations nationales) des extincteurs agr\u00e9\u00e9s Milliieukeur est de 6 ans, comme pour toutes les mousses Premix. La recharge et l'\u00e9limination doivent toujours \u00eatre effectu\u00e9es par des entreprises sp\u00e9cialis\u00e9es agr\u00e9\u00e9es.<\/p><p>Les intervalles d'entretien ne sont pas obligatoires pour l'utilisation priv\u00e9e d'extincteurs, car il n'existe aucune r\u00e9glementation en la mati\u00e8re. \u00c9tant donn\u00e9 que les extincteurs sont des produits de s\u00e9curit\u00e9, ils doivent \u00eatre consid\u00e9r\u00e9s comme utiles et doivent donc \u00eatre respect\u00e9s.<\/p>\t\t\t\t\t\t\t\t<\/div>\n\t\t\t\t<\/div>\n\t\t\t\t\t<\/div>\n\t\t<\/div>\n\t\t\t\t\t<\/div>\n\t\t<\/section>\n\t\t\t\t<\/div>","protected":false},"excerpt":{"rendered":"<p>Herstellerempfehlung f\u00fcr die Verwendungsdauer von tragbaren Feuerl\u00f6schger\u00e4ten der Firma Feuerschutz Jockel Tragbare Feuerl\u00f6scher, die nach dem aktuellen Stand der Technik gebaut und entsprechend den g\u00fcltigen Normen gewartet und instand gehalten werden, sind grunds\u00e4tzlich als langlebiges Wirtschaftsprodukt zu sehen. Trotzdem unterliegen auch diese Produkte, je nach Einsatzbedingungen, einer m\u00f6glichen materialbedingten Alterung, sowohl bez\u00fcglich der drucktragenden Ausr\u00fcstungsteile, [&hellip;]<\/p>\n","protected":false},"author":10,"featured_media":0,"parent":0,"menu_order":0,"comment_status":"closed","ping_status":"closed","template":"elementor_header_footer","meta":{"footnotes":""},"class_list":["post-13583","page","type-page","status-publish","hentry"],"yoast_head":"<!-- This site is optimized with the Yoast SEO Premium plugin v27.0 (Yoast SEO v27.5) - https:\/\/yoast.com\/product\/yoast-seo-premium-wordpress\/ -->\n<title>Lebensdauer von Feuerl\u00f6schern | JOCKEL Feuerl\u00f6scher INFOS<\/title>\n<meta name=\"description\" content=\"Wertvolle Informationen \u26a1 Verwendungsdauer &amp; Einsatzbereitschaft tragbarer Feuerl\u00f6scher\u2716\ufe0f Hier erfahren Sie mehr! Alle JOCKEL Feuerl\u00f6scher ...\" \/>\n<meta name=\"robots\" content=\"index, follow, max-snippet:-1, max-image-preview:large, max-video-preview:-1\" \/>\n<link rel=\"canonical\" href=\"https:\/\/www.jockel.de\/fr\/lebensdauer-von-feuerloeschern\/\" \/>\n<meta property=\"og:locale\" content=\"fr_FR\" \/>\n<meta property=\"og:type\" content=\"article\" \/>\n<meta property=\"og:title\" content=\"Lebensdauer von Feuerl\u00f6schern\" \/>\n<meta property=\"og:description\" content=\"Wertvolle Informationen \u26a1 Verwendungsdauer &amp; Einsatzbereitschaft tragbarer Feuerl\u00f6scher\u2716\ufe0f Hier erfahren Sie mehr! Alle JOCKEL Feuerl\u00f6scher ...\" \/>\n<meta property=\"og:url\" content=\"https:\/\/www.jockel.de\/fr\/lebensdauer-von-feuerloeschern\/\" \/>\n<meta property=\"og:site_name\" content=\"Jockel\" \/>\n<meta property=\"article:modified_time\" content=\"2025-07-29T09:00:46+00:00\" \/>\n<meta name=\"twitter:card\" content=\"summary_large_image\" \/>\n<meta name=\"twitter:label1\" content=\"Dur\u00e9e de lecture estim\u00e9e\" \/>\n\t<meta name=\"twitter:data1\" content=\"2 minutes\" \/>\n<script type=\"application\/ld+json\" class=\"yoast-schema-graph\">{\"@context\":\"https:\\\/\\\/schema.org\",\"@graph\":[{\"@type\":\"WebPage\",\"@id\":\"https:\\\/\\\/www.jockel.de\\\/lebensdauer-von-feuerloeschern\\\/\",\"url\":\"https:\\\/\\\/www.jockel.de\\\/lebensdauer-von-feuerloeschern\\\/\",\"name\":\"Lebensdauer von Feuerl\u00f6schern | JOCKEL Feuerl\u00f6scher INFOS\",\"isPartOf\":{\"@id\":\"https:\\\/\\\/www.jockel.de\\\/#website\"},\"datePublished\":\"2021-08-04T20:45:38+00:00\",\"dateModified\":\"2025-07-29T09:00:46+00:00\",\"description\":\"Wertvolle Informationen \u26a1 Verwendungsdauer & Einsatzbereitschaft tragbarer Feuerl\u00f6scher\u2716\ufe0f Hier erfahren Sie mehr! Alle JOCKEL Feuerl\u00f6scher ...\",\"breadcrumb\":{\"@id\":\"https:\\\/\\\/www.jockel.de\\\/lebensdauer-von-feuerloeschern\\\/#breadcrumb\"},\"inLanguage\":\"fr-FR\",\"potentialAction\":[{\"@type\":\"ReadAction\",\"target\":[\"https:\\\/\\\/www.jockel.de\\\/lebensdauer-von-feuerloeschern\\\/\"]}]},{\"@type\":\"BreadcrumbList\",\"@id\":\"https:\\\/\\\/www.jockel.de\\\/lebensdauer-von-feuerloeschern\\\/#breadcrumb\",\"itemListElement\":[{\"@type\":\"ListItem\",\"position\":1,\"name\":\"Home\",\"item\":\"https:\\\/\\\/www.jockel.de\\\/\"},{\"@type\":\"ListItem\",\"position\":2,\"name\":\"Lebensdauer von Feuerl\u00f6schern\"}]},{\"@type\":\"WebSite\",\"@id\":\"https:\\\/\\\/www.jockel.de\\\/#website\",\"url\":\"https:\\\/\\\/www.jockel.de\\\/\",\"name\":\"Feuerschutz JOCKEL\",\"description\":\"Feuerschutz\",\"publisher\":{\"@id\":\"https:\\\/\\\/www.jockel.de\\\/#organization\"},\"potentialAction\":[{\"@type\":\"SearchAction\",\"target\":{\"@type\":\"EntryPoint\",\"urlTemplate\":\"https:\\\/\\\/www.jockel.de\\\/?s={search_term_string}\"},\"query-input\":{\"@type\":\"PropertyValueSpecification\",\"valueRequired\":true,\"valueName\":\"search_term_string\"}}],\"inLanguage\":\"fr-FR\"},{\"@type\":\"Organization\",\"@id\":\"https:\\\/\\\/www.jockel.de\\\/#organization\",\"name\":\"Feuerschutz JOCKEL GmbH & Co. KG\",\"url\":\"https:\\\/\\\/www.jockel.de\\\/\",\"logo\":{\"@type\":\"ImageObject\",\"inLanguage\":\"fr-FR\",\"@id\":\"https:\\\/\\\/www.jockel.de\\\/#\\\/schema\\\/logo\\\/image\\\/\",\"url\":\"https:\\\/\\\/www.jockel.de\\\/wp-content\\\/uploads\\\/cropped-jockelfavicon-1.png\",\"contentUrl\":\"https:\\\/\\\/www.jockel.de\\\/wp-content\\\/uploads\\\/cropped-jockelfavicon-1.png\",\"width\":512,\"height\":512,\"caption\":\"Feuerschutz JOCKEL GmbH & Co. KG\"},\"image\":{\"@id\":\"https:\\\/\\\/www.jockel.de\\\/#\\\/schema\\\/logo\\\/image\\\/\"}}]}<\/script>\n<!-- \/ Yoast SEO Premium plugin. -->","yoast_head_json":{"title":"Dur\u00e9e de vie des extincteurs | JOCKEL Extincteurs INFOS","description":"Informations pr\u00e9cieuses \u26a1 Dur\u00e9e d'utilisation &amp; disponibilit\u00e9 des extincteurs portables Feuerl\u00f6scher\u2716\ufe0f En savoir plus ! Tous les extincteurs JOCKEL ...","robots":{"index":"index","follow":"follow","max-snippet":"max-snippet:-1","max-image-preview":"max-image-preview:large","max-video-preview":"max-video-preview:-1"},"canonical":"https:\/\/www.jockel.de\/fr\/lebensdauer-von-feuerloeschern\/","og_locale":"fr_FR","og_type":"article","og_title":"Lebensdauer von Feuerl\u00f6schern","og_description":"Wertvolle Informationen \u26a1 Verwendungsdauer & Einsatzbereitschaft tragbarer Feuerl\u00f6scher\u2716\ufe0f Hier erfahren Sie mehr! Alle JOCKEL Feuerl\u00f6scher ...","og_url":"https:\/\/www.jockel.de\/fr\/lebensdauer-von-feuerloeschern\/","og_site_name":"Jockel","article_modified_time":"2025-07-29T09:00:46+00:00","twitter_card":"summary_large_image","twitter_misc":{"Dur\u00e9e de lecture estim\u00e9e":"2 minutes"},"schema":{"@context":"https:\/\/schema.org","@graph":[{"@type":"WebPage","@id":"https:\/\/www.jockel.de\/lebensdauer-von-feuerloeschern\/","url":"https:\/\/www.jockel.de\/lebensdauer-von-feuerloeschern\/","name":"Dur\u00e9e de vie des extincteurs | JOCKEL Extincteurs INFOS","isPartOf":{"@id":"https:\/\/www.jockel.de\/#website"},"datePublished":"2021-08-04T20:45:38+00:00","dateModified":"2025-07-29T09:00:46+00:00","description":"Informations pr\u00e9cieuses \u26a1 Dur\u00e9e d'utilisation &amp; disponibilit\u00e9 des extincteurs portables Feuerl\u00f6scher\u2716\ufe0f En savoir plus ! Tous les extincteurs JOCKEL ...","breadcrumb":{"@id":"https:\/\/www.jockel.de\/lebensdauer-von-feuerloeschern\/#breadcrumb"},"inLanguage":"fr-FR","potentialAction":[{"@type":"ReadAction","target":["https:\/\/www.jockel.de\/lebensdauer-von-feuerloeschern\/"]}]},{"@type":"BreadcrumbList","@id":"https:\/\/www.jockel.de\/lebensdauer-von-feuerloeschern\/#breadcrumb","itemListElement":[{"@type":"ListItem","position":1,"name":"Home","item":"https:\/\/www.jockel.de\/"},{"@type":"ListItem","position":2,"name":"Lebensdauer von Feuerl\u00f6schern"}]},{"@type":"WebSite","@id":"https:\/\/www.jockel.de\/#website","url":"https:\/\/www.jockel.de\/","name":"Protection incendie JOCKEL","description":"Protection contre le feu","publisher":{"@id":"https:\/\/www.jockel.de\/#organization"},"potentialAction":[{"@type":"SearchAction","target":{"@type":"EntryPoint","urlTemplate":"https:\/\/www.jockel.de\/?s={search_term_string}"},"query-input":{"@type":"PropertyValueSpecification","valueRequired":true,"valueName":"search_term_string"}}],"inLanguage":"fr-FR"},{"@type":"Organization","@id":"https:\/\/www.jockel.de\/#organization","name":"Protection contre l'incendie JOCKEL GmbH &amp; Co. KG","url":"https:\/\/www.jockel.de\/","logo":{"@type":"ImageObject","inLanguage":"fr-FR","@id":"https:\/\/www.jockel.de\/#\/schema\/logo\/image\/","url":"https:\/\/www.jockel.de\/wp-content\/uploads\/cropped-jockelfavicon-1.png","contentUrl":"https:\/\/www.jockel.de\/wp-content\/uploads\/cropped-jockelfavicon-1.png","width":512,"height":512,"caption":"Feuerschutz JOCKEL GmbH & Co. KG"},"image":{"@id":"https:\/\/www.jockel.de\/#\/schema\/logo\/image\/"}}]}},"_links":{"self":[{"href":"https:\/\/www.jockel.de\/fr\/wp-json\/wp\/v2\/pages\/13583","targetHints":{"allow":["GET"]}}],"collection":[{"href":"https:\/\/www.jockel.de\/fr\/wp-json\/wp\/v2\/pages"}],"about":[{"href":"https:\/\/www.jockel.de\/fr\/wp-json\/wp\/v2\/types\/page"}],"author":[{"embeddable":true,"href":"https:\/\/www.jockel.de\/fr\/wp-json\/wp\/v2\/users\/10"}],"replies":[{"embeddable":true,"href":"https:\/\/www.jockel.de\/fr\/wp-json\/wp\/v2\/comments?post=13583"}],"version-history":[{"count":8,"href":"https:\/\/www.jockel.de\/fr\/wp-json\/wp\/v2\/pages\/13583\/revisions"}],"predecessor-version":[{"id":119928,"href":"https:\/\/www.jockel.de\/fr\/wp-json\/wp\/v2\/pages\/13583\/revisions\/119928"}],"wp:attachment":[{"href":"https:\/\/www.jockel.de\/fr\/wp-json\/wp\/v2\/media?parent=13583"}],"curies":[{"name":"wp","href":"https:\/\/api.w.org\/{rel}","templated":true}]}}