{"id":12954,"date":"2021-08-01T16:51:06","date_gmt":"2021-08-01T14:51:06","guid":{"rendered":"https:\/\/www.jockel.de\/?page_id=12954"},"modified":"2021-08-19T22:28:06","modified_gmt":"2021-08-19T20:28:06","slug":"ekb","status":"publish","type":"page","link":"https:\/\/www.jockel.de\/fr\/ekb\/","title":{"rendered":"Conditions g\u00e9n\u00e9rales d'achat"},"content":{"rendered":"<div data-elementor-type=\"wp-page\" data-elementor-id=\"12954\" class=\"elementor elementor-12954\" data-elementor-post-type=\"page\">\n\t\t\t\t\t\t<section class=\"elementor-section elementor-top-section elementor-element elementor-element-e7759a0 elementor-section-boxed elementor-section-height-default elementor-section-height-default\" data-id=\"e7759a0\" data-element_type=\"section\">\n\t\t\t\t\t\t<div class=\"elementor-container elementor-column-gap-default\">\n\t\t\t\t\t<div class=\"elementor-column elementor-col-100 elementor-top-column elementor-element elementor-element-e50d31e\" data-id=\"e50d31e\" data-element_type=\"column\">\n\t\t\t<div class=\"elementor-widget-wrap elementor-element-populated\">\n\t\t\t\t\t\t<div class=\"elementor-element elementor-element-56fdf88 elementor-widget elementor-widget-heading\" data-id=\"56fdf88\" data-element_type=\"widget\" data-widget_type=\"heading.default\">\n\t\t\t\t<div class=\"elementor-widget-container\">\n\t\t\t\t\t<h1 class=\"elementor-heading-title elementor-size-default\">Conditions g\u00e9n\u00e9rales d'achat<\/h1>\t\t\t\t<\/div>\n\t\t\t\t<\/div>\n\t\t\t\t\t<\/div>\n\t\t<\/div>\n\t\t\t\t\t<\/div>\n\t\t<\/section>\n\t\t\t\t<section class=\"elementor-section elementor-top-section elementor-element elementor-element-4c9965f elementor-section-boxed elementor-section-height-default elementor-section-height-default\" data-id=\"4c9965f\" data-element_type=\"section\">\n\t\t\t\t\t\t<div class=\"elementor-container elementor-column-gap-default\">\n\t\t\t\t\t<div class=\"elementor-column elementor-col-100 elementor-top-column elementor-element elementor-element-6c88ff5\" data-id=\"6c88ff5\" data-element_type=\"column\">\n\t\t\t<div class=\"elementor-widget-wrap elementor-element-populated\">\n\t\t\t\t\t\t<div class=\"elementor-element elementor-element-f32a998 elementor-widget elementor-widget-text-editor\" data-id=\"f32a998\" data-element_type=\"widget\" data-no-translation=\"\" data-widget_type=\"text-editor.default\">\n\t\t\t\t<div class=\"elementor-widget-container\">\n\t\t\t\t\t<style>.elementor-element-f32a998{display:none !important}<\/style>\t\t\t\t<\/div>\n\t\t\t\t<\/div>\n\t\t\t\t<div class=\"elementor-element elementor-element-265e57a elementor-widget elementor-widget-text-editor\" data-id=\"265e57a\" data-element_type=\"widget\" data-widget_type=\"text-editor.default\">\n\t\t\t\t<div class=\"elementor-widget-container\">\n\t\t\t\t\t\t\t\t\t<p>Mise \u00e0 jour du 28.09.2018<\/p><h3>1) G\u00e9n\u00e9ralit\u00e9s, champ d'application<\/h3><p>(1) Nos conditions d'achat s'appliquent exclusivement ; nous ne reconnaissons pas les conditions du fournisseur contraires ou divergentes de nos conditions d'achat, \u00e0 moins que nous n'ayons express\u00e9ment accept\u00e9 leur validit\u00e9 par \u00e9crit. Nos conditions d'achat s'appliquent \u00e9galement lorsque nous acceptons sans r\u00e9serve la livraison du fournisseur tout en ayant connaissance de conditions du fournisseur contraires ou divergentes de nos conditions d'achat.<br \/>(2) Tous les accords conclus entre nous et le fournisseur en vue de l'ex\u00e9cution du pr\u00e9sent contrat doivent \u00eatre consign\u00e9s par \u00e9crit dans le pr\u00e9sent contrat.<br \/>(3) Nos conditions d'achat ne s'appliquent qu'aux entreprises conform\u00e9ment au \u00a7 310 alin\u00e9a 4 du Code civil allemand (BGB).<\/p><h3>2. offre, documents d'offre<\/h3><p>(1) Le fournisseur est tenu d'accepter notre commande dans un d\u00e9lai de 2 semaines.<br \/>(2) Nous nous r\u00e9servons les droits de propri\u00e9t\u00e9 et d'auteur sur les illustrations, dessins, calculs et autres documents ; ils ne doivent pas \u00eatre rendus accessibles \u00e0 des tiers sans notre accord \u00e9crit expr\u00e8s. Ils doivent \u00eatre utilis\u00e9s exclusivement pour la fabrication sur la base de notre commande ; ils doivent nous \u00eatre restitu\u00e9s spontan\u00e9ment apr\u00e8s l'ex\u00e9cution de la commande. Ils doivent \u00eatre tenus secrets \u00e0 l'\u00e9gard des tiers, les dispositions du \u00a7 9 alin\u00e9a (4) s'appliquant \u00e0 titre compl\u00e9mentaire.<\/p><h3>3. prix, conditions de paiement<\/h3><p>(1) Le prix indiqu\u00e9 dans la commande est ferme et d\u00e9finitif. Sauf accord \u00e9crit contraire, le prix comprend la livraison \"franco domicile\", emballage compris. Le retour de l'emballage doit faire l'objet d'un accord particulier.<br \/>(2) La TVA l\u00e9gale est incluse dans le prix.<br \/>(3) Nous ne pouvons traiter les factures que si elles mentionnent le num\u00e9ro de commande indiqu\u00e9 dans notre commande, conform\u00e9ment \u00e0 nos instructions ; le fournisseur est responsable de toutes les cons\u00e9quences r\u00e9sultant du non-respect de cette obligation, sauf s'il prouve qu'il n'en est pas responsable.<br \/>(4) Sauf accord \u00e9crit contraire, nous payons le prix d'achat dans un d\u00e9lai de 14 jours \u00e0 compter de la livraison et de la r\u00e9ception de la facture, avec un escompte de 2% ou net dans un d\u00e9lai de 30 jours \u00e0 compter de la r\u00e9ception de la facture.<br \/>(5) Nous disposons de droits de compensation et de r\u00e9tention dans la mesure pr\u00e9vue par la loi.<\/p><h3>4. d\u00e9lai de livraison<\/h3><p>(1) Le d\u00e9lai de livraison indiqu\u00e9 dans la commande est contraignant.<br \/>(2) Le fournisseur est tenu de nous informer imm\u00e9diatement par \u00e9crit si des circonstances surviennent ou sont port\u00e9es \u00e0 sa connaissance, dont il r\u00e9sulte que le d\u00e9lai de livraison convenu ne pourra pas \u00eatre respect\u00e9.<br \/>(3) En cas de retard de livraison, nous disposons des droits l\u00e9gaux. Nous sommes notamment en droit d'exiger des dommages et int\u00e9r\u00eats en lieu et place de la prestation et de r\u00e9silier le contrat apr\u00e8s l'expiration infructueuse d'un d\u00e9lai raisonnable. Si nous demandons des dommages et int\u00e9r\u00eats, le fournisseur a le droit de nous prouver qu'il n'est pas responsable de la violation de l'obligation.<\/p><h3>5. transfert des risques, documents<\/h3><p>(1) Sauf accord \u00e9crit contraire, la livraison doit \u00eatre effectu\u00e9e franco domicile.<br \/>(2) Le fournisseur est tenu d'indiquer exactement notre num\u00e9ro de commande sur tous les documents d'exp\u00e9dition et bons de livraison ; s'il omet de le faire, les retards dans le traitement ne nous sont pas imputables.<\/p><h3>6. examen des d\u00e9fauts, responsabilit\u00e9 des d\u00e9fauts<\/h3><p>(1) Nous sommes tenus de contr\u00f4ler la marchandise dans un d\u00e9lai raisonnable afin de d\u00e9tecter d'\u00e9ventuels \u00e9carts de qualit\u00e9 et de quantit\u00e9 ; la r\u00e9clamation est consid\u00e9r\u00e9e comme ponctuelle si elle parvient au fournisseur dans un d\u00e9lai de 5 jours ouvrables \u00e0 compter de la r\u00e9ception de la marchandise ou, en cas de vices cach\u00e9s, de leur d\u00e9couverte.<br \/>(2) Les droits l\u00e9gaux en mati\u00e8re de d\u00e9fauts nous reviennent int\u00e9gralement ; dans tous les cas, nous sommes en droit d'exiger du fournisseur, \u00e0 notre choix, l'\u00e9limination des d\u00e9fauts ou la livraison d'un nouvel objet. Nous nous r\u00e9servons express\u00e9ment le droit de r\u00e9clamer des dommages et int\u00e9r\u00eats, en particulier des dommages et int\u00e9r\u00eats en lieu et place de la prestation.<br \/>(3) Nous sommes en droit de proc\u00e9der nous-m\u00eames \u00e0 l'\u00e9limination des d\u00e9fauts aux frais du fournisseur en cas de danger imminent ou d'urgence particuli\u00e8re.<br \/>(4) Le d\u00e9lai de prescription est de 36 mois \u00e0 compter du transfert des risques.<\/p><h3>7) responsabilit\u00e9 du fait des produits, exon\u00e9ration, couverture d'assurance responsabilit\u00e9 civile<\/h3><p>(1) Dans la mesure o\u00f9 le fournisseur est responsable d'un dommage caus\u00e9 par un produit, il est tenu de nous d\u00e9gager \u00e0 la premi\u00e8re demande des droits \u00e0 dommages et int\u00e9r\u00eats de tiers dans la mesure o\u00f9 la cause se situe dans son domaine de contr\u00f4le et d'organisation et o\u00f9 il est lui-m\u00eame responsable dans les relations ext\u00e9rieures.<br \/>(2) Dans le cadre de sa responsabilit\u00e9 en cas de dommages au sens de l'alin\u00e9a (1), le fournisseur est \u00e9galement tenu de rembourser les d\u00e9penses \u00e9ventuelles conform\u00e9ment aux articles 683, 670 du Code civil allemand (BGB) ou aux articles 830, 840, 426 du Code civil allemand (BGB), qui r\u00e9sultent ou sont li\u00e9es \u00e0 une action de rappel que nous avons men\u00e9e. Nous informerons le fournisseur du contenu et de l'\u00e9tendue des mesures de rappel \u00e0 mettre en \u0153uvre - dans la mesure du possible et du raisonnable - et lui donnerons l'occasion de prendre position. Il n'est pas d\u00e9rog\u00e9 \u00e0 d'autres droits l\u00e9gaux.<br \/>(3) Le fournisseur s'engage \u00e0 souscrire une assurance responsabilit\u00e9 du fait des produits d'un montant de couverture de 10 millions d'euros par dommage corporel\/dommage mat\u00e9riel - forfaitaire ; si nous avons droit \u00e0 d'autres dommages et int\u00e9r\u00eats, ceux-ci ne sont pas affect\u00e9s.<\/p><h3>8. code de conduite<\/h3><p>(1) Le fournisseur s'engage \u00e0 respecter toutes les lois, prescriptions et directives en vigueur. Il s'engage notamment \u00e0 ne pas participer \u00e0 la corruption sous toutes ses formes, ni \u00e0 la violation des droits fondamentaux ou au travail des enfants. Les lois et r\u00e9glementations relatives \u00e0 la protection de l'environnement seront respect\u00e9es par le fournisseur.<br \/>(2) Le Fournisseur se d\u00e9clare responsable de la cr\u00e9ation et du maintien d'une culture d'entreprise exempte de discrimination et de harc\u00e8lement et dans laquelle tous les employ\u00e9s sont respect\u00e9s. La sant\u00e9 et la s\u00e9curit\u00e9 des employ\u00e9s et des sous-traitants sont promues par le fournisseur. Le fournisseur s'engage \u00e0 respecter toutes les dispositions l\u00e9gales et, le cas \u00e9ch\u00e9ant, contractuelles en mati\u00e8re de pr\u00e9vention des accidents et de protection du travail et, en particulier, \u00e0 exclure tout risque pour la sant\u00e9 et la s\u00e9curit\u00e9 des employ\u00e9s et des sous-traitants.<\/p><h3>9. droits de propri\u00e9t\u00e9 intellectuelle<\/h3><p>(1) Le fournisseur garantit qu'aucun droit de tiers n'est viol\u00e9 en rapport avec sa livraison.<br \/>(2) Si un tiers fait appel \u00e0 nous pour cette raison, le fournisseur est tenu de nous lib\u00e9rer de ces droits \u00e0 la premi\u00e8re demande \u00e9crite ; nous ne sommes pas autoris\u00e9s \u00e0 conclure un quelconque accord avec le tiers - sans l'accord du fournisseur -, en particulier \u00e0 conclure une transaction.<br \/>(3) L'obligation d'indemnisation du fournisseur se rapporte \u00e0 toutes les d\u00e9penses qui nous sont n\u00e9cessairement occasionn\u00e9es par ou en rapport avec la revendication d'un tiers. <br \/>(4. Le d\u00e9lai de prescription est de dix ans \u00e0 compter de la conclusion du contrat.<\/p><h3>10. obligations de communication<\/h3><p>(1) Le fournisseur se porte en outre garant du fait que ses livraisons remplissent les conditions l\u00e9gales et autres requises pour la mise sur le march\u00e9 et la commercialisation de la livraison. Le fournisseur veille \u00e0 ce que tous les documents et informations n\u00e9cessaires pour prouver ces conditions soient mis \u00e0 notre disposition sur demande.<br \/>\u00eatre mis \u00e0 disposition sans d\u00e9lai.<br \/>(2) Si des composants de produits d'une livraison sont mentionn\u00e9s dans la liste de substances \u00e0 d\u00e9clarer actuellement en vigueur au moment de la commande ou si ces substances sont soumises \u00e0 des obligations d'information en raison de lois restrictives, le fournisseur doit en faire \u00e9tat par \u00e9crit au plus tard au moment de la premi\u00e8re livraison. Ceci n'est valable en ce qui concerne les lois que dans la mesure o\u00f9 celles-ci s'appliquent \u00e0 notre si\u00e8ge social ou au lieu de r\u00e9ception convenu.<br \/>(3) Si la livraison contient des marchandises devant \u00eatre class\u00e9es comme marchandises dangereuses, le fournisseur nous en informe par \u00e9crit au plus tard lors de la confirmation de la commande.<\/p><h3>11) Dispositions douani\u00e8res<\/h3><p>Le fournisseur se porte garant du respect de toutes les dispositions de la l\u00e9gislation nationale et internationale applicable en mati\u00e8re de douane et de commerce ext\u00e9rieur. Le Fournisseur doit nous communiquer par \u00e9crit, au plus tard 14 jours apr\u00e8s la commande ainsi qu'en cas de modifications, toutes les informations et donn\u00e9es n\u00e9cessaires au respect de ces dispositions lors de l'exportation, de l'importation et de la r\u00e9exportation, en particulier tous les num\u00e9ros de liste d'exportation applicables, y compris le num\u00e9ro de classification de contr\u00f4le des exportations conform\u00e9ment \u00e0 la U.S. Classification Number. Commerce Control List (ECCN), le num\u00e9ro statistique des marchandises conform\u00e9ment \u00e0 la classification actuelle des marchandises des statistiques du commerce ext\u00e9rieur et le code HS (Harmonized System) et le pays d'origine (origine non pr\u00e9f\u00e9rentielle) et, si l'acheteur le demande, les d\u00e9clarations du fournisseur concernant l'origine pr\u00e9f\u00e9rentielle (pour les fournisseurs europ\u00e9ens) ou les certificats concernant la pr\u00e9f\u00e9rence (pour les fournisseurs non europ\u00e9ens).<\/p><h3>12) R\u00e9serve de propri\u00e9t\u00e9, mise \u00e0 disposition, outils, confidentialit\u00e9<\/h3><p>(1) Si nous mettons des pi\u00e8ces \u00e0 disposition chez le fournisseur, nous nous en r\u00e9servons la propri\u00e9t\u00e9. Le traitement ou la transformation par le fournisseur sont effectu\u00e9s pour nous. Si notre marchandise sous r\u00e9serve de propri\u00e9t\u00e9 est transform\u00e9e avec d'autres objets qui ne nous appartiennent pas, nous acqu\u00e9rons la copropri\u00e9t\u00e9 de la nouvelle chose au prorata de la valeur de notre chose (prix d'achat plus TVA) par rapport aux autres objets transform\u00e9s au moment de la transformation.<br \/>(2) Si la chose que nous avons mise \u00e0 disposition est m\u00e9lang\u00e9e de mani\u00e8re ins\u00e9parable avec d'autres objets qui ne nous appartiennent pas, nous acqu\u00e9rons la copropri\u00e9t\u00e9 de la nouvelle chose au prorata de la valeur de la chose sous r\u00e9serve de propri\u00e9t\u00e9 (prix d'achat plus TVA) par rapport aux autres objets m\u00e9lang\u00e9s au moment du m\u00e9lange. Si le m\u00e9lange a lieu de telle sorte que la chose du fournisseur doit \u00eatre consid\u00e9r\u00e9e comme la chose principale, il est convenu que le fournisseur nous transf\u00e8re la copropri\u00e9t\u00e9 au prorata ; le fournisseur conserve la propri\u00e9t\u00e9 exclusive ou la copropri\u00e9t\u00e9 pour nous.<br \/>(3) Nous nous r\u00e9servons la propri\u00e9t\u00e9 des outils ; le fournisseur est tenu d'utiliser les outils exclusivement pour la fabrication des marchandises que nous avons command\u00e9es. Le fournisseur est tenu d'assurer \u00e0 ses frais les outils qui nous appartiennent \u00e0 leur valeur \u00e0 neuf contre les dommages dus \u00e0 l'incendie, \u00e0 l'eau et au vol. Parall\u00e8lement, le fournisseur nous c\u00e8de d'ores et d\u00e9j\u00e0 tous les droits \u00e0 indemnisation d\u00e9coulant de cette assurance ; nous acceptons par la pr\u00e9sente cette cession. Le fournisseur est tenu d'effectuer \u00e0 ses frais et en temps voulu les travaux de maintenance et d'inspection \u00e9ventuellement n\u00e9cessaires sur nos outils ainsi que tous les travaux d'entretien et de r\u00e9paration. Il doit nous signaler imm\u00e9diatement les \u00e9ventuels incidents ; s'il omet de le faire par sa faute, les droits \u00e0 dommages et int\u00e9r\u00eats ne sont pas affect\u00e9s.<br \/>(4) Le fournisseur est tenu de garder strictement secrets toutes les illustrations, dessins, calculs et autres documents et informations re\u00e7us. Ils ne peuvent \u00eatre divulgu\u00e9s \u00e0 des tiers qu'avec notre accord expr\u00e8s. L'obligation de confidentialit\u00e9 s'applique \u00e9galement apr\u00e8s l'ex\u00e9cution du pr\u00e9sent contrat ; elle s'\u00e9teint si et dans la mesure o\u00f9 les connaissances de fabrication contenues dans les illustrations, dessins, calculs et autres documents remis sont devenues g\u00e9n\u00e9ralement connues. <br \/>(5) Dans la mesure o\u00f9 les droits de s\u00fbret\u00e9 qui nous reviennent conform\u00e9ment \u00e0 l'alin\u00e9a (1) et\/ou \u00e0 l'alin\u00e9a (2) d\u00e9passent de plus de 10% le prix d'achat de toutes nos marchandises sous r\u00e9serve de propri\u00e9t\u00e9 non encore pay\u00e9es, nous sommes tenus, \u00e0 la demande des fournisseurs, de lib\u00e9rer les droits de s\u00fbret\u00e9 selon notre choix.<\/p><h3>13. juridiction comp\u00e9tente, lieu d'ex\u00e9cution<\/h3><p>(1) Si le fournisseur est un commer\u00e7ant, le tribunal comp\u00e9tent est celui de notre si\u00e8ge social ; nous sommes toutefois en droit de poursuivre le fournisseur devant le tribunal de son domicile.<br \/>(2) Sauf mention contraire dans la commande, notre si\u00e8ge social est le lieu d'ex\u00e9cution.<br \/>(3) Le droit allemand s'applique, \u00e0 l'exclusion de la Convention des Nations unies sur les contrats de vente internationale de marchandises.<\/p>\t\t\t\t\t\t\t\t<\/div>\n\t\t\t\t<\/div>\n\t\t\t\t\t<\/div>\n\t\t<\/div>\n\t\t\t\t\t<\/div>\n\t\t<\/section>\n\t\t\t\t<\/div>","protected":false},"excerpt":{"rendered":"<p>Start Please note: In case of inconsistencies or doubts as to meaning, solely the German text shall be binding. Stand 28.09.2018 1. Allgemeines, Geltungsbereich (1) Unsere Einkaufsbedingungen gelten ausschlie\u00dflich; entgegenstehende oder von unseren Einkaufsbedingungen abweichende Bedingungen des Lieferanten erkennen wir nicht an, es sei denn, wir h\u00e4tten ausdr\u00fccklich schriftlich ihrer Geltung zugestimmt. Unsere Einkaufsbedingungen gelten [&hellip;]<\/p>\n","protected":false},"author":10,"featured_media":0,"parent":0,"menu_order":0,"comment_status":"closed","ping_status":"closed","template":"elementor_header_footer","meta":{"footnotes":""},"class_list":["post-12954","page","type-page","status-publish","hentry"],"yoast_head":"<!-- This site is optimized with the Yoast SEO Premium plugin v27.0 (Yoast SEO v27.4) - https:\/\/yoast.com\/product\/yoast-seo-premium-wordpress\/ -->\n<title>Allgemeine Einkaufsbedingungen &#8226; Jockel<\/title>\n<meta name=\"robots\" content=\"index, follow, max-snippet:-1, max-image-preview:large, max-video-preview:-1\" \/>\n<link rel=\"canonical\" href=\"https:\/\/www.jockel.de\/fr\/ekb\/\" \/>\n<meta property=\"og:locale\" content=\"fr_FR\" \/>\n<meta property=\"og:type\" content=\"article\" \/>\n<meta property=\"og:title\" content=\"Allgemeine Einkaufsbedingungen\" \/>\n<meta property=\"og:description\" content=\"Start Please note: In case of inconsistencies or doubts as to meaning, solely the German text shall be binding. Stand 28.09.2018 1. Allgemeines, Geltungsbereich (1) Unsere Einkaufsbedingungen gelten ausschlie\u00dflich; entgegenstehende oder von unseren Einkaufsbedingungen abweichende Bedingungen des Lieferanten erkennen wir nicht an, es sei denn, wir h\u00e4tten ausdr\u00fccklich schriftlich ihrer Geltung zugestimmt. Unsere Einkaufsbedingungen gelten [&hellip;]\" \/>\n<meta property=\"og:url\" content=\"https:\/\/www.jockel.de\/fr\/ekb\/\" \/>\n<meta property=\"og:site_name\" content=\"Jockel\" \/>\n<meta property=\"article:modified_time\" content=\"2021-08-19T20:28:06+00:00\" \/>\n<meta name=\"twitter:card\" content=\"summary_large_image\" \/>\n<meta name=\"twitter:label1\" content=\"Dur\u00e9e de lecture estim\u00e9e\" \/>\n\t<meta name=\"twitter:data1\" content=\"8 minutes\" \/>\n<script type=\"application\/ld+json\" class=\"yoast-schema-graph\">{\"@context\":\"https:\\\/\\\/schema.org\",\"@graph\":[{\"@type\":\"WebPage\",\"@id\":\"https:\\\/\\\/www.jockel.de\\\/ekb\\\/\",\"url\":\"https:\\\/\\\/www.jockel.de\\\/ekb\\\/\",\"name\":\"Allgemeine Einkaufsbedingungen &#8226; Jockel\",\"isPartOf\":{\"@id\":\"https:\\\/\\\/www.jockel.de\\\/#website\"},\"datePublished\":\"2021-08-01T14:51:06+00:00\",\"dateModified\":\"2021-08-19T20:28:06+00:00\",\"breadcrumb\":{\"@id\":\"https:\\\/\\\/www.jockel.de\\\/ekb\\\/#breadcrumb\"},\"inLanguage\":\"fr-FR\",\"potentialAction\":[{\"@type\":\"ReadAction\",\"target\":[\"https:\\\/\\\/www.jockel.de\\\/ekb\\\/\"]}]},{\"@type\":\"BreadcrumbList\",\"@id\":\"https:\\\/\\\/www.jockel.de\\\/ekb\\\/#breadcrumb\",\"itemListElement\":[{\"@type\":\"ListItem\",\"position\":1,\"name\":\"Home\",\"item\":\"https:\\\/\\\/www.jockel.de\\\/\"},{\"@type\":\"ListItem\",\"position\":2,\"name\":\"Allgemeine Einkaufsbedingungen\"}]},{\"@type\":\"WebSite\",\"@id\":\"https:\\\/\\\/www.jockel.de\\\/#website\",\"url\":\"https:\\\/\\\/www.jockel.de\\\/\",\"name\":\"Feuerschutz JOCKEL\",\"description\":\"Feuerschutz\",\"publisher\":{\"@id\":\"https:\\\/\\\/www.jockel.de\\\/#organization\"},\"potentialAction\":[{\"@type\":\"SearchAction\",\"target\":{\"@type\":\"EntryPoint\",\"urlTemplate\":\"https:\\\/\\\/www.jockel.de\\\/?s={search_term_string}\"},\"query-input\":{\"@type\":\"PropertyValueSpecification\",\"valueRequired\":true,\"valueName\":\"search_term_string\"}}],\"inLanguage\":\"fr-FR\"},{\"@type\":\"Organization\",\"@id\":\"https:\\\/\\\/www.jockel.de\\\/#organization\",\"name\":\"Feuerschutz JOCKEL GmbH & Co. KG\",\"url\":\"https:\\\/\\\/www.jockel.de\\\/\",\"logo\":{\"@type\":\"ImageObject\",\"inLanguage\":\"fr-FR\",\"@id\":\"https:\\\/\\\/www.jockel.de\\\/#\\\/schema\\\/logo\\\/image\\\/\",\"url\":\"https:\\\/\\\/www.jockel.de\\\/wp-content\\\/uploads\\\/cropped-jockelfavicon-1.png\",\"contentUrl\":\"https:\\\/\\\/www.jockel.de\\\/wp-content\\\/uploads\\\/cropped-jockelfavicon-1.png\",\"width\":512,\"height\":512,\"caption\":\"Feuerschutz JOCKEL GmbH & Co. KG\"},\"image\":{\"@id\":\"https:\\\/\\\/www.jockel.de\\\/#\\\/schema\\\/logo\\\/image\\\/\"}}]}<\/script>\n<!-- \/ Yoast SEO Premium plugin. -->","yoast_head_json":{"title":"Conditions g\u00e9n\u00e9rales d'achat - Jockel","robots":{"index":"index","follow":"follow","max-snippet":"max-snippet:-1","max-image-preview":"max-image-preview:large","max-video-preview":"max-video-preview:-1"},"canonical":"https:\/\/www.jockel.de\/fr\/ekb\/","og_locale":"fr_FR","og_type":"article","og_title":"Allgemeine Einkaufsbedingungen","og_description":"Start Please note: In case of inconsistencies or doubts as to meaning, solely the German text shall be binding. Stand 28.09.2018 1. Allgemeines, Geltungsbereich (1) Unsere Einkaufsbedingungen gelten ausschlie\u00dflich; entgegenstehende oder von unseren Einkaufsbedingungen abweichende Bedingungen des Lieferanten erkennen wir nicht an, es sei denn, wir h\u00e4tten ausdr\u00fccklich schriftlich ihrer Geltung zugestimmt. Unsere Einkaufsbedingungen gelten [&hellip;]","og_url":"https:\/\/www.jockel.de\/fr\/ekb\/","og_site_name":"Jockel","article_modified_time":"2021-08-19T20:28:06+00:00","twitter_card":"summary_large_image","twitter_misc":{"Dur\u00e9e de lecture estim\u00e9e":"8 minutes"},"schema":{"@context":"https:\/\/schema.org","@graph":[{"@type":"WebPage","@id":"https:\/\/www.jockel.de\/ekb\/","url":"https:\/\/www.jockel.de\/ekb\/","name":"Conditions g\u00e9n\u00e9rales d'achat - Jockel","isPartOf":{"@id":"https:\/\/www.jockel.de\/#website"},"datePublished":"2021-08-01T14:51:06+00:00","dateModified":"2021-08-19T20:28:06+00:00","breadcrumb":{"@id":"https:\/\/www.jockel.de\/ekb\/#breadcrumb"},"inLanguage":"fr-FR","potentialAction":[{"@type":"ReadAction","target":["https:\/\/www.jockel.de\/ekb\/"]}]},{"@type":"BreadcrumbList","@id":"https:\/\/www.jockel.de\/ekb\/#breadcrumb","itemListElement":[{"@type":"ListItem","position":1,"name":"Home","item":"https:\/\/www.jockel.de\/"},{"@type":"ListItem","position":2,"name":"Allgemeine Einkaufsbedingungen"}]},{"@type":"WebSite","@id":"https:\/\/www.jockel.de\/#website","url":"https:\/\/www.jockel.de\/","name":"Protection incendie JOCKEL","description":"Protection contre le feu","publisher":{"@id":"https:\/\/www.jockel.de\/#organization"},"potentialAction":[{"@type":"SearchAction","target":{"@type":"EntryPoint","urlTemplate":"https:\/\/www.jockel.de\/?s={search_term_string}"},"query-input":{"@type":"PropertyValueSpecification","valueRequired":true,"valueName":"search_term_string"}}],"inLanguage":"fr-FR"},{"@type":"Organization","@id":"https:\/\/www.jockel.de\/#organization","name":"Protection contre l'incendie JOCKEL GmbH &amp; Co. KG","url":"https:\/\/www.jockel.de\/","logo":{"@type":"ImageObject","inLanguage":"fr-FR","@id":"https:\/\/www.jockel.de\/#\/schema\/logo\/image\/","url":"https:\/\/www.jockel.de\/wp-content\/uploads\/cropped-jockelfavicon-1.png","contentUrl":"https:\/\/www.jockel.de\/wp-content\/uploads\/cropped-jockelfavicon-1.png","width":512,"height":512,"caption":"Feuerschutz JOCKEL GmbH & Co. KG"},"image":{"@id":"https:\/\/www.jockel.de\/#\/schema\/logo\/image\/"}}]}},"_links":{"self":[{"href":"https:\/\/www.jockel.de\/fr\/wp-json\/wp\/v2\/pages\/12954","targetHints":{"allow":["GET"]}}],"collection":[{"href":"https:\/\/www.jockel.de\/fr\/wp-json\/wp\/v2\/pages"}],"about":[{"href":"https:\/\/www.jockel.de\/fr\/wp-json\/wp\/v2\/types\/page"}],"author":[{"embeddable":true,"href":"https:\/\/www.jockel.de\/fr\/wp-json\/wp\/v2\/users\/10"}],"replies":[{"embeddable":true,"href":"https:\/\/www.jockel.de\/fr\/wp-json\/wp\/v2\/comments?post=12954"}],"version-history":[{"count":4,"href":"https:\/\/www.jockel.de\/fr\/wp-json\/wp\/v2\/pages\/12954\/revisions"}],"predecessor-version":[{"id":14480,"href":"https:\/\/www.jockel.de\/fr\/wp-json\/wp\/v2\/pages\/12954\/revisions\/14480"}],"wp:attachment":[{"href":"https:\/\/www.jockel.de\/fr\/wp-json\/wp\/v2\/media?parent=12954"}],"curies":[{"name":"wp","href":"https:\/\/api.w.org\/{rel}","templated":true}]}}