{"id":12941,"date":"2021-08-01T16:48:02","date_gmt":"2021-08-01T14:48:02","guid":{"rendered":"https:\/\/www.jockel.de\/?page_id=12941"},"modified":"2025-09-03T16:28:48","modified_gmt":"2025-09-03T14:28:48","slug":"impressum","status":"publish","type":"page","link":"https:\/\/www.jockel.de\/fr\/impressum\/","title":{"rendered":"Mentions l\u00e9gales"},"content":{"rendered":"<div data-elementor-type=\"wp-page\" data-elementor-id=\"12941\" class=\"elementor elementor-12941\" data-elementor-post-type=\"page\">\n\t\t\t\t\t\t<section class=\"elementor-section elementor-top-section elementor-element elementor-element-0e06d60 elementor-section-boxed elementor-section-height-default elementor-section-height-default\" data-id=\"0e06d60\" data-element_type=\"section\">\n\t\t\t\t\t\t<div class=\"elementor-container elementor-column-gap-default\">\n\t\t\t\t\t<div class=\"elementor-column elementor-col-100 elementor-top-column elementor-element elementor-element-4f01d5d\" data-id=\"4f01d5d\" data-element_type=\"column\">\n\t\t\t<div class=\"elementor-widget-wrap elementor-element-populated\">\n\t\t\t\t\t\t<div class=\"elementor-element elementor-element-73d27bf elementor-widget elementor-widget-heading\" data-id=\"73d27bf\" data-element_type=\"widget\" data-widget_type=\"heading.default\">\n\t\t\t\t<div class=\"elementor-widget-container\">\n\t\t\t\t\t<h1 class=\"elementor-heading-title elementor-size-default\">Mentions l\u00e9gales<\/h1>\t\t\t\t<\/div>\n\t\t\t\t<\/div>\n\t\t\t\t\t<\/div>\n\t\t<\/div>\n\t\t\t\t\t<\/div>\n\t\t<\/section>\n\t\t\t\t<section class=\"elementor-section elementor-top-section elementor-element elementor-element-3c2af79 elementor-section-boxed elementor-section-height-default elementor-section-height-default\" data-id=\"3c2af79\" data-element_type=\"section\">\n\t\t\t\t\t\t<div class=\"elementor-container elementor-column-gap-default\">\n\t\t\t\t\t<div class=\"elementor-column elementor-col-100 elementor-top-column elementor-element elementor-element-a8b323e\" data-id=\"a8b323e\" data-element_type=\"column\">\n\t\t\t<div class=\"elementor-widget-wrap elementor-element-populated\">\n\t\t\t\t\t\t<div class=\"elementor-element elementor-element-9e89004 elementor-widget elementor-widget-text-editor\" data-id=\"9e89004\" data-element_type=\"widget\" data-no-translation=\"\" data-widget_type=\"text-editor.default\">\n\t\t\t\t<div class=\"elementor-widget-container\">\n\t\t\t\t\t<style>.elementor-element-9e89004{display:none !important}<\/style>\t\t\t\t<\/div>\n\t\t\t\t<\/div>\n\t\t\t\t<div class=\"elementor-element elementor-element-215844a elementor-widget elementor-widget-text-editor\" data-id=\"215844a\" data-element_type=\"widget\" data-widget_type=\"text-editor.default\">\n\t\t\t\t<div class=\"elementor-widget-container\">\n\t\t\t\t\t\t\t\t\t<p>L'exploitant de ce site web est Feuerschutz Jockel GmbH &amp; Co. KG, si\u00e8ge\/adresse postale : J\u00e4gerwald 26-30, D-42897 Remscheid<\/p><p>repr\u00e9sent\u00e9e par la soci\u00e9t\u00e9 Jockel Verwaltungsgesellschaft mbH,<br \/>repr\u00e9sent\u00e9e par les g\u00e9rants<br \/><br \/><\/p>\t\t\t\t\t\t\t\t<\/div>\n\t\t\t\t<\/div>\n\t\t\t\t<div class=\"elementor-element elementor-element-6c14191 elementor-widget elementor-widget-image\" data-id=\"6c14191\" data-element_type=\"widget\" data-widget_type=\"image.default\">\n\t\t\t\t<div class=\"elementor-widget-container\">\n\t\t\t\t\t\t\t\t\t\t\t\t\t\t\t<img decoding=\"async\" width=\"800\" height=\"49\" src=\"https:\/\/www.jockel.de\/wp-content\/uploads\/2025\/09\/namen.png\" class=\"attachment-large size-large wp-image-119939\" alt=\"\" srcset=\"https:\/\/www.jockel.de\/wp-content\/uploads\/2025\/09\/namen.png 922w, https:\/\/www.jockel.de\/wp-content\/uploads\/2025\/09\/namen-300x18.png 300w, https:\/\/www.jockel.de\/wp-content\/uploads\/2025\/09\/namen-768x47.png 768w, https:\/\/www.jockel.de\/wp-content\/uploads\/2025\/09\/namen-18x1.png 18w\" sizes=\"(max-width: 800px) 100vw, 800px\" \/>\t\t\t\t\t\t\t\t\t\t\t\t\t\t\t<\/div>\n\t\t\t\t<\/div>\n\t\t\t\t<div class=\"elementor-element elementor-element-2732136 elementor-widget elementor-widget-text-editor\" data-id=\"2732136\" data-element_type=\"widget\" data-widget_type=\"text-editor.default\">\n\t\t\t\t<div class=\"elementor-widget-container\">\n\t\t\t\t\t\t\t\t\t<p>Contact : Fon +49 (0) 21 91.96 67 0, Fax +49 (0) 21 91.96 67 54, E-Mail info@jockel.de<\/p><p>Registre du commerce : Tribunal d'instance de Wuppertal, HRA 21611<br \/>Num\u00e9ro de TVA intracommunautaire : DE 814 331 297<br \/>Num\u00e9ro d'identification fiscale : 126 \/ 5835 \/ 0225<br \/>Responsable du contenu : voir ci-dessus<\/p><div class=\"elementor-element elementor-element-356dd7c2 ob-harakiri-inherit elementor-widget elementor-widget-heading is-mac\" data-id=\"356dd7c2\" data-element_type=\"widget\" data-settings=\"{\" data-widget_type=\"heading.default\"><div class=\"elementor-widget-container\"><h3>\u00a0<\/h3><h3 class=\"elementor-heading-title elementor-size-default\">Information conform\u00e9ment au \u00a7 36 de la loi sur le r\u00e8glement des litiges de consommation (VSBG)<\/h3><\/div><\/div><div class=\"elementor-element elementor-element-348075e5 ob-harakiri-inherit elementor-widget elementor-widget-text-editor is-mac\" data-id=\"348075e5\" data-element_type=\"widget\" data-settings=\"{\" data-widget_type=\"text-editor.default\"><div class=\"elementor-widget-container\"><div class=\"elementor-text-editor elementor-clearfix\"><p id=\"u3008-2\">L'exploitant du site Internet ne se d\u00e9clare pas pr\u00eat \u00e0 participer \u00e0 des proc\u00e9dures de r\u00e8glement des litiges devant des organismes de conciliation des consommateurs au sens de l'article 36, paragraphe 1, de la loi allemande sur le r\u00e8glement des litiges de consommation (VSBG). Cela n'affecte pas la possibilit\u00e9 de r\u00e9gler les litiges par un organisme de conciliation des consommateurs dans le cadre d'un litige concret, avec l'accord des deux parties contractantes (\u00a7 37 VSBG).<\/p><p id=\"u3008-5\">Plate-forme de l'UE pour le r\u00e8glement extrajudiciaire en ligne des litiges : <a class=\"nonblock\" href=\"http:\/\/www.ec.europa.eu\/consumers\/odr\">http:\/\/www.ec.europa.eu\/consumers\/odr<\/a><\/p><\/div><\/div><\/div><div class=\"elementor-element elementor-element-6c0465c2 ob-harakiri-inherit elementor-widget elementor-widget-heading is-mac\" data-id=\"6c0465c2\" data-element_type=\"widget\" data-settings=\"{\" data-widget_type=\"heading.default\"><div class=\"elementor-widget-container\"><h3 class=\"elementor-heading-title elementor-size-default\">Droit d'auteur<\/h3><\/div><\/div><div class=\"elementor-element elementor-element-26d8a2de ob-harakiri-inherit elementor-widget elementor-widget-text-editor is-mac\" data-id=\"26d8a2de\" data-element_type=\"widget\" data-settings=\"{\" data-widget_type=\"text-editor.default\"><div class=\"elementor-widget-container\"><div class=\"elementor-text-editor elementor-clearfix\"><p>Tous les droits relatifs \u00e0 ce site, y compris les droits d'auteur et les droits sur la base de donn\u00e9es, nous appartiennent ou sont utilis\u00e9s sous licence dans le respect des dispositions l\u00e9gales avec l'autorisation du propri\u00e9taire concern\u00e9. La r\u00e9impression, la reproduction, la copie, le t\u00e9l\u00e9chargement, la mise en ligne, l'envoi ou la transmission de textes, d'images, de graphiques, de logos, de boutons, d'ic\u00f4nes, de photos, ainsi que leur s\u00e9lection et leur disposition, de m\u00eame que le code source et le logiciel sous-jacent, sont interdits sans notre autorisation expresse \u00e9crite ou celle du propri\u00e9taire des droits d'auteur.<\/p><p>L'adaptation, la modification ou la cr\u00e9ation de toute partie du mat\u00e9riel ou des informations figurant sur ce site web, ainsi que l'utilisation \u00e0 toute autre fin que l'usage personnel et non commercial de ce site web, sont interdites. Vous vous engagez \u00e0 n'utiliser ce site web qu'en conformit\u00e9 avec les r\u00e8gles l\u00e9gales.<\/p><p>Nous nous r\u00e9servons le droit d'utiliser tout mat\u00e9riel transmis \u00e0 ce site web, y compris le texte ou les images, sur le site web ou sous une autre forme, y compris \u00e0 des fins publicitaires. Nous nous r\u00e9servons le droit de contr\u00f4ler, de modifier ou de refuser toute transmission vers le site.<\/p><\/div><\/div><\/div><div class=\"elementor-element elementor-element-387cd62f ob-harakiri-inherit elementor-widget elementor-widget-heading is-mac\" data-id=\"387cd62f\" data-element_type=\"widget\" data-settings=\"{\" data-widget_type=\"heading.default\"><div class=\"elementor-widget-container\"><h3 class=\"elementor-heading-title elementor-size-default\">Clause de non-responsabilit\u00e9<\/h3><\/div><\/div><div class=\"elementor-element elementor-element-2acaf350 ob-harakiri-inherit elementor-widget elementor-widget-text-editor is-mac\" data-id=\"2acaf350\" data-element_type=\"widget\" data-settings=\"{\" data-widget_type=\"text-editor.default\"><div class=\"elementor-widget-container\"><div class=\"elementor-text-editor elementor-clearfix\"><p>Nous nous effor\u00e7ons de veiller \u00e0 ce que les donn\u00e9es figurant sur notre site web soient exactes, compl\u00e8tes et \u00e0 jour. Toutefois, en utilisant ce site, vous acceptez les conditions d'utilisation qui entrent en vigueur \u00e0 la date de votre premi\u00e8re utilisation du site.<\/p><p>Sans pr\u00e9judice de vos droits l\u00e9gaux, le site web et toutes les informations, textes, noms, graphiques, images, logos, liens et ic\u00f4nes ainsi que tout autre mat\u00e9riel (sans limitation) sont fournis \"EN L'\u00c9TAT\" et sur la base de la disponibilit\u00e9, sans garantie ni approbation expresse ou tacite. En particulier, nous ne garantissons pas l'exactitude et l'exhaustivit\u00e9 des informations contenues dans ce site web et nous ne pouvons pas garantir que le site web est exempt de virus informatiques et d'erreurs de programmation.<\/p><p>Nous ne sommes pas responsables des dommages r\u00e9sultant de l'utilisation des informations contenues dans ce site. Cela ne s'applique pas aux cas o\u00f9 les dommages sont dus \u00e0 un comportement intentionnel ou \u00e0 une n\u00e9gligence grave de notre part. Cela ne s'applique pas non plus aux dommages entra\u00eenant une atteinte \u00e0 la vie, \u00e0 l'int\u00e9grit\u00e9 physique ou \u00e0 la sant\u00e9.<\/p><p>Nonobstant toute autre d\u00e9claration dans les pr\u00e9sentes conditions d'utilisation, nous n'assumons aucune responsabilit\u00e9 d\u00e9coulant de r\u00e9clamations relatives \u00e0 la fonctionnalit\u00e9 ou \u00e0 la disponibilit\u00e9 de ce site web.<\/p><\/div><\/div><\/div><div class=\"elementor-element elementor-element-1bfc2958 ob-harakiri-inherit elementor-widget elementor-widget-heading is-mac\" data-id=\"1bfc2958\" data-element_type=\"widget\" data-settings=\"{\" data-widget_type=\"heading.default\"><div class=\"elementor-widget-container\"><h3 class=\"elementor-heading-title elementor-size-default\">Liens externes<\/h3><\/div><\/div><div class=\"elementor-element elementor-element-57117f64 ob-harakiri-inherit elementor-widget elementor-widget-text-editor is-mac\" data-id=\"57117f64\" data-element_type=\"widget\" data-settings=\"{\" data-widget_type=\"text-editor.default\"><div class=\"elementor-widget-container\"><div class=\"elementor-text-editor elementor-clearfix\"><p>Nous n'assumons aucune responsabilit\u00e9 quant au contenu des sites web externes ayant un lien vers ou \u00e0 partir de ce site. Tout site externe que vous visitez en cliquant sur un lien de cette page \u00e9chappe \u00e0 notre contr\u00f4le et vous le visitez \u00e0 vos propres risques.<\/p><\/div><\/div><\/div><div class=\"elementor-element elementor-element-75aad476 ob-harakiri-inherit elementor-widget elementor-widget-heading is-mac\" data-id=\"75aad476\" data-element_type=\"widget\" data-settings=\"{\" data-widget_type=\"heading.default\"><div class=\"elementor-widget-container\"><h3 class=\"elementor-heading-title elementor-size-default\">Droit applicable et juridiction comp\u00e9tente<\/h3><\/div><\/div><div class=\"elementor-element elementor-element-4962ed7e ob-harakiri-inherit elementor-widget elementor-widget-text-editor is-mac\" data-id=\"4962ed7e\" data-element_type=\"widget\" data-settings=\"{\" data-widget_type=\"text-editor.default\"><div class=\"elementor-widget-container\"><div class=\"elementor-text-editor elementor-clearfix\"><p>Les pr\u00e9sentes conditions d'utilisation sont soumises au droit de la R\u00e9publique f\u00e9d\u00e9rale d'Allemagne. Les tribunaux de la R\u00e9publique f\u00e9d\u00e9rale d'Allemagne sont seuls comp\u00e9tents pour conna\u00eetre des litiges d\u00e9coulant des conditions d'utilisation.\u00a0<\/p><p>Si l'une des dispositions des pr\u00e9sentes conditions d'utilisation s'av\u00e9rait nulle et non avenue, la validit\u00e9 des autres dispositions n'en serait pas affect\u00e9e. Toutes les autres dispositions des pr\u00e9sentes conditions d'utilisation resteront pleinement en vigueur et continueront \u00e0 \u00eatre contraignantes et opposables.\u00a0<\/p><p>Nous nous r\u00e9servons le droit de modifier \u00e0 tout moment certaines conditions d'utilisation en les publiant sur ce site.<\/p><p><strong>Si vous n'acceptez pas les conditions d'utilisation de ce site, vous devez imm\u00e9diatement cesser de l'utiliser.\u00a0<\/strong><\/p><\/div><\/div><\/div>\t\t\t\t\t\t\t\t<\/div>\n\t\t\t\t<\/div>\n\t\t\t\t\t<\/div>\n\t\t<\/div>\n\t\t\t\t\t<\/div>\n\t\t<\/section>\n\t\t\t\t<\/div>","protected":false},"excerpt":{"rendered":"<p>Please note: In case of inconsistencies or doubts as to meaning, solely the German text shall be binding. Betreiber dieser Website ist Feuerschutz Jockel GmbH &amp; Co. KG, Sitz\/Postanschrift: J\u00e4gerwald 26-30, D-42897 Remscheid vertreten\u00a0durch die\u00a0Jockel Verwaltungsgesellschaft mbH,diese vertreten durch die Gesch\u00e4ftsf\u00fchrer Kontakt:\u00a0Fon +49 (0) 21 91.96 67 0,\u00a0Fax +49 (0) 21 91.96 67 54,\u00a0E-Mail info@jockel.de [&hellip;]<\/p>\n","protected":false},"author":10,"featured_media":0,"parent":0,"menu_order":0,"comment_status":"closed","ping_status":"closed","template":"elementor_header_footer","meta":{"footnotes":""},"class_list":["post-12941","page","type-page","status-publish","hentry"],"yoast_head":"<!-- This site is optimized with the Yoast SEO Premium plugin v27.0 (Yoast SEO v27.5) - https:\/\/yoast.com\/product\/yoast-seo-premium-wordpress\/ -->\n<title>Impressum &#8226; Jockel<\/title>\n<meta name=\"robots\" content=\"index, follow, max-snippet:-1, max-image-preview:large, max-video-preview:-1\" \/>\n<link rel=\"canonical\" href=\"https:\/\/www.jockel.de\/fr\/impressum\/\" \/>\n<meta property=\"og:locale\" content=\"fr_FR\" \/>\n<meta property=\"og:type\" content=\"article\" \/>\n<meta property=\"og:title\" content=\"Impressum\" \/>\n<meta property=\"og:description\" content=\"Please note: In case of inconsistencies or doubts as to meaning, solely the German text shall be binding. Betreiber dieser Website ist Feuerschutz Jockel GmbH &amp; Co. KG, Sitz\/Postanschrift: J\u00e4gerwald 26-30, D-42897 Remscheid vertreten\u00a0durch die\u00a0Jockel Verwaltungsgesellschaft mbH,diese vertreten durch die Gesch\u00e4ftsf\u00fchrer Kontakt:\u00a0Fon +49 (0) 21 91.96 67 0,\u00a0Fax +49 (0) 21 91.96 67 54,\u00a0E-Mail info@jockel.de [&hellip;]\" \/>\n<meta property=\"og:url\" content=\"https:\/\/www.jockel.de\/fr\/impressum\/\" \/>\n<meta property=\"og:site_name\" content=\"Jockel\" \/>\n<meta property=\"article:modified_time\" content=\"2025-09-03T14:28:48+00:00\" \/>\n<meta property=\"og:image\" content=\"https:\/\/www.jockel.de\/wp-content\/uploads\/2025\/09\/namen.png\" \/>\n\t<meta property=\"og:image:width\" content=\"922\" \/>\n\t<meta property=\"og:image:height\" content=\"56\" \/>\n\t<meta property=\"og:image:type\" content=\"image\/png\" \/>\n<meta name=\"twitter:card\" content=\"summary_large_image\" \/>\n<meta name=\"twitter:label1\" content=\"Dur\u00e9e de lecture estim\u00e9e\" \/>\n\t<meta name=\"twitter:data1\" content=\"7 minutes\" \/>\n<script type=\"application\/ld+json\" class=\"yoast-schema-graph\">{\"@context\":\"https:\\\/\\\/schema.org\",\"@graph\":[{\"@type\":\"WebPage\",\"@id\":\"https:\\\/\\\/www.jockel.de\\\/impressum\\\/\",\"url\":\"https:\\\/\\\/www.jockel.de\\\/impressum\\\/\",\"name\":\"Impressum &#8226; Jockel\",\"isPartOf\":{\"@id\":\"https:\\\/\\\/www.jockel.de\\\/#website\"},\"primaryImageOfPage\":{\"@id\":\"https:\\\/\\\/www.jockel.de\\\/impressum\\\/#primaryimage\"},\"image\":{\"@id\":\"https:\\\/\\\/www.jockel.de\\\/impressum\\\/#primaryimage\"},\"thumbnailUrl\":\"https:\\\/\\\/www.jockel.de\\\/wp-content\\\/uploads\\\/2025\\\/09\\\/namen.png\",\"datePublished\":\"2021-08-01T14:48:02+00:00\",\"dateModified\":\"2025-09-03T14:28:48+00:00\",\"breadcrumb\":{\"@id\":\"https:\\\/\\\/www.jockel.de\\\/impressum\\\/#breadcrumb\"},\"inLanguage\":\"fr-FR\",\"potentialAction\":[{\"@type\":\"ReadAction\",\"target\":[\"https:\\\/\\\/www.jockel.de\\\/impressum\\\/\"]}]},{\"@type\":\"ImageObject\",\"inLanguage\":\"fr-FR\",\"@id\":\"https:\\\/\\\/www.jockel.de\\\/impressum\\\/#primaryimage\",\"url\":\"https:\\\/\\\/www.jockel.de\\\/wp-content\\\/uploads\\\/2025\\\/09\\\/namen.png\",\"contentUrl\":\"https:\\\/\\\/www.jockel.de\\\/wp-content\\\/uploads\\\/2025\\\/09\\\/namen.png\"},{\"@type\":\"BreadcrumbList\",\"@id\":\"https:\\\/\\\/www.jockel.de\\\/impressum\\\/#breadcrumb\",\"itemListElement\":[{\"@type\":\"ListItem\",\"position\":1,\"name\":\"Home\",\"item\":\"https:\\\/\\\/www.jockel.de\\\/\"},{\"@type\":\"ListItem\",\"position\":2,\"name\":\"Impressum\"}]},{\"@type\":\"WebSite\",\"@id\":\"https:\\\/\\\/www.jockel.de\\\/#website\",\"url\":\"https:\\\/\\\/www.jockel.de\\\/\",\"name\":\"Feuerschutz JOCKEL\",\"description\":\"Feuerschutz\",\"publisher\":{\"@id\":\"https:\\\/\\\/www.jockel.de\\\/#organization\"},\"potentialAction\":[{\"@type\":\"SearchAction\",\"target\":{\"@type\":\"EntryPoint\",\"urlTemplate\":\"https:\\\/\\\/www.jockel.de\\\/?s={search_term_string}\"},\"query-input\":{\"@type\":\"PropertyValueSpecification\",\"valueRequired\":true,\"valueName\":\"search_term_string\"}}],\"inLanguage\":\"fr-FR\"},{\"@type\":\"Organization\",\"@id\":\"https:\\\/\\\/www.jockel.de\\\/#organization\",\"name\":\"Feuerschutz JOCKEL GmbH & Co. KG\",\"url\":\"https:\\\/\\\/www.jockel.de\\\/\",\"logo\":{\"@type\":\"ImageObject\",\"inLanguage\":\"fr-FR\",\"@id\":\"https:\\\/\\\/www.jockel.de\\\/#\\\/schema\\\/logo\\\/image\\\/\",\"url\":\"https:\\\/\\\/www.jockel.de\\\/wp-content\\\/uploads\\\/cropped-jockelfavicon-1.png\",\"contentUrl\":\"https:\\\/\\\/www.jockel.de\\\/wp-content\\\/uploads\\\/cropped-jockelfavicon-1.png\",\"width\":512,\"height\":512,\"caption\":\"Feuerschutz JOCKEL GmbH & Co. KG\"},\"image\":{\"@id\":\"https:\\\/\\\/www.jockel.de\\\/#\\\/schema\\\/logo\\\/image\\\/\"}}]}<\/script>\n<!-- \/ Yoast SEO Premium plugin. -->","yoast_head_json":{"title":"Mentions l\u00e9gales - Jockel","robots":{"index":"index","follow":"follow","max-snippet":"max-snippet:-1","max-image-preview":"max-image-preview:large","max-video-preview":"max-video-preview:-1"},"canonical":"https:\/\/www.jockel.de\/fr\/impressum\/","og_locale":"fr_FR","og_type":"article","og_title":"Impressum","og_description":"Please note: In case of inconsistencies or doubts as to meaning, solely the German text shall be binding. Betreiber dieser Website ist Feuerschutz Jockel GmbH &amp; Co. KG, Sitz\/Postanschrift: J\u00e4gerwald 26-30, D-42897 Remscheid vertreten\u00a0durch die\u00a0Jockel Verwaltungsgesellschaft mbH,diese vertreten durch die Gesch\u00e4ftsf\u00fchrer Kontakt:\u00a0Fon +49 (0) 21 91.96 67 0,\u00a0Fax +49 (0) 21 91.96 67 54,\u00a0E-Mail info@jockel.de [&hellip;]","og_url":"https:\/\/www.jockel.de\/fr\/impressum\/","og_site_name":"Jockel","article_modified_time":"2025-09-03T14:28:48+00:00","og_image":[{"width":922,"height":56,"url":"https:\/\/www.jockel.de\/wp-content\/uploads\/2025\/09\/namen.png","type":"image\/png"}],"twitter_card":"summary_large_image","twitter_misc":{"Dur\u00e9e de lecture estim\u00e9e":"7 minutes"},"schema":{"@context":"https:\/\/schema.org","@graph":[{"@type":"WebPage","@id":"https:\/\/www.jockel.de\/impressum\/","url":"https:\/\/www.jockel.de\/impressum\/","name":"Mentions l\u00e9gales - Jockel","isPartOf":{"@id":"https:\/\/www.jockel.de\/#website"},"primaryImageOfPage":{"@id":"https:\/\/www.jockel.de\/impressum\/#primaryimage"},"image":{"@id":"https:\/\/www.jockel.de\/impressum\/#primaryimage"},"thumbnailUrl":"https:\/\/www.jockel.de\/wp-content\/uploads\/2025\/09\/namen.png","datePublished":"2021-08-01T14:48:02+00:00","dateModified":"2025-09-03T14:28:48+00:00","breadcrumb":{"@id":"https:\/\/www.jockel.de\/impressum\/#breadcrumb"},"inLanguage":"fr-FR","potentialAction":[{"@type":"ReadAction","target":["https:\/\/www.jockel.de\/impressum\/"]}]},{"@type":"ImageObject","inLanguage":"fr-FR","@id":"https:\/\/www.jockel.de\/impressum\/#primaryimage","url":"https:\/\/www.jockel.de\/wp-content\/uploads\/2025\/09\/namen.png","contentUrl":"https:\/\/www.jockel.de\/wp-content\/uploads\/2025\/09\/namen.png"},{"@type":"BreadcrumbList","@id":"https:\/\/www.jockel.de\/impressum\/#breadcrumb","itemListElement":[{"@type":"ListItem","position":1,"name":"Home","item":"https:\/\/www.jockel.de\/"},{"@type":"ListItem","position":2,"name":"Impressum"}]},{"@type":"WebSite","@id":"https:\/\/www.jockel.de\/#website","url":"https:\/\/www.jockel.de\/","name":"Protection incendie JOCKEL","description":"Protection contre le feu","publisher":{"@id":"https:\/\/www.jockel.de\/#organization"},"potentialAction":[{"@type":"SearchAction","target":{"@type":"EntryPoint","urlTemplate":"https:\/\/www.jockel.de\/?s={search_term_string}"},"query-input":{"@type":"PropertyValueSpecification","valueRequired":true,"valueName":"search_term_string"}}],"inLanguage":"fr-FR"},{"@type":"Organization","@id":"https:\/\/www.jockel.de\/#organization","name":"Protection contre l'incendie JOCKEL GmbH &amp; Co. KG","url":"https:\/\/www.jockel.de\/","logo":{"@type":"ImageObject","inLanguage":"fr-FR","@id":"https:\/\/www.jockel.de\/#\/schema\/logo\/image\/","url":"https:\/\/www.jockel.de\/wp-content\/uploads\/cropped-jockelfavicon-1.png","contentUrl":"https:\/\/www.jockel.de\/wp-content\/uploads\/cropped-jockelfavicon-1.png","width":512,"height":512,"caption":"Feuerschutz JOCKEL GmbH & Co. KG"},"image":{"@id":"https:\/\/www.jockel.de\/#\/schema\/logo\/image\/"}}]}},"_links":{"self":[{"href":"https:\/\/www.jockel.de\/fr\/wp-json\/wp\/v2\/pages\/12941","targetHints":{"allow":["GET"]}}],"collection":[{"href":"https:\/\/www.jockel.de\/fr\/wp-json\/wp\/v2\/pages"}],"about":[{"href":"https:\/\/www.jockel.de\/fr\/wp-json\/wp\/v2\/types\/page"}],"author":[{"embeddable":true,"href":"https:\/\/www.jockel.de\/fr\/wp-json\/wp\/v2\/users\/10"}],"replies":[{"embeddable":true,"href":"https:\/\/www.jockel.de\/fr\/wp-json\/wp\/v2\/comments?post=12941"}],"version-history":[{"count":17,"href":"https:\/\/www.jockel.de\/fr\/wp-json\/wp\/v2\/pages\/12941\/revisions"}],"predecessor-version":[{"id":119948,"href":"https:\/\/www.jockel.de\/fr\/wp-json\/wp\/v2\/pages\/12941\/revisions\/119948"}],"wp:attachment":[{"href":"https:\/\/www.jockel.de\/fr\/wp-json\/wp\/v2\/media?parent=12941"}],"curies":[{"name":"wp","href":"https:\/\/api.w.org\/{rel}","templated":true}]}}