{"id":120063,"date":"2026-01-23T13:43:37","date_gmt":"2026-01-23T12:43:37","guid":{"rendered":"https:\/\/www.jockel.de\/?post_type=product&#038;p=120063"},"modified":"2026-02-16T13:57:38","modified_gmt":"2026-02-16T12:57:38","slug":"jockel-s9ljfm-43-green-2-0-25-feuerloescher","status":"publish","type":"product","link":"https:\/\/www.jockel.de\/en\/product-2\/jockel-s9ljfm-43-green-2-0-25-feuerloescher\/","title":{"rendered":"Jockel S9LJFM 43 GREEN 2.0 -25\u00b0 fire extinguisher"},"content":{"rendered":"","protected":false},"excerpt":{"rendered":"<p class=\"p1\">The new JOCKEL GREEN 2.0 foam fire extinguishers represent a significant advance in environmentally friendly firefighting. They are fluorine-free and completely PFAS-free, making them one of the most environmentally friendly options on the market.<\/p>","protected":false},"featured_media":120132,"comment_status":"closed","ping_status":"closed","template":"","meta":[],"product_brand":[],"product_cat":[1855],"product_tag":[],"class_list":{"0":"post-120063","1":"product","2":"type-product","3":"status-publish","4":"has-post-thumbnail","6":"product_cat-tragbare-feuerloescher","8":"first","9":"instock","10":"taxable","11":"shipping-taxable","12":"purchasable","13":"product-type-simple"},"yoast_head":"<!-- This site is optimized with the Yoast SEO Premium plugin v27.0 (Yoast SEO v27.4) - https:\/\/yoast.com\/product\/yoast-seo-premium-wordpress\/ -->\n<title>Jockel S9LJFM 43 GREEN 2.0 -25\u00b0 Feuerl\u00f6scher &#8226; Jockel<\/title>\n<meta name=\"robots\" content=\"index, follow, max-snippet:-1, max-image-preview:large, max-video-preview:-1\" \/>\n<link rel=\"canonical\" href=\"https:\/\/www.jockel.de\/en\/product-2\/jockel-s9ljfm-43-green-2-0-25-feuerloescher\/\" \/>\n<meta property=\"og:locale\" content=\"en_GB\" \/>\n<meta property=\"og:type\" content=\"article\" \/>\n<meta property=\"og:title\" content=\"Jockel S9LJFM 43 GREEN 2.0 -25\u00b0 Feuerl\u00f6scher\" \/>\n<meta property=\"og:description\" content=\"Die neuen JOCKEL GREEN 2.0 Schaumfeuerl\u00f6scher stellen einen bedeutenden Fortschritt in der umweltfreundlichen Brandbek\u00e4mpfung dar. Sie sind fluorfrei und kommen vollst\u00e4ndig ohne PFAS aus, was sie zu einer der umweltvertr\u00e4glichsten Optionen auf dem Markt macht.\" \/>\n<meta property=\"og:url\" content=\"https:\/\/www.jockel.de\/en\/product-2\/jockel-s9ljfm-43-green-2-0-25-feuerloescher\/\" \/>\n<meta property=\"og:site_name\" content=\"Jockel\" \/>\n<meta property=\"article:modified_time\" content=\"2026-02-16T12:57:38+00:00\" \/>\n<meta property=\"og:image\" content=\"https:\/\/www.jockel.de\/wp-content\/uploads\/2026\/01\/9631100_S9LJFM43-GREEN-2_2-1-scaled.png\" \/>\n\t<meta property=\"og:image:width\" content=\"2342\" \/>\n\t<meta property=\"og:image:height\" content=\"2560\" \/>\n\t<meta property=\"og:image:type\" content=\"image\/png\" \/>\n<meta name=\"twitter:card\" content=\"summary_large_image\" \/>\n<meta name=\"twitter:label1\" content=\"Estimated reading time\" \/>\n\t<meta name=\"twitter:data1\" content=\"1 minute\" \/>\n<script type=\"application\/ld+json\" class=\"yoast-schema-graph\">{\"@context\":\"https:\\\/\\\/schema.org\",\"@graph\":[{\"@type\":\"WebPage\",\"@id\":\"https:\\\/\\\/www.jockel.de\\\/produkt\\\/jockel-s9ljfm-43-green-2-0-25-feuerloescher\\\/\",\"url\":\"https:\\\/\\\/www.jockel.de\\\/produkt\\\/jockel-s9ljfm-43-green-2-0-25-feuerloescher\\\/\",\"name\":\"Jockel S9LJFM 43 GREEN 2.0 -25\u00b0 Feuerl\u00f6scher &#8226; Jockel\",\"isPartOf\":{\"@id\":\"https:\\\/\\\/www.jockel.de\\\/#website\"},\"primaryImageOfPage\":{\"@id\":\"https:\\\/\\\/www.jockel.de\\\/produkt\\\/jockel-s9ljfm-43-green-2-0-25-feuerloescher\\\/#primaryimage\"},\"image\":{\"@id\":\"https:\\\/\\\/www.jockel.de\\\/produkt\\\/jockel-s9ljfm-43-green-2-0-25-feuerloescher\\\/#primaryimage\"},\"thumbnailUrl\":\"https:\\\/\\\/www.jockel.de\\\/wp-content\\\/uploads\\\/2026\\\/01\\\/9631100_S9LJFM43-GREEN-2_2-1-scaled.png\",\"datePublished\":\"2026-01-23T12:43:37+00:00\",\"dateModified\":\"2026-02-16T12:57:38+00:00\",\"breadcrumb\":{\"@id\":\"https:\\\/\\\/www.jockel.de\\\/produkt\\\/jockel-s9ljfm-43-green-2-0-25-feuerloescher\\\/#breadcrumb\"},\"inLanguage\":\"en-GB\",\"potentialAction\":[{\"@type\":\"ReadAction\",\"target\":[\"https:\\\/\\\/www.jockel.de\\\/produkt\\\/jockel-s9ljfm-43-green-2-0-25-feuerloescher\\\/\"]}]},{\"@type\":\"ImageObject\",\"inLanguage\":\"en-GB\",\"@id\":\"https:\\\/\\\/www.jockel.de\\\/produkt\\\/jockel-s9ljfm-43-green-2-0-25-feuerloescher\\\/#primaryimage\",\"url\":\"https:\\\/\\\/www.jockel.de\\\/wp-content\\\/uploads\\\/2026\\\/01\\\/9631100_S9LJFM43-GREEN-2_2-1-scaled.png\",\"contentUrl\":\"https:\\\/\\\/www.jockel.de\\\/wp-content\\\/uploads\\\/2026\\\/01\\\/9631100_S9LJFM43-GREEN-2_2-1-scaled.png\",\"width\":2342,\"height\":2560},{\"@type\":\"BreadcrumbList\",\"@id\":\"https:\\\/\\\/www.jockel.de\\\/produkt\\\/jockel-s9ljfm-43-green-2-0-25-feuerloescher\\\/#breadcrumb\",\"itemListElement\":[{\"@type\":\"ListItem\",\"position\":1,\"name\":\"Home\",\"item\":\"https:\\\/\\\/www.jockel.de\\\/\"},{\"@type\":\"ListItem\",\"position\":2,\"name\":\"Produkt\u00fcbersicht\",\"item\":\"https:\\\/\\\/www.jockel.de\\\/produktuebersicht\\\/\"},{\"@type\":\"ListItem\",\"position\":3,\"name\":\"Jockel S9LJFM 43 GREEN 2.0 -25\u00b0 Feuerl\u00f6scher\"}]},{\"@type\":\"WebSite\",\"@id\":\"https:\\\/\\\/www.jockel.de\\\/#website\",\"url\":\"https:\\\/\\\/www.jockel.de\\\/\",\"name\":\"Feuerschutz JOCKEL\",\"description\":\"Feuerschutz\",\"publisher\":{\"@id\":\"https:\\\/\\\/www.jockel.de\\\/#organization\"},\"potentialAction\":[{\"@type\":\"SearchAction\",\"target\":{\"@type\":\"EntryPoint\",\"urlTemplate\":\"https:\\\/\\\/www.jockel.de\\\/?s={search_term_string}\"},\"query-input\":{\"@type\":\"PropertyValueSpecification\",\"valueRequired\":true,\"valueName\":\"search_term_string\"}}],\"inLanguage\":\"en-GB\"},{\"@type\":\"Organization\",\"@id\":\"https:\\\/\\\/www.jockel.de\\\/#organization\",\"name\":\"Feuerschutz JOCKEL GmbH & Co. KG\",\"url\":\"https:\\\/\\\/www.jockel.de\\\/\",\"logo\":{\"@type\":\"ImageObject\",\"inLanguage\":\"en-GB\",\"@id\":\"https:\\\/\\\/www.jockel.de\\\/#\\\/schema\\\/logo\\\/image\\\/\",\"url\":\"https:\\\/\\\/www.jockel.de\\\/wp-content\\\/uploads\\\/cropped-jockelfavicon-1.png\",\"contentUrl\":\"https:\\\/\\\/www.jockel.de\\\/wp-content\\\/uploads\\\/cropped-jockelfavicon-1.png\",\"width\":512,\"height\":512,\"caption\":\"Feuerschutz JOCKEL GmbH & Co. KG\"},\"image\":{\"@id\":\"https:\\\/\\\/www.jockel.de\\\/#\\\/schema\\\/logo\\\/image\\\/\"}}]}<\/script>\n<!-- \/ Yoast SEO Premium plugin. -->","yoast_head_json":{"title":"Jockel S9LJFM 43 GREEN 2.0 -25\u00b0 fire extinguisher - Jockel","robots":{"index":"index","follow":"follow","max-snippet":"max-snippet:-1","max-image-preview":"max-image-preview:large","max-video-preview":"max-video-preview:-1"},"canonical":"https:\/\/www.jockel.de\/en\/product-2\/jockel-s9ljfm-43-green-2-0-25-feuerloescher\/","og_locale":"en_GB","og_type":"article","og_title":"Jockel S9LJFM 43 GREEN 2.0 -25\u00b0 Feuerl\u00f6scher","og_description":"Die neuen JOCKEL GREEN 2.0 Schaumfeuerl\u00f6scher stellen einen bedeutenden Fortschritt in der umweltfreundlichen Brandbek\u00e4mpfung dar. Sie sind fluorfrei und kommen vollst\u00e4ndig ohne PFAS aus, was sie zu einer der umweltvertr\u00e4glichsten Optionen auf dem Markt macht.","og_url":"https:\/\/www.jockel.de\/en\/product-2\/jockel-s9ljfm-43-green-2-0-25-feuerloescher\/","og_site_name":"Jockel","article_modified_time":"2026-02-16T12:57:38+00:00","og_image":[{"width":2342,"height":2560,"url":"https:\/\/www.jockel.de\/wp-content\/uploads\/2026\/01\/9631100_S9LJFM43-GREEN-2_2-1-scaled.png","type":"image\/png"}],"twitter_card":"summary_large_image","twitter_misc":{"Estimated reading time":"1 minute"},"schema":{"@context":"https:\/\/schema.org","@graph":[{"@type":"WebPage","@id":"https:\/\/www.jockel.de\/produkt\/jockel-s9ljfm-43-green-2-0-25-feuerloescher\/","url":"https:\/\/www.jockel.de\/produkt\/jockel-s9ljfm-43-green-2-0-25-feuerloescher\/","name":"Jockel S9LJFM 43 GREEN 2.0 -25\u00b0 fire extinguisher - Jockel","isPartOf":{"@id":"https:\/\/www.jockel.de\/#website"},"primaryImageOfPage":{"@id":"https:\/\/www.jockel.de\/produkt\/jockel-s9ljfm-43-green-2-0-25-feuerloescher\/#primaryimage"},"image":{"@id":"https:\/\/www.jockel.de\/produkt\/jockel-s9ljfm-43-green-2-0-25-feuerloescher\/#primaryimage"},"thumbnailUrl":"https:\/\/www.jockel.de\/wp-content\/uploads\/2026\/01\/9631100_S9LJFM43-GREEN-2_2-1-scaled.png","datePublished":"2026-01-23T12:43:37+00:00","dateModified":"2026-02-16T12:57:38+00:00","breadcrumb":{"@id":"https:\/\/www.jockel.de\/produkt\/jockel-s9ljfm-43-green-2-0-25-feuerloescher\/#breadcrumb"},"inLanguage":"en-GB","potentialAction":[{"@type":"ReadAction","target":["https:\/\/www.jockel.de\/produkt\/jockel-s9ljfm-43-green-2-0-25-feuerloescher\/"]}]},{"@type":"ImageObject","inLanguage":"en-GB","@id":"https:\/\/www.jockel.de\/produkt\/jockel-s9ljfm-43-green-2-0-25-feuerloescher\/#primaryimage","url":"https:\/\/www.jockel.de\/wp-content\/uploads\/2026\/01\/9631100_S9LJFM43-GREEN-2_2-1-scaled.png","contentUrl":"https:\/\/www.jockel.de\/wp-content\/uploads\/2026\/01\/9631100_S9LJFM43-GREEN-2_2-1-scaled.png","width":2342,"height":2560},{"@type":"BreadcrumbList","@id":"https:\/\/www.jockel.de\/produkt\/jockel-s9ljfm-43-green-2-0-25-feuerloescher\/#breadcrumb","itemListElement":[{"@type":"ListItem","position":1,"name":"Home","item":"https:\/\/www.jockel.de\/"},{"@type":"ListItem","position":2,"name":"Produkt\u00fcbersicht","item":"https:\/\/www.jockel.de\/produktuebersicht\/"},{"@type":"ListItem","position":3,"name":"Jockel S9LJFM 43 GREEN 2.0 -25\u00b0 Feuerl\u00f6scher"}]},{"@type":"WebSite","@id":"https:\/\/www.jockel.de\/#website","url":"https:\/\/www.jockel.de\/","name":"Fire protection JOCKEL","description":"Fire protection","publisher":{"@id":"https:\/\/www.jockel.de\/#organization"},"potentialAction":[{"@type":"SearchAction","target":{"@type":"EntryPoint","urlTemplate":"https:\/\/www.jockel.de\/?s={search_term_string}"},"query-input":{"@type":"PropertyValueSpecification","valueRequired":true,"valueName":"search_term_string"}}],"inLanguage":"en-GB"},{"@type":"Organization","@id":"https:\/\/www.jockel.de\/#organization","name":"Fire protection JOCKEL GmbH &amp; Co. KG","url":"https:\/\/www.jockel.de\/","logo":{"@type":"ImageObject","inLanguage":"en-GB","@id":"https:\/\/www.jockel.de\/#\/schema\/logo\/image\/","url":"https:\/\/www.jockel.de\/wp-content\/uploads\/cropped-jockelfavicon-1.png","contentUrl":"https:\/\/www.jockel.de\/wp-content\/uploads\/cropped-jockelfavicon-1.png","width":512,"height":512,"caption":"Feuerschutz JOCKEL GmbH & Co. KG"},"image":{"@id":"https:\/\/www.jockel.de\/#\/schema\/logo\/image\/"}}]}},"_links":{"self":[{"href":"https:\/\/www.jockel.de\/en\/wp-json\/wp\/v2\/product\/120063","targetHints":{"allow":["GET"]}}],"collection":[{"href":"https:\/\/www.jockel.de\/en\/wp-json\/wp\/v2\/product"}],"about":[{"href":"https:\/\/www.jockel.de\/en\/wp-json\/wp\/v2\/types\/product"}],"replies":[{"embeddable":true,"href":"https:\/\/www.jockel.de\/en\/wp-json\/wp\/v2\/comments?post=120063"}],"wp:featuredmedia":[{"embeddable":true,"href":"https:\/\/www.jockel.de\/en\/wp-json\/wp\/v2\/media\/120132"}],"wp:attachment":[{"href":"https:\/\/www.jockel.de\/en\/wp-json\/wp\/v2\/media?parent=120063"}],"wp:term":[{"taxonomy":"product_brand","embeddable":true,"href":"https:\/\/www.jockel.de\/en\/wp-json\/wp\/v2\/product_brand?post=120063"},{"taxonomy":"product_cat","embeddable":true,"href":"https:\/\/www.jockel.de\/en\/wp-json\/wp\/v2\/product_cat?post=120063"},{"taxonomy":"product_tag","embeddable":true,"href":"https:\/\/www.jockel.de\/en\/wp-json\/wp\/v2\/product_tag?post=120063"}],"curies":[{"name":"wp","href":"https:\/\/api.w.org\/{rel}","templated":true}]}}