{"id":118596,"date":"2024-05-29T11:49:41","date_gmt":"2024-05-29T09:49:41","guid":{"rendered":"https:\/\/www.jockel.de\/?post_type=product&#038;p=118596"},"modified":"2025-01-13T14:08:31","modified_gmt":"2025-01-13T13:08:31","slug":"jockel-g50j-externa-feuerloescher","status":"publish","type":"product","link":"https:\/\/www.jockel.de\/en\/product-2\/jockel-g50j-externa-feuerloescher\/","title":{"rendered":"Jockel G50J Externa fire extinguisher"},"content":{"rendered":"","protected":false},"excerpt":{"rendered":"<p>Sometimes it has to be more, especially when large quantities of extinguishing agent are needed because of the high fire risk. The voluminous mobile extinguishers are available with all common extinguishing agents from powder to foam and CO2 to gel, in order to meet the requirements of the different areas of application.<\/p>","protected":false},"featured_media":119566,"comment_status":"closed","ping_status":"closed","template":"","meta":[],"product_brand":[],"product_cat":[2129],"product_tag":[],"class_list":{"0":"post-118596","1":"product","2":"type-product","3":"status-publish","4":"has-post-thumbnail","6":"product_cat-fahrbare-feuerloescher","8":"first","9":"instock","10":"taxable","11":"shipping-taxable","12":"purchasable","13":"product-type-variable"},"yoast_head":"<!-- This site is optimized with the Yoast SEO Premium plugin v27.0 (Yoast SEO v27.4) - https:\/\/yoast.com\/product\/yoast-seo-premium-wordpress\/ -->\n<title>Jockel G50J Externa Feuerl\u00f6scher &#8226; Jockel<\/title>\n<meta name=\"robots\" content=\"index, follow, max-snippet:-1, max-image-preview:large, max-video-preview:-1\" \/>\n<link rel=\"canonical\" href=\"https:\/\/www.jockel.de\/en\/product-2\/jockel-g50j-externa-feuerloescher\/\" \/>\n<meta property=\"og:locale\" content=\"en_GB\" \/>\n<meta property=\"og:type\" content=\"article\" \/>\n<meta property=\"og:title\" content=\"Jockel G50J Externa Feuerl\u00f6scher\" \/>\n<meta property=\"og:description\" content=\"Manchmal muss es eben mehr sein, besonders dann, wenn aufgrund hoher Brandgef\u00e4hrdung gro\u00dfe L\u00f6schmittelmengen ben\u00f6tigt werden. Die volumin\u00f6sen fahrbaren L\u00f6scher sind erh\u00e4ltlich mit allen g\u00e4ngigen L\u00f6schmitteln von Pulver \u00fcber Schaum und CO2 bis Gel, um den verschiedenen Einsatzgebieten gerecht zu werden.\" \/>\n<meta property=\"og:url\" content=\"https:\/\/www.jockel.de\/en\/product-2\/jockel-g50j-externa-feuerloescher\/\" \/>\n<meta property=\"og:site_name\" content=\"Jockel\" \/>\n<meta property=\"article:modified_time\" content=\"2025-01-13T13:08:31+00:00\" \/>\n<meta property=\"og:image\" content=\"https:\/\/www.jockel.de\/wp-content\/uploads\/2024\/05\/3000600_G_50_J_Externa_5M-937x1024.png\" \/>\n\t<meta property=\"og:image:width\" content=\"937\" \/>\n\t<meta property=\"og:image:height\" content=\"1024\" \/>\n\t<meta property=\"og:image:type\" content=\"image\/png\" \/>\n<meta name=\"twitter:card\" content=\"summary_large_image\" \/>\n<script type=\"application\/ld+json\" class=\"yoast-schema-graph\">{\"@context\":\"https:\\\/\\\/schema.org\",\"@graph\":[{\"@type\":\"WebPage\",\"@id\":\"https:\\\/\\\/www.jockel.de\\\/produkt\\\/jockel-g50j-externa-feuerloescher\\\/\",\"url\":\"https:\\\/\\\/www.jockel.de\\\/produkt\\\/jockel-g50j-externa-feuerloescher\\\/\",\"name\":\"Jockel G50J Externa Feuerl\u00f6scher &#8226; Jockel\",\"isPartOf\":{\"@id\":\"https:\\\/\\\/www.jockel.de\\\/#website\"},\"primaryImageOfPage\":{\"@id\":\"https:\\\/\\\/www.jockel.de\\\/produkt\\\/jockel-g50j-externa-feuerloescher\\\/#primaryimage\"},\"image\":{\"@id\":\"https:\\\/\\\/www.jockel.de\\\/produkt\\\/jockel-g50j-externa-feuerloescher\\\/#primaryimage\"},\"thumbnailUrl\":\"https:\\\/\\\/www.jockel.de\\\/wp-content\\\/uploads\\\/2024\\\/05\\\/3000600_G_50_J_Externa_5M.png\",\"datePublished\":\"2024-05-29T09:49:41+00:00\",\"dateModified\":\"2025-01-13T13:08:31+00:00\",\"breadcrumb\":{\"@id\":\"https:\\\/\\\/www.jockel.de\\\/produkt\\\/jockel-g50j-externa-feuerloescher\\\/#breadcrumb\"},\"inLanguage\":\"en-GB\",\"potentialAction\":[{\"@type\":\"ReadAction\",\"target\":[\"https:\\\/\\\/www.jockel.de\\\/produkt\\\/jockel-g50j-externa-feuerloescher\\\/\"]}]},{\"@type\":\"ImageObject\",\"inLanguage\":\"en-GB\",\"@id\":\"https:\\\/\\\/www.jockel.de\\\/produkt\\\/jockel-g50j-externa-feuerloescher\\\/#primaryimage\",\"url\":\"https:\\\/\\\/www.jockel.de\\\/wp-content\\\/uploads\\\/2024\\\/05\\\/3000600_G_50_J_Externa_5M.png\",\"contentUrl\":\"https:\\\/\\\/www.jockel.de\\\/wp-content\\\/uploads\\\/2024\\\/05\\\/3000600_G_50_J_Externa_5M.png\",\"width\":4300,\"height\":4700},{\"@type\":\"BreadcrumbList\",\"@id\":\"https:\\\/\\\/www.jockel.de\\\/produkt\\\/jockel-g50j-externa-feuerloescher\\\/#breadcrumb\",\"itemListElement\":[{\"@type\":\"ListItem\",\"position\":1,\"name\":\"Home\",\"item\":\"https:\\\/\\\/www.jockel.de\\\/\"},{\"@type\":\"ListItem\",\"position\":2,\"name\":\"Produkt\u00fcbersicht\",\"item\":\"https:\\\/\\\/www.jockel.de\\\/produktuebersicht\\\/\"},{\"@type\":\"ListItem\",\"position\":3,\"name\":\"Jockel G50J Externa Feuerl\u00f6scher\"}]},{\"@type\":\"WebSite\",\"@id\":\"https:\\\/\\\/www.jockel.de\\\/#website\",\"url\":\"https:\\\/\\\/www.jockel.de\\\/\",\"name\":\"Feuerschutz JOCKEL\",\"description\":\"Feuerschutz\",\"publisher\":{\"@id\":\"https:\\\/\\\/www.jockel.de\\\/#organization\"},\"potentialAction\":[{\"@type\":\"SearchAction\",\"target\":{\"@type\":\"EntryPoint\",\"urlTemplate\":\"https:\\\/\\\/www.jockel.de\\\/?s={search_term_string}\"},\"query-input\":{\"@type\":\"PropertyValueSpecification\",\"valueRequired\":true,\"valueName\":\"search_term_string\"}}],\"inLanguage\":\"en-GB\"},{\"@type\":\"Organization\",\"@id\":\"https:\\\/\\\/www.jockel.de\\\/#organization\",\"name\":\"Feuerschutz JOCKEL GmbH & Co. KG\",\"url\":\"https:\\\/\\\/www.jockel.de\\\/\",\"logo\":{\"@type\":\"ImageObject\",\"inLanguage\":\"en-GB\",\"@id\":\"https:\\\/\\\/www.jockel.de\\\/#\\\/schema\\\/logo\\\/image\\\/\",\"url\":\"https:\\\/\\\/www.jockel.de\\\/wp-content\\\/uploads\\\/cropped-jockelfavicon-1.png\",\"contentUrl\":\"https:\\\/\\\/www.jockel.de\\\/wp-content\\\/uploads\\\/cropped-jockelfavicon-1.png\",\"width\":512,\"height\":512,\"caption\":\"Feuerschutz JOCKEL GmbH & Co. KG\"},\"image\":{\"@id\":\"https:\\\/\\\/www.jockel.de\\\/#\\\/schema\\\/logo\\\/image\\\/\"}}]}<\/script>\n<!-- \/ Yoast SEO Premium plugin. -->","yoast_head_json":{"title":"Jockel G50J Externa fire extinguisher - Jockel","robots":{"index":"index","follow":"follow","max-snippet":"max-snippet:-1","max-image-preview":"max-image-preview:large","max-video-preview":"max-video-preview:-1"},"canonical":"https:\/\/www.jockel.de\/en\/product-2\/jockel-g50j-externa-feuerloescher\/","og_locale":"en_GB","og_type":"article","og_title":"Jockel G50J Externa Feuerl\u00f6scher","og_description":"Manchmal muss es eben mehr sein, besonders dann, wenn aufgrund hoher Brandgef\u00e4hrdung gro\u00dfe L\u00f6schmittelmengen ben\u00f6tigt werden. Die volumin\u00f6sen fahrbaren L\u00f6scher sind erh\u00e4ltlich mit allen g\u00e4ngigen L\u00f6schmitteln von Pulver \u00fcber Schaum und CO2 bis Gel, um den verschiedenen Einsatzgebieten gerecht zu werden.","og_url":"https:\/\/www.jockel.de\/en\/product-2\/jockel-g50j-externa-feuerloescher\/","og_site_name":"Jockel","article_modified_time":"2025-01-13T13:08:31+00:00","og_image":[{"width":937,"height":1024,"url":"https:\/\/www.jockel.de\/wp-content\/uploads\/2024\/05\/3000600_G_50_J_Externa_5M-937x1024.png","type":"image\/png"}],"twitter_card":"summary_large_image","schema":{"@context":"https:\/\/schema.org","@graph":[{"@type":"WebPage","@id":"https:\/\/www.jockel.de\/produkt\/jockel-g50j-externa-feuerloescher\/","url":"https:\/\/www.jockel.de\/produkt\/jockel-g50j-externa-feuerloescher\/","name":"Jockel G50J Externa fire extinguisher - Jockel","isPartOf":{"@id":"https:\/\/www.jockel.de\/#website"},"primaryImageOfPage":{"@id":"https:\/\/www.jockel.de\/produkt\/jockel-g50j-externa-feuerloescher\/#primaryimage"},"image":{"@id":"https:\/\/www.jockel.de\/produkt\/jockel-g50j-externa-feuerloescher\/#primaryimage"},"thumbnailUrl":"https:\/\/www.jockel.de\/wp-content\/uploads\/2024\/05\/3000600_G_50_J_Externa_5M.png","datePublished":"2024-05-29T09:49:41+00:00","dateModified":"2025-01-13T13:08:31+00:00","breadcrumb":{"@id":"https:\/\/www.jockel.de\/produkt\/jockel-g50j-externa-feuerloescher\/#breadcrumb"},"inLanguage":"en-GB","potentialAction":[{"@type":"ReadAction","target":["https:\/\/www.jockel.de\/produkt\/jockel-g50j-externa-feuerloescher\/"]}]},{"@type":"ImageObject","inLanguage":"en-GB","@id":"https:\/\/www.jockel.de\/produkt\/jockel-g50j-externa-feuerloescher\/#primaryimage","url":"https:\/\/www.jockel.de\/wp-content\/uploads\/2024\/05\/3000600_G_50_J_Externa_5M.png","contentUrl":"https:\/\/www.jockel.de\/wp-content\/uploads\/2024\/05\/3000600_G_50_J_Externa_5M.png","width":4300,"height":4700},{"@type":"BreadcrumbList","@id":"https:\/\/www.jockel.de\/produkt\/jockel-g50j-externa-feuerloescher\/#breadcrumb","itemListElement":[{"@type":"ListItem","position":1,"name":"Home","item":"https:\/\/www.jockel.de\/"},{"@type":"ListItem","position":2,"name":"Produkt\u00fcbersicht","item":"https:\/\/www.jockel.de\/produktuebersicht\/"},{"@type":"ListItem","position":3,"name":"Jockel G50J Externa Feuerl\u00f6scher"}]},{"@type":"WebSite","@id":"https:\/\/www.jockel.de\/#website","url":"https:\/\/www.jockel.de\/","name":"Fire protection JOCKEL","description":"Fire protection","publisher":{"@id":"https:\/\/www.jockel.de\/#organization"},"potentialAction":[{"@type":"SearchAction","target":{"@type":"EntryPoint","urlTemplate":"https:\/\/www.jockel.de\/?s={search_term_string}"},"query-input":{"@type":"PropertyValueSpecification","valueRequired":true,"valueName":"search_term_string"}}],"inLanguage":"en-GB"},{"@type":"Organization","@id":"https:\/\/www.jockel.de\/#organization","name":"Fire protection JOCKEL GmbH &amp; Co. KG","url":"https:\/\/www.jockel.de\/","logo":{"@type":"ImageObject","inLanguage":"en-GB","@id":"https:\/\/www.jockel.de\/#\/schema\/logo\/image\/","url":"https:\/\/www.jockel.de\/wp-content\/uploads\/cropped-jockelfavicon-1.png","contentUrl":"https:\/\/www.jockel.de\/wp-content\/uploads\/cropped-jockelfavicon-1.png","width":512,"height":512,"caption":"Feuerschutz JOCKEL GmbH & Co. KG"},"image":{"@id":"https:\/\/www.jockel.de\/#\/schema\/logo\/image\/"}}]}},"_links":{"self":[{"href":"https:\/\/www.jockel.de\/en\/wp-json\/wp\/v2\/product\/118596","targetHints":{"allow":["GET"]}}],"collection":[{"href":"https:\/\/www.jockel.de\/en\/wp-json\/wp\/v2\/product"}],"about":[{"href":"https:\/\/www.jockel.de\/en\/wp-json\/wp\/v2\/types\/product"}],"replies":[{"embeddable":true,"href":"https:\/\/www.jockel.de\/en\/wp-json\/wp\/v2\/comments?post=118596"}],"wp:featuredmedia":[{"embeddable":true,"href":"https:\/\/www.jockel.de\/en\/wp-json\/wp\/v2\/media\/119566"}],"wp:attachment":[{"href":"https:\/\/www.jockel.de\/en\/wp-json\/wp\/v2\/media?parent=118596"}],"wp:term":[{"taxonomy":"product_brand","embeddable":true,"href":"https:\/\/www.jockel.de\/en\/wp-json\/wp\/v2\/product_brand?post=118596"},{"taxonomy":"product_cat","embeddable":true,"href":"https:\/\/www.jockel.de\/en\/wp-json\/wp\/v2\/product_cat?post=118596"},{"taxonomy":"product_tag","embeddable":true,"href":"https:\/\/www.jockel.de\/en\/wp-json\/wp\/v2\/product_tag?post=118596"}],"curies":[{"name":"wp","href":"https:\/\/api.w.org\/{rel}","templated":true}]}}