{"id":9427,"date":"2021-02-10T15:02:44","date_gmt":"2021-02-10T14:02:44","guid":{"rendered":"https:\/\/www.jockel.de\/?page_id=9427"},"modified":"2021-10-17T22:08:21","modified_gmt":"2021-10-17T20:08:21","slug":"feuerloescherzubehoer","status":"publish","type":"page","link":"https:\/\/www.jockel.de\/en\/produkte\/feuerloescherzubehoer\/","title":{"rendered":"Fire extinguishers accessories"},"content":{"rendered":"\t\t<div data-elementor-type=\"wp-page\" data-elementor-id=\"9427\" class=\"elementor elementor-9427\" data-elementor-post-type=\"page\">\n\t\t\t\t\t\t<section class=\"elementor-section elementor-top-section elementor-element elementor-element-681a3657 elementor-section-boxed elementor-section-height-default elementor-section-height-default\" data-id=\"681a3657\" data-element_type=\"section\">\n\t\t\t\t\t\t<div class=\"elementor-container elementor-column-gap-default\">\n\t\t\t\t\t<div class=\"elementor-column elementor-col-100 elementor-top-column elementor-element elementor-element-3ff08743\" data-id=\"3ff08743\" data-element_type=\"column\">\n\t\t\t<div class=\"elementor-widget-wrap elementor-element-populated\">\n\t\t\t\t\t\t<div class=\"elementor-element elementor-element-68521585 elementor-widget elementor-widget-heading\" data-id=\"68521585\" data-element_type=\"widget\" data-widget_type=\"heading.default\">\n\t\t\t\t<div class=\"elementor-widget-container\">\n\t\t\t\t\t<h1 class=\"elementor-heading-title elementor-size-default\">Feuerl\u00f6scherzubeh\u00f6r<\/h1>\t\t\t\t<\/div>\n\t\t\t\t<\/div>\n\t\t\t\t<div class=\"elementor-element elementor-element-796cc5bc elementor-widget elementor-widget-heading\" data-id=\"796cc5bc\" data-element_type=\"widget\" data-widget_type=\"heading.default\">\n\t\t\t\t<div class=\"elementor-widget-container\">\n\t\t\t\t\t<h1 class=\"elementor-heading-title elementor-size-default\">Sicher verstaut!<\/h1>\t\t\t\t<\/div>\n\t\t\t\t<\/div>\n\t\t\t\t\t<\/div>\n\t\t<\/div>\n\t\t\t\t\t<\/div>\n\t\t<\/section>\n\t\t\t\t<section class=\"elementor-section elementor-top-section elementor-element elementor-element-7417bd66 elementor-section-boxed elementor-section-height-default elementor-section-height-default\" data-id=\"7417bd66\" data-element_type=\"section\">\n\t\t\t\t\t\t<div class=\"elementor-container elementor-column-gap-default\">\n\t\t\t\t\t<div class=\"elementor-column elementor-col-50 elementor-top-column elementor-element elementor-element-1d3d0d52\" data-id=\"1d3d0d52\" data-element_type=\"column\" data-settings=\"{&quot;background_background&quot;:&quot;classic&quot;}\">\n\t\t\t<div class=\"elementor-widget-wrap elementor-element-populated\">\n\t\t\t\t\t\t<section class=\"elementor-section elementor-inner-section elementor-element elementor-element-4082694 elementor-section-boxed elementor-section-height-default elementor-section-height-default\" data-id=\"4082694\" data-element_type=\"section\" data-settings=\"{&quot;background_background&quot;:&quot;classic&quot;}\">\n\t\t\t\t\t\t<div class=\"elementor-container elementor-column-gap-default\">\n\t\t\t\t\t<div class=\"elementor-column elementor-col-100 elementor-inner-column elementor-element elementor-element-26e28b3\" data-id=\"26e28b3\" data-element_type=\"column\">\n\t\t\t<div class=\"elementor-widget-wrap elementor-element-populated\">\n\t\t\t\t\t\t<div class=\"elementor-element elementor-element-6dd0cc96 elementor-widget elementor-widget-heading\" data-id=\"6dd0cc96\" data-element_type=\"widget\" data-widget_type=\"heading.default\">\n\t\t\t\t<div class=\"elementor-widget-container\">\n\t\t\t\t\t<h2 class=\"elementor-heading-title elementor-size-default\">Das m\u00fcssen Sie beachten<\/h2>\t\t\t\t<\/div>\n\t\t\t\t<\/div>\n\t\t\t\t<div class=\"elementor-element elementor-element-76012ed6 elementor-widget elementor-widget-table-of-contents\" data-id=\"76012ed6\" data-element_type=\"widget\" data-settings=\"{&quot;headings_by_tags&quot;:[&quot;h2&quot;,&quot;h3&quot;],&quot;exclude_headings_by_selector&quot;:[],&quot;container&quot;:&quot;#cont&quot;,&quot;marker_view&quot;:&quot;numbers&quot;,&quot;no_headings_message&quot;:&quot;No headings were found on this page.&quot;,&quot;min_height&quot;:{&quot;unit&quot;:&quot;px&quot;,&quot;size&quot;:&quot;&quot;,&quot;sizes&quot;:[]},&quot;min_height_tablet&quot;:{&quot;unit&quot;:&quot;px&quot;,&quot;size&quot;:&quot;&quot;,&quot;sizes&quot;:[]},&quot;min_height_mobile&quot;:{&quot;unit&quot;:&quot;px&quot;,&quot;size&quot;:&quot;&quot;,&quot;sizes&quot;:[]}}\" data-widget_type=\"table-of-contents.default\">\n\t\t\t\t<div class=\"elementor-widget-container\">\n\t\t\t\t\t\t\t<div class=\"elementor-toc__header\">\n\t\t\t<h4 class=\"elementor-toc__header-title\">\n\t\t\t\t\t\t\t<\/h4>\n\t\t\t\t\t<\/div>\n\t\t<div id=\"elementor-toc__76012ed6\" class=\"elementor-toc__body\">\n\t\t\t<div class=\"elementor-toc__spinner-container\">\n\t\t\t\t<i class=\"elementor-toc__spinner eicon-animation-spin eicon-loading\" aria-hidden=\"true\"><\/i>\t\t\t<\/div>\n\t\t<\/div>\n\t\t\t\t\t\t<\/div>\n\t\t\t\t<\/div>\n\t\t\t\t\t<\/div>\n\t\t<\/div>\n\t\t\t\t\t<\/div>\n\t\t<\/section>\n\t\t\t\t\t<\/div>\n\t\t<\/div>\n\t\t\t\t<div class=\"elementor-column elementor-col-50 elementor-top-column elementor-element elementor-element-5c91284a\" data-id=\"5c91284a\" data-element_type=\"column\" id=\"cont\">\n\t\t\t<div class=\"elementor-widget-wrap elementor-element-populated\">\n\t\t\t\t\t\t<div class=\"elementor-element elementor-element-55b6459f elementor-widget elementor-widget-text-editor\" data-id=\"55b6459f\" data-element_type=\"widget\" data-widget_type=\"text-editor.default\">\n\t\t\t\t<div class=\"elementor-widget-container\">\n\t\t\t\t\t\t\t\t\t<p>In unserem Programm finden Sie alles f\u00fcr die richtige Unterbringung von Feuerl\u00f6schern.<\/p><h2>Alles f\u00fcr den sicheren Halt auf Fahrzeugen und Schiffen<\/h2><p>Halt ist nicht gleich Halt. Den Anforderungen in Fahrzeugen oder auf Schiffen ist anders zu begegnen als z. B. in Geb\u00e4uden. Unsere Halter sind speziell f\u00fcr die jeweiligen Anwendungsgebiete und die besonderen Anforderungen entwickelt worden. Viele unserer Fahrzeughalter kommen z.B. seit Jahren in der Automobilindustrie mit ihren hohen Anforderungen zum Einsatz.<\/p><h2>Schutz gegen Staub und Schmutz<\/h2><p>Hauben, Boxen, K\u00e4sten und Schr\u00e4nke als Aufputz oder Unterputz befinden sich ebenfalls in unserem Sortiment. Hierbei halten wir L\u00f6sungen f\u00fcr den Innenbereich wie auch wetterfeste Schr\u00e4nke f\u00fcr den Au\u00dfenbereich vor. Auch Designl\u00f6sungen finden sich in unserem Programm.<\/p>\t\t\t\t\t\t\t\t<\/div>\n\t\t\t\t<\/div>\n\t\t\t\t\t<\/div>\n\t\t<\/div>\n\t\t\t\t\t<\/div>\n\t\t<\/section>\n\t\t\t\t<section class=\"elementor-section elementor-top-section elementor-element elementor-element-543f8d7d elementor-section-height-min-height elementor-section-items-stretch elementor-section-boxed elementor-section-height-default\" data-id=\"543f8d7d\" data-element_type=\"section\" data-settings=\"{&quot;background_background&quot;:&quot;classic&quot;}\">\n\t\t\t\t\t\t\t<div class=\"elementor-background-overlay\"><\/div>\n\t\t\t\t\t\t\t<div class=\"elementor-container elementor-column-gap-default\">\n\t\t\t\t\t<div class=\"elementor-column elementor-col-100 elementor-top-column elementor-element elementor-element-5ff8fc21\" data-id=\"5ff8fc21\" data-element_type=\"column\" data-settings=\"{&quot;background_background&quot;:&quot;classic&quot;}\">\n\t\t\t<div class=\"elementor-widget-wrap elementor-element-populated\">\n\t\t\t\t\t<div class=\"elementor-background-overlay\"><\/div>\n\t\t\t\t\t\t<section class=\"elementor-section elementor-inner-section elementor-element elementor-element-23b849d elementor-section-full_width elementor-section-height-default elementor-section-height-default\" data-id=\"23b849d\" data-element_type=\"section\">\n\t\t\t\t\t\t<div class=\"elementor-container elementor-column-gap-default\">\n\t\t\t\t\t<div class=\"elementor-column elementor-col-50 elementor-inner-column elementor-element elementor-element-6f904e88\" data-id=\"6f904e88\" data-element_type=\"column\">\n\t\t\t<div class=\"elementor-widget-wrap elementor-element-populated\">\n\t\t\t\t\t\t<div class=\"elementor-element elementor-element-317bf983 elementor-mobile-align-center elementor-widget elementor-widget-button\" data-id=\"317bf983\" data-element_type=\"widget\" data-widget_type=\"button.default\">\n\t\t\t\t<div class=\"elementor-widget-container\">\n\t\t\t\t\t\t\t\t\t<div class=\"elementor-button-wrapper\">\n\t\t\t\t\t<a class=\"elementor-button elementor-button-link elementor-size-sm\" href=\"https:\/\/www.jockel.de\/downloads\/Feuerloescher-Zubehoer_0309201.pdf\" target=\"_blank\">\n\t\t\t\t\t\t<span class=\"elementor-button-content-wrapper\">\n\t\t\t\t\t\t\t\t\t<span class=\"elementor-button-text\">jetzt ansehen<\/span>\n\t\t\t\t\t<\/span>\n\t\t\t\t\t<\/a>\n\t\t\t\t<\/div>\n\t\t\t\t\t\t\t\t<\/div>\n\t\t\t\t<\/div>\n\t\t\t\t\t<\/div>\n\t\t<\/div>\n\t\t\t\t<div class=\"elementor-column elementor-col-50 elementor-inner-column elementor-element elementor-element-50c1310b\" data-id=\"50c1310b\" data-element_type=\"column\">\n\t\t\t<div class=\"elementor-widget-wrap elementor-element-populated\">\n\t\t\t\t\t\t<div class=\"elementor-element elementor-element-3aae01b6 elementor-widget elementor-widget-image\" data-id=\"3aae01b6\" data-element_type=\"widget\" data-widget_type=\"image.default\">\n\t\t\t\t<div class=\"elementor-widget-container\">\n\t\t\t\t\t\t\t\t\t\t\t\t\t\t\t\t<a href=\"https:\/\/www.jockel.de\/downloads\/Feuerloescher-Zubehoer_0309201.pdf\" target=\"_blank\">\n\t\t\t\t\t\t\t<img fetchpriority=\"high\" decoding=\"async\" width=\"1086\" height=\"1536\" src=\"https:\/\/www.jockel.de\/wp-content\/uploads\/Cover-Feuerloescherzubehoer-1086x1536.jpg\" class=\"elementor-animation-shrink attachment-1536x1536 size-1536x1536 wp-image-13451\" alt=\"\" srcset=\"https:\/\/www.jockel.de\/wp-content\/uploads\/Cover-Feuerloescherzubehoer-1086x1536.jpg 1086w, https:\/\/www.jockel.de\/wp-content\/uploads\/Cover-Feuerloescherzubehoer-212x300.jpg 212w, https:\/\/www.jockel.de\/wp-content\/uploads\/Cover-Feuerloescherzubehoer-724x1024.jpg 724w, https:\/\/www.jockel.de\/wp-content\/uploads\/Cover-Feuerloescherzubehoer-768x1086.jpg 768w, https:\/\/www.jockel.de\/wp-content\/uploads\/Cover-Feuerloescherzubehoer-1448x2048.jpg 1448w, https:\/\/www.jockel.de\/wp-content\/uploads\/Cover-Feuerloescherzubehoer-600x849.jpg 600w, https:\/\/www.jockel.de\/wp-content\/uploads\/Cover-Feuerloescherzubehoer-scaled.jpg 1810w\" sizes=\"(max-width: 1086px) 100vw, 1086px\" \/>\t\t\t\t\t\t\t\t<\/a>\n\t\t\t\t\t\t\t\t\t\t\t\t\t\t\t<\/div>\n\t\t\t\t<\/div>\n\t\t\t\t\t<\/div>\n\t\t<\/div>\n\t\t\t\t\t<\/div>\n\t\t<\/section>\n\t\t\t\t\t<\/div>\n\t\t<\/div>\n\t\t\t\t\t<\/div>\n\t\t<\/section>\n\t\t\t\t<\/div>\n\t\t","protected":false},"excerpt":{"rendered":"<p>Start Sicher verstaut! Das m\u00fcssen Sie beachten In unserem Programm finden Sie alles f\u00fcr die richtige Unterbringung von Feuerl\u00f6schern. Alles f\u00fcr den sicheren Halt auf Fahrzeugen und Schiffen Halt ist nicht gleich Halt. Den Anforderungen in Fahrzeugen oder auf Schiffen ist anders zu begegnen als z. B. in Geb\u00e4uden. Unsere Halter sind speziell f\u00fcr die [&hellip;]<\/p>\n","protected":false},"author":10,"featured_media":0,"parent":9300,"menu_order":0,"comment_status":"closed","ping_status":"closed","template":"elementor_header_footer","meta":{"footnotes":""},"class_list":["post-9427","page","type-page","status-publish","hentry"],"yoast_head":"<!-- This site is optimized with the Yoast SEO Premium plugin v27.0 (Yoast SEO v27.4) - https:\/\/yoast.com\/product\/yoast-seo-premium-wordpress\/ -->\n<title>Feuerl\u00f6scherzubeh\u00f6r \u25b7 Brandschutztechnik by JOCKEL Feuerschutz<\/title>\n<meta name=\"description\" content=\"Ein mit Sicherheit weitreichendes Angebot \u23e9 Feuerl\u00f6scherzubeh\u00f6r \u2713 Leistungsstarke Brandschutztechnik der MARKE: JOCKEL Feuerschutz [\u2026]\" \/>\n<meta name=\"robots\" content=\"index, follow, max-snippet:-1, max-image-preview:large, max-video-preview:-1\" \/>\n<link rel=\"canonical\" href=\"https:\/\/www.jockel.de\/en\/produkte\/feuerloescherzubehoer\/\" \/>\n<meta property=\"og:locale\" content=\"en_GB\" \/>\n<meta property=\"og:type\" content=\"article\" \/>\n<meta property=\"og:title\" content=\"Feuerl\u00f6scherzubeh\u00f6r\" \/>\n<meta property=\"og:description\" content=\"Ein mit Sicherheit weitreichendes Angebot \u23e9 Feuerl\u00f6scherzubeh\u00f6r \u2713 Leistungsstarke Brandschutztechnik der MARKE: JOCKEL Feuerschutz [\u2026]\" \/>\n<meta property=\"og:url\" content=\"https:\/\/www.jockel.de\/en\/produkte\/feuerloescherzubehoer\/\" \/>\n<meta property=\"og:site_name\" content=\"Jockel\" \/>\n<meta property=\"article:modified_time\" content=\"2021-10-17T20:08:21+00:00\" \/>\n<meta property=\"og:image\" content=\"https:\/\/www.jockel.de\/wp-content\/uploads\/Cover-Feuerloescherzubehoer-1086x1536.jpg\" \/>\n<meta name=\"twitter:card\" content=\"summary_large_image\" \/>\n<meta name=\"twitter:label1\" content=\"Estimated reading time\" \/>\n\t<meta name=\"twitter:data1\" content=\"1 minute\" \/>\n<script type=\"application\/ld+json\" class=\"yoast-schema-graph\">{\"@context\":\"https:\\\/\\\/schema.org\",\"@graph\":[{\"@type\":\"WebPage\",\"@id\":\"https:\\\/\\\/www.jockel.de\\\/produkte\\\/feuerloescherzubehoer\\\/\",\"url\":\"https:\\\/\\\/www.jockel.de\\\/produkte\\\/feuerloescherzubehoer\\\/\",\"name\":\"Feuerl\u00f6scherzubeh\u00f6r \u25b7 Brandschutztechnik by JOCKEL Feuerschutz\",\"isPartOf\":{\"@id\":\"https:\\\/\\\/www.jockel.de\\\/#website\"},\"primaryImageOfPage\":{\"@id\":\"https:\\\/\\\/www.jockel.de\\\/produkte\\\/feuerloescherzubehoer\\\/#primaryimage\"},\"image\":{\"@id\":\"https:\\\/\\\/www.jockel.de\\\/produkte\\\/feuerloescherzubehoer\\\/#primaryimage\"},\"thumbnailUrl\":\"https:\\\/\\\/www.jockel.de\\\/wp-content\\\/uploads\\\/Cover-Feuerloescherzubehoer-1086x1536.jpg\",\"datePublished\":\"2021-02-10T14:02:44+00:00\",\"dateModified\":\"2021-10-17T20:08:21+00:00\",\"description\":\"Ein mit Sicherheit weitreichendes Angebot \u23e9 Feuerl\u00f6scherzubeh\u00f6r \u2713 Leistungsstarke Brandschutztechnik der MARKE: JOCKEL Feuerschutz [\u2026]\",\"breadcrumb\":{\"@id\":\"https:\\\/\\\/www.jockel.de\\\/produkte\\\/feuerloescherzubehoer\\\/#breadcrumb\"},\"inLanguage\":\"en-GB\",\"potentialAction\":[{\"@type\":\"ReadAction\",\"target\":[\"https:\\\/\\\/www.jockel.de\\\/produkte\\\/feuerloescherzubehoer\\\/\"]}]},{\"@type\":\"ImageObject\",\"inLanguage\":\"en-GB\",\"@id\":\"https:\\\/\\\/www.jockel.de\\\/produkte\\\/feuerloescherzubehoer\\\/#primaryimage\",\"url\":\"https:\\\/\\\/www.jockel.de\\\/wp-content\\\/uploads\\\/Cover-Feuerloescherzubehoer-1086x1536.jpg\",\"contentUrl\":\"https:\\\/\\\/www.jockel.de\\\/wp-content\\\/uploads\\\/Cover-Feuerloescherzubehoer-1086x1536.jpg\"},{\"@type\":\"BreadcrumbList\",\"@id\":\"https:\\\/\\\/www.jockel.de\\\/produkte\\\/feuerloescherzubehoer\\\/#breadcrumb\",\"itemListElement\":[{\"@type\":\"ListItem\",\"position\":1,\"name\":\"Home\",\"item\":\"https:\\\/\\\/www.jockel.de\\\/\"},{\"@type\":\"ListItem\",\"position\":2,\"name\":\"Produkte\",\"item\":\"https:\\\/\\\/www.jockel.de\\\/produkte\\\/\"},{\"@type\":\"ListItem\",\"position\":3,\"name\":\"Feuerl\u00f6scherzubeh\u00f6r\"}]},{\"@type\":\"WebSite\",\"@id\":\"https:\\\/\\\/www.jockel.de\\\/#website\",\"url\":\"https:\\\/\\\/www.jockel.de\\\/\",\"name\":\"Feuerschutz JOCKEL\",\"description\":\"Feuerschutz\",\"publisher\":{\"@id\":\"https:\\\/\\\/www.jockel.de\\\/#organization\"},\"potentialAction\":[{\"@type\":\"SearchAction\",\"target\":{\"@type\":\"EntryPoint\",\"urlTemplate\":\"https:\\\/\\\/www.jockel.de\\\/?s={search_term_string}\"},\"query-input\":{\"@type\":\"PropertyValueSpecification\",\"valueRequired\":true,\"valueName\":\"search_term_string\"}}],\"inLanguage\":\"en-GB\"},{\"@type\":\"Organization\",\"@id\":\"https:\\\/\\\/www.jockel.de\\\/#organization\",\"name\":\"Feuerschutz JOCKEL GmbH & Co. KG\",\"url\":\"https:\\\/\\\/www.jockel.de\\\/\",\"logo\":{\"@type\":\"ImageObject\",\"inLanguage\":\"en-GB\",\"@id\":\"https:\\\/\\\/www.jockel.de\\\/#\\\/schema\\\/logo\\\/image\\\/\",\"url\":\"https:\\\/\\\/www.jockel.de\\\/wp-content\\\/uploads\\\/cropped-jockelfavicon-1.png\",\"contentUrl\":\"https:\\\/\\\/www.jockel.de\\\/wp-content\\\/uploads\\\/cropped-jockelfavicon-1.png\",\"width\":512,\"height\":512,\"caption\":\"Feuerschutz JOCKEL GmbH & Co. KG\"},\"image\":{\"@id\":\"https:\\\/\\\/www.jockel.de\\\/#\\\/schema\\\/logo\\\/image\\\/\"}}]}<\/script>\n<!-- \/ Yoast SEO Premium plugin. -->","yoast_head_json":{"title":"Fire extinguisher accessories \u25b7 Fire protection technology by JOCKEL Feuerschutz","description":"Ein mit Sicherheit weitreichendes Angebot \u23e9 Feuerl\u00f6scherzubeh\u00f6r \u2713 Leistungsstarke Brandschutztechnik der MARKE: JOCKEL Feuerschutz [\u2026]","robots":{"index":"index","follow":"follow","max-snippet":"max-snippet:-1","max-image-preview":"max-image-preview:large","max-video-preview":"max-video-preview:-1"},"canonical":"https:\/\/www.jockel.de\/en\/produkte\/feuerloescherzubehoer\/","og_locale":"en_GB","og_type":"article","og_title":"Feuerl\u00f6scherzubeh\u00f6r","og_description":"Ein mit Sicherheit weitreichendes Angebot \u23e9 Feuerl\u00f6scherzubeh\u00f6r \u2713 Leistungsstarke Brandschutztechnik der MARKE: JOCKEL Feuerschutz [\u2026]","og_url":"https:\/\/www.jockel.de\/en\/produkte\/feuerloescherzubehoer\/","og_site_name":"Jockel","article_modified_time":"2021-10-17T20:08:21+00:00","og_image":[{"url":"https:\/\/www.jockel.de\/wp-content\/uploads\/Cover-Feuerloescherzubehoer-1086x1536.jpg","type":"","width":"","height":""}],"twitter_card":"summary_large_image","twitter_misc":{"Estimated reading time":"1 minute"},"schema":{"@context":"https:\/\/schema.org","@graph":[{"@type":"WebPage","@id":"https:\/\/www.jockel.de\/produkte\/feuerloescherzubehoer\/","url":"https:\/\/www.jockel.de\/produkte\/feuerloescherzubehoer\/","name":"Fire extinguisher accessories \u25b7 Fire protection technology by JOCKEL Feuerschutz","isPartOf":{"@id":"https:\/\/www.jockel.de\/#website"},"primaryImageOfPage":{"@id":"https:\/\/www.jockel.de\/produkte\/feuerloescherzubehoer\/#primaryimage"},"image":{"@id":"https:\/\/www.jockel.de\/produkte\/feuerloescherzubehoer\/#primaryimage"},"thumbnailUrl":"https:\/\/www.jockel.de\/wp-content\/uploads\/Cover-Feuerloescherzubehoer-1086x1536.jpg","datePublished":"2021-02-10T14:02:44+00:00","dateModified":"2021-10-17T20:08:21+00:00","description":"Ein mit Sicherheit weitreichendes Angebot \u23e9 Feuerl\u00f6scherzubeh\u00f6r \u2713 Leistungsstarke Brandschutztechnik der MARKE: JOCKEL Feuerschutz [\u2026]","breadcrumb":{"@id":"https:\/\/www.jockel.de\/produkte\/feuerloescherzubehoer\/#breadcrumb"},"inLanguage":"en-GB","potentialAction":[{"@type":"ReadAction","target":["https:\/\/www.jockel.de\/produkte\/feuerloescherzubehoer\/"]}]},{"@type":"ImageObject","inLanguage":"en-GB","@id":"https:\/\/www.jockel.de\/produkte\/feuerloescherzubehoer\/#primaryimage","url":"https:\/\/www.jockel.de\/wp-content\/uploads\/Cover-Feuerloescherzubehoer-1086x1536.jpg","contentUrl":"https:\/\/www.jockel.de\/wp-content\/uploads\/Cover-Feuerloescherzubehoer-1086x1536.jpg"},{"@type":"BreadcrumbList","@id":"https:\/\/www.jockel.de\/produkte\/feuerloescherzubehoer\/#breadcrumb","itemListElement":[{"@type":"ListItem","position":1,"name":"Home","item":"https:\/\/www.jockel.de\/"},{"@type":"ListItem","position":2,"name":"Produkte","item":"https:\/\/www.jockel.de\/produkte\/"},{"@type":"ListItem","position":3,"name":"Feuerl\u00f6scherzubeh\u00f6r"}]},{"@type":"WebSite","@id":"https:\/\/www.jockel.de\/#website","url":"https:\/\/www.jockel.de\/","name":"Fire protection JOCKEL","description":"Fire protection","publisher":{"@id":"https:\/\/www.jockel.de\/#organization"},"potentialAction":[{"@type":"SearchAction","target":{"@type":"EntryPoint","urlTemplate":"https:\/\/www.jockel.de\/?s={search_term_string}"},"query-input":{"@type":"PropertyValueSpecification","valueRequired":true,"valueName":"search_term_string"}}],"inLanguage":"en-GB"},{"@type":"Organization","@id":"https:\/\/www.jockel.de\/#organization","name":"Fire protection JOCKEL GmbH &amp; Co. KG","url":"https:\/\/www.jockel.de\/","logo":{"@type":"ImageObject","inLanguage":"en-GB","@id":"https:\/\/www.jockel.de\/#\/schema\/logo\/image\/","url":"https:\/\/www.jockel.de\/wp-content\/uploads\/cropped-jockelfavicon-1.png","contentUrl":"https:\/\/www.jockel.de\/wp-content\/uploads\/cropped-jockelfavicon-1.png","width":512,"height":512,"caption":"Feuerschutz JOCKEL GmbH & Co. KG"},"image":{"@id":"https:\/\/www.jockel.de\/#\/schema\/logo\/image\/"}}]}},"_links":{"self":[{"href":"https:\/\/www.jockel.de\/en\/wp-json\/wp\/v2\/pages\/9427","targetHints":{"allow":["GET"]}}],"collection":[{"href":"https:\/\/www.jockel.de\/en\/wp-json\/wp\/v2\/pages"}],"about":[{"href":"https:\/\/www.jockel.de\/en\/wp-json\/wp\/v2\/types\/page"}],"author":[{"embeddable":true,"href":"https:\/\/www.jockel.de\/en\/wp-json\/wp\/v2\/users\/10"}],"replies":[{"embeddable":true,"href":"https:\/\/www.jockel.de\/en\/wp-json\/wp\/v2\/comments?post=9427"}],"version-history":[{"count":5,"href":"https:\/\/www.jockel.de\/en\/wp-json\/wp\/v2\/pages\/9427\/revisions"}],"predecessor-version":[{"id":15333,"href":"https:\/\/www.jockel.de\/en\/wp-json\/wp\/v2\/pages\/9427\/revisions\/15333"}],"up":[{"embeddable":true,"href":"https:\/\/www.jockel.de\/en\/wp-json\/wp\/v2\/pages\/9300"}],"wp:attachment":[{"href":"https:\/\/www.jockel.de\/en\/wp-json\/wp\/v2\/media?parent=9427"}],"curies":[{"name":"wp","href":"https:\/\/api.w.org\/{rel}","templated":true}]}}