{"id":119787,"date":"2025-06-25T01:38:43","date_gmt":"2025-06-24T23:38:43","guid":{"rendered":"https:\/\/www.jockel.de\/?page_id=119787"},"modified":"2025-07-17T13:06:17","modified_gmt":"2025-07-17T11:06:17","slug":"abf-30","status":"publish","type":"page","link":"https:\/\/www.jockel.de\/en\/abf-30\/","title":{"rendered":"abf-30"},"content":{"rendered":"\t\t<div data-elementor-type=\"wp-page\" data-elementor-id=\"119787\" class=\"elementor elementor-119787\" data-elementor-post-type=\"page\">\n\t\t\t\t<div class=\"elementor-element elementor-element-c948622 e-con-full e-flex e-con e-parent\" data-id=\"c948622\" data-element_type=\"container\">\n\t\t\t\t<div class=\"elementor-element elementor-element-02f53c5 elementor-widget__width-inherit elementor-absolute elementor-widget elementor-widget-video\" data-id=\"02f53c5\" data-element_type=\"widget\" data-settings=\"{&quot;video_type&quot;:&quot;hosted&quot;,&quot;autoplay&quot;:&quot;yes&quot;,&quot;play_on_mobile&quot;:&quot;yes&quot;,&quot;loop&quot;:&quot;yes&quot;,&quot;_position&quot;:&quot;absolute&quot;,&quot;controls&quot;:&quot;yes&quot;}\" data-widget_type=\"video.default\">\n\t\t\t\t<div class=\"elementor-widget-container\">\n\t\t\t\t\t\t\t<div class=\"e-hosted-video elementor-wrapper elementor-open-inline\">\n\t\t\t\t\t<video class=\"elementor-video\" src=\"https:\/\/www.jockel.de\/wp-content\/uploads\/2025\/06\/ABF-30_Web.mp4\" autoplay=\"\" loop=\"\" controls=\"\" playsinline=\"\" controlsList=\"nodownload\"><\/video>\n\t\t\t\t<\/div>\n\t\t\t\t\t\t<\/div>\n\t\t\t\t<\/div>\n\t\t\t\t<\/div>\n\t\t<div class=\"elementor-element elementor-element-8ddcab9 e-con-full e-flex e-con e-parent\" data-id=\"8ddcab9\" data-element_type=\"container\" data-settings=\"{&quot;background_background&quot;:&quot;classic&quot;}\">\n\t\t<div class=\"elementor-element elementor-element-7fd1a95 e-con-full e-flex e-con e-child\" data-id=\"7fd1a95\" data-element_type=\"container\" data-settings=\"{&quot;background_background&quot;:&quot;classic&quot;}\">\n\t\t<div class=\"elementor-element elementor-element-427dfcc e-flex e-con-boxed e-con e-child\" data-id=\"427dfcc\" data-element_type=\"container\">\n\t\t\t\t\t<div class=\"e-con-inner\">\n\t\t\t\t<div class=\"elementor-element elementor-element-4db4cce elementor-widget elementor-widget-heading\" data-id=\"4db4cce\" data-element_type=\"widget\" data-widget_type=\"heading.default\">\n\t\t\t\t<div class=\"elementor-widget-container\">\n\t\t\t\t\t<h2 class=\"elementor-heading-title elementor-size-default\">Der erste ABF\nAllrounder\n<span style=\"font-family: Gotham, 'Helvetica Neue', Helvetica, Arial, sans-serif; color: #E30613;\">.<\/span><\/h2>\t\t\t\t<\/div>\n\t\t\t\t<\/div>\n\t\t\t\t<div class=\"elementor-element elementor-element-1563126 elementor-widget__width-initial elementor-widget elementor-widget-text-editor\" data-id=\"1563126\" data-element_type=\"widget\" data-widget_type=\"text-editor.default\">\n\t\t\t\t<div class=\"elementor-widget-container\">\n\t\t\t\t\t\t\t\t\t<p>Frostsicher bis -30\u202f\u00b0C: Die neuen ABF-30 Feuerl\u00f6scher bieten zuverl\u00e4ssigen Schutz \u2013 selbst bei extremen Minusgraden. Sie bek\u00e4mpfen Fettbr\u00e4nde effektiv und erm\u00f6glichen so h\u00f6chste Sicherheit bei jeder Witterung und in jeder Einsatzumgebung. Weitere Informationen in unserer Produkt\u00fcbersicht.<\/p>\t\t\t\t\t\t\t\t<\/div>\n\t\t\t\t<\/div>\n\t\t\t\t<div class=\"elementor-element elementor-element-7412fef elementor-align-center elementor-widget elementor-widget-button\" data-id=\"7412fef\" data-element_type=\"widget\" data-settings=\"{&quot;motion_fx_motion_fx_scrolling&quot;:&quot;yes&quot;,&quot;motion_fx_translateY_effect&quot;:&quot;yes&quot;,&quot;motion_fx_translateY_affectedRange&quot;:{&quot;unit&quot;:&quot;%&quot;,&quot;size&quot;:&quot;&quot;,&quot;sizes&quot;:{&quot;start&quot;:12,&quot;end&quot;:41}},&quot;motion_fx_translateY_speed&quot;:{&quot;unit&quot;:&quot;px&quot;,&quot;size&quot;:4,&quot;sizes&quot;:[]},&quot;motion_fx_devices&quot;:[&quot;desktop&quot;,&quot;tablet&quot;,&quot;mobile&quot;]}\" data-widget_type=\"button.default\">\n\t\t\t\t<div class=\"elementor-widget-container\">\n\t\t\t\t\t\t\t\t\t<div class=\"elementor-button-wrapper\">\n\t\t\t\t\t<a class=\"elementor-button elementor-button-link elementor-size-sm\" href=\"https:\/\/www.jockel.de\/produktuebersicht\/?jsf=jet-engine&#038;tax=pa_bf-green2-0:2085;pa_funktionsbereich:186;pa_brandklassen:1930\">\n\t\t\t\t\t\t<span class=\"elementor-button-content-wrapper\">\n\t\t\t\t\t\t\t\t\t<span class=\"elementor-button-text\">mehr erfahren<\/span>\n\t\t\t\t\t<\/span>\n\t\t\t\t\t<\/a>\n\t\t\t\t<\/div>\n\t\t\t\t\t\t\t\t<\/div>\n\t\t\t\t<\/div>\n\t\t\t\t\t<\/div>\n\t\t\t\t<\/div>\n\t\t\t\t<\/div>\n\t\t\t\t<\/div>\n\t\t\t\t<\/div>\n\t\t","protected":false},"excerpt":{"rendered":"<p>https:\/\/www.jockel.de\/wp-content\/uploads\/2025\/06\/ABF-30_Web.mp4 The first ABF all-rounder . Frost-proof down to -30 \u00b0C: The new ABF-30 fire extinguishers offer reliable protection - even in extreme sub-zero temperatures. They fight grease fires effectively, ensuring maximum safety in any weather and in any operating environment. Further information in our product overview. learn more<\/p>","protected":false},"author":10,"featured_media":0,"parent":0,"menu_order":0,"comment_status":"closed","ping_status":"closed","template":"elementor_header_footer","meta":{"footnotes":""},"class_list":["post-119787","page","type-page","status-publish","hentry"],"yoast_head":"<!-- This site is optimized with the Yoast SEO Premium plugin v27.0 (Yoast SEO v27.5) - https:\/\/yoast.com\/product\/yoast-seo-premium-wordpress\/ -->\n<title>abf-30 &#8226; Jockel<\/title>\n<meta name=\"robots\" content=\"index, follow, max-snippet:-1, max-image-preview:large, max-video-preview:-1\" \/>\n<link rel=\"canonical\" href=\"https:\/\/www.jockel.de\/en\/abf-30\/\" \/>\n<meta property=\"og:locale\" content=\"en_GB\" \/>\n<meta property=\"og:type\" content=\"article\" \/>\n<meta property=\"og:title\" content=\"abf-30\" \/>\n<meta property=\"og:description\" content=\"https:\/\/www.jockel.de\/wp-content\/uploads\/2025\/06\/ABF-30_Web.mp4 Der erste ABF Allrounder . Frostsicher bis -30\u202f\u00b0C: Die neuen ABF-30 Feuerl\u00f6scher bieten zuverl\u00e4ssigen Schutz \u2013 selbst bei extremen Minusgraden. Sie bek\u00e4mpfen Fettbr\u00e4nde effektiv und erm\u00f6glichen so h\u00f6chste Sicherheit bei jeder Witterung und in jeder Einsatzumgebung. Weitere Informationen in unserer Produkt\u00fcbersicht. mehr erfahren\" \/>\n<meta property=\"og:url\" content=\"https:\/\/www.jockel.de\/en\/abf-30\/\" \/>\n<meta property=\"og:site_name\" content=\"Jockel\" \/>\n<meta property=\"article:modified_time\" content=\"2025-07-17T11:06:17+00:00\" \/>\n<meta name=\"twitter:card\" content=\"summary_large_image\" \/>\n<meta name=\"twitter:label1\" content=\"Estimated reading time\" \/>\n\t<meta name=\"twitter:data1\" content=\"1 minute\" \/>\n<script type=\"application\/ld+json\" class=\"yoast-schema-graph\">{\"@context\":\"https:\\\/\\\/schema.org\",\"@graph\":[{\"@type\":\"WebPage\",\"@id\":\"https:\\\/\\\/www.jockel.de\\\/abf-30\\\/\",\"url\":\"https:\\\/\\\/www.jockel.de\\\/abf-30\\\/\",\"name\":\"abf-30 &#8226; Jockel\",\"isPartOf\":{\"@id\":\"https:\\\/\\\/www.jockel.de\\\/#website\"},\"datePublished\":\"2025-06-24T23:38:43+00:00\",\"dateModified\":\"2025-07-17T11:06:17+00:00\",\"breadcrumb\":{\"@id\":\"https:\\\/\\\/www.jockel.de\\\/abf-30\\\/#breadcrumb\"},\"inLanguage\":\"en-GB\",\"potentialAction\":[{\"@type\":\"ReadAction\",\"target\":[\"https:\\\/\\\/www.jockel.de\\\/abf-30\\\/\"]}]},{\"@type\":\"BreadcrumbList\",\"@id\":\"https:\\\/\\\/www.jockel.de\\\/abf-30\\\/#breadcrumb\",\"itemListElement\":[{\"@type\":\"ListItem\",\"position\":1,\"name\":\"Home\",\"item\":\"https:\\\/\\\/www.jockel.de\\\/\"},{\"@type\":\"ListItem\",\"position\":2,\"name\":\"abf-30\"}]},{\"@type\":\"WebSite\",\"@id\":\"https:\\\/\\\/www.jockel.de\\\/#website\",\"url\":\"https:\\\/\\\/www.jockel.de\\\/\",\"name\":\"Feuerschutz JOCKEL\",\"description\":\"Feuerschutz\",\"publisher\":{\"@id\":\"https:\\\/\\\/www.jockel.de\\\/#organization\"},\"potentialAction\":[{\"@type\":\"SearchAction\",\"target\":{\"@type\":\"EntryPoint\",\"urlTemplate\":\"https:\\\/\\\/www.jockel.de\\\/?s={search_term_string}\"},\"query-input\":{\"@type\":\"PropertyValueSpecification\",\"valueRequired\":true,\"valueName\":\"search_term_string\"}}],\"inLanguage\":\"en-GB\"},{\"@type\":\"Organization\",\"@id\":\"https:\\\/\\\/www.jockel.de\\\/#organization\",\"name\":\"Feuerschutz JOCKEL GmbH & Co. KG\",\"url\":\"https:\\\/\\\/www.jockel.de\\\/\",\"logo\":{\"@type\":\"ImageObject\",\"inLanguage\":\"en-GB\",\"@id\":\"https:\\\/\\\/www.jockel.de\\\/#\\\/schema\\\/logo\\\/image\\\/\",\"url\":\"https:\\\/\\\/www.jockel.de\\\/wp-content\\\/uploads\\\/cropped-jockelfavicon-1.png\",\"contentUrl\":\"https:\\\/\\\/www.jockel.de\\\/wp-content\\\/uploads\\\/cropped-jockelfavicon-1.png\",\"width\":512,\"height\":512,\"caption\":\"Feuerschutz JOCKEL GmbH & Co. KG\"},\"image\":{\"@id\":\"https:\\\/\\\/www.jockel.de\\\/#\\\/schema\\\/logo\\\/image\\\/\"}}]}<\/script>\n<!-- \/ Yoast SEO Premium plugin. -->","yoast_head_json":{"title":"abf-30 - Jockel","robots":{"index":"index","follow":"follow","max-snippet":"max-snippet:-1","max-image-preview":"max-image-preview:large","max-video-preview":"max-video-preview:-1"},"canonical":"https:\/\/www.jockel.de\/en\/abf-30\/","og_locale":"en_GB","og_type":"article","og_title":"abf-30","og_description":"https:\/\/www.jockel.de\/wp-content\/uploads\/2025\/06\/ABF-30_Web.mp4 Der erste ABF Allrounder . Frostsicher bis -30\u202f\u00b0C: Die neuen ABF-30 Feuerl\u00f6scher bieten zuverl\u00e4ssigen Schutz \u2013 selbst bei extremen Minusgraden. Sie bek\u00e4mpfen Fettbr\u00e4nde effektiv und erm\u00f6glichen so h\u00f6chste Sicherheit bei jeder Witterung und in jeder Einsatzumgebung. Weitere Informationen in unserer Produkt\u00fcbersicht. mehr erfahren","og_url":"https:\/\/www.jockel.de\/en\/abf-30\/","og_site_name":"Jockel","article_modified_time":"2025-07-17T11:06:17+00:00","twitter_card":"summary_large_image","twitter_misc":{"Estimated reading time":"1 minute"},"schema":{"@context":"https:\/\/schema.org","@graph":[{"@type":"WebPage","@id":"https:\/\/www.jockel.de\/abf-30\/","url":"https:\/\/www.jockel.de\/abf-30\/","name":"abf-30 - Jockel","isPartOf":{"@id":"https:\/\/www.jockel.de\/#website"},"datePublished":"2025-06-24T23:38:43+00:00","dateModified":"2025-07-17T11:06:17+00:00","breadcrumb":{"@id":"https:\/\/www.jockel.de\/abf-30\/#breadcrumb"},"inLanguage":"en-GB","potentialAction":[{"@type":"ReadAction","target":["https:\/\/www.jockel.de\/abf-30\/"]}]},{"@type":"BreadcrumbList","@id":"https:\/\/www.jockel.de\/abf-30\/#breadcrumb","itemListElement":[{"@type":"ListItem","position":1,"name":"Home","item":"https:\/\/www.jockel.de\/"},{"@type":"ListItem","position":2,"name":"abf-30"}]},{"@type":"WebSite","@id":"https:\/\/www.jockel.de\/#website","url":"https:\/\/www.jockel.de\/","name":"Fire protection JOCKEL","description":"Fire protection","publisher":{"@id":"https:\/\/www.jockel.de\/#organization"},"potentialAction":[{"@type":"SearchAction","target":{"@type":"EntryPoint","urlTemplate":"https:\/\/www.jockel.de\/?s={search_term_string}"},"query-input":{"@type":"PropertyValueSpecification","valueRequired":true,"valueName":"search_term_string"}}],"inLanguage":"en-GB"},{"@type":"Organization","@id":"https:\/\/www.jockel.de\/#organization","name":"Fire protection JOCKEL GmbH &amp; Co. KG","url":"https:\/\/www.jockel.de\/","logo":{"@type":"ImageObject","inLanguage":"en-GB","@id":"https:\/\/www.jockel.de\/#\/schema\/logo\/image\/","url":"https:\/\/www.jockel.de\/wp-content\/uploads\/cropped-jockelfavicon-1.png","contentUrl":"https:\/\/www.jockel.de\/wp-content\/uploads\/cropped-jockelfavicon-1.png","width":512,"height":512,"caption":"Feuerschutz JOCKEL GmbH & Co. KG"},"image":{"@id":"https:\/\/www.jockel.de\/#\/schema\/logo\/image\/"}}]}},"_links":{"self":[{"href":"https:\/\/www.jockel.de\/en\/wp-json\/wp\/v2\/pages\/119787","targetHints":{"allow":["GET"]}}],"collection":[{"href":"https:\/\/www.jockel.de\/en\/wp-json\/wp\/v2\/pages"}],"about":[{"href":"https:\/\/www.jockel.de\/en\/wp-json\/wp\/v2\/types\/page"}],"author":[{"embeddable":true,"href":"https:\/\/www.jockel.de\/en\/wp-json\/wp\/v2\/users\/10"}],"replies":[{"embeddable":true,"href":"https:\/\/www.jockel.de\/en\/wp-json\/wp\/v2\/comments?post=119787"}],"version-history":[{"count":73,"href":"https:\/\/www.jockel.de\/en\/wp-json\/wp\/v2\/pages\/119787\/revisions"}],"predecessor-version":[{"id":119919,"href":"https:\/\/www.jockel.de\/en\/wp-json\/wp\/v2\/pages\/119787\/revisions\/119919"}],"wp:attachment":[{"href":"https:\/\/www.jockel.de\/en\/wp-json\/wp\/v2\/media?parent=119787"}],"curies":[{"name":"wp","href":"https:\/\/api.w.org\/{rel}","templated":true}]}}